{"id":1345,"date":"2025-09-11T05:28:33","date_gmt":"2025-09-11T05:28:33","guid":{"rendered":"https:\/\/weitai2.globaldeepsea.site\/product\/soft-graphite-felt-for-insulating\/"},"modified":"2026-04-29T15:34:09","modified_gmt":"2026-04-29T07:34:09","slug":"soft-graphite-felt-for-insulating","status":"publish","type":"product","link":"https:\/\/www.cn-semiconductorparts.com\/fr\/product\/soft-graphite-felt-for-insulating\/","title":{"rendered":"Graphite doux ressenti pour l'isolation"},"content":{"rendered":"<p><?xml encoding=\"utf-8\" ?><\/p>\n<div class=\"fl-builder-content fl-builder-content-11193 fl-builder-content-primary fl-builder-global-templates-locked\" data-post-id=\"11193\">\n<div class=\"fl-row fl-row-full-width fl-row-bg-none fl-node-67077f7c910c1\" data-node=\"67077f7c910c1\">\n<div class=\"fl-row-content-wrap\">\n<div class=\"fl-row-content fl-row-full-width fl-node-content\">\n<div class=\"fl-col-group fl-node-67077fab72d58\" data-node=\"67077fab72d58\">\n<div class=\"fl-col fl-node-67077fab7307c\" data-node=\"67077fab7307c\" style=\"width: 100%;\">\n<div class=\"fl-col-content fl-node-content\">\n<div class=\"fl-module fl-module-rich-text fl-node-67077fab72aef\" data-animation-delay=\"0.0\" data-node=\"67077fab72aef\">\n<div class=\"fl-module-content fl-node-content\">\n<div class=\"fl-rich-text\">\n<p><span style=\"font-family: arial, helvetica, sans-serif; font-size: medium;\">The Soft Graphite Felt for Insulating by Semicera is designed to provide exceptional thermal insulation for high-temperature applications. This advanced material showcases the unique properties of isostatic graphite, offering superior flexibility and durability. Ideal for use in various industries, including aerospace, electronics, and metallurgy, this felt effectively prevents heat loss, ensuring energy efficiency and enhanced performance.<\/span><\/p>\n<p><span style=\"font-family: arial, helvetica, sans-serif; font-size: medium;\">Crafted from high-quality porous graphite, the Soft Graphite Felt maintains its structural integrity even in extreme environments. It provides a lightweight solution for insulation while delivering high levels of thermal resistance. In addition, the product&rsquo;s composition allows for easy integration with other materials, such as graphite foil and <a href=\"https:\/\/www.vet-china.com\/cc-composite-cfc\/\" rel=\"nofollow noopener\" target=\"_blank\">C\/C composites<\/a>, making it a versatile choice for various applications.<\/span><\/p>\n<p><span style=\"font-family: arial, helvetica, sans-serif; font-size: medium;\">With Semicera&rsquo;s commitment to quality, this insulating felt combines the benefits of rigid felt and soft felt, ensuring a perfect balance between resilience and adaptability. The Soft Graphite Felt for Insulating is an essential component for industries looking to optimize thermal management and enhance the longevity of their systems. Trust Semicera for reliable insulation solutions that meet your high-performance requirements.<\/span><\/p>\n<\/p><\/div>\n<\/p><\/div>\n<\/p><\/div>\n<\/p><\/div>\n<\/p><\/div>\n<\/p><\/div>\n<div class=\"fl-col-group fl-node-67077f7c91104\" data-node=\"67077f7c91104\">\n<div class=\"fl-col fl-node-67077f7c91145\" data-node=\"67077f7c91145\" style=\"width: 100%;\">\n<div class=\"fl-col-content fl-node-content\">\n<div class=\"fl-module fl-module-heading fl-node-67077f7c911c5\" data-animation-delay=\"0.0\" data-node=\"67077f7c911c5\">\n<div class=\"fl-module-content fl-node-content\">\n<h3 class=\"fl-heading\"> <span class=\"fl-heading-text\">D\u00e9tails du produit<\/span> <\/h3>\n<\/p><\/div>\n<\/p><\/div>\n<div class=\"fl-module fl-module-rich-text fl-node-67077f7c91185\" data-animation-delay=\"0.0\" data-node=\"67077f7c91185\">\n<div class=\"fl-module-content fl-node-content\">\n<div class=\"fl-rich-text\">\n<table border=\"0\" cellspacing=\"0\">\n<tbody>\n<tr>\n<td valign=\"center\">\n<p>Nom de produit<\/p>\n<\/td>\n<td valign=\"center\">\n<p>Graphite en feutre<\/p>\n<\/td>\n<\/tr>\n<tr>\n<td valign=\"center\">\n<p>Composition chimique<\/p>\n<\/td>\n<td valign=\"center\">\n<p>Fibre de carbone<\/p>\n<\/td>\n<\/tr>\n<tr>\n<td valign=\"center\">\n<p>Densit\u00e9 en vrac<\/p>\n<\/td>\n<td valign=\"center\">\n<p>0.12-0.14g\/cm3<\/p>\n<\/td>\n<\/tr>\n<tr>\n<td valign=\"center\">\n<p>Teneur en carbone<\/p>\n<\/td>\n<td valign=\"center\">\n<p>&gt; = 99%<\/p>\n<\/td>\n<\/tr>\n<tr>\n<td valign=\"center\">\n<p>R\u00e9sistance \u00e0 la traction<\/p>\n<\/td>\n<td valign=\"center\">\n<p>0.14Mpa<\/p>\n<\/td>\n<\/tr>\n<tr>\n<td valign=\"center\">\n<p>Thermal conductivity(1150&#8451;)<\/p>\n<\/td>\n<td valign=\"center\">\n<p>0,08 ~ 0,14W \/ Mk<\/p>\n<\/td>\n<\/tr>\n<tr>\n<td valign=\"center\">\n<p>Cendre<\/p>\n<\/td>\n<td valign=\"center\">\n<p>&lt;= 0,005%<\/p>\n<\/td>\n<\/tr>\n<tr>\n<td valign=\"center\">\n<p>Stress \u00e9crasant<\/p>\n<\/td>\n<td valign=\"center\">\n<p>8-10N\/cm<\/p>\n<\/td>\n<\/tr>\n<tr>\n<td valign=\"center\">\n<p>\u00c9paisseur<\/p>\n<\/td>\n<td valign=\"center\">\n<p>1-10mm<\/p>\n<\/td>\n<\/tr>\n<tr>\n<td valign=\"center\">\n<p>Temp\u00e9rature de traitement<\/p>\n<\/td>\n<td valign=\"center\">\n<p>2500(&#8451;)<\/p>\n<\/td>\n<\/tr>\n<\/tbody>\n<\/table><\/div>\n<\/p><\/div>\n<\/p><\/div>\n<\/p><\/div>\n<\/p><\/div>\n<\/p><\/div>\n<div class=\"fl-col-group fl-node-67077f7c91346\" data-node=\"67077f7c91346\">\n<div class=\"fl-col fl-node-67077f7c91386\" data-node=\"67077f7c91386\" style=\"width: 100%;\">\n<div class=\"fl-col-content fl-node-content\">\n<div class=\"fl-module fl-module-rich-text fl-node-67077f7c913c6\" data-animation-delay=\"0.0\" data-node=\"67077f7c913c6\">\n<div class=\"fl-module-content fl-node-content\">\n<div class=\"fl-rich-text\">\n<p>Actuellement disponible en quatre sp\u00e9cifications, chacun disponible en rouleaux, pi\u00e8ces et tubes en feutre pr\u00e9-roul\u00e9s:<br \/>SCSF: High purity graphite felt, better thermal conductivity, heat treatment temperature of more than 1900&#8451;<br \/>SCSF-P: Fonction de graphite SCSF-B ultra-\u00e9lev\u00e9 SCSF-B<br \/>SCSF-v: High purity graphite felt, heat treatment temperature of more than 2650&#8451;, low thermal conductivity<br \/>SCSF-VP: Fonction de graphite SCSF-D ultra-\u00e9lev\u00e9 Puret\u00e9<\/p>\n<\/p><\/div>\n<\/p><\/div>\n<\/p><\/div>\n<\/p><\/div>\n<\/p><\/div>\n<\/p><\/div>\n<div class=\"fl-col-group fl-node-67077f7c91407\" data-node=\"67077f7c91407\">\n<div class=\"fl-col fl-node-67077f7c91447\" data-node=\"67077f7c91447\" style=\"width: 100%;\">\n<div class=\"fl-col-content fl-node-content\">\n<div class=\"fl-module fl-module-photo fl-node-67077f7c91486\" data-animation-delay=\"0.0\" data-node=\"67077f7c91486\">\n<div class=\"fl-module-content fl-node-content\">\n<div class=\"fl-photo fl-photo-align-center\" itemscope=\"\" itemtype=\"http:\/\/schema.org\/ImageObject\">\n<div class=\"fl-photo-content fl-photo-img-png\"> <img decoding=\"async\" alt=\"&#24494;&#20449;&#25130;&#22270;_20231206112113\" class=\"fl-photo-img wp-image-5393\" itemprop=\"image\" src=\"\/wp-content\/uploads\/2025\/09\/3172eea9a3bb3aa9.webp\"> <\/div>\n<\/p><\/div>\n<\/p><\/div>\n<\/p><\/div>\n<\/p><\/div>\n<\/p><\/div>\n<\/p><\/div>\n<div class=\"fl-col-group fl-node-67077f7c914c7\" data-node=\"67077f7c914c7\">\n<div class=\"fl-col fl-node-67077f7c91507 fl-col-small\" data-node=\"67077f7c91507\" style=\"width: 50%;\">\n<div class=\"fl-col-content fl-node-content\">\n<div class=\"fl-module fl-module-rich-text fl-node-67077f7c91205\" data-animation-delay=\"0.0\" data-node=\"67077f7c91205\">\n<div class=\"fl-module-content fl-node-content\">\n<div class=\"fl-rich-text\">\n<p><strong>Propri\u00e9t\u00e9s :<\/strong><br \/>-Stabilit\u00e9 thermique exceptionnelle<br \/>-R\u00e9sistance m\u00e9canique \u00e9lev\u00e9e<br \/>-Bonne conductivit\u00e9 \u00e9lectrique et thermique<br \/>-Excellente r\u00e9sistance au choc thermique et \u00e0 la corrosion<br \/>-Puret\u00e9 des mat\u00e9riaux \u00e9lev\u00e9s<br \/>-Capacit\u00e9 de charge \u00e9lectrique \u00e9lev\u00e9e<br \/>-Profil de temp\u00e9rature uniforme<\/p>\n<\/p><\/div>\n<\/p><\/div>\n<\/p><\/div>\n<\/p><\/div>\n<\/p><\/div>\n<div class=\"fl-col fl-node-67077f7c91547 fl-col-small\" data-node=\"67077f7c91547\" style=\"width: 50%;\">\n<div class=\"fl-col-content fl-node-content\">\n<div class=\"fl-module fl-module-photo fl-node-67077f7c91587\" data-animation-delay=\"0.0\" data-node=\"67077f7c91587\">\n<div class=\"fl-module-content fl-node-content\">\n<div class=\"fl-photo fl-photo-align-center\" itemscope=\"\" itemtype=\"http:\/\/schema.org\/ImageObject\">\n<div class=\"fl-photo-content fl-photo-img-png\"> <img decoding=\"async\" alt=\"&#24494;&#20449;&#25130;&#22270;_20231206112141\" class=\"fl-photo-img wp-image-5394\" itemprop=\"image\" src=\"\/wp-content\/uploads\/2025\/09\/f5588e8d0a3d5d35.webp\"> <\/div>\n<\/p><\/div>\n<\/p><\/div>\n<\/p><\/div>\n<\/p><\/div>\n<\/p><\/div>\n<\/p><\/div>\n<div class=\"fl-col-group fl-node-67077f7c915c7\" data-node=\"67077f7c915c7\">\n<div class=\"fl-col fl-node-67077f7c91687 fl-col-small\" data-node=\"67077f7c91687\" style=\"width: 50%;\">\n<div class=\"fl-col-content fl-node-content\">\n<div class=\"fl-module fl-module-photo fl-node-67077f7c91647\" data-animation-delay=\"0.0\" data-node=\"67077f7c91647\">\n<div class=\"fl-module-content fl-node-content\">\n<div class=\"fl-photo fl-photo-align-center\" itemscope=\"\" itemtype=\"http:\/\/schema.org\/ImageObject\">\n<div class=\"fl-photo-content fl-photo-img-png\"> <img decoding=\"async\" alt=\"Graphite doux ressenti pour l&#039;isolation\" class=\"fl-photo-img wp-image-11194\" itemprop=\"image\" src=\"\/wp-content\/uploads\/2025\/09\/44c447d82bcff470.webp\"> <\/div>\n<\/p><\/div>\n<\/p><\/div>\n<\/p><\/div>\n<\/p><\/div>\n<\/p><\/div>\n<div class=\"fl-col fl-node-67077f7c91607 fl-col-small\" data-node=\"67077f7c91607\" style=\"width: 50%;\">\n<div class=\"fl-col-content fl-node-content\">\n<div class=\"fl-module fl-module-rich-text fl-node-67077f7c91245\" data-animation-delay=\"0.0\" data-node=\"67077f7c91245\">\n<div class=\"fl-module-content fl-node-content\">\n<div class=\"fl-rich-text\">\n<p><strong>Champs de candidatures:<\/strong><br \/>-Fours \u00e0 vide<br \/>-Fours \u00e0 gaz inerte<br \/>-Traitement thermique<br \/>(durcissement, carbonisation, brasage, etc.)<br \/>-Production de fibres de carbone<br \/>-Production de m\u00e9tal dur<br \/>-Applications de frittage<br \/>-Production technique en c\u00e9ramique<br \/>-CVD \/ PVD Coasting<\/p>\n<\/p><\/div>\n<\/p><\/div>\n<\/p><\/div>\n<\/p><\/div>\n<\/p><\/div>\n<\/p><\/div>\n<div class=\"fl-col-group fl-node-67077f7c91285\" data-node=\"67077f7c91285\">\n<div class=\"fl-col fl-node-67077f7c912c5\" data-node=\"67077f7c912c5\" style=\"width: 100%;\">\n<div class=\"fl-col-content fl-node-content\">\n<div class=\"fl-module fl-module-photo fl-node-67077f9369bbf\" data-animation-delay=\"0.0\" data-node=\"67077f9369bbf\">\n<div class=\"fl-module-content fl-node-content\">\n<div class=\"fl-photo fl-photo-align-center\" itemscope=\"\" itemtype=\"http:\/\/schema.org\/ImageObject\">\n<div class=\"fl-photo-content fl-photo-img-jpg\"> <img decoding=\"async\" alt=\"graphite-felt_635980\" class=\"fl-photo-img wp-image-11188\" itemprop=\"image\" src=\"\/wp-content\/uploads\/2025\/09\/f378ab867ae0affe.webp\"> <\/div>\n<\/p><\/div>\n<\/p><\/div>\n<\/p><\/div>\n<\/p><\/div>\n<\/p><\/div>\n<\/p><\/div>\n<\/p><\/div>\n<\/p><\/div>\n<\/p><\/div>\n<div class=\"fl-row fl-row-full-width fl-row-bg-none fl-node-67077f867127e\" data-node=\"67077f867127e\">\n<div class=\"fl-row-content-wrap\">\n<div class=\"fl-row-content fl-row-full-width fl-node-content\">\n<div class=\"fl-col-group fl-node-67077f86712c4\" data-node=\"67077f86712c4\">\n<div class=\"fl-col fl-node-67077f8671306\" data-node=\"67077f8671306\" style=\"width: 100%;\">\n<div class=\"fl-col-content fl-node-content\">\n<div class=\"fl-module fl-module-photo fl-node-67077f8671348\" data-animation-delay=\"0.0\" data-node=\"67077f8671348\">\n<div class=\"fl-module-content fl-node-content\">\n<div class=\"fl-photo fl-photo-align-center\" itemscope=\"\" itemtype=\"http:\/\/schema.org\/ImageObject\">\n<div class=\"fl-photo-content fl-photo-img-jpg\"> <img decoding=\"async\" alt=\"Lieu de travail Semiera\" class=\"fl-photo-img wp-image-9038\" itemprop=\"image\" src=\"\/wp-content\/uploads\/2025\/09\/b1dd0bcab1675ff4.webp\"> <\/div>\n<\/p><\/div>\n<\/p><\/div>\n<\/p><\/div>\n<div class=\"fl-module fl-module-photo fl-node-67077f8671490\" data-animation-delay=\"0.0\" data-node=\"67077f8671490\">\n<div class=\"fl-module-content fl-node-content\">\n<div class=\"fl-photo fl-photo-align-center\" itemscope=\"\" itemtype=\"http:\/\/schema.org\/ImageObject\">\n<div class=\"fl-photo-content fl-photo-img-jpg\"> <img decoding=\"async\" alt=\"Semirara Lieu de travail 2\" class=\"fl-photo-img wp-image-9037\" itemprop=\"image\" src=\"\/wp-content\/uploads\/2025\/09\/2b946d2b4b61306d.webp\"> <\/div>\n<\/p><\/div>\n<\/p><\/div>\n<\/p><\/div>\n<div class=\"fl-module fl-module-photo fl-node-67077f867144f\" data-animation-delay=\"0.0\" data-node=\"67077f867144f\">\n<div class=\"fl-module-content fl-node-content\">\n<div class=\"fl-photo fl-photo-align-center\" itemscope=\"\" itemtype=\"http:\/\/schema.org\/ImageObject\">\n<div class=\"fl-photo-content fl-photo-img-jpg\"> <img decoding=\"async\" alt=\"Machine de mat\u00e9riel\" class=\"fl-photo-img wp-image-9034 size-full\" itemprop=\"image\" src=\"\/wp-content\/uploads\/2025\/09\/081b6529d68ead23.webp\"> <\/div>\n<\/p><\/div>\n<\/p><\/div>\n<\/p><\/div>\n<div class=\"fl-module fl-module-photo fl-node-67077f867140c\" data-animation-delay=\"0.0\" data-node=\"67077f867140c\">\n<div class=\"fl-module-content fl-node-content\">\n<div class=\"fl-photo fl-photo-align-center\" itemscope=\"\" itemtype=\"http:\/\/schema.org\/ImageObject\">\n<div class=\"fl-photo-content fl-photo-img-jpg\"> <img decoding=\"async\" alt=\"Traitement CNN, nettoyage chimique, rev\u00eatement CVD\" class=\"fl-photo-img wp-image-9033\" itemprop=\"image\" src=\"\/wp-content\/uploads\/2025\/09\/a4132b2b399abbac.webp\"> <\/div>\n<\/p><\/div>\n<\/p><\/div>\n<\/p><\/div>\n<div class=\"fl-module fl-module-photo fl-node-67077f86713cb\" data-animation-delay=\"0.0\" data-node=\"67077f86713cb\">\n<div class=\"fl-module-content fl-node-content\">\n<div class=\"fl-photo fl-photo-align-center\" itemscope=\"\" itemtype=\"http:\/\/schema.org\/ImageObject\">\n<div class=\"fl-photo-content fl-photo-img-jpg\"> <img decoding=\"async\" alt=\"Maison des articles semira\" class=\"fl-photo-img wp-image-9036\" itemprop=\"image\" src=\"\/wp-content\/uploads\/2025\/09\/2190bb9ce5c1d546.webp\"> <\/div>\n<\/p><\/div>\n<\/p><\/div>\n<\/p><\/div>\n<div class=\"fl-module fl-module-photo fl-node-67077f8671389\" data-animation-delay=\"0.0\" data-node=\"67077f8671389\">\n<div class=\"fl-module-content fl-node-content\">\n<div class=\"fl-photo fl-photo-align-center\" itemscope=\"\" itemtype=\"http:\/\/schema.org\/ImageObject\">\n<div class=\"fl-photo-content fl-photo-img-jpg\"> <img decoding=\"async\" alt=\"Notre service\" class=\"fl-photo-img wp-image-9035\" itemprop=\"image\" src=\"\/wp-content\/uploads\/2025\/09\/b07f222c0ec0ab8d.webp\"> <\/div>\n<\/p><\/div>\n<\/p><\/div>\n<\/p><\/div>\n<\/p><\/div>\n<\/p><\/div>\n<\/p><\/div>\n<\/p><\/div>\n<\/p><\/div>\n<\/p><\/div>\n<\/div>","protected":false},"excerpt":{"rendered":"<p><?xml encoding=\"utf-8\" ?><\/p>\n<p>The Soft Graphite Felt for Insulating by Semicera is specifically engineered to provide excellent thermal insulation in high-temperature environments. This lightweight and flexible material is ideal for applications requiring heat resistance and energy efficiency. Semicera ensures that this felt delivers outstanding performance by maintaining its integrity even under extreme conditions, making it suitable for industries such as aerospace, metallurgy, and electronics. With its superior thermal properties, this soft graphite felt is the perfect solution for advanced insulating needs.<\/p>","protected":false},"featured_media":823,"comment_status":"closed","ping_status":"open","template":"","meta":[],"product_brand":[],"product_cat":[38,29],"product_tag":[],"class_list":{"0":"post-1345","1":"product","2":"type-product","3":"status-publish","4":"has-post-thumbnail","6":"product_cat-c-c-composite-cfc","7":"product_cat-carbon-fiber","9":"first","10":"instock","11":"product-type-simple"},"_links":{"self":[{"href":"https:\/\/www.cn-semiconductorparts.com\/fr\/wp-json\/wp\/v2\/product\/1345","targetHints":{"allow":["GET"]}}],"collection":[{"href":"https:\/\/www.cn-semiconductorparts.com\/fr\/wp-json\/wp\/v2\/product"}],"about":[{"href":"https:\/\/www.cn-semiconductorparts.com\/fr\/wp-json\/wp\/v2\/types\/product"}],"replies":[{"embeddable":true,"href":"https:\/\/www.cn-semiconductorparts.com\/fr\/wp-json\/wp\/v2\/comments?post=1345"}],"wp:featuredmedia":[{"embeddable":true,"href":"https:\/\/www.cn-semiconductorparts.com\/fr\/wp-json\/wp\/v2\/media\/823"}],"wp:attachment":[{"href":"https:\/\/www.cn-semiconductorparts.com\/fr\/wp-json\/wp\/v2\/media?parent=1345"}],"wp:term":[{"taxonomy":"product_brand","embeddable":true,"href":"https:\/\/www.cn-semiconductorparts.com\/fr\/wp-json\/wp\/v2\/product_brand?post=1345"},{"taxonomy":"product_cat","embeddable":true,"href":"https:\/\/www.cn-semiconductorparts.com\/fr\/wp-json\/wp\/v2\/product_cat?post=1345"},{"taxonomy":"product_tag","embeddable":true,"href":"https:\/\/www.cn-semiconductorparts.com\/fr\/wp-json\/wp\/v2\/product_tag?post=1345"}],"curies":[{"name":"WP","href":"https:\/\/api.w.org\/{rel}","templated":true}]}}