{"id":1353,"date":"2025-09-11T05:28:39","date_gmt":"2025-09-11T05:28:39","guid":{"rendered":"https:\/\/weitai2.globaldeepsea.site\/product\/wafer-boat\/"},"modified":"2026-04-29T15:33:57","modified_gmt":"2026-04-29T07:33:57","slug":"wafer-boat","status":"publish","type":"product","link":"https:\/\/www.cn-semiconductorparts.com\/fr\/product\/wafer-boat\/","title":{"rendered":"Wafer Boat"},"content":{"rendered":"<div class=\"fl-builder-content fl-builder-content-11034 fl-builder-content-primary fl-builder-global-templates-locked\" data-post-id=\"11034\">\n<div class=\"fl-row fl-row-full-width fl-row-bg-none fl-node-66f76c871cea5\" data-node=\"66f76c871cea5\">\n<div class=\"fl-row-content-wrap\">\n<div class=\"fl-row-content fl-row-full-width fl-node-content\">\n<div class=\"fl-col-group fl-node-66f76c871db19\" data-node=\"66f76c871db19\">\n<div class=\"fl-col fl-node-66f76c871db63\" data-node=\"66f76c871db63\" style=\"width: 100%;\">\n<div class=\"fl-col-content fl-node-content\">\n<div class=\"fl-module fl-module-video fl-node-66f76c871dbad\" data-animation-delay=\"0.0\" data-node=\"66f76c871dbad\">\n<div class=\"fl-module-content fl-node-content\">\n<div class=\"fl-video fl-embed-video\" itemscope=\"\" itemtype=\"http:\/\/schema.org\/VideoObject\"> <iframe allow=\"accelerometer; autoplay; clipboard-write; encrypted-media; gyroscope; picture-in-picture; web-share\" allowfullscreen=\"\" frameborder=\"0\" height=\"479\" src=\"https:\/\/www.youtube.com\/embed\/_0YSX-deb0s\" title=\"High temperature resistant silicon carbide boat bracket to protect semiconductor manufacturing.\" width=\"851\"><\/iframe><\/div>\n<\/p><\/div>\n<\/p><\/div>\n<\/p><\/div>\n<\/p><\/div>\n<\/p><\/div>\n<div class=\"fl-col-group fl-node-66f76c871cf3c\" data-node=\"66f76c871cf3c\">\n<div class=\"fl-col fl-node-66f76c871cf84\" data-node=\"66f76c871cf84\" style=\"width: 100%;\">\n<div class=\"fl-col-content fl-node-content\">\n<div class=\"fl-module fl-module-heading fl-node-66f76c871cfcc pro_tit\" data-animation-delay=\"0.0\" data-node=\"66f76c871cfcc\">\n<div class=\"fl-module-content fl-node-content\">\n<h3 class=\"fl-heading\"> <span class=\"fl-heading-text\">Advantages<\/span> <\/h3>\n<\/p><\/div>\n<\/p><\/div>\n<\/p><\/div>\n<\/p><\/div>\n<\/p><\/div>\n<div class=\"fl-col-group fl-node-66f76c871d014 fl-col-group-equal-height fl-col-group-align-center\" data-node=\"66f76c871d014\">\n<div class=\"fl-col fl-node-66f76c871d05d fl-col-small\" data-node=\"66f76c871d05d\" style=\"width: 33.33%;\">\n<div class=\"fl-col-content fl-node-content\">\n<div class=\"fl-module fl-module-rich-text fl-node-66f76c871cef2\" data-animation-delay=\"0.0\" data-node=\"66f76c871cef2\">\n<div class=\"fl-module-content fl-node-content\">\n<div class=\"fl-rich-text\">\n<p>R\u00e9sistance \u00e0 l'oxydation \u00e0 haute temp\u00e9rature<br \/> Excellente r\u00e9sistance \u00e0 la corrosion<br \/> Bonne r\u00e9sistance \u00e0 l'abrasion<br \/> Coefficient \u00e9lev\u00e9 de conductivit\u00e9 thermique<br \/> Auto-lubricit\u00e9, faible densit\u00e9<br \/> Duret\u00e9 \u00e9lev\u00e9e<br \/> Conception personnalis\u00e9e.<\/p>\n<\/p><\/div>\n<\/p><\/div>\n<\/p><\/div>\n<\/p><\/div>\n<\/p><\/div>\n<div class=\"fl-col fl-node-66f76c871d889 fl-col-small\" data-node=\"66f76c871d889\" style=\"width: 33.34%;\">\n<div class=\"fl-col-content fl-node-content\">\n<div class=\"fl-module fl-module-photo fl-node-66f76c871d919\" data-animation-delay=\"0.0\" data-node=\"66f76c871d919\">\n<div class=\"fl-module-content fl-node-content\">\n<div class=\"fl-photo fl-photo-align-center\" itemscope=\"\" itemtype=\"http:\/\/schema.org\/ImageObject\">\n<div class=\"fl-photo-content fl-photo-img-png\"> <img decoding=\"async\" alt=\"HGF (2)\" class=\"fl-photo-img wp-image-1267\" itemprop=\"image\" src=\"\/wp-content\/uploads\/2025\/09\/94cfd61b8b47950c.webp\"> <\/img><\/div>\n<\/p><\/div>\n<\/p><\/div>\n<\/p><\/div>\n<\/p><\/div>\n<\/p><\/div>\n<div class=\"fl-col fl-node-66f76c871d961 fl-col-small\" data-node=\"66f76c871d961\" style=\"width: 33.33%;\">\n<div class=\"fl-col-content fl-node-content\">\n<div class=\"fl-module fl-module-photo fl-node-66f76c871d8d1\" data-animation-delay=\"0.0\" data-node=\"66f76c871d8d1\">\n<div class=\"fl-module-content fl-node-content\">\n<div class=\"fl-photo fl-photo-align-center\" itemscope=\"\" itemtype=\"http:\/\/schema.org\/ImageObject\">\n<div class=\"fl-photo-content fl-photo-img-png\"> <img decoding=\"async\" alt=\"HGF (1)\" class=\"fl-photo-img wp-image-1265\" itemprop=\"image\" src=\"\/wp-content\/uploads\/2025\/09\/364ace74f06bb07e.webp\"> <\/img><\/div>\n<\/p><\/div>\n<\/p><\/div>\n<\/p><\/div>\n<\/p><\/div>\n<\/p><\/div>\n<\/p><\/div>\n<\/p><\/div>\n<\/p><\/div>\n<\/p><\/div>\n<div class=\"fl-row fl-row-full-width fl-row-bg-none fl-node-66f76c871d0a6\" data-node=\"66f76c871d0a6\">\n<div class=\"fl-row-content-wrap\">\n<div class=\"fl-row-content fl-row-full-width fl-node-content\">\n<div class=\"fl-col-group fl-node-66f76c871d0ed\" data-node=\"66f76c871d0ed\">\n<div class=\"fl-col fl-node-66f76c871d136\" data-node=\"66f76c871d136\" style=\"width: 100%;\">\n<div class=\"fl-col-content fl-node-content\">\n<div class=\"fl-module fl-module-heading fl-node-66f76c871d17d pro_tit\" data-animation-delay=\"0.0\" data-node=\"66f76c871d17d\">\n<div class=\"fl-module-content fl-node-content\">\n<h3 class=\"fl-heading\"> <span class=\"fl-heading-text\">Applications<\/span> <\/h3>\n<\/p><\/div>\n<\/p><\/div>\n<\/p><\/div>\n<\/p><\/div>\n<\/p><\/div>\n<div class=\"fl-col-group fl-node-66f76c871d1c5\" data-node=\"66f76c871d1c5\">\n<div class=\"fl-col fl-node-66f76c871d20c\" data-node=\"66f76c871d20c\" style=\"width: 100%;\">\n<div class=\"fl-col-content fl-node-content\">\n<div class=\"fl-module fl-module-rich-text fl-node-66f76c871d254\" data-animation-delay=\"0.0\" data-node=\"66f76c871d254\">\n<div class=\"fl-module-content fl-node-content\">\n<div class=\"fl-rich-text\">\n<p>-Champ r\u00e9sistant \u00e0 l'usure: bague, assiette, buse de sable, doublure du cyclone, grincement du canon, etc.\u2026<br \/> -Champ \u00e0 haute temp\u00e9rature: dalle SIC, tube de four \u00e0 trempe, tube rayonnant, creuset, \u00e9l\u00e9ment de chauffage, rouleau, faisceau, \u00e9changeur de chaleur, tuyau \u00e0 air froid, buse de br\u00fbleur, tube de protection du thermocouple, bateau sic, structure de la voiture du four, setter, etc.<br \/> -Semi-conducteur en carbure de silicium: bateau \u00e0 la plaquette SIC, Chuck sic, pagaie SIC, cassette sic, tube de diffusion SIC, fourchette, plaque d'aspiration, guide, etc.<br \/> -Champ de joint en carbure de silicium: Toutes sortes d'anneau d'\u00e9tanch\u00e9it\u00e9, de roulement, de bague, etc.<br \/> -Champ photovolta\u00efque: pagaie en porte-\u00e0-faux, baril de broyage, rouleau en carbure de silicium, etc.<br \/> -Champ de batterie au lithium<\/p>\n<\/p><\/div>\n<\/p><\/div>\n<\/p><\/div>\n<\/p><\/div>\n<\/p><\/div>\n<\/p><\/div>\n<div class=\"fl-col-group fl-node-66f76c871d9a9\" data-node=\"66f76c871d9a9\">\n<div class=\"fl-col fl-node-66f76c871d9f2 fl-col-small\" data-node=\"66f76c871d9f2\" style=\"width: 45.11%;\">\n<div class=\"fl-col-content fl-node-content\">\n<div class=\"fl-module fl-module-rich-text fl-node-66f76c871da8a\" data-animation-delay=\"0.0\" data-node=\"66f76c871da8a\">\n<div class=\"fl-module-content fl-node-content\">\n<div class=\"fl-rich-text\">\n<p><img decoding=\"async\" alt=\"WAFER (1)\" src=\"\/wp-content\/uploads\/2025\/09\/38b31a2bbe0f70a1.webp\"\/><\/p>\n<\/p><\/div>\n<\/p><\/div>\n<\/p><\/div>\n<\/p><\/div>\n<\/p><\/div>\n<div class=\"fl-col fl-node-66f76c871dad2\" data-node=\"66f76c871dad2\" style=\"width: 54.89%;\">\n<div class=\"fl-col-content fl-node-content\">\n<div class=\"fl-module fl-module-rich-text fl-node-66f76c871da3a\" data-animation-delay=\"0.0\" data-node=\"66f76c871da3a\">\n<div class=\"fl-module-content fl-node-content\">\n<div class=\"fl-rich-text\">\n<p><img decoding=\"async\" alt=\"WAFER (2)\" src=\"\/wp-content\/uploads\/2025\/09\/89230e2988692255.webp\"\/><\/p>\n<\/p><\/div>\n<\/p><\/div>\n<\/p><\/div>\n<\/p><\/div>\n<\/p><\/div>\n<\/p><\/div>\n<\/p><\/div>\n<\/p><\/div>\n<\/p><\/div>\n<div class=\"fl-row fl-row-full-width fl-row-bg-none fl-node-66f76c871d29c\" data-node=\"66f76c871d29c\">\n<div class=\"fl-row-content-wrap\">\n<div class=\"fl-row-content fl-row-full-width fl-node-content\">\n<div class=\"fl-col-group fl-node-66f76c871d2e4\" data-node=\"66f76c871d2e4\">\n<div class=\"fl-col fl-node-66f76c871d32d\" data-node=\"66f76c871d32d\" style=\"width: 100%;\">\n<div class=\"fl-col-content fl-node-content\">\n<div class=\"fl-module fl-module-heading fl-node-66f76c871d375 pro_tit\" data-animation-delay=\"0.0\" data-node=\"66f76c871d375\">\n<div class=\"fl-module-content fl-node-content\">\n<h3 class=\"fl-heading\"> <span class=\"fl-heading-text\">Physical Properties Of SiC<\/span> <\/h3>\n<\/p><\/div>\n<\/p><\/div>\n<\/p><\/div>\n<\/p><\/div>\n<\/p><\/div>\n<div class=\"fl-col-group fl-node-66f76c871d3bd\" data-node=\"66f76c871d3bd\">\n<div class=\"fl-col fl-node-66f76c871d405\" data-node=\"66f76c871d405\" style=\"width: 100%;\">\n<div class=\"fl-col-content fl-node-content\">\n<div class=\"fl-module fl-module-rich-text fl-node-66f76c871d44d\" data-animation-delay=\"0.0\" data-node=\"66f76c871d44d\">\n<div class=\"fl-module-content fl-node-content\">\n<div class=\"fl-rich-text\">\n<table border=\"0\" cellspacing=\"0\">\n<tbody>\n<tr>\n<td width=\"218\">Propri\u00e9t\u00e9<\/td>\n<td width=\"177\">Value<\/td>\n<td width=\"270\">Method<\/td>\n<\/tr>\n<tr>\n<td width=\"218\">Densit\u00e9<\/td>\n<td width=\"177\">3.21 g\/cc<\/td>\n<td width=\"270\">Sink-float and dimension<\/td>\n<\/tr>\n<tr>\n<td width=\"218\">Specific heat<\/td>\n<td width=\"177\">0.66 J\/g \u00b0K<\/td>\n<td width=\"270\">Pulsed laser flash<\/td>\n<\/tr>\n<tr>\n<td width=\"218\">Flexural strength<\/td>\n<td width=\"177\">450 MPa560 MPa<\/td>\n<td width=\"270\">4 point bend, RT4 point bend, 1300\u00b0<\/td>\n<\/tr>\n<tr>\n<td width=\"218\">Fracture toughness<\/td>\n<td width=\"177\">2.94 MPa m1\/2<\/td>\n<td width=\"270\">Microindentation<\/td>\n<\/tr>\n<tr>\n<td width=\"218\">Duret\u00e9<\/td>\n<td width=\"177\">2800<\/td>\n<td width=\"270\">Vicker\u2019s, 500g load<\/td>\n<\/tr>\n<tr>\n<td width=\"218\">Elastic ModulusYoung\u2019s Modulus<\/td>\n<td width=\"177\">450 GPa430 GPa<\/td>\n<td width=\"270\">4 pt bend, RT4 pt bend, 1300 \u00b0C<\/td>\n<\/tr>\n<tr>\n<td width=\"218\">Grain size<\/td>\n<td width=\"177\">2 \u2013 10 \u00b5m<\/td>\n<td width=\"270\">SEM<\/td>\n<\/tr>\n<\/tbody>\n<\/table><\/div>\n<\/p><\/div>\n<\/p><\/div>\n<\/p><\/div>\n<\/p><\/div>\n<\/p><\/div>\n<\/p><\/div>\n<\/p><\/div>\n<\/p><\/div>\n<div class=\"fl-row fl-row-full-width fl-row-bg-none fl-node-66f76c871d496\" data-node=\"66f76c871d496\">\n<div class=\"fl-row-content-wrap\">\n<div class=\"fl-row-content fl-row-full-width fl-node-content\">\n<div class=\"fl-col-group fl-node-66f76c871d4e1\" data-node=\"66f76c871d4e1\">\n<div class=\"fl-col fl-node-66f76c871d52b\" data-node=\"66f76c871d52b\" style=\"width: 100%;\">\n<div class=\"fl-col-content fl-node-content\">\n<div class=\"fl-module fl-module-heading fl-node-66f76c871d573 pro_tit\" data-animation-delay=\"0.0\" data-node=\"66f76c871d573\">\n<div class=\"fl-module-content fl-node-content\">\n<h3 class=\"fl-heading\"> <span class=\"fl-heading-text\">Thermal Properties Of SiC<\/span> <\/h3>\n<\/p><\/div>\n<\/p><\/div>\n<\/p><\/div>\n<\/p><\/div>\n<\/p><\/div>\n<div class=\"fl-col-group fl-node-66f76c871d5bb\" data-node=\"66f76c871d5bb\">\n<div class=\"fl-col fl-node-66f76c871d602\" data-node=\"66f76c871d602\" style=\"width: 100%;\">\n<div class=\"fl-col-content fl-node-content\">\n<div class=\"fl-module fl-module-rich-text fl-node-66f76c871d64a\" data-animation-delay=\"0.0\" data-node=\"66f76c871d64a\">\n<div class=\"fl-module-content fl-node-content\">\n<div class=\"fl-rich-text\">\n<table border=\"0\" cellspacing=\"0\">\n<tbody>\n<tr>\n<td width=\"224\">Thermal Conductivity<\/td>\n<td width=\"117\">250 W\/m \u00b0K<\/td>\n<td width=\"333\">Laser flash method, RT<\/td>\n<\/tr>\n<tr>\n<td width=\"224\">Thermal Expansion (CTE)<\/td>\n<td width=\"117\">4.5 x 10-6 \u00b0K<\/td>\n<td width=\"333\">Room temp to 950 \u00b0C, silica dilatometer<\/td>\n<\/tr>\n<\/tbody>\n<\/table><\/div>\n<\/p><\/div>\n<\/p><\/div>\n<\/p><\/div>\n<\/p><\/div>\n<\/p><\/div>\n<\/p><\/div>\n<\/p><\/div>\n<\/p><\/div>\n<div class=\"fl-row fl-row-full-width fl-row-bg-none fl-node-66f76c871d691\" data-node=\"66f76c871d691\">\n<div class=\"fl-row-content-wrap\">\n<div class=\"fl-row-content fl-row-full-width fl-node-content\">\n<div class=\"fl-col-group fl-node-66f76c871d6d9\" data-node=\"66f76c871d6d9\">\n<div class=\"fl-col fl-node-66f76c871d720\" data-node=\"66f76c871d720\" style=\"width: 100%;\">\n<div class=\"fl-col-content fl-node-content\">\n<div class=\"fl-module fl-module-heading fl-node-66f76c871d769 pro_tit\" data-animation-delay=\"0.0\" data-node=\"66f76c871d769\">\n<div class=\"fl-module-content fl-node-content\">\n<h3 class=\"fl-heading\"> <span class=\"fl-heading-text\">Param\u00e8tres techniques<\/span> <\/h3>\n<\/p><\/div>\n<\/p><\/div>\n<\/p><\/div>\n<\/p><\/div>\n<\/p><\/div>\n<div class=\"fl-col-group fl-node-66f76c871d7b0\" data-node=\"66f76c871d7b0\">\n<div class=\"fl-col fl-node-66f76c871d7f9\" data-node=\"66f76c871d7f9\" style=\"width: 100%;\">\n<div class=\"fl-col-content fl-node-content\">\n<div class=\"fl-module fl-module-rich-text fl-node-66f76c871d841\" data-animation-delay=\"0.0\" data-node=\"66f76c871d841\">\n<div class=\"fl-module-content fl-node-content\">\n<div class=\"fl-rich-text\">\n<table border=\"0\" cellspacing=\"0\">\n<tbody>\n<tr>\n<td rowspan=\"2\" width=\"227\">Article<\/td>\n<td rowspan=\"2\" width=\"76\">Unit\u00e9<\/td>\n<td colspan=\"5\" width=\"381\">Data<\/td>\n<\/tr>\n<tr>\n<td width=\"82\">RBSiC(SiSiC)<\/td>\n<td width=\"70\">NBSiC<\/td>\n<td width=\"70\">SSiC<\/td>\n<td width=\"86\">RSiC<\/td>\n<td width=\"72\">OSiC<\/td>\n<\/tr>\n<tr>\n<td width=\"227\">Contenu SIC<\/td>\n<td width=\"76\">%<\/td>\n<td width=\"82\">85<\/td>\n<td width=\"70\">75<\/td>\n<td width=\"70\">99<\/td>\n<td width=\"86\">99.9<\/td>\n<td width=\"72\">\u226599<\/td>\n<\/tr>\n<tr>\n<td width=\"227\">Free silicon content<\/td>\n<td width=\"76\">%<\/td>\n<td width=\"82\">15<\/td>\n<td width=\"70\">0<\/td>\n<td width=\"70\">0<\/td>\n<td width=\"86\">0<\/td>\n<td width=\"72\">0<\/td>\n<\/tr>\n<tr>\n<td width=\"227\">Max service temperature<\/td>\n<td width=\"76\">\u2103<\/td>\n<td width=\"82\">1380<\/td>\n<td width=\"70\">1450<\/td>\n<td width=\"70\">1650<\/td>\n<td width=\"86\">1620<\/td>\n<td width=\"72\">1400<\/td>\n<\/tr>\n<tr>\n<td width=\"227\">Densit\u00e9<\/td>\n<td width=\"76\">g\/cm<sup>3<\/sup><\/td>\n<td width=\"82\">3.02<\/td>\n<td width=\"70\">2.75-2.85<\/td>\n<td width=\"70\">3.08-3.16<\/td>\n<td width=\"86\">2.65-2.75<\/td>\n<td width=\"72\">2.75-2.85<\/td>\n<\/tr>\n<tr>\n<td width=\"227\">Open porosity<\/td>\n<td width=\"76\">%<\/td>\n<td width=\"82\">0<\/td>\n<td width=\"70\">13-15<\/td>\n<td width=\"70\">0<\/td>\n<td width=\"86\">15-18<\/td>\n<td width=\"72\">7-8<\/td>\n<\/tr>\n<tr>\n<td width=\"227\">Bending strength 20\u2103<\/td>\n<td width=\"76\">\u041cpa<\/td>\n<td width=\"82\">250<\/td>\n<td width=\"70\">160<\/td>\n<td width=\"70\">380<\/td>\n<td width=\"86\">100<\/td>\n<td width=\"72\">\/<\/td>\n<\/tr>\n<tr>\n<td width=\"227\">Bending strength 1200\u2103<\/td>\n<td width=\"76\">\u041cpa<\/td>\n<td width=\"82\">280<\/td>\n<td width=\"70\">180<\/td>\n<td width=\"70\">400<\/td>\n<td width=\"86\">120<\/td>\n<td width=\"72\">\/<\/td>\n<\/tr>\n<tr>\n<td width=\"227\">Modulus of elasticity 20\u2103<\/td>\n<td width=\"76\">Gpa<\/td>\n<td width=\"82\">330<\/td>\n<td width=\"70\">580<\/td>\n<td width=\"70\">420<\/td>\n<td width=\"86\">240<\/td>\n<td width=\"72\">\/<\/td>\n<\/tr>\n<tr>\n<td width=\"227\">Modulus of elasticity 1200\u2103<\/td>\n<td width=\"76\">Gpa<\/td>\n<td width=\"82\">300<\/td>\n<td width=\"70\">\/<\/td>\n<td width=\"70\">\/<\/td>\n<td width=\"86\">200<\/td>\n<td width=\"72\">\/<\/td>\n<\/tr>\n<tr>\n<td width=\"227\">Thermal conductivity 1200\u2103<\/td>\n<td width=\"76\">W\/m.K<\/td>\n<td width=\"82\">45<\/td>\n<td width=\"70\">19.6<\/td>\n<td width=\"70\">100-120<\/td>\n<td width=\"86\">36.6<\/td>\n<td width=\"72\">\/<\/td>\n<\/tr>\n<tr>\n<td width=\"227\">Coefficient de dilatation thermique<\/td>\n<td width=\"76\">K<sup>-1<\/sup>X10<sup>-6<\/sup><\/td>\n<td width=\"82\">4.5<\/td>\n<td width=\"70\">4.7<\/td>\n<td width=\"70\">4.1<\/td>\n<td width=\"86\">4.69<\/td>\n<td width=\"72\">\/<\/td>\n<\/tr>\n<tr>\n<td width=\"227\">HV<\/td>\n<td width=\"76\">Kg\/m<sup>m2<\/sup><\/td>\n<td width=\"82\">2115<\/td>\n<td width=\"70\">\/<\/td>\n<td width=\"70\">2800<\/td>\n<td width=\"86\">\/<\/td>\n<td width=\"72\">\/<\/td>\n<\/tr>\n<\/tbody>\n<\/table>\n<p>The CVD silicon carbide coating on the outer surface of recrystallized silicon carbide ceramic products can reach a purity of more than 99.9999% to meet the needs of customers in the semiconductor industry.<\/p>\n<\/p><\/div>\n<\/p><\/div>\n<\/p><\/div>\n<\/p><\/div>\n<\/p><\/div>\n<\/p><\/div>\n<\/p><\/div>\n<\/p><\/div>\n<\/p><\/div>\n<div class=\"fl-row fl-row-full-width fl-row-bg-none fl-node-66f76c871dbf5\" data-node=\"66f76c871dbf5\">\n<div class=\"fl-row-content-wrap\">\n<div class=\"fl-row-content fl-row-full-width fl-node-content\">\n<div class=\"fl-col-group fl-node-66f76c871dc3d\" data-node=\"66f76c871dc3d\">\n<div class=\"fl-col fl-node-66f76c871dc87\" data-node=\"66f76c871dc87\" style=\"width: 100%;\">\n<div class=\"fl-col-content fl-node-content\">\n<div class=\"fl-module fl-module-photo fl-node-66f76c871dcd1\" data-animation-delay=\"0.0\" data-node=\"66f76c871dcd1\">\n<div class=\"fl-module-content fl-node-content\">\n<div class=\"fl-photo fl-photo-align-center\" itemscope=\"\" itemtype=\"http:\/\/schema.org\/ImageObject\">\n<div class=\"fl-photo-content fl-photo-img-jpg\"> <img decoding=\"async\" alt=\"Lieu de travail Semiera\" class=\"fl-photo-img wp-image-7142\" itemprop=\"image\" src=\"\/wp-content\/uploads\/2025\/09\/b1dd0bcab1675ff4.webp\"> <\/img><\/div>\n<\/p><\/div>\n<\/p><\/div>\n<\/p><\/div>\n<div class=\"fl-module fl-module-photo fl-node-66f76c871ddf5\" data-animation-delay=\"0.0\" data-node=\"66f76c871ddf5\">\n<div class=\"fl-module-content fl-node-content\">\n<div class=\"fl-photo fl-photo-align-center\" itemscope=\"\" itemtype=\"http:\/\/schema.org\/ImageObject\">\n<div class=\"fl-photo-content fl-photo-img-jpg\"> <img decoding=\"async\" alt=\"Semirara Lieu de travail 2\" class=\"fl-photo-img wp-image-7141\" itemprop=\"image\" src=\"\/wp-content\/uploads\/2025\/09\/2b946d2b4b61306d.webp\"> <\/img><\/div>\n<\/p><\/div>\n<\/p><\/div>\n<\/p><\/div>\n<div class=\"fl-module fl-module-photo fl-node-66f76c871ddad\" data-animation-delay=\"0.0\" data-node=\"66f76c871ddad\">\n<div class=\"fl-module-content fl-node-content\">\n<div class=\"fl-photo fl-photo-align-center\" itemscope=\"\" itemtype=\"http:\/\/schema.org\/ImageObject\">\n<div class=\"fl-photo-content fl-photo-img-jpg\"> <img decoding=\"async\" alt=\"Machine de mat\u00e9riel\" class=\"fl-photo-img wp-image-7138\" itemprop=\"image\" src=\"\/wp-content\/uploads\/2025\/09\/081b6529d68ead23.webp\"> <\/img><\/div>\n<\/p><\/div>\n<\/p><\/div>\n<\/p><\/div>\n<div class=\"fl-module fl-module-photo fl-node-66f76c871dd65\" data-animation-delay=\"0.0\" data-node=\"66f76c871dd65\">\n<div class=\"fl-module-content fl-node-content\">\n<div class=\"fl-photo fl-photo-align-center\" itemscope=\"\" itemtype=\"http:\/\/schema.org\/ImageObject\">\n<div class=\"fl-photo-content fl-photo-img-jpg\"> <img decoding=\"async\" alt=\"Traitement CNN, nettoyage chimique, rev\u00eatement CVD\" class=\"fl-photo-img wp-image-7137 size-full\" itemprop=\"image\" src=\"\/wp-content\/uploads\/2025\/09\/a4132b2b399abbac.webp\"> <\/img><\/div>\n<\/p><\/div>\n<\/p><\/div>\n<\/p><\/div>\n<div class=\"fl-module fl-module-photo fl-node-66f76c871dd1c\" data-animation-delay=\"0.0\" data-node=\"66f76c871dd1c\">\n<div class=\"fl-module-content fl-node-content\">\n<div class=\"fl-photo fl-photo-align-center\" itemscope=\"\" itemtype=\"http:\/\/schema.org\/ImageObject\">\n<div class=\"fl-photo-content fl-photo-img-jpg\"> <img decoding=\"async\" alt=\"Notre service\" class=\"fl-photo-img wp-image-7139\" itemprop=\"image\" src=\"\/wp-content\/uploads\/2025\/09\/b07f222c0ec0ab8d.webp\"\/> <\/div>\n<\/p><\/div>\n<\/p><\/div>\n<\/p><\/div>\n<\/p><\/div>\n<\/p><\/div>\n<\/p><\/div>\n<\/p><\/div>\n<\/p><\/div>\n<\/p><\/div>\n<\/div>","protected":false},"excerpt":{"rendered":"<p>Wafer boats are key components in the semiconductor manufacturing process. Semiera is able to provide wafer boats that are specially designed and produced for diffusion processes, which play a vital role in the manufacture of high integrated circuits. We are firmly committed to providing the highest quality products at competitive prices and look forward to becoming your long-term partner in China.<\/p>","protected":false},"featured_media":812,"comment_status":"closed","ping_status":"open","template":"","meta":[],"product_brand":[],"product_cat":[23,21],"product_tag":[],"class_list":{"0":"post-1353","1":"product","2":"type-product","3":"status-publish","4":"has-post-thumbnail","6":"product_cat-lsotropic-graphite","7":"product_cat-specialty-graphite","9":"first","10":"instock","11":"product-type-simple"},"_links":{"self":[{"href":"https:\/\/www.cn-semiconductorparts.com\/fr\/wp-json\/wp\/v2\/product\/1353","targetHints":{"allow":["GET"]}}],"collection":[{"href":"https:\/\/www.cn-semiconductorparts.com\/fr\/wp-json\/wp\/v2\/product"}],"about":[{"href":"https:\/\/www.cn-semiconductorparts.com\/fr\/wp-json\/wp\/v2\/types\/product"}],"replies":[{"embeddable":true,"href":"https:\/\/www.cn-semiconductorparts.com\/fr\/wp-json\/wp\/v2\/comments?post=1353"}],"wp:featuredmedia":[{"embeddable":true,"href":"https:\/\/www.cn-semiconductorparts.com\/fr\/wp-json\/wp\/v2\/media\/812"}],"wp:attachment":[{"href":"https:\/\/www.cn-semiconductorparts.com\/fr\/wp-json\/wp\/v2\/media?parent=1353"}],"wp:term":[{"taxonomy":"product_brand","embeddable":true,"href":"https:\/\/www.cn-semiconductorparts.com\/fr\/wp-json\/wp\/v2\/product_brand?post=1353"},{"taxonomy":"product_cat","embeddable":true,"href":"https:\/\/www.cn-semiconductorparts.com\/fr\/wp-json\/wp\/v2\/product_cat?post=1353"},{"taxonomy":"product_tag","embeddable":true,"href":"https:\/\/www.cn-semiconductorparts.com\/fr\/wp-json\/wp\/v2\/product_tag?post=1353"}],"curies":[{"name":"WP","href":"https:\/\/api.w.org\/{rel}","templated":true}]}}