{"id":1358,"date":"2025-09-11T05:28:39","date_gmt":"2025-09-11T05:28:39","guid":{"rendered":"https:\/\/weitai2.globaldeepsea.site\/product\/tac-coating-wafer-susceptor\/"},"modified":"2025-09-24T16:03:57","modified_gmt":"2025-09-24T08:03:57","slug":"tac-coating-wafer-susceptor","status":"publish","type":"product","link":"https:\/\/www.cn-semiconductorparts.com\/fr\/product\/tac-coating-wafer-susceptor\/","title":{"rendered":"TAC-rev\u00eatement Suscepteur"},"content":{"rendered":"<p><?xml encoding=\"utf-8\" ?><\/p>\n<div class=\"fl-builder-content fl-builder-content-11021 fl-builder-content-primary fl-builder-global-templates-locked\" data-post-id=\"11021\">\n<div class=\"fl-row fl-row-full-width fl-row-bg-none fl-node-66f4cf55134bf\" data-node=\"66f4cf55134bf\">\n<div class=\"fl-row-content-wrap\">\n<div class=\"fl-row-content fl-row-full-width fl-node-content\">\n<div class=\"fl-col-group fl-node-66f4cf55135c8\" data-node=\"66f4cf55135c8\">\n<div class=\"fl-col fl-node-66f4cf5513609\" data-node=\"66f4cf5513609\" style=\"width: 100%;\">\n<div class=\"fl-col-content fl-node-content\">\n<div class=\"fl-module fl-module-rich-text fl-node-66f4cf551364b\" data-animation-delay=\"0.0\" data-node=\"66f4cf551364b\">\n<div class=\"fl-module-content fl-node-content\">\n<div class=\"fl-rich-text\">\n<p><span style=\"font-family: arial, helvetica, sans-serif; font-size: medium;\">Semicera is proud to introduce TaC Coated Wafer Susceptor, which is specially developed to meet the needs of high temperature processes, using an innovative CVD coating process to provide excellent Tantalum Carbide properties. Our Wafer Susceptor performs well in high temperature and corrosive atmospheres, showing excellent chemical inertness and thermal stability, ensuring reliable operation in extreme environments.<\/span><\/p>\n<p><span style=\"font-family: arial, helvetica, sans-serif; font-size: medium;\">This Wafer Susceptor utilizes high-quality TaC coating, which not only significantly improves wear resistance, but also effectively resists chemical corrosion, ensuring a long service life. Whether in silicon epitaxy, growth or other semiconductor applications, Semicera&#8217;s TaC Coated Wafer Susceptor can provide users with stable and efficient processing performance.<\/span><\/p>\n<p><span style=\"font-family: arial, helvetica, sans-serif; font-size: medium;\">Semicera has always been committed to providing customers with advanced materials and technologies. Our TaC Coated Wafer Susceptor undergoes strict quality control during the design and manufacturing process to ensure that each product meets the highest standards. We continue to improve material formulations and processes to help customers achieve higher production efficiency and product quality in complex semiconductor manufacturing.<\/span><\/p>\n<p><span style=\"font-family: arial, helvetica, sans-serif; font-size: medium;\">When you choose Semicera&#8217;s TaC Coating Wafer Susceptor, you get a superior product that ensures outstanding performance in high temperature and corrosive environments, helping your industrial applications reach new heights.<\/span><\/p>\n<div id=\"gtx-trans\" style=\"position: absolute; left: 194px; top: 111.453px;\">&nbsp;<\/div>\n<\/p><\/div>\n<\/p><\/div>\n<\/p><\/div>\n<\/p><\/div>\n<\/p><\/div>\n<\/p><\/div>\n<div class=\"fl-col-group fl-node-66f4cf5513918\" data-node=\"66f4cf5513918\">\n<div class=\"fl-col fl-node-66f4cf5513a1d fl-col-small\" data-node=\"66f4cf5513a1d\" style=\"width: 50%;\">\n<div class=\"fl-col-content fl-node-content\">\n<div class=\"fl-module fl-module-photo fl-node-66f4cf551399b\" data-animation-delay=\"0.0\" data-node=\"66f4cf551399b\">\n<div class=\"fl-module-content fl-node-content\">\n<div class=\"fl-photo fl-photo-align-center\" itemscope=\"\" itemtype=\"http:\/\/schema.org\/ImageObject\">\n<div class=\"fl-photo-content fl-photo-img-jpg\"> <img decoding=\"async\" alt=\"Revocation de carbure de Tantalum \u00e0 haute efficacit\u00e9_ Am\u00e9liorez l&#039;efficacit\u00e9 de la production industrielle et r\u00e9duisez les co\u00fbts de maintenance Image en vedette\" class=\"fl-photo-img wp-image-7305 size-thumbnail\" itemprop=\"image\" src=\"\/wp-content\/uploads\/2025\/09\/0c4e2486991c9804.webp\"> <\/div>\n<\/p><\/div>\n<\/p><\/div>\n<\/p><\/div>\n<div class=\"fl-module fl-module-heading fl-node-66f4cf5513a9f\" data-animation-delay=\"0.0\" data-node=\"66f4cf5513a9f\">\n<div class=\"fl-module-content fl-node-content\">\n<h3 class=\"fl-heading\">  Partie tac pour la croissance monocristal  <\/h3>\n<\/p><\/div>\n<\/p><\/div>\n<\/p><\/div>\n<\/p><\/div>\n<div class=\"fl-col fl-node-66f4cf551395a fl-col-small\" data-node=\"66f4cf551395a\" style=\"width: 50%;\">\n<div class=\"fl-col-content fl-node-content\">\n<div class=\"fl-module fl-module-photo fl-node-66f4cf55139dc\" data-animation-delay=\"0.0\" data-node=\"66f4cf55139dc\">\n<div class=\"fl-module-content fl-node-content\">\n<div class=\"fl-photo fl-photo-align-center\" itemscope=\"\" itemtype=\"http:\/\/schema.org\/ImageObject\">\n<div class=\"fl-photo-content fl-photo-img-jpg\"> <img decoding=\"async\" alt=\"Le rev\u00eatement en carbure de Tantalum anti-v\u00eatements prot\u00e8ge l&#039;\u00e9quipement de l&#039;usure et de la corrosion Image\" class=\"fl-photo-img wp-image-6556 size-thumbnail\" itemprop=\"image\" src=\"\/wp-content\/uploads\/2025\/09\/3358ccbc0dafe7b5.webp\"> <\/div>\n<\/p><\/div>\n<\/p><\/div>\n<\/p><\/div>\n<div class=\"fl-module fl-module-heading fl-node-66f4cf5513a5e\" data-animation-delay=\"0.0\" data-node=\"66f4cf5513a5e\">\n<div class=\"fl-module-content fl-node-content\">\n<h3 class=\"fl-heading\">  Graphite avec anneau rev\u00eatu de TAC  <\/h3>\n<\/p><\/div>\n<\/p><\/div>\n<\/p><\/div>\n<\/p><\/div>\n<\/p><\/div>\n<div class=\"fl-col-group fl-node-66f4cf551374f\" data-node=\"66f4cf551374f\">\n<div class=\"fl-col fl-node-66f4cf5513854 fl-col-small\" data-node=\"66f4cf5513854\" style=\"width: 50%;\">\n<div class=\"fl-col-content fl-node-content\">\n<div class=\"fl-module fl-module-photo fl-node-66f4cf55137d1\" data-animation-delay=\"0.0\" data-node=\"66f4cf55137d1\">\n<div class=\"fl-module-content fl-node-content\">\n<div class=\"fl-photo fl-photo-align-center\" itemscope=\"\" itemtype=\"http:\/\/schema.org\/ImageObject\">\n<div class=\"fl-photo-content fl-photo-img-png\"> <img decoding=\"async\" alt=\"&#24494;&#20449;&#22270;&#29255;_20240227150045\" class=\"fl-photo-img wp-image-6621\" itemprop=\"image\" src=\"\/wp-content\/uploads\/2025\/09\/7f66597ee3a8b10a.webp\"> <\/div>\n<\/p><\/div>\n<\/p><\/div>\n<\/p><\/div>\n<div class=\"fl-module fl-module-heading fl-node-66f4cf55138d7\" data-animation-delay=\"0.0\" data-node=\"66f4cf55138d7\">\n<div class=\"fl-module-content fl-node-content\">\n<h3 class=\"fl-heading\"> <span class=\"fl-heading-text\">avec et sans tac<\/span> <\/h3>\n<\/p><\/div>\n<\/p><\/div>\n<\/p><\/div>\n<\/p><\/div>\n<div class=\"fl-col fl-node-66f4cf5513790 fl-col-small\" data-node=\"66f4cf5513790\" style=\"width: 50%;\">\n<div class=\"fl-col-content fl-node-content\">\n<div class=\"fl-module fl-module-photo fl-node-66f4cf5513812\" data-animation-delay=\"0.0\" data-node=\"66f4cf5513812\">\n<div class=\"fl-module-content fl-node-content\">\n<div class=\"fl-photo fl-photo-align-center\" itemscope=\"\" itemtype=\"http:\/\/schema.org\/ImageObject\">\n<div class=\"fl-photo-content fl-photo-img-png\"> <img decoding=\"async\" alt=\"&#24494;&#20449;&#22270;&#29255;_20240227150053\" class=\"fl-photo-img wp-image-6620 size-thumbnail\" itemprop=\"image\" src=\"\/wp-content\/uploads\/2025\/09\/b13df0bf24464be4.webp\"> <\/div>\n<\/p><\/div>\n<\/p><\/div>\n<\/p><\/div>\n<div class=\"fl-module fl-module-heading fl-node-66f4cf5513896\" data-animation-delay=\"0.0\" data-node=\"66f4cf5513896\">\n<div class=\"fl-module-content fl-node-content\">\n<h3 class=\"fl-heading\"> <span class=\"fl-heading-text\">Apr\u00e8s avoir utilis\u00e9 TAC (\u00e0 droite)<\/span> <\/h3>\n<\/p><\/div>\n<\/p><\/div>\n<\/p><\/div>\n<\/p><\/div>\n<\/p><\/div>\n<div class=\"fl-col-group fl-node-66f4cf5513be5\" data-node=\"66f4cf5513be5\">\n<div class=\"fl-col fl-node-66f4cf5513c27\" data-node=\"66f4cf5513c27\" style=\"width: 100%;\">\n<div class=\"fl-col-content fl-node-content\">\n<div class=\"fl-module fl-module-photo fl-node-66f4cf5513c68\" data-animation-delay=\"0.0\" data-node=\"66f4cf5513c68\">\n<div class=\"fl-module-content fl-node-content\">\n<div class=\"fl-photo fl-photo-align-center\" itemscope=\"\" itemtype=\"http:\/\/schema.org\/ImageObject\">\n<div class=\"fl-photo-content fl-photo-img-png\"> <img decoding=\"async\" alt=\"0(1)\" class=\"fl-photo-img wp-image-6851\" itemprop=\"image\" src=\"\/wp-content\/uploads\/2025\/09\/474f2973c811b4a2.webp\"> <\/div>\n<\/p><\/div>\n<\/p><\/div>\n<\/p><\/div>\n<\/p><\/div>\n<\/p><\/div>\n<\/p><\/div>\n<div class=\"fl-col-group fl-node-66f4cf5513503\" data-node=\"66f4cf5513503\">\n<div class=\"fl-col fl-node-66f4cf5513546\" data-node=\"66f4cf5513546\" style=\"width: 100%;\">\n<div class=\"fl-col-content fl-node-content\">\n<div class=\"fl-module fl-module-photo fl-node-66f4cf5513587\" data-animation-delay=\"0.0\" data-node=\"66f4cf5513587\">\n<div class=\"fl-module-content fl-node-content\">\n<div class=\"fl-photo fl-photo-align-center\" itemscope=\"\" itemtype=\"http:\/\/schema.org\/ImageObject\">\n<div class=\"fl-photo-content fl-photo-img-jpg\"> <img decoding=\"async\" alt=\"Lieu de travail Semiera\" class=\"fl-photo-img wp-image-7286\" itemprop=\"image\" src=\"\/wp-content\/uploads\/2025\/09\/b1dd0bcab1675ff4.webp\"> <\/div>\n<\/p><\/div>\n<\/p><\/div>\n<\/p><\/div>\n<\/p><\/div>\n<\/p><\/div>\n<\/p><\/div>\n<div class=\"fl-col-group fl-node-66f4cf551368c\" data-node=\"66f4cf551368c\">\n<div class=\"fl-col fl-node-66f4cf55136cd\" data-node=\"66f4cf55136cd\" style=\"width: 100%;\">\n<div class=\"fl-col-content fl-node-content\">\n<div class=\"fl-module fl-module-photo fl-node-66f4cf551370e\" data-animation-delay=\"0.0\" data-node=\"66f4cf551370e\">\n<div class=\"fl-module-content fl-node-content\">\n<div class=\"fl-photo fl-photo-align-center\" itemscope=\"\" itemtype=\"http:\/\/schema.org\/ImageObject\">\n<div class=\"fl-photo-content fl-photo-img-jpg\"> <img decoding=\"async\" alt=\"Semirara Lieu de travail 2\" class=\"fl-photo-img wp-image-7287\" itemprop=\"image\" src=\"\/wp-content\/uploads\/2025\/09\/2b946d2b4b61306d.webp\"> <\/div>\n<\/p><\/div>\n<\/p><\/div>\n<\/p><\/div>\n<div class=\"fl-module fl-module-photo fl-node-66f4cf5513ba3\" data-animation-delay=\"0.0\" data-node=\"66f4cf5513ba3\">\n<div class=\"fl-module-content fl-node-content\">\n<div class=\"fl-photo fl-photo-align-center\" itemscope=\"\" itemtype=\"http:\/\/schema.org\/ImageObject\">\n<div class=\"fl-photo-content fl-photo-img-jpg\"> <img decoding=\"async\" alt=\"Machine de mat\u00e9riel\" class=\"fl-photo-img wp-image-7288\" itemprop=\"image\" src=\"\/wp-content\/uploads\/2025\/09\/081b6529d68ead23.webp\"> <\/div>\n<\/p><\/div>\n<\/p><\/div>\n<\/p><\/div>\n<div class=\"fl-module fl-module-photo fl-node-66f4cf5513ae0\" data-animation-delay=\"0.0\" data-node=\"66f4cf5513ae0\">\n<div class=\"fl-module-content fl-node-content\">\n<div class=\"fl-photo fl-photo-align-center\" itemscope=\"\" itemtype=\"http:\/\/schema.org\/ImageObject\">\n<div class=\"fl-photo-content fl-photo-img-jpg\"> <img decoding=\"async\" alt=\"Maison des articles semira\" class=\"fl-photo-img wp-image-7140\" itemprop=\"image\" src=\"\/wp-content\/uploads\/2025\/09\/2190bb9ce5c1d546.webp\"> <\/div>\n<\/p><\/div>\n<\/p><\/div>\n<\/p><\/div>\n<div class=\"fl-module fl-module-photo fl-node-66f4cf5513b62\" data-animation-delay=\"0.0\" data-node=\"66f4cf5513b62\">\n<div class=\"fl-module-content fl-node-content\">\n<div class=\"fl-photo fl-photo-align-center\" itemscope=\"\" itemtype=\"http:\/\/schema.org\/ImageObject\">\n<div class=\"fl-photo-content fl-photo-img-jpg\"> <img decoding=\"async\" alt=\"Traitement CNN, nettoyage chimique, rev\u00eatement CVD\" class=\"fl-photo-img wp-image-7289\" itemprop=\"image\" src=\"\/wp-content\/uploads\/2025\/09\/a4132b2b399abbac.webp\"> <\/div>\n<\/p><\/div>\n<\/p><\/div>\n<\/p><\/div>\n<div class=\"fl-module fl-module-photo fl-node-66f4cf5513b21\" data-animation-delay=\"0.0\" data-node=\"66f4cf5513b21\">\n<div class=\"fl-module-content fl-node-content\">\n<div class=\"fl-photo fl-photo-align-center\" itemscope=\"\" itemtype=\"http:\/\/schema.org\/ImageObject\">\n<div class=\"fl-photo-content fl-photo-img-jpg\"> <img decoding=\"async\" alt=\"Notre service\" class=\"fl-photo-img wp-image-7290\" itemprop=\"image\" src=\"\/wp-content\/uploads\/2025\/09\/b07f222c0ec0ab8d.webp\"> <\/div>\n<\/p><\/div>\n<\/p><\/div>\n<\/p><\/div>\n<\/p><\/div>\n<\/p><\/div>\n<\/p><\/div>\n<\/p><\/div>\n<\/p><\/div>\n<\/p><\/div>\n<\/div>","protected":false},"excerpt":{"rendered":"<p><?xml encoding=\"utf-8\" ?><\/p>\n<p>Semicera&rsquo;s TaC Coated Wafer Susceptor is a premium product designed for high temperature and corrosive environments. It uses advanced TaC coating technology to ensure excellent chemical inertness and thermal stability under harsh conditions, making it an ideal choice for semiconductor manufacturing.<\/p>","protected":false},"featured_media":829,"comment_status":"closed","ping_status":"open","template":"","meta":[],"product_brand":[],"product_cat":[37],"product_tag":[],"class_list":{"0":"post-1358","1":"product","2":"type-product","3":"status-publish","4":"has-post-thumbnail","6":"product_cat-cvd-tac-coating","8":"first","9":"instock","10":"product-type-simple"},"_links":{"self":[{"href":"https:\/\/www.cn-semiconductorparts.com\/fr\/wp-json\/wp\/v2\/product\/1358","targetHints":{"allow":["GET"]}}],"collection":[{"href":"https:\/\/www.cn-semiconductorparts.com\/fr\/wp-json\/wp\/v2\/product"}],"about":[{"href":"https:\/\/www.cn-semiconductorparts.com\/fr\/wp-json\/wp\/v2\/types\/product"}],"replies":[{"embeddable":true,"href":"https:\/\/www.cn-semiconductorparts.com\/fr\/wp-json\/wp\/v2\/comments?post=1358"}],"wp:featuredmedia":[{"embeddable":true,"href":"https:\/\/www.cn-semiconductorparts.com\/fr\/wp-json\/wp\/v2\/media\/829"}],"wp:attachment":[{"href":"https:\/\/www.cn-semiconductorparts.com\/fr\/wp-json\/wp\/v2\/media?parent=1358"}],"wp:term":[{"taxonomy":"product_brand","embeddable":true,"href":"https:\/\/www.cn-semiconductorparts.com\/fr\/wp-json\/wp\/v2\/product_brand?post=1358"},{"taxonomy":"product_cat","embeddable":true,"href":"https:\/\/www.cn-semiconductorparts.com\/fr\/wp-json\/wp\/v2\/product_cat?post=1358"},{"taxonomy":"product_tag","embeddable":true,"href":"https:\/\/www.cn-semiconductorparts.com\/fr\/wp-json\/wp\/v2\/product_tag?post=1358"}],"curies":[{"name":"WP","href":"https:\/\/api.w.org\/{rel}","templated":true}]}}