{"id":1360,"date":"2025-09-11T05:28:39","date_gmt":"2025-09-11T05:28:39","guid":{"rendered":"https:\/\/weitai2.globaldeepsea.site\/product\/tantalum-carbide-ring\/"},"modified":"2025-09-24T16:03:57","modified_gmt":"2025-09-24T08:03:57","slug":"tantalum-carbide-ring","status":"publish","type":"product","link":"https:\/\/www.cn-semiconductorparts.com\/fr\/product\/tantalum-carbide-ring\/","title":{"rendered":"Bague en carbure de tantale"},"content":{"rendered":"<p><?xml encoding=\"utf-8\" ?><\/p>\n<div class=\"fl-builder-content fl-builder-content-11018 fl-builder-content-primary fl-builder-global-templates-locked\" data-post-id=\"11018\">\n<div class=\"fl-row fl-row-full-width fl-row-bg-none fl-node-66f4cb290aa97\" data-node=\"66f4cb290aa97\">\n<div class=\"fl-row-content-wrap\">\n<div class=\"fl-row-content fl-row-full-width fl-node-content\">\n<div class=\"fl-col-group fl-node-66f4cb290ab9d\" data-node=\"66f4cb290ab9d\">\n<div class=\"fl-col fl-node-66f4cb290abdd\" data-node=\"66f4cb290abdd\" style=\"width: 100%;\">\n<div class=\"fl-col-content fl-node-content\">\n<div class=\"fl-module fl-module-rich-text fl-node-66f4cb290ac1c\" data-animation-delay=\"0.0\" data-node=\"66f4cb290ac1c\">\n<div class=\"fl-module-content fl-node-content\">\n<div class=\"fl-rich-text\">\n<p><span style=\"font-family: arial, helvetica, sans-serif; font-size: medium;\">Semicera&#8217;s self-developed Tantalum Carbide Ring is manufactured using a cutting-edge CVD coating process to provide excellent wear and corrosion resistance. Our Tantalum Carbide Ring is an ideal choice for environments that require high strength and durability, especially in contact with chemicals.<\/span><\/p>\n<p><span style=\"font-family: arial, helvetica, sans-serif; font-size: medium;\">This Tantalum Carbide component is designed to maximize efficiency, especially in applications involving TAC. By using Semicera&#8217;s Tantalum Carbide Ring, customers can ensure that their equipment operates stably under high temperature and high pressure conditions, extending service life and reducing maintenance costs.<\/span><\/p>\n<p><span style=\"font-family: arial, helvetica, sans-serif; font-size: medium;\">Semicera has always been committed to technological innovation and quality improvement to ensure that every Tantalum Carbide Ring meets the highest standards of the industry. Our R&amp;D team is constantly exploring new materials and processes to provide more efficient and reliable solutions to help customers stand out in a highly competitive market.<\/span><\/p>\n<p><span style=\"font-family: arial, helvetica, sans-serif; font-size: medium;\">Choose Semicera&#8217;s Tantalum Carbide Ring, you will get high-quality products and excellent services to provide strong support for your industrial applications.<\/span><\/p>\n<div id=\"gtx-trans\" style=\"position: absolute; left: 194px; top: 111.453px;\">&nbsp;<\/div>\n<\/p><\/div>\n<\/p><\/div>\n<\/p><\/div>\n<\/p><\/div>\n<\/p><\/div>\n<\/p><\/div>\n<div class=\"fl-col-group fl-node-66f4cb290aedb\" data-node=\"66f4cb290aedb\">\n<div class=\"fl-col fl-node-66f4cb290afdb fl-col-small\" data-node=\"66f4cb290afdb\" style=\"width: 50%;\">\n<div class=\"fl-col-content fl-node-content\">\n<div class=\"fl-module fl-module-photo fl-node-66f4cb290af5b\" data-animation-delay=\"0.0\" data-node=\"66f4cb290af5b\">\n<div class=\"fl-module-content fl-node-content\">\n<div class=\"fl-photo fl-photo-align-center\" itemscope=\"\" itemtype=\"http:\/\/schema.org\/ImageObject\">\n<div class=\"fl-photo-content fl-photo-img-jpg\"> <img decoding=\"async\" alt=\"Revocation de carbure de Tantalum \u00e0 haute efficacit\u00e9_ Am\u00e9liorez l&#039;efficacit\u00e9 de la production industrielle et r\u00e9duisez les co\u00fbts de maintenance Image en vedette\" class=\"fl-photo-img wp-image-7305 size-thumbnail\" itemprop=\"image\" src=\"\/wp-content\/uploads\/2025\/09\/0c4e2486991c9804.webp\"> <\/div>\n<\/p><\/div>\n<\/p><\/div>\n<\/p><\/div>\n<div class=\"fl-module fl-module-heading fl-node-66f4cb290b05b\" data-animation-delay=\"0.0\" data-node=\"66f4cb290b05b\">\n<div class=\"fl-module-content fl-node-content\">\n<h3 class=\"fl-heading\">  Partie tac pour la croissance monocristal  <\/h3>\n<\/p><\/div>\n<\/p><\/div>\n<\/p><\/div>\n<\/p><\/div>\n<div class=\"fl-col fl-node-66f4cb290af1b fl-col-small\" data-node=\"66f4cb290af1b\" style=\"width: 50%;\">\n<div class=\"fl-col-content fl-node-content\">\n<div class=\"fl-module fl-module-photo fl-node-66f4cb290af9b\" data-animation-delay=\"0.0\" data-node=\"66f4cb290af9b\">\n<div class=\"fl-module-content fl-node-content\">\n<div class=\"fl-photo fl-photo-align-center\" itemscope=\"\" itemtype=\"http:\/\/schema.org\/ImageObject\">\n<div class=\"fl-photo-content fl-photo-img-jpg\"> <img decoding=\"async\" alt=\"Le rev\u00eatement en carbure de Tantalum anti-v\u00eatements prot\u00e8ge l&#039;\u00e9quipement de l&#039;usure et de la corrosion Image\" class=\"fl-photo-img wp-image-6556 size-thumbnail\" itemprop=\"image\" src=\"\/wp-content\/uploads\/2025\/09\/3358ccbc0dafe7b5.webp\"> <\/div>\n<\/p><\/div>\n<\/p><\/div>\n<\/p><\/div>\n<div class=\"fl-module fl-module-heading fl-node-66f4cb290b01b\" data-animation-delay=\"0.0\" data-node=\"66f4cb290b01b\">\n<div class=\"fl-module-content fl-node-content\">\n<h3 class=\"fl-heading\">  Graphite avec anneau rev\u00eatu de TAC  <\/h3>\n<\/p><\/div>\n<\/p><\/div>\n<\/p><\/div>\n<\/p><\/div>\n<\/p><\/div>\n<div class=\"fl-col-group fl-node-66f4cb290ad1d\" data-node=\"66f4cb290ad1d\">\n<div class=\"fl-col fl-node-66f4cb290ae1c fl-col-small\" data-node=\"66f4cb290ae1c\" style=\"width: 50%;\">\n<div class=\"fl-col-content fl-node-content\">\n<div class=\"fl-module fl-module-photo fl-node-66f4cb290ad9c\" data-animation-delay=\"0.0\" data-node=\"66f4cb290ad9c\">\n<div class=\"fl-module-content fl-node-content\">\n<div class=\"fl-photo fl-photo-align-center\" itemscope=\"\" itemtype=\"http:\/\/schema.org\/ImageObject\">\n<div class=\"fl-photo-content fl-photo-img-png\"> <img decoding=\"async\" alt=\"&#24494;&#20449;&#22270;&#29255;_20240227150045\" class=\"fl-photo-img wp-image-6621\" itemprop=\"image\" src=\"\/wp-content\/uploads\/2025\/09\/7f66597ee3a8b10a.webp\"> <\/div>\n<\/p><\/div>\n<\/p><\/div>\n<\/p><\/div>\n<div class=\"fl-module fl-module-heading fl-node-66f4cb290ae9b\" data-animation-delay=\"0.0\" data-node=\"66f4cb290ae9b\">\n<div class=\"fl-module-content fl-node-content\">\n<h3 class=\"fl-heading\"> <span class=\"fl-heading-text\">avec et sans tac<\/span> <\/h3>\n<\/p><\/div>\n<\/p><\/div>\n<\/p><\/div>\n<\/p><\/div>\n<div class=\"fl-col fl-node-66f4cb290ad5d fl-col-small\" data-node=\"66f4cb290ad5d\" style=\"width: 50%;\">\n<div class=\"fl-col-content fl-node-content\">\n<div class=\"fl-module fl-module-photo fl-node-66f4cb290addc\" data-animation-delay=\"0.0\" data-node=\"66f4cb290addc\">\n<div class=\"fl-module-content fl-node-content\">\n<div class=\"fl-photo fl-photo-align-center\" itemscope=\"\" itemtype=\"http:\/\/schema.org\/ImageObject\">\n<div class=\"fl-photo-content fl-photo-img-png\"> <img decoding=\"async\" alt=\"&#24494;&#20449;&#22270;&#29255;_20240227150053\" class=\"fl-photo-img wp-image-6620 size-thumbnail\" itemprop=\"image\" src=\"\/wp-content\/uploads\/2025\/09\/b13df0bf24464be4.webp\"> <\/div>\n<\/p><\/div>\n<\/p><\/div>\n<\/p><\/div>\n<div class=\"fl-module fl-module-heading fl-node-66f4cb290ae5c\" data-animation-delay=\"0.0\" data-node=\"66f4cb290ae5c\">\n<div class=\"fl-module-content fl-node-content\">\n<h3 class=\"fl-heading\"> <span class=\"fl-heading-text\">Apr\u00e8s avoir utilis\u00e9 TAC (\u00e0 droite)<\/span> <\/h3>\n<\/p><\/div>\n<\/p><\/div>\n<\/p><\/div>\n<\/p><\/div>\n<\/p><\/div>\n<div class=\"fl-col-group fl-node-66f4cb290b199\" data-node=\"66f4cb290b199\">\n<div class=\"fl-col fl-node-66f4cb290b1d9\" data-node=\"66f4cb290b1d9\" style=\"width: 100%;\">\n<div class=\"fl-col-content fl-node-content\">\n<div class=\"fl-module fl-module-photo fl-node-66f4cb290b219\" data-animation-delay=\"0.0\" data-node=\"66f4cb290b219\">\n<div class=\"fl-module-content fl-node-content\">\n<div class=\"fl-photo fl-photo-align-center\" itemscope=\"\" itemtype=\"http:\/\/schema.org\/ImageObject\">\n<div class=\"fl-photo-content fl-photo-img-png\"> <img decoding=\"async\" alt=\"0(1)\" class=\"fl-photo-img wp-image-6851\" itemprop=\"image\" src=\"\/wp-content\/uploads\/2025\/09\/474f2973c811b4a2.webp\"> <\/div>\n<\/p><\/div>\n<\/p><\/div>\n<\/p><\/div>\n<\/p><\/div>\n<\/p><\/div>\n<\/p><\/div>\n<div class=\"fl-col-group fl-node-66f4cb290aadb\" data-node=\"66f4cb290aadb\">\n<div class=\"fl-col fl-node-66f4cb290ab1b\" data-node=\"66f4cb290ab1b\" style=\"width: 100%;\">\n<div class=\"fl-col-content fl-node-content\">\n<div class=\"fl-module fl-module-photo fl-node-66f4cb290ab5b\" data-animation-delay=\"0.0\" data-node=\"66f4cb290ab5b\">\n<div class=\"fl-module-content fl-node-content\">\n<div class=\"fl-photo fl-photo-align-center\" itemscope=\"\" itemtype=\"http:\/\/schema.org\/ImageObject\">\n<div class=\"fl-photo-content fl-photo-img-jpg\"> <img decoding=\"async\" alt=\"Lieu de travail Semiera\" class=\"fl-photo-img wp-image-7286\" itemprop=\"image\" src=\"\/wp-content\/uploads\/2025\/09\/b1dd0bcab1675ff4.webp\"> <\/div>\n<\/p><\/div>\n<\/p><\/div>\n<\/p><\/div>\n<\/p><\/div>\n<\/p><\/div>\n<\/p><\/div>\n<div class=\"fl-col-group fl-node-66f4cb290ac5c\" data-node=\"66f4cb290ac5c\">\n<div class=\"fl-col fl-node-66f4cb290ac9d\" data-node=\"66f4cb290ac9d\" style=\"width: 100%;\">\n<div class=\"fl-col-content fl-node-content\">\n<div class=\"fl-module fl-module-photo fl-node-66f4cb290acdd\" data-animation-delay=\"0.0\" data-node=\"66f4cb290acdd\">\n<div class=\"fl-module-content fl-node-content\">\n<div class=\"fl-photo fl-photo-align-center\" itemscope=\"\" itemtype=\"http:\/\/schema.org\/ImageObject\">\n<div class=\"fl-photo-content fl-photo-img-jpg\"> <img decoding=\"async\" alt=\"Semirara Lieu de travail 2\" class=\"fl-photo-img wp-image-7287\" itemprop=\"image\" src=\"\/wp-content\/uploads\/2025\/09\/2b946d2b4b61306d.webp\"> <\/div>\n<\/p><\/div>\n<\/p><\/div>\n<\/p><\/div>\n<div class=\"fl-module fl-module-photo fl-node-66f4cb290b159\" data-animation-delay=\"0.0\" data-node=\"66f4cb290b159\">\n<div class=\"fl-module-content fl-node-content\">\n<div class=\"fl-photo fl-photo-align-center\" itemscope=\"\" itemtype=\"http:\/\/schema.org\/ImageObject\">\n<div class=\"fl-photo-content fl-photo-img-jpg\"> <img decoding=\"async\" alt=\"Machine de mat\u00e9riel\" class=\"fl-photo-img wp-image-7288\" itemprop=\"image\" src=\"\/wp-content\/uploads\/2025\/09\/081b6529d68ead23.webp\"> <\/div>\n<\/p><\/div>\n<\/p><\/div>\n<\/p><\/div>\n<div class=\"fl-module fl-module-photo fl-node-66f4cb290b09a\" data-animation-delay=\"0.0\" data-node=\"66f4cb290b09a\">\n<div class=\"fl-module-content fl-node-content\">\n<div class=\"fl-photo fl-photo-align-center\" itemscope=\"\" itemtype=\"http:\/\/schema.org\/ImageObject\">\n<div class=\"fl-photo-content fl-photo-img-jpg\"> <img decoding=\"async\" alt=\"Maison des articles semira\" class=\"fl-photo-img wp-image-7140\" itemprop=\"image\" src=\"\/wp-content\/uploads\/2025\/09\/2190bb9ce5c1d546.webp\"> <\/div>\n<\/p><\/div>\n<\/p><\/div>\n<\/p><\/div>\n<div class=\"fl-module fl-module-photo fl-node-66f4cb290b11a\" data-animation-delay=\"0.0\" data-node=\"66f4cb290b11a\">\n<div class=\"fl-module-content fl-node-content\">\n<div class=\"fl-photo fl-photo-align-center\" itemscope=\"\" itemtype=\"http:\/\/schema.org\/ImageObject\">\n<div class=\"fl-photo-content fl-photo-img-jpg\"> <img decoding=\"async\" alt=\"Traitement CNN, nettoyage chimique, rev\u00eatement CVD\" class=\"fl-photo-img wp-image-7289\" itemprop=\"image\" src=\"\/wp-content\/uploads\/2025\/09\/a4132b2b399abbac.webp\"> <\/div>\n<\/p><\/div>\n<\/p><\/div>\n<\/p><\/div>\n<div class=\"fl-module fl-module-photo fl-node-66f4cb290b0da\" data-animation-delay=\"0.0\" data-node=\"66f4cb290b0da\">\n<div class=\"fl-module-content fl-node-content\">\n<div class=\"fl-photo fl-photo-align-center\" itemscope=\"\" itemtype=\"http:\/\/schema.org\/ImageObject\">\n<div class=\"fl-photo-content fl-photo-img-jpg\"> <img decoding=\"async\" alt=\"Notre service\" class=\"fl-photo-img wp-image-7290\" itemprop=\"image\" src=\"\/wp-content\/uploads\/2025\/09\/b07f222c0ec0ab8d.webp\"> <\/div>\n<\/p><\/div>\n<\/p><\/div>\n<\/p><\/div>\n<\/p><\/div>\n<\/p><\/div>\n<\/p><\/div>\n<\/p><\/div>\n<\/p><\/div>\n<\/p><\/div>\n<\/div>","protected":false},"excerpt":{"rendered":"<p><?xml encoding=\"utf-8\" ?><\/p>\n<p>Semicera&rsquo;s Tantalum Carbide Ring is a premium component designed for high-performance applications, using advanced TaC coating technology to ensure durability and stability under extreme conditions. This product is widely used in semiconductor and other industrial fields to meet a variety of stringent requirements.<\/p>","protected":false},"featured_media":937,"comment_status":"closed","ping_status":"open","template":"","meta":[],"product_brand":[],"product_cat":[16,46],"product_tag":[],"class_list":{"0":"post-1360","1":"product","2":"type-product","3":"status-publish","4":"has-post-thumbnail","6":"product_cat-cvd-sic","7":"product_cat-pure-cvd-silicon-carbide","9":"first","10":"instock","11":"product-type-simple"},"_links":{"self":[{"href":"https:\/\/www.cn-semiconductorparts.com\/fr\/wp-json\/wp\/v2\/product\/1360","targetHints":{"allow":["GET"]}}],"collection":[{"href":"https:\/\/www.cn-semiconductorparts.com\/fr\/wp-json\/wp\/v2\/product"}],"about":[{"href":"https:\/\/www.cn-semiconductorparts.com\/fr\/wp-json\/wp\/v2\/types\/product"}],"replies":[{"embeddable":true,"href":"https:\/\/www.cn-semiconductorparts.com\/fr\/wp-json\/wp\/v2\/comments?post=1360"}],"wp:featuredmedia":[{"embeddable":true,"href":"https:\/\/www.cn-semiconductorparts.com\/fr\/wp-json\/wp\/v2\/media\/937"}],"wp:attachment":[{"href":"https:\/\/www.cn-semiconductorparts.com\/fr\/wp-json\/wp\/v2\/media?parent=1360"}],"wp:term":[{"taxonomy":"product_brand","embeddable":true,"href":"https:\/\/www.cn-semiconductorparts.com\/fr\/wp-json\/wp\/v2\/product_brand?post=1360"},{"taxonomy":"product_cat","embeddable":true,"href":"https:\/\/www.cn-semiconductorparts.com\/fr\/wp-json\/wp\/v2\/product_cat?post=1360"},{"taxonomy":"product_tag","embeddable":true,"href":"https:\/\/www.cn-semiconductorparts.com\/fr\/wp-json\/wp\/v2\/product_tag?post=1360"}],"curies":[{"name":"WP","href":"https:\/\/api.w.org\/{rel}","templated":true}]}}