{"id":1373,"date":"2025-09-11T13:28:46","date_gmt":"2025-09-11T05:28:46","guid":{"rendered":"https:\/\/weitai2.globaldeepsea.site\/product\/mocvd-3x2susceptor\/"},"modified":"2025-12-05T09:52:56","modified_gmt":"2025-12-05T01:52:56","slug":"mocvd-3x2susceptor","status":"publish","type":"product","link":"https:\/\/www.cn-semiconductorparts.com\/fr\/product\/mocvd-3x2susceptor\/","title":{"rendered":"MOCVD 3\u00d72\u201dSusceptor"},"content":{"rendered":"<p><!--?xml encoding=\"utf-8\" ?--><\/p>\n<div class=\"fl-builder-content fl-builder-content-10920 fl-builder-content-primary fl-builder-global-templates-locked\" data-post-id=\"10920\">\n<div class=\"fl-row fl-row-full-width fl-row-bg-none fl-node-66f10f4c373ad\" data-node=\"66f10f4c373ad\">\n<div class=\"fl-row-content-wrap\">\n<div class=\"fl-row-content fl-row-full-width fl-node-content\">\n<div class=\"fl-col-group fl-node-66f10f4c373f0\" data-node=\"66f10f4c373f0\">\n<div class=\"fl-col fl-node-66f10f4c37431\" style=\"width: 100%\" data-node=\"66f10f4c37431\">\n<div class=\"fl-col-content fl-node-content\">\n<div class=\"fl-module fl-module-icon fl-node-66f10f4c37471\" data-animation-delay=\"0.0\" data-node=\"66f10f4c37471\">\n<div class=\"fl-module-content fl-node-content\">\n<div class=\"fl-icon-wrap\">\n<p>&nbsp;<\/p>\n<div class=\"fl-icon-text\">\n<p style=\"text-align: left\"><strong><span style=\"color: #1182cc\">Pourquoi le rev\u00eatement en carbure de silicium est-il?<\/span><\/strong><\/p>\n<p>&nbsp;<\/p>\n<\/div>\n<p>&nbsp;<\/p>\n<\/div>\n<p>&nbsp;<\/p>\n<\/div>\n<p>&nbsp;<\/p>\n<\/div>\n<div class=\"fl-module fl-module-separator fl-node-66f10f4c374b2\" data-animation-delay=\"0.0\" data-node=\"66f10f4c374b2\">\n<div class=\"fl-module-content fl-node-content\">\n<div class=\"fl-separator\">&nbsp;<\/div>\n<p>&nbsp;<\/p>\n<\/div>\n<p>&nbsp;<\/p>\n<\/div>\n<div class=\"fl-module fl-module-rich-text fl-node-66f10f4c375f7\" data-animation-delay=\"0.0\" data-node=\"66f10f4c375f7\">\n<div class=\"fl-module-content fl-node-content\">\n<div class=\"fl-rich-text\">\n<p><span style=\"font-family: arial, helvetica, sans-serif;font-size: medium\">Semicera&rsquo;s MOCVD 3&#215;2&rdquo; Susceptor is a key component specially designed for epitaxy processes in the semiconductor industry, especially for Si Epitaxy and SiC Epitaxy processes. The MOCVD Susceptor ensures uniform temperature distribution during the epitaxy process through optimized thermal conductivity, thereby improving the accuracy and quality of monocrystalline silicon (Monocrystalline Silicon) deposition.<\/span><\/p>\n<p><span style=\"font-family: arial, helvetica, sans-serif;font-size: medium\">Semicera has always focused on providing customers with high-quality MOCVD 3&#215;2&rdquo; Susceptors. Made of advanced materials, this product not only has excellent high temperature resistance, but also remains stable in complex chemical environments. It performs well in various epitaxy equipment, especially in Barrel Susceptor applications, and its reliability and performance are widely recognized.<\/span><\/p>\n<p><span style=\"font-family: arial, helvetica, sans-serif;font-size: medium\">We provide customized MOCVD Susceptors for different process requirements to maximize production efficiency and reduce material loss. Semicera&rsquo;s MOCVD 3&#215;2&rdquo; Susceptor not only extends the life of the equipment, but also provides more stable support for Si Epitaxy and SiC Epitaxy processes through precision design, ensuring the consistency of epitaxial layer quality and high purity of the product.<\/span><\/p>\n<p><span style=\"font-family: arial, helvetica, sans-serif;font-size: medium\">Semicera is always committed to providing customers with reliable, durable and efficient epitaxial equipment components. Whether in laboratory environments or large-scale industrial production, the MOCVD 3&#215;2&rdquo; Susceptor can meet the most stringent technical requirements, helping customers achieve higher process control and better product output.<\/span><\/p>\n<p>&nbsp;<\/p>\n<\/div>\n<p>&nbsp;<\/p>\n<\/div>\n<p>&nbsp;<\/p>\n<\/div>\n<p>&nbsp;<\/p>\n<\/div>\n<p>&nbsp;<\/p>\n<\/div>\n<p>&nbsp;<\/p>\n<\/div>\n<p>&nbsp;<\/p>\n<\/div>\n<p>&nbsp;<\/p>\n<\/div>\n<p>&nbsp;<\/p>\n<\/div>\n<div class=\"fl-row fl-row-full-width fl-row-bg-none fl-node-66f10f4c37536\" data-node=\"66f10f4c37536\">\n<div class=\"fl-row-content-wrap\">\n<div class=\"fl-row-content fl-row-full-width fl-node-content\">\n<div class=\"fl-col-group fl-node-66f10f4c37576\" data-node=\"66f10f4c37576\">\n<div class=\"fl-col fl-node-66f10f4c375b6\" style=\"width: 100%\" data-node=\"66f10f4c375b6\">\n<div class=\"fl-col-content fl-node-content\">\n<div class=\"fl-module fl-module-icon fl-node-66f10f4c374f5\" data-animation-delay=\"0.0\" data-node=\"66f10f4c374f5\">\n<div class=\"fl-module-content fl-node-content\">\n<div class=\"fl-icon-wrap\">\n<p>&nbsp;<\/p>\n<div class=\"fl-icon-text\">\n<p style=\"text-align: left\"><strong><span style=\"color: #1182cc\">Notre avantage, pourquoi choisir Semicera?<\/span><\/strong><\/p>\n<p>&nbsp;<\/p>\n<\/div>\n<p>&nbsp;<\/p>\n<\/div>\n<p>&nbsp;<\/p>\n<\/div>\n<p>&nbsp;<\/p>\n<\/div>\n<div class=\"fl-module fl-module-separator fl-node-66f10f4c376c6\" data-animation-delay=\"0.0\" data-node=\"66f10f4c376c6\">\n<div class=\"fl-module-content fl-node-content\">\n<div class=\"fl-separator\">&nbsp;<\/div>\n<p>&nbsp;<\/p>\n<\/div>\n<p>&nbsp;<\/p>\n<\/div>\n<p>&nbsp;<\/p>\n<\/div>\n<p>&nbsp;<\/p>\n<\/div>\n<p>&nbsp;<\/p>\n<\/div>\n<p>&nbsp;<\/p>\n<\/div>\n<p>&nbsp;<\/p>\n<\/div>\n<p>&nbsp;<\/p>\n<\/div>\n<div class=\"fl-row fl-row-full-width fl-row-bg-none fl-node-66f10f4c37706\" data-node=\"66f10f4c37706\">\n<div class=\"fl-row-content-wrap\">\n<div class=\"fl-row-content fl-row-full-width fl-node-content\">\n<div class=\"fl-col-group fl-node-66f10f4c37746\" data-node=\"66f10f4c37746\">\n<div class=\"fl-col fl-node-66f10f4c37785\" style=\"width: 53.89%\" data-node=\"66f10f4c37785\">\n<div class=\"fl-col-content fl-node-content\">\n<div class=\"fl-module fl-module-rich-text fl-node-66f10f4c37637\" data-animation-delay=\"0.0\" data-node=\"66f10f4c37637\">\n<div class=\"fl-module-content fl-node-content\">\n<div class=\"fl-rich-text\">\n<p>\u2713De qualit\u00e9 sup\u00e9rieure sur le march\u00e9 chinois<\/p>\n<p>&nbsp;<\/p>\n<p>\u2713Bon service toujours pour vous, 7 * 24 heures<\/p>\n<p>&nbsp;<\/p>\n<p>\u2713Date de livraison courte<\/p>\n<p>&nbsp;<\/p>\n<p>\u2713Petit moq bienvenu et accept\u00e9<\/p>\n<p>&nbsp;<\/p>\n<p>\u2713Services personnalis\u00e9s<\/p>\n<p>&nbsp;<\/p>\n<p>&nbsp;<\/p>\n<\/div>\n<p>&nbsp;<\/p>\n<\/div>\n<p>&nbsp;<\/p>\n<\/div>\n<p>&nbsp;<\/p>\n<\/div>\n<p>&nbsp;<\/p>\n<\/div>\n<div class=\"fl-col fl-node-66f10f4c377cb fl-col-small\" style=\"width: 46.11%\" data-node=\"66f10f4c377cb\">\n<div class=\"fl-col-content fl-node-content\">\n<div class=\"fl-module fl-module-photo fl-node-66f10f4c37684\" data-animation-delay=\"0.0\" data-node=\"66f10f4c37684\">\n<div class=\"fl-module-content fl-node-content\">\n<div class=\"fl-photo fl-photo-align-center\">\n<div class=\"fl-photo-content fl-photo-img-jpg\"><img decoding=\"async\" class=\"fl-photo-img wp-image-6839 size-full\" src=\"\/wp-content\/uploads\/2025\/09\/091df46d6e343926.webp\" alt=\"\u00e9quipement de production de quartz 4\"><\/div>\n<p>&nbsp;<\/p>\n<\/div>\n<p>&nbsp;<\/p>\n<\/div>\n<p>&nbsp;<\/p>\n<\/div>\n<p>&nbsp;<\/p>\n<\/div>\n<p>&nbsp;<\/p>\n<\/div>\n<p>&nbsp;<\/p>\n<\/div>\n<p>&nbsp;<\/p>\n<\/div>\n<p>&nbsp;<\/p>\n<\/div>\n<p>&nbsp;<\/p>\n<\/div>\n<div class=\"fl-row fl-row-full-width fl-row-bg-none fl-node-66f10f4c37892\" data-node=\"66f10f4c37892\">\n<div class=\"fl-row-content-wrap\">\n<div class=\"fl-row-content fl-row-full-width fl-node-content\">\n<div class=\"fl-col-group fl-node-66f10f4c378d2\" data-node=\"66f10f4c378d2\">\n<div class=\"fl-col fl-node-66f10f4c37912\" style=\"width: 100%\" data-node=\"66f10f4c37912\">\n<div class=\"fl-col-content fl-node-content\">\n<div class=\"fl-module fl-module-icon fl-node-66f10f4c3780b\" data-animation-delay=\"0.0\" data-node=\"66f10f4c3780b\">\n<div class=\"fl-module-content fl-node-content\">\n<div class=\"fl-icon-wrap\">\n<p>&nbsp;<\/p>\n<div class=\"fl-icon-text\">\n<p style=\"text-align: left\"><span style=\"color: #1182cc\"><strong>Donn\u00e9es de la connexion CVD SIC semi-Cera.<\/strong><\/span><\/p>\n<p>&nbsp;<\/p>\n<\/div>\n<p>&nbsp;<\/p>\n<\/div>\n<p>&nbsp;<\/p>\n<\/div>\n<p>&nbsp;<\/p>\n<\/div>\n<div class=\"fl-module fl-module-separator fl-node-66f10f4c3784b\" data-animation-delay=\"0.0\" data-node=\"66f10f4c3784b\">\n<div class=\"fl-module-content fl-node-content\">\n<div class=\"fl-separator\">&nbsp;<\/div>\n<p>&nbsp;<\/p>\n<\/div>\n<p>&nbsp;<\/p>\n<\/div>\n<div class=\"fl-module fl-module-photo fl-node-66f10f4c37953\" data-animation-delay=\"0.0\" data-node=\"66f10f4c37953\">\n<div class=\"fl-module-content fl-node-content\">\n<div class=\"fl-photo fl-photo-align-center\">\n<div class=\"fl-photo-content fl-photo-img-jpg\"><img decoding=\"async\" class=\"fl-photo-img wp-image-6918 size-full\" src=\"\/wp-content\/uploads\/2025\/09\/fd96a5b4646f4ebf.webp\" alt=\"Donn\u00e9es de rev\u00eatement SIC CVD semi-Cera\"><\/div>\n<p>&nbsp;<\/p>\n<\/div>\n<p>&nbsp;<\/p>\n<\/div>\n<p>&nbsp;<\/p>\n<\/div>\n<div class=\"fl-module fl-module-photo fl-node-66f10f4c37c58\" data-animation-delay=\"0.0\" data-node=\"66f10f4c37c58\">\n<div class=\"fl-module-content fl-node-content\">\n<div class=\"fl-photo fl-photo-align-center\">\n<div class=\"fl-photo-content fl-photo-img-jpg\"><img decoding=\"async\" class=\"fl-photo-img wp-image-6916 size-full\" src=\"\/wp-content\/uploads\/2025\/09\/f8e0ebee7a910e51.webp\" alt=\"Puret\u00e9 de sic\"><\/div>\n<p>&nbsp;<\/p>\n<\/div>\n<p>&nbsp;<\/p>\n<\/div>\n<p>&nbsp;<\/p>\n<\/div>\n<p>&nbsp;<\/p>\n<\/div>\n<p>&nbsp;<\/p>\n<\/div>\n<p>&nbsp;<\/p>\n<\/div>\n<p>&nbsp;<\/p>\n<\/div>\n<p>&nbsp;<\/p>\n<\/div>\n<p>&nbsp;<\/p>\n<\/div>\n<div class=\"fl-row fl-row-full-width fl-row-bg-none fl-node-66f10f4c37992\" data-node=\"66f10f4c37992\">\n<div class=\"fl-row-content-wrap\">\n<div class=\"fl-row-content fl-row-full-width fl-node-content\">\n<div class=\"fl-col-group fl-node-66f10f4c379d2\" data-node=\"66f10f4c379d2\">\n<div class=\"fl-col fl-node-66f10f4c37a12\" style=\"width: 100%\" data-node=\"66f10f4c37a12\">\n<div class=\"fl-col-content fl-node-content\">\n<div class=\"fl-module fl-module-photo fl-node-66f10f4c37a95\" data-animation-delay=\"0.0\" data-node=\"66f10f4c37a95\">\n<div class=\"fl-module-content fl-node-content\">\n<div class=\"fl-photo fl-photo-align-center\">\n<div class=\"fl-photo-content fl-photo-img-jpg\"><img decoding=\"async\" class=\"fl-photo-img wp-image-6907\" src=\"\/wp-content\/uploads\/2025\/09\/b1dd0bcab1675ff4.webp\" alt=\"Lieu de travail Semiera\"><\/div>\n<p>&nbsp;<\/p>\n<\/div>\n<p>&nbsp;<\/p>\n<\/div>\n<p>&nbsp;<\/p>\n<\/div>\n<div class=\"fl-module fl-module-photo fl-node-66f10f4c37ad8\" data-animation-delay=\"0.0\" data-node=\"66f10f4c37ad8\">\n<div class=\"fl-module-content fl-node-content\">\n<div class=\"fl-photo fl-photo-align-center\">\n<div class=\"fl-photo-content fl-photo-img-jpg\"><img decoding=\"async\" class=\"fl-photo-img wp-image-6908\" src=\"\/wp-content\/uploads\/2025\/09\/2b946d2b4b61306d.webp\" alt=\"Semirara Lieu de travail 2\"><\/div>\n<p>&nbsp;<\/p>\n<\/div>\n<p>&nbsp;<\/p>\n<\/div>\n<p>&nbsp;<\/p>\n<\/div>\n<div class=\"fl-module fl-module-photo fl-node-66f10f4c37a52\" data-animation-delay=\"0.0\" data-node=\"66f10f4c37a52\">\n<div class=\"fl-module-content fl-node-content\">\n<div class=\"fl-photo fl-photo-align-center\">\n<div class=\"fl-photo-content fl-photo-img-jpg\"><img decoding=\"async\" class=\"fl-photo-img wp-image-6906\" src=\"\/wp-content\/uploads\/2025\/09\/2190bb9ce5c1d546.webp\" alt=\"Maison des articles semira\"><\/div>\n<p>&nbsp;<\/p>\n<\/div>\n<p>&nbsp;<\/p>\n<\/div>\n<p>&nbsp;<\/p>\n<\/div>\n<p>&nbsp;<\/p>\n<\/div>\n<p>&nbsp;<\/p>\n<\/div>\n<p>&nbsp;<\/p>\n<\/div>\n<div class=\"fl-col-group fl-node-66f10f4c37b18\" data-node=\"66f10f4c37b18\">\n<div class=\"fl-col fl-node-66f10f4c37b57\" style=\"width: 100%\" data-node=\"66f10f4c37b57\">\n<div class=\"fl-col-content fl-node-content\">\n<div class=\"fl-module fl-module-photo fl-node-66f10f4c37b97\" data-animation-delay=\"0.0\" data-node=\"66f10f4c37b97\">\n<div class=\"fl-module-content fl-node-content\">\n<div class=\"fl-photo fl-photo-align-center\">\n<div class=\"fl-photo-content fl-photo-img-jpg\"><img decoding=\"async\" class=\"fl-photo-img wp-image-6909\" src=\"\/wp-content\/uploads\/2025\/09\/081b6529d68ead23.webp\" alt=\"Machine de mat\u00e9riel\"><\/div>\n<p>&nbsp;<\/p>\n<\/div>\n<p>&nbsp;<\/p>\n<\/div>\n<p>&nbsp;<\/p>\n<\/div>\n<div class=\"fl-module fl-module-photo fl-node-66f10f4c37bd7\" data-animation-delay=\"0.0\" data-node=\"66f10f4c37bd7\">\n<div class=\"fl-module-content fl-node-content\">\n<div class=\"fl-photo fl-photo-align-center\">\n<div class=\"fl-photo-content fl-photo-img-jpg\"><img decoding=\"async\" class=\"fl-photo-img wp-image-6910\" src=\"\/wp-content\/uploads\/2025\/09\/a4132b2b399abbac.webp\" alt=\"Traitement CNN, nettoyage chimique, rev\u00eatement CVD\"><\/div>\n<p>&nbsp;<\/p>\n<\/div>\n<p>&nbsp;<\/p>\n<\/div>\n<p>&nbsp;<\/p>\n<\/div>\n<div class=\"fl-module fl-module-photo fl-node-66f10f4c37c18\" data-animation-delay=\"0.0\" data-node=\"66f10f4c37c18\">\n<div class=\"fl-module-content fl-node-content\">\n<div class=\"fl-photo fl-photo-align-center\">\n<div class=\"fl-photo-content fl-photo-img-jpg\"><img decoding=\"async\" class=\"fl-photo-img wp-image-6913\" src=\"\/wp-content\/uploads\/2025\/09\/b07f222c0ec0ab8d.webp\" alt=\"Notre service\"><\/div>\n<p>&nbsp;<\/p>\n<\/div>\n<p>&nbsp;<\/p>\n<\/div>\n<p>&nbsp;<\/p>\n<\/div>\n<p>&nbsp;<\/p>\n<\/div>\n<p>&nbsp;<\/p>\n<\/div>\n<p>&nbsp;<\/p>\n<\/div>\n<p>&nbsp;<\/p>\n<\/div>\n<p>&nbsp;<\/p>\n<\/div>\n<p>&nbsp;<\/p>\n<\/div>\n<\/div>","protected":false},"excerpt":{"rendered":"<p><!--?xml encoding=\"utf-8\" ?--><\/p>\n<p>Semicera offers high quality MOCVD 3&times;2&rdquo; Susceptors, specifically designed for Si Epitaxy and SiC Epitaxy processes. Semicera&rsquo;s MOCVD Susceptors have excellent thermal conductivity and durability, meeting the high standards required for Monocrystalline Silicon epitaxy.<\/p>","protected":false},"featured_media":4549,"comment_status":"closed","ping_status":"open","template":"","meta":[],"product_brand":[],"product_cat":[16,49],"product_tag":[],"class_list":{"0":"post-1373","1":"product","2":"type-product","3":"status-publish","4":"has-post-thumbnail","6":"product_cat-cvd-sic","7":"product_cat-mocvd-epitaxial-parts","9":"first","10":"instock","11":"product-type-simple"},"_links":{"self":[{"href":"https:\/\/www.cn-semiconductorparts.com\/fr\/wp-json\/wp\/v2\/product\/1373","targetHints":{"allow":["GET"]}}],"collection":[{"href":"https:\/\/www.cn-semiconductorparts.com\/fr\/wp-json\/wp\/v2\/product"}],"about":[{"href":"https:\/\/www.cn-semiconductorparts.com\/fr\/wp-json\/wp\/v2\/types\/product"}],"replies":[{"embeddable":true,"href":"https:\/\/www.cn-semiconductorparts.com\/fr\/wp-json\/wp\/v2\/comments?post=1373"}],"wp:featuredmedia":[{"embeddable":true,"href":"https:\/\/www.cn-semiconductorparts.com\/fr\/wp-json\/wp\/v2\/media\/4549"}],"wp:attachment":[{"href":"https:\/\/www.cn-semiconductorparts.com\/fr\/wp-json\/wp\/v2\/media?parent=1373"}],"wp:term":[{"taxonomy":"product_brand","embeddable":true,"href":"https:\/\/www.cn-semiconductorparts.com\/fr\/wp-json\/wp\/v2\/product_brand?post=1373"},{"taxonomy":"product_cat","embeddable":true,"href":"https:\/\/www.cn-semiconductorparts.com\/fr\/wp-json\/wp\/v2\/product_cat?post=1373"},{"taxonomy":"product_tag","embeddable":true,"href":"https:\/\/www.cn-semiconductorparts.com\/fr\/wp-json\/wp\/v2\/product_tag?post=1373"}],"curies":[{"name":"WP","href":"https:\/\/api.w.org\/{rel}","templated":true}]}}