{"id":1402,"date":"2025-09-11T05:28:53","date_gmt":"2025-09-11T05:28:53","guid":{"rendered":"https:\/\/weitai2.globaldeepsea.site\/product\/2%e2%80%b3-gallium-oxide-substrates\/"},"modified":"2026-04-29T15:33:47","modified_gmt":"2026-04-29T07:33:47","slug":"2%e2%80%b3-gallium-oxide-substrates","status":"publish","type":"product","link":"https:\/\/www.cn-semiconductorparts.com\/fr\/product\/2\u2033-gallium-oxide-substrates\/","title":{"rendered":"2\u2033 Gallium Oxide Substrates"},"content":{"rendered":"<div class=\"fl-builder-content fl-builder-content-10257 fl-builder-content-primary fl-builder-global-templates-locked\" data-post-id=\"10257\">\n<div class=\"fl-row fl-row-full-width fl-row-bg-none fl-node-66c2f28c330a6\" data-node=\"66c2f28c330a6\">\n<div class=\"fl-row-content-wrap\">\n<div class=\"fl-row-content fl-row-full-width fl-node-content\">\n<div class=\"fl-col-group fl-node-66c2f28c330ea\" data-node=\"66c2f28c330ea\">\n<div class=\"fl-col fl-node-66c2f28c3312b\" data-node=\"66c2f28c3312b\" style=\"width: 100%;\">\n<div class=\"fl-col-content fl-node-content\">\n<div class=\"fl-module fl-module-rich-text fl-node-66c2f28c3316d\" data-animation-delay=\"0.0\" data-node=\"66c2f28c3316d\">\n<div class=\"fl-module-content fl-node-content\">\n<div class=\"fl-rich-text\">\n<p><span style=\"font-family: arial, helvetica, sans-serif; font-size: medium;\"><em>Seminer<\/em> is excited to offer <strong>2&#8243; Gallium Oxide Substrates<\/strong>, a cutting-edge material designed to enhance the performance of advanced semiconductor devices. These substrates, made from Gallium Oxide (Ga<sub>2<\/sub>O<sub>3<\/sub>), feature an ultra-wide bandgap, making them an ideal choice for high-power, high-frequency, and UV optoelectronic applications.<\/span><\/p>\n<p>\u00a0<\/p>\n<p><span style=\"font-family: arial, helvetica, sans-serif; font-size: medium;\"><strong>Caract\u00e9ristiques cl\u00e9s:<\/strong><\/span><\/p>\n<p><span style=\"font-family: arial, helvetica, sans-serif; font-size: medium;\"><strong><\/strong><strong>\u00a0 \u00a0 \u00a0 \u00a0\u2022\u00a0 Ultra-Wide Bandgap<\/strong>: The <strong>2&#8243; Gallium Oxide Substrates<\/strong> provide an outstanding bandgap of approximately 4.8 eV, allowing for higher voltage and temperature operation, far exceeding the capabilities of traditional semiconductor materials like silicon.<\/span><\/p>\n<p><span style=\"font-family: arial, helvetica, sans-serif; font-size: medium;\"><strong>\u00a0 \u00a0 \u00a0 \u00a0\u2022\u00a0\u00a0<\/strong><strong>Exceptional Breakdown Voltage<\/strong>: These substrates enable devices to handle significantly higher voltages, making them perfect for power electronics, especially in high-voltage applications.<\/span><\/p>\n<p><span style=\"font-family: arial, helvetica, sans-serif; font-size: medium;\"><strong>\u00a0 \u00a0 \u00a0 \u00a0\u2022\u00a0\u00a0<\/strong><strong>Excellent Thermal Conductivity<\/strong>: With superior thermal stability, these substrates maintain consistent performance even in extreme thermal environments, ideal for high-power and high-temperature applications.<\/span><\/p>\n<p><span style=\"font-family: arial, helvetica, sans-serif; font-size: medium;\"><strong>\u00a0 \u00a0 \u00a0 \u00a0\u2022\u00a0\u00a0<\/strong><strong>High-Quality Material<\/strong>: The <strong>2&#8243; Gallium Oxide Substrates<\/strong> offer low defect densities and high crystalline quality, ensuring the reliable and efficient performance of your semiconductor devices.<\/span><\/p>\n<p><span style=\"font-family: arial, helvetica, sans-serif; font-size: medium;\"><strong>\u00a0 \u00a0 \u00a0 \u00a0\u2022\u00a0\u00a0<\/strong><strong>Versatile Applications<\/strong>: These substrates are suited for a range of applications, including power transistors, Schottky diodes, and UV-C LED devices, offering a robust foundation for both power and optoelectronic innovations.<\/span><\/p>\n<p>\u00a0<\/p>\n<p><span style=\"font-family: arial, helvetica, sans-serif; font-size: medium;\">Unlock the full potential of your semiconductor devices with Semicera\u2019s <strong>2&#8243; Gallium Oxide Substrates<\/strong>. Our substrates are designed to meet the demanding needs of today\u2019s advanced applications, ensuring high performance, reliability, and efficiency. Choose Semicera for state-of-the-art semiconductor materials that drive innovation.<\/span><\/p>\n<\/p><\/div>\n<\/p><\/div>\n<\/p><\/div>\n<\/p><\/div>\n<\/p><\/div>\n<\/p><\/div>\n<div class=\"fl-col-group fl-node-66c2f28c331ae\" data-node=\"66c2f28c331ae\">\n<div class=\"fl-col fl-node-66c2f28c331ef\" data-node=\"66c2f28c331ef\" style=\"width: 100%;\">\n<div class=\"fl-col-content fl-node-content\">\n<div class=\"fl-module fl-module-rich-text fl-node-66c2f28c33230\" data-animation-delay=\"0.0\" data-node=\"66c2f28c33230\">\n<div class=\"fl-module-content fl-node-content\">\n<div class=\"fl-rich-text\">\n<table border=\"0\" cellspacing=\"0\">\n<tbody>\n<tr>\n<td>\n<p>Articles<\/p>\n<\/td>\n<td>\n<p>Production<\/p>\n<\/td>\n<td>\n<p>Recherche<\/p>\n<\/td>\n<td>\n<p>Factice<\/p>\n<\/td>\n<\/tr>\n<tr>\n<td colspan=\"4\">\n<p style=\"text-align: center;\">Param\u00e8tres de cristal<\/p>\n<\/td>\n<\/tr>\n<tr>\n<td>\n<p>Polytype<\/p>\n<\/td>\n<td colspan=\"3\">\n<p>4H<\/p>\n<\/td>\n<\/tr>\n<tr>\n<td>\n<p>Erreur d'orientation de la surface<\/p>\n<\/td>\n<td colspan=\"3\">\n<p>4\u00b10.15\u00b0<\/p>\n<\/td>\n<\/tr>\n<tr>\n<td colspan=\"4\">\n<p style=\"text-align: center;\">Param\u00e8tres \u00e9lectriques<\/p>\n<\/td>\n<\/tr>\n<tr>\n<td>\n<p>Dopant<\/p>\n<\/td>\n<td colspan=\"3\">\n<p>azote de type N<\/p>\n<\/td>\n<\/tr>\n<tr>\n<td>\n<p>R\u00e9sistivit\u00e9<\/p>\n<\/td>\n<td colspan=\"3\">\n<p>0,015-0.025ohm \u00b7 cm<\/p>\n<\/td>\n<\/tr>\n<tr>\n<td colspan=\"4\">\n<p style=\"text-align: center;\">Param\u00e8tres m\u00e9caniques<\/p>\n<\/td>\n<\/tr>\n<tr>\n<td>\n<p>Diam\u00e8tre<\/p>\n<\/td>\n<td colspan=\"3\">\n<p>150,0 \u00b1 0,2 mm<\/p>\n<\/td>\n<\/tr>\n<tr>\n<td>\n<p>\u00c9paisseur<\/p>\n<\/td>\n<td colspan=\"3\">\n<p>350 \u00b1 25 \u00b5m<\/p>\n<\/td>\n<\/tr>\n<tr>\n<td>\n<p>Orientation plate primaire<\/p>\n<\/td>\n<td colspan=\"3\">\n<p>[1-100]\u00b15\u00b0<\/p>\n<\/td>\n<\/tr>\n<tr>\n<td>\n<p>Longueur plate primaire<\/p>\n<\/td>\n<td colspan=\"3\">\n<p>47,5 \u00b1 1,5 mm<\/p>\n<\/td>\n<\/tr>\n<tr>\n<td>\n<p>Plat secondaire<\/p>\n<\/td>\n<td colspan=\"3\">\n<p>Aucun<\/p>\n<\/td>\n<\/tr>\n<tr>\n<td>\n<p>TTV<\/p>\n<\/td>\n<td>\n<p>\u22645 \u00b5m<\/p>\n<\/td>\n<td>\n<p>\u226410 \u00b5m<\/p>\n<\/td>\n<td>\n<p>\u226415 \u00b5m<\/p>\n<\/td>\n<\/tr>\n<tr>\n<td>\n<p>LTV<\/p>\n<\/td>\n<td>\n<p>\u22643 \u03bcm (5 mm * 5 mm)<\/p>\n<\/td>\n<td>\n<p>\u22645 \u03bcm (5 mm * 5 mm)<\/p>\n<\/td>\n<td>\n<p>\u226410 \u03bcm (5 mm * 5 mm)<\/p>\n<\/td>\n<\/tr>\n<tr>\n<td>\n<p>Arc<\/p>\n<\/td>\n<td>\n<p>-15 \u03bcm ~ 15\u03bcm<\/p>\n<\/td>\n<td>\n<p>-35 \u03bcm ~ 35 \u03bcm<\/p>\n<\/td>\n<td>\n<p>-45 \u03bcm ~ 45 \u03bcm<\/p>\n<\/td>\n<\/tr>\n<tr>\n<td>\n<p>Cha\u00eene<\/p>\n<\/td>\n<td>\n<p>\u226435 \u00b5m<\/p>\n<\/td>\n<td>\n<p>\u226445 \u00b5m<\/p>\n<\/td>\n<td>\n<p>\u226455 \u00b5m<\/p>\n<\/td>\n<\/tr>\n<tr>\n<td>\n<p>Rugosit\u00e9 avant (si-face) (AFM)<\/p>\n<\/td>\n<td colspan=\"3\">\n<p>Ra\u22640,2 nm (5 \u03bcm * 5 \u03bcm)<\/p>\n<\/td>\n<\/tr>\n<tr>\n<td colspan=\"4\">\n<p style=\"text-align: center;\">Structure<\/p>\n<\/td>\n<\/tr>\n<tr>\n<td>\n<p>Densit\u00e9 de micro-<\/p>\n<\/td>\n<td>\n<p>&lt;1 ea \/ cm2<\/p>\n<\/td>\n<td>\n<p>&lt;10 ea \/ cm2<\/p>\n<\/td>\n<td>\n<p>&lt;15 ea \/ cm2<\/p>\n<\/td>\n<\/tr>\n<tr>\n<td>\n<p>Impuret\u00e9s m\u00e9talliques<\/p>\n<\/td>\n<td colspan=\"2\">\n<p>\u22645E10atoms\/cm2<\/p>\n<\/td>\n<td>\n<p>N \/ A<\/p>\n<\/td>\n<\/tr>\n<tr>\n<td>\n<p>BPB<\/p>\n<\/td>\n<td>\n<p>\u22641500 ea \/ cm2<\/p>\n<\/td>\n<td>\n<p>\u22643000 ea \/ cm2<\/p>\n<\/td>\n<td>\n<p>N \/ A<\/p>\n<\/td>\n<\/tr>\n<tr>\n<td>\n<p>TSD<\/p>\n<\/td>\n<td>\n<p>\u2264500 ea \/ cm2<\/p>\n<\/td>\n<td>\n<p>\u22641000 ea \/ cm2<\/p>\n<\/td>\n<td>\n<p>N \/ A<\/p>\n<\/td>\n<\/tr>\n<tr>\n<td colspan=\"4\">\n<p style=\"text-align: center;\">Qualit\u00e9 avant<\/p>\n<\/td>\n<\/tr>\n<tr>\n<td>\n<p>Devant<\/p>\n<\/td>\n<td colspan=\"3\">\n<p>Si<\/p>\n<\/td>\n<\/tr>\n<tr>\n<td>\n<p>Finition de surface<\/p>\n<\/td>\n<td colspan=\"3\">\n<p>CMP SI-FACE<\/p>\n<\/td>\n<\/tr>\n<tr>\n<td>\n<p>Particules<\/p>\n<\/td>\n<td>\n<p>\u226460ea \/ plaquette (taille 0,3 \u03bcm)<\/p>\n<\/td>\n<td colspan=\"2\">\n<p>N \/ A<\/p>\n<\/td>\n<\/tr>\n<tr>\n<td>\n<p>Rayures<\/p>\n<\/td>\n<td>\n<p>\u22645EA \/ MM. Longueur cumulative \u2264 diam\u00e8tre<\/p>\n<\/td>\n<td>\n<p>Longueur cumulatif \u22642 * diam\u00e8tre<\/p>\n<\/td>\n<td>\n<p>N \/ A<\/p>\n<\/td>\n<\/tr>\n<tr>\n<td>\n<p>PELLE \/ PEPES ORANGE \/ TAPPES \/ COMMENTS \/ CRESCHES \/ CONTAMINATION<\/p>\n<\/td>\n<td colspan=\"2\">\n<p>Aucun<\/p>\n<\/td>\n<td>\n<p>N \/ A<\/p>\n<\/td>\n<\/tr>\n<tr>\n<td>\n<p>Coups de bord \/ retraits \/ fracture \/ plaques hexagonales<\/p>\n<\/td>\n<td colspan=\"3\">\n<p>Aucun<\/p>\n<\/td>\n<\/tr>\n<tr>\n<td>\n<p>Zones de polytype<\/p>\n<\/td>\n<td>\n<p>Aucun<\/p>\n<\/td>\n<td>\n<p>Zone cumulative\u226420%<\/p>\n<\/td>\n<td>\n<p>Zone cumulative \u2264 30%<\/p>\n<\/td>\n<\/tr>\n<tr>\n<td>\n<p>Marquage laser avant<\/p>\n<\/td>\n<td colspan=\"3\">\n<p>Aucun<\/p>\n<\/td>\n<\/tr>\n<tr>\n<td colspan=\"4\">\n<p style=\"text-align: center;\">Qualit\u00e9 du dos<\/p>\n<\/td>\n<\/tr>\n<tr>\n<td>\n<p>Finition arri\u00e8re<\/p>\n<\/td>\n<td colspan=\"3\">\n<p>CMP C-FACE<\/p>\n<\/td>\n<\/tr>\n<tr>\n<td>\n<p>Rayures<\/p>\n<\/td>\n<td>\n<p>\u22645ea \/ mm, longueur cumulative\u22642 * diam\u00e8tre<\/p>\n<\/td>\n<td colspan=\"2\">\n<p>N \/ A<\/p>\n<\/td>\n<\/tr>\n<tr>\n<td>\n<p>D\u00e9fauts arri\u00e8re (puces de bord \/ retraits)<\/p>\n<\/td>\n<td colspan=\"3\">\n<p>Aucun<\/p>\n<\/td>\n<\/tr>\n<tr>\n<td>\n<p>Rugosit\u00e9 du dos<\/p>\n<\/td>\n<td colspan=\"3\">\n<p>Ra\u22640,2 nm (5 \u03bcm * 5 \u03bcm)<\/p>\n<\/td>\n<\/tr>\n<tr>\n<td>\n<p>Marquage laser arri\u00e8re<\/p>\n<\/td>\n<td colspan=\"3\">\n<p>1 mm (du bord sup\u00e9rieur)<\/p>\n<\/td>\n<\/tr>\n<tr>\n<td colspan=\"4\">\n<p style=\"text-align: center;\">Bord<\/p>\n<\/td>\n<\/tr>\n<tr>\n<td>\n<p>Bord<\/p>\n<\/td>\n<td colspan=\"3\">\n<p>Chanfreiner<\/p>\n<\/td>\n<\/tr>\n<tr>\n<td colspan=\"4\">\n<p style=\"text-align: center;\">Conditionnement<\/p>\n<\/td>\n<\/tr>\n<tr>\n<td>\n<p>Conditionnement<\/p>\n<\/td>\n<td colspan=\"3\">\n<p>Pr\u00e9par\u00e9 en \u00e9pi avec un emballage sous vide<\/p>\n<p>Emballage de cassette multi-wafer<\/p>\n<\/td>\n<\/tr>\n<tr>\n<td colspan=\"4\">\n<p style=\"text-align: center;\">*Remarques: \u00abNA\u00bb signifie qu'aucun \u00e9l\u00e9ment de demande non mentionn\u00e9 ne peut se r\u00e9f\u00e9rer au semi-std.<\/p>\n<\/td>\n<\/tr>\n<\/tbody>\n<\/table><\/div>\n<\/p><\/div>\n<\/p><\/div>\n<\/p><\/div>\n<\/p><\/div>\n<\/p><\/div>\n<div class=\"fl-col-group fl-node-66c2f28c3333e\" data-node=\"66c2f28c3333e\">\n<div class=\"fl-col fl-node-66c2f28c3337f\" data-node=\"66c2f28c3337f\" style=\"width: 100%;\">\n<div class=\"fl-col-content fl-node-content\">\n<div class=\"fl-module fl-module-photo fl-node-66c2f28c333c0\" data-animation-delay=\"0.0\" data-node=\"66c2f28c333c0\">\n<div class=\"fl-module-content fl-node-content\">\n<div class=\"fl-photo fl-photo-align-center\" itemscope=\"\" itemtype=\"http:\/\/schema.org\/ImageObject\">\n<div class=\"fl-photo-content fl-photo-img-png\"> <img decoding=\"async\" alt=\"tech_1_2_size\" class=\"fl-photo-img wp-image-2173\" itemprop=\"image\" src=\"\/wp-content\/uploads\/2025\/09\/e3ee0b4147c636ee.webp\"> <\/img><\/div>\n<\/p><\/div>\n<\/p><\/div>\n<\/p><\/div>\n<\/p><\/div>\n<\/p><\/div>\n<\/p><\/div>\n<div class=\"fl-col-group fl-node-66c2f28c33271\" data-node=\"66c2f28c33271\">\n<div class=\"fl-col fl-node-66c2f28c332ba\" data-node=\"66c2f28c332ba\" style=\"width: 100%;\">\n<div class=\"fl-col-content fl-node-content\">\n<div class=\"fl-module fl-module-photo fl-node-66c2f28c332fd\" data-animation-delay=\"0.0\" data-node=\"66c2f28c332fd\">\n<div class=\"fl-module-content fl-node-content\">\n<div class=\"fl-photo fl-photo-align-center\" itemscope=\"\" itemtype=\"http:\/\/schema.org\/ImageObject\">\n<div class=\"fl-photo-content fl-photo-img-jpg\"> <img decoding=\"async\" alt=\"Wafers SIC\" class=\"fl-photo-img wp-image-2174\" itemprop=\"image\" src=\"\/wp-content\/uploads\/2025\/09\/4530d9462eb0bb0b.webp\"> <\/img><\/div>\n<\/p><\/div>\n<\/p><\/div>\n<\/p><\/div>\n<\/p><\/div>\n<\/p><\/div>\n<\/p><\/div>\n<\/p><\/div>\n<\/p><\/div>\n<\/p><\/div>\n<\/div>","protected":false},"excerpt":{"rendered":"<p>2\u2033 Gallium Oxide Substrates\u2013 Optimize your semiconductor devices with Semicera\u2019s high-quality 2\u2033 Gallium Oxide Substrates, engineered for superior performance in power electronics and UV applications.<\/p>","protected":false},"featured_media":758,"comment_status":"closed","ping_status":"open","template":"","meta":[],"product_brand":[],"product_cat":[22,21],"product_tag":[],"class_list":{"0":"post-1402","1":"product","2":"type-product","3":"status-publish","4":"has-post-thumbnail","6":"product_cat-porous-graphite","7":"product_cat-specialty-graphite","9":"first","10":"instock","11":"product-type-simple"},"_links":{"self":[{"href":"https:\/\/www.cn-semiconductorparts.com\/fr\/wp-json\/wp\/v2\/product\/1402","targetHints":{"allow":["GET"]}}],"collection":[{"href":"https:\/\/www.cn-semiconductorparts.com\/fr\/wp-json\/wp\/v2\/product"}],"about":[{"href":"https:\/\/www.cn-semiconductorparts.com\/fr\/wp-json\/wp\/v2\/types\/product"}],"replies":[{"embeddable":true,"href":"https:\/\/www.cn-semiconductorparts.com\/fr\/wp-json\/wp\/v2\/comments?post=1402"}],"wp:featuredmedia":[{"embeddable":true,"href":"https:\/\/www.cn-semiconductorparts.com\/fr\/wp-json\/wp\/v2\/media\/758"}],"wp:attachment":[{"href":"https:\/\/www.cn-semiconductorparts.com\/fr\/wp-json\/wp\/v2\/media?parent=1402"}],"wp:term":[{"taxonomy":"product_brand","embeddable":true,"href":"https:\/\/www.cn-semiconductorparts.com\/fr\/wp-json\/wp\/v2\/product_brand?post=1402"},{"taxonomy":"product_cat","embeddable":true,"href":"https:\/\/www.cn-semiconductorparts.com\/fr\/wp-json\/wp\/v2\/product_cat?post=1402"},{"taxonomy":"product_tag","embeddable":true,"href":"https:\/\/www.cn-semiconductorparts.com\/fr\/wp-json\/wp\/v2\/product_tag?post=1402"}],"curies":[{"name":"WP","href":"https:\/\/api.w.org\/{rel}","templated":true}]}}