{"id":1426,"date":"2025-09-11T05:29:00","date_gmt":"2025-09-11T05:29:00","guid":{"rendered":"https:\/\/weitai2.globaldeepsea.site\/product\/silicon-carbide-sliding-bearing\/"},"modified":"2025-09-11T05:29:03","modified_gmt":"2025-09-11T05:29:03","slug":"silicon-carbide-sliding-bearing","status":"publish","type":"product","link":"https:\/\/www.cn-semiconductorparts.com\/fr\/product\/silicon-carbide-sliding-bearing\/","title":{"rendered":"Roueur glissant en carbure de silicium"},"content":{"rendered":"<div class=\"fl-builder-content fl-builder-content-10016 fl-builder-content-primary fl-builder-global-templates-locked\" data-post-id=\"10016\">\n<div class=\"fl-row fl-row-full-width fl-row-bg-none fl-node-66bd67448ecac\" data-node=\"66bd67448ecac\">\n<div class=\"fl-row-content-wrap\">\n<div class=\"fl-row-content fl-row-full-width fl-node-content\">\n<div class=\"fl-col-group fl-node-66bd67449121c\" data-node=\"66bd67449121c\">\n<div class=\"fl-col fl-node-66bd67449139b\" data-node=\"66bd67449139b\" style=\"width: 100%;\">\n<div class=\"fl-col-content fl-node-content\">\n<div class=\"fl-module fl-module-rich-text fl-node-66bd67448eb6a\" data-animation-delay=\"0.0\" data-node=\"66bd67448eb6a\">\n<div class=\"fl-module-content fl-node-content\">\n<div class=\"fl-rich-text\">\n<p><span style=\"font-family: arial, helvetica, sans-serif; font-size: medium;\">Les roulements coulissants en carbure de silicium de Semicera sont con\u00e7us pour des performances exceptionnelles dans les pompes chimiques et industrielles, ainsi que pour les agitateurs et les m\u00e9langeurs utilis\u00e9s dans les industries chimiques, pharmaceutiques et de transformation des aliments. Ces roulements utilisent les propri\u00e9t\u00e9s sup\u00e9rieures du carbure de silicium en c\u00e9ramique, y compris la duret\u00e9 extr\u00eame, la stabilit\u00e9 l\u00e9g\u00e8re, la stabilit\u00e9 de la temp\u00e9rature et la r\u00e9sistance \u00e0 la corrosion, ce qui les rend id\u00e9ales pour les environnements manipulant des milieux corrosifs.<\/span><\/p>\n<p><span style=\"font-family: arial, helvetica, sans-serif; font-size: medium;\">Qu'il s'agisse de m\u00e9langeurs de cuisine manuels, de pi\u00e8ces m\u00e9caniques rotatives, de disques magn\u00e9tiques pour les agitateurs ou de pompes dans les usines chimiques et la fabrication d'\u00e9quipements, les roulements coulissants de Semiera endurent des milliards de rotations tout au long de leur dur\u00e9e de vie. Comme les roulements \u00e0 rouleaux dans la fabrication de machines et d'\u00e9quipements, les roulements coulissants sont parmi les types de roulements les plus couramment utilis\u00e9s, fonctionnant sur un principe sans contact avec un minimum de lacunes entre l'arbre et la roue, r\u00e9duisant la friction. Ces roulements sont expos\u00e9s \u00e0 des fluctuations de temp\u00e9rature et de pression extr\u00eames pendant la fabrication industrielle, n\u00e9cessitant une lubrification continue avec l'huile, la graisse ou le milieu transmis lui-m\u00eame.<\/span><\/p>\n<p><span style=\"font-family: arial, helvetica, sans-serif; font-size: medium;\">Dans des environnements industriels durs, les roulements coulissants fabriqu\u00e9s \u00e0 partir de carbure de silicium (SIC) surpassent leurs homologues m\u00e9talliques, comme l'a not\u00e9 Georg Victor, le gestionnaire technique du produit de la c\u00e9ramique et des applications techniques. Il souligne que la structure cristalline de type diamant des mat\u00e9riaux en c\u00e9ramique offre une duret\u00e9 plus \u00e9lev\u00e9e que les aciers traditionnels, ainsi qu'une excellente stabilit\u00e9 dimensionnelle et une r\u00e9sistance \u00e0 l'usure. Cela prolonge consid\u00e9rablement la dur\u00e9e de vie sans entretien des roulements, r\u00e9duisant les co\u00fbts du cycle de vie.<\/span><\/p>\n<p><span style=\"font-family: arial, helvetica, sans-serif; font-size: medium;\">Dans les usines chimiques ou de traitement, les roulements en carbure de silicium exploitent le milieu trait\u00e9 comme leur seul lubrifiant, manipulant efficacement les acides corrosifs, les alcalis, les suspensions abrasifs et les chocs thermiques. Ces roulements peuvent m\u00eame fonctionner dans des environnements de friction mixtes pendant de longues p\u00e9riodes sans saisir, pr\u00e9sentant des taux d'usure extr\u00eamement bas.<\/span><\/p>\n<p><span style=\"font-family: arial, helvetica, sans-serif; font-size: medium;\">Les roulements coulissants en carbure de silicium de Seminera sont l\u00e9gers, r\u00e9duisant les forces centrifuges et les rendent id\u00e9ales pour les applications \u00e0 grande vitesse et \u00e0 \u00e9conomiser de l'espace. Les propri\u00e9t\u00e9s du mat\u00e9riau en c\u00e9ramique peuvent \u00eatre adapt\u00e9es \u00e0 des exigences pr\u00e9cises, offrant des variantes telles que la sic poreuse, le sic dense et le sic contenant du graphite, avec des tailles et des densit\u00e9s de grains variables pour diff\u00e9rentes applications. Les roulements de Semicera t\u00e9moignent de l'ing\u00e9nierie avanc\u00e9e des mat\u00e9riaux, offrant une fiabilit\u00e9 et des performances in\u00e9gal\u00e9es dans des environnements exigeants.<\/span><\/p>\n<\/p><\/div>\n<\/p><\/div>\n<\/p><\/div>\n<\/p><\/div>\n<\/p><\/div>\n<\/p><\/div>\n<div class=\"fl-col-group fl-node-66bd680d1dc3b\" data-node=\"66bd680d1dc3b\">\n<div class=\"fl-col fl-node-66bd680d1dfc1\" data-node=\"66bd680d1dfc1\" style=\"width: 100%;\">\n<div class=\"fl-col-content fl-node-content\">\n<div class=\"fl-module fl-module-rich-text fl-node-66bd67591f1e9\" data-animation-delay=\"0.0\" data-node=\"66bd67591f1e9\">\n<div class=\"fl-module-content fl-node-content\">\n<div class=\"fl-rich-text\">\n<p><span style=\"font-size: medium; font-family: arial, helvetica, sans-serif;\">Applications:<\/span><\/p>\n<p><span style=\"font-size: medium; font-family: arial, helvetica, sans-serif;\">-Traiter les syst\u00e8mes lubrifi\u00e9s par fluide comme les pompes \u00e0 couplage magn\u00e9tique et les pompes \u00e0 moteur en conserve.<\/span><\/p>\n<p><span style=\"font-size: medium; font-family: arial, helvetica, sans-serif;\">-Soutien des roulements pour les pompes \u00e0 immersion, les agitateurs et les disques magn\u00e9tiques.<\/span><\/p>\n<p><span style=\"font-size: medium; font-family: arial, helvetica, sans-serif;\">\u00a0<\/span><\/p>\n<p><span style=\"font-size: medium; font-family: arial, helvetica, sans-serif;\">Les roulements coulissants du carbure de Silicon de Semicera ont \u00e9tabli un succ\u00e8s mondial depuis plus de trois d\u00e9cennies, prouvant leur courage dans des conditions de lubrification et de fonctionnement r\u00e9alistes.<\/span><\/p>\n<\/p><\/div>\n<\/p><\/div>\n<\/p><\/div>\n<\/p><\/div>\n<\/p><\/div>\n<\/p><\/div>\n<div class=\"fl-col-group fl-node-66bd68119687b\" data-node=\"66bd68119687b\">\n<div class=\"fl-col fl-node-66bd681196c2a\" data-node=\"66bd681196c2a\" style=\"width: 100%;\">\n<div class=\"fl-col-content fl-node-content\">\n<div class=\"fl-module fl-module-photo fl-node-66bd67efd2b6c\" data-animation-delay=\"0.0\" data-node=\"66bd67efd2b6c\">\n<div class=\"fl-module-content fl-node-content\">\n<div class=\"fl-photo fl-photo-align-center\" itemscope=\"\" itemtype=\"http:\/\/schema.org\/ImageObject\">\n<div class=\"fl-photo-content fl-photo-img-jpg\"> <img decoding=\"async\" alt=\"Param\u00e8tres de carbure de silicium fritt\u00e9 sans pression_00\" class=\"fl-photo-img wp-image-10019\" itemprop=\"image\" src=\"\/wp-content\/uploads\/2025\/09\/c3d3644f8466f684.webp\"> <\/img><\/div>\n<\/p><\/div>\n<\/p><\/div>\n<\/p><\/div>\n<\/p><\/div>\n<\/p><\/div>\n<\/p><\/div>\n<div class=\"fl-col-group fl-node-66bd682bcadcd\" data-node=\"66bd682bcadcd\">\n<div class=\"fl-col fl-node-66bd682bcaf7b\" data-node=\"66bd682bcaf7b\" style=\"width: 100%;\">\n<div class=\"fl-col-content fl-node-content\">\n<div class=\"fl-module fl-module-photo fl-node-66bd682bcac7e\" data-animation-delay=\"0.0\" data-node=\"66bd682bcac7e\">\n<div class=\"fl-module-content fl-node-content\">\n<div class=\"fl-photo fl-photo-align-center\" itemscope=\"\" itemtype=\"http:\/\/schema.org\/ImageObject\">\n<div class=\"fl-photo-content fl-photo-img-jpg\"> <img decoding=\"async\" alt=\"Param\u00e8tres de frittage sans pression 3M_01\" class=\"fl-photo-img wp-image-10020\" itemprop=\"image\" src=\"\/wp-content\/uploads\/2025\/09\/abe62bd388bfdec4.webp\"> <\/img><\/div>\n<\/p><\/div>\n<\/p><\/div>\n<\/p><\/div>\n<\/p><\/div>\n<\/p><\/div>\n<\/p><\/div>\n<\/p><\/div>\n<\/p><\/div>\n<\/p><\/div>\n<div class=\"fl-row fl-row-full-width fl-row-bg-none fl-node-66bd682576467\" data-node=\"66bd682576467\">\n<div class=\"fl-row-content-wrap\">\n<div class=\"fl-row-content fl-row-full-width fl-node-content\">\n<div class=\"fl-col-group fl-node-66bd6825764ab\" data-node=\"66bd6825764ab\">\n<div class=\"fl-col fl-node-66bd6825764ed\" data-node=\"66bd6825764ed\" style=\"width: 100%;\">\n<div class=\"fl-col-content fl-node-content\">\n<div class=\"fl-module fl-module-photo fl-node-66bd68257652e\" data-animation-delay=\"0.0\" data-node=\"66bd68257652e\">\n<div class=\"fl-module-content fl-node-content\">\n<div class=\"fl-photo fl-photo-align-center\" itemscope=\"\" itemtype=\"http:\/\/schema.org\/ImageObject\">\n<div class=\"fl-photo-content fl-photo-img-jpg\"> <img decoding=\"async\" alt=\"Lieu de travail Semiera\" class=\"fl-photo-img wp-image-9038\" itemprop=\"image\" src=\"\/wp-content\/uploads\/2025\/09\/b1dd0bcab1675ff4.webp\"> <\/img><\/div>\n<\/p><\/div>\n<\/p><\/div>\n<\/p><\/div>\n<div class=\"fl-module fl-module-photo fl-node-66bd682576674\" data-animation-delay=\"0.0\" data-node=\"66bd682576674\">\n<div class=\"fl-module-content fl-node-content\">\n<div class=\"fl-photo fl-photo-align-center\" itemscope=\"\" itemtype=\"http:\/\/schema.org\/ImageObject\">\n<div class=\"fl-photo-content fl-photo-img-jpg\"> <img decoding=\"async\" alt=\"Semirara Lieu de travail 2\" class=\"fl-photo-img wp-image-9037\" itemprop=\"image\" src=\"\/wp-content\/uploads\/2025\/09\/2b946d2b4b61306d.webp\"> <\/img><\/div>\n<\/p><\/div>\n<\/p><\/div>\n<\/p><\/div>\n<div class=\"fl-module fl-module-photo fl-node-66bd682576633\" data-animation-delay=\"0.0\" data-node=\"66bd682576633\">\n<div class=\"fl-module-content fl-node-content\">\n<div class=\"fl-photo fl-photo-align-center\" itemscope=\"\" itemtype=\"http:\/\/schema.org\/ImageObject\">\n<div class=\"fl-photo-content fl-photo-img-jpg\"> <img decoding=\"async\" alt=\"Machine de mat\u00e9riel\" class=\"fl-photo-img wp-image-9034 size-full\" itemprop=\"image\" src=\"\/wp-content\/uploads\/2025\/09\/081b6529d68ead23.webp\"> <\/img><\/div>\n<\/p><\/div>\n<\/p><\/div>\n<\/p><\/div>\n<div class=\"fl-module fl-module-photo fl-node-66bd6825765f1\" data-animation-delay=\"0.0\" data-node=\"66bd6825765f1\">\n<div class=\"fl-module-content fl-node-content\">\n<div class=\"fl-photo fl-photo-align-center\" itemscope=\"\" itemtype=\"http:\/\/schema.org\/ImageObject\">\n<div class=\"fl-photo-content fl-photo-img-jpg\"> <img decoding=\"async\" alt=\"Traitement CNN, nettoyage chimique, rev\u00eatement CVD\" class=\"fl-photo-img wp-image-9033\" itemprop=\"image\" src=\"\/wp-content\/uploads\/2025\/09\/a4132b2b399abbac.webp\"> <\/img><\/div>\n<\/p><\/div>\n<\/p><\/div>\n<\/p><\/div>\n<div class=\"fl-module fl-module-photo fl-node-66bd6825765b0\" data-animation-delay=\"0.0\" data-node=\"66bd6825765b0\">\n<div class=\"fl-module-content fl-node-content\">\n<div class=\"fl-photo fl-photo-align-center\" itemscope=\"\" itemtype=\"http:\/\/schema.org\/ImageObject\">\n<div class=\"fl-photo-content fl-photo-img-jpg\"> <img decoding=\"async\" alt=\"Maison des articles semira\" class=\"fl-photo-img wp-image-9036\" itemprop=\"image\" src=\"\/wp-content\/uploads\/2025\/09\/2190bb9ce5c1d546.webp\"> <\/img><\/div>\n<\/p><\/div>\n<\/p><\/div>\n<\/p><\/div>\n<div class=\"fl-module fl-module-photo fl-node-66bd68257656f\" data-animation-delay=\"0.0\" data-node=\"66bd68257656f\">\n<div class=\"fl-module-content fl-node-content\">\n<div class=\"fl-photo fl-photo-align-center\" itemscope=\"\" itemtype=\"http:\/\/schema.org\/ImageObject\">\n<div class=\"fl-photo-content fl-photo-img-jpg\"> <img decoding=\"async\" alt=\"Notre service\" class=\"fl-photo-img wp-image-9035\" itemprop=\"image\" src=\"\/wp-content\/uploads\/2025\/09\/b07f222c0ec0ab8d.webp\"\/> <\/div>\n<\/p><\/div>\n<\/p><\/div>\n<\/p><\/div>\n<\/p><\/div>\n<\/p><\/div>\n<\/p><\/div>\n<\/p><\/div>\n<\/p><\/div>\n<\/p><\/div>\n<\/div>","protected":false},"excerpt":{"rendered":"<p>Les roulements simples en carbure de silicium de Semicera sont con\u00e7us pour fournir des performances exceptionnelles dans des applications exigeantes. Connues pour leur r\u00e9sistance \u00e0 l'usure \u00e9lev\u00e9e et leur stabilit\u00e9 thermique, les roulements sont bien adapt\u00e9s aux environnements o\u00f9 les mat\u00e9riaux traditionnels peuvent \u00e9chouer. Les processus de fabrication avanc\u00e9s de Semicera garantissent que nos roulements en carbure de silicium ont une excellente fiabilit\u00e9 et une dur\u00e9e de vie, ce qui en fait le choix parfait pour des industries telles que l'a\u00e9rospatiale, l'automobile et les machines industrielles. Semicera a h\u00e2te d'\u00eatre votre partenaire \u00e0 long terme en Chine.<\/p>","protected":false},"featured_media":699,"comment_status":"closed","ping_status":"open","template":"","meta":[],"product_brand":[],"product_cat":[25,24],"product_tag":[],"class_list":{"0":"post-1426","1":"product","2":"type-product","3":"status-publish","4":"has-post-thumbnail","6":"product_cat-more-sic-product","7":"product_cat-silicon-carbide-ceramic","9":"first","10":"instock","11":"product-type-simple"},"_links":{"self":[{"href":"https:\/\/www.cn-semiconductorparts.com\/fr\/wp-json\/wp\/v2\/product\/1426","targetHints":{"allow":["GET"]}}],"collection":[{"href":"https:\/\/www.cn-semiconductorparts.com\/fr\/wp-json\/wp\/v2\/product"}],"about":[{"href":"https:\/\/www.cn-semiconductorparts.com\/fr\/wp-json\/wp\/v2\/types\/product"}],"replies":[{"embeddable":true,"href":"https:\/\/www.cn-semiconductorparts.com\/fr\/wp-json\/wp\/v2\/comments?post=1426"}],"wp:featuredmedia":[{"embeddable":true,"href":"https:\/\/www.cn-semiconductorparts.com\/fr\/wp-json\/wp\/v2\/media\/699"}],"wp:attachment":[{"href":"https:\/\/www.cn-semiconductorparts.com\/fr\/wp-json\/wp\/v2\/media?parent=1426"}],"wp:term":[{"taxonomy":"product_brand","embeddable":true,"href":"https:\/\/www.cn-semiconductorparts.com\/fr\/wp-json\/wp\/v2\/product_brand?post=1426"},{"taxonomy":"product_cat","embeddable":true,"href":"https:\/\/www.cn-semiconductorparts.com\/fr\/wp-json\/wp\/v2\/product_cat?post=1426"},{"taxonomy":"product_tag","embeddable":true,"href":"https:\/\/www.cn-semiconductorparts.com\/fr\/wp-json\/wp\/v2\/product_tag?post=1426"}],"curies":[{"name":"WP","href":"https:\/\/api.w.org\/{rel}","templated":true}]}}