{"id":1455,"date":"2025-09-11T05:29:13","date_gmt":"2025-09-11T05:29:13","guid":{"rendered":"https:\/\/weitai2.globaldeepsea.site\/product\/silicon-carbide-ceramic-mandrel\/"},"modified":"2025-09-11T05:29:14","modified_gmt":"2025-09-11T05:29:14","slug":"silicon-carbide-ceramic-mandrel","status":"publish","type":"product","link":"https:\/\/www.cn-semiconductorparts.com\/fr\/product\/silicon-carbide-ceramic-mandrel\/","title":{"rendered":"Mandrel en c\u00e9ramique en carbure de silicium"},"content":{"rendered":"<div class=\"fl-builder-content fl-builder-content-9400 fl-builder-content-primary fl-builder-global-templates-locked\" data-post-id=\"9400\">\n<div class=\"fl-row fl-row-full-width fl-row-bg-none fl-node-6687af8fb2466\" data-node=\"6687af8fb2466\">\n<div class=\"fl-row-content-wrap\">\n<div class=\"fl-row-content fl-row-full-width fl-node-content\">\n<div class=\"fl-col-group fl-node-6687b01a5526a\" data-node=\"6687b01a5526a\">\n<div class=\"fl-col fl-node-6687b01a55415\" data-node=\"6687b01a55415\" style=\"width: 100%;\">\n<div class=\"fl-col-content fl-node-content\">\n<div class=\"fl-module fl-module-rich-text fl-node-6687b01a5511b\" data-animation-delay=\"0.0\" data-node=\"6687b01a5511b\">\n<div class=\"fl-module-content fl-node-content\">\n<div class=\"fl-rich-text\">\n<p>Silicon carbide ceramic mandrel is a rod-shaped element made of silicon carbide ceramic material. Silicon carbide ceramic mandrel has excellent physical and chemical properties and is widely used in industrial fields under high temperature, high pressure and corrosive environments.<\/p>\n<p>Le carbure de silicium est un nouveau type de c\u00e9ramique avec des performances \u00e0 co\u00fbt \u00e9lev\u00e9 et d'excellentes propri\u00e9t\u00e9s de mat\u00e9riaux. En raison de caract\u00e9ristiques telles que la r\u00e9sistance \u00e9lev\u00e9e et la duret\u00e9, une r\u00e9sistance \u00e0 haute temp\u00e9rature, une grande conductivit\u00e9 thermique et une r\u00e9sistance \u00e0 la corrosion chimique, le carbure de silicium peut presque r\u00e9sister \u00e0 tout milieu chimique. Par cons\u00e9quent, les SiC sont largement utilis\u00e9s dans l'exploration de p\u00e9trole, les produits chimiques, les machines et l'espace a\u00e9rien, m\u00eame l'\u00e9nergie nucl\u00e9aire et les militaires ont leurs demandes sp\u00e9ciales en sic. Certaines applications normales que nous pouvons offrir sont les anneaux de joint pour la pompe, la vanne et l'armure de protection, etc.<\/p>\n<\/p><\/div>\n<\/p><\/div>\n<\/p><\/div>\n<\/p><\/div>\n<\/p><\/div>\n<\/p><\/div>\n<div class=\"fl-col-group fl-node-6687b075b4238\" data-node=\"6687b075b4238\">\n<div class=\"fl-col fl-node-6687b07db6e59 fl-col-small\" data-node=\"6687b07db6e59\" style=\"width: 50%;\">\n<div class=\"fl-col-content fl-node-content\">\n<div class=\"fl-module fl-module-photo fl-node-6687b07945ff5\" data-animation-delay=\"0.0\" data-node=\"6687b07945ff5\">\n<div class=\"fl-module-content fl-node-content\">\n<div class=\"fl-photo fl-photo-align-center\" itemscope=\"\" itemtype=\"http:\/\/schema.org\/ImageObject\">\n<div class=\"fl-photo-content fl-photo-img-png\"> <img decoding=\"async\" alt=\"\u56fe\u7247 15\" class=\"fl-photo-img wp-image-9413\" itemprop=\"image\" src=\"\/wp-content\/uploads\/2025\/09\/d47633ab98c298d1.webp\"> <\/img><\/div>\n<\/p><\/div>\n<\/p><\/div>\n<\/p><\/div>\n<\/p><\/div>\n<\/p><\/div>\n<div class=\"fl-col fl-node-6687b075b4474 fl-col-small\" data-node=\"6687b075b4474\" style=\"width: 50%;\">\n<div class=\"fl-col-content fl-node-content\">\n<div class=\"fl-module fl-module-rich-text fl-node-6687b05daf077\" data-animation-delay=\"0.0\" data-node=\"6687b05daf077\">\n<div class=\"fl-module-content fl-node-content\">\n<div class=\"fl-rich-text\">\n<p>La forme et la taille peuvent \u00eatre personnalis\u00e9es en fonction des exigences<\/p>\n<p>Tr\u00e8s haute duret\u00e9 (HV10): 22,2 (GPA)<\/p>\n<p>Densit\u00e9 tr\u00e8s faible (3,10-3,20 g \/ cm\u00b3)<\/p>\n<p>\u00c0 des temp\u00e9ratures jusqu'\u00e0 1400 \u2103, le sic peut m\u00eame maintenir sa force<\/p>\n<p>En raison de sa stabilit\u00e9 chimique et physique, le SIC a une forte r\u00e9sistance \u00e0 la duret\u00e9 et \u00e0 la corrosion.<\/p>\n<\/p><\/div>\n<\/p><\/div>\n<\/p><\/div>\n<\/p><\/div>\n<\/p><\/div>\n<\/p><\/div>\n<div class=\"fl-col-group fl-node-6687afa7842b4\" data-node=\"6687afa7842b4\">\n<div class=\"fl-col fl-node-6687b00283e4e fl-col-small\" data-node=\"6687b00283e4e\" style=\"width: 50%;\">\n<div class=\"fl-col-content fl-node-content\">\n<div class=\"fl-module fl-module-photo fl-node-6687afff162d8\" data-animation-delay=\"0.0\" data-node=\"6687afff162d8\">\n<div class=\"fl-module-content fl-node-content\">\n<div class=\"fl-photo fl-photo-align-center\" itemscope=\"\" itemtype=\"http:\/\/schema.org\/ImageObject\">\n<div class=\"fl-photo-content fl-photo-img-png\"> <img decoding=\"async\" alt=\"\u56fe\u7247 14\" class=\"fl-photo-img wp-image-9410 size-full\" itemprop=\"image\" src=\"\/wp-content\/uploads\/2025\/09\/32a51cec59e02ff0.webp\"> <\/img><\/div>\n<\/p><\/div>\n<\/p><\/div>\n<\/p><\/div>\n<\/p><\/div>\n<\/p><\/div>\n<div class=\"fl-col fl-node-6687afa78443e fl-col-small\" data-node=\"6687afa78443e\" style=\"width: 50%;\">\n<div class=\"fl-col-content fl-node-content\">\n<div class=\"fl-module fl-module-photo fl-node-6687afce942e8\" data-animation-delay=\"0.0\" data-node=\"6687afce942e8\">\n<div class=\"fl-module-content fl-node-content\">\n<div class=\"fl-photo fl-photo-align-center\" itemscope=\"\" itemtype=\"http:\/\/schema.org\/ImageObject\">\n<div class=\"fl-photo-content fl-photo-img-png\"> <img decoding=\"async\" alt=\"\u56fe\u7247 13\" class=\"fl-photo-img wp-image-9411\" itemprop=\"image\" src=\"\/wp-content\/uploads\/2025\/09\/1a98696e55893dd0.webp\"> <\/img><\/div>\n<\/p><\/div>\n<\/p><\/div>\n<\/p><\/div>\n<\/p><\/div>\n<\/p><\/div>\n<\/p><\/div>\n<div class=\"fl-col-group fl-node-6687af8fb341d\" data-node=\"6687af8fb341d\">\n<div class=\"fl-col fl-node-6687af8fb35a5\" data-node=\"6687af8fb35a5\" style=\"width: 100%;\">\n<div class=\"fl-col-content fl-node-content\">\n<div class=\"fl-module fl-module-rich-text fl-node-6687af8fb230b\" data-animation-delay=\"0.0\" data-node=\"6687af8fb230b\">\n<div class=\"fl-module-content fl-node-content\">\n<div class=\"fl-rich-text\">\n<p>Caract\u00e9ristiques principales:<\/p>\n<p>1. High temperature stability: Silicon carbide ceramic mandrel can maintain the stability of its structure and performance in high temperature environment. It can withstand extremely high temperatures and has excellent heat resistance, which is suitable for applications in high temperature processes and equipment.<\/p>\n<p>2. Corrosion resistance: Silicon carbide ceramic mandrel has excellent corrosion resistance and can resist the erosion of acids, alkalis, solvents and some corrosive media. It will not react chemically or be corroded in a corrosive environment, maintaining its original performance and stability.<\/p>\n<p>3. Wear resistance: Silicon carbide ceramic mandrel has extremely high hardness and wear resistance, and can maintain a low wear rate under high speed and high friction conditions. This makes it have a long life and reliability in a severe wear environment.<\/p>\n<p>4. Excellent insulation performance: Silicon carbide ceramic mandrel has good insulation performance and can provide reliable insulation protection under high voltage and high electric field conditions. It is widely used in high-voltage equipment and insulation components in the fields of power, electronics and semiconductors.<\/p>\n<p>5. Lightweight and high strength: Silicon carbide ceramic mandrels have low density and high strength, and have excellent mechanical properties. They have high bending and tensile strength and can withstand high pressure and mechanical stress.<\/p>\n<\/p><\/div>\n<\/p><\/div>\n<\/p><\/div>\n<\/p><\/div>\n<\/p><\/div>\n<\/p><\/div>\n<\/p><\/div>\n<\/p><\/div>\n<\/p><\/div>\n<div class=\"fl-row fl-row-full-width fl-row-bg-none fl-node-6687b0c195538\" data-node=\"6687b0c195538\">\n<div class=\"fl-row-content-wrap\">\n<div class=\"fl-row-content fl-row-full-width fl-node-content\">\n<div class=\"fl-col-group fl-node-6687b0c195579\" data-node=\"6687b0c195579\">\n<div class=\"fl-col fl-node-6687b0c1955b7\" data-node=\"6687b0c1955b7\" style=\"width: 100%;\">\n<div class=\"fl-col-content fl-node-content\">\n<div class=\"fl-module fl-module-photo fl-node-6687b0c1955f5\" data-animation-delay=\"0.0\" data-node=\"6687b0c1955f5\">\n<div class=\"fl-module-content fl-node-content\">\n<div class=\"fl-photo fl-photo-align-center\" itemscope=\"\" itemtype=\"http:\/\/schema.org\/ImageObject\">\n<div class=\"fl-photo-content fl-photo-img-jpg\"> <img decoding=\"async\" alt=\"Lieu de travail Semiera\" class=\"fl-photo-img wp-image-9038\" itemprop=\"image\" src=\"\/wp-content\/uploads\/2025\/09\/b1dd0bcab1675ff4.webp\"> <\/img><\/div>\n<\/p><\/div>\n<\/p><\/div>\n<\/p><\/div>\n<div class=\"fl-module fl-module-photo fl-node-6687b0c19572d\" data-animation-delay=\"0.0\" data-node=\"6687b0c19572d\">\n<div class=\"fl-module-content fl-node-content\">\n<div class=\"fl-photo fl-photo-align-center\" itemscope=\"\" itemtype=\"http:\/\/schema.org\/ImageObject\">\n<div class=\"fl-photo-content fl-photo-img-jpg\"> <img decoding=\"async\" alt=\"Semirara Lieu de travail 2\" class=\"fl-photo-img wp-image-9037\" itemprop=\"image\" src=\"\/wp-content\/uploads\/2025\/09\/2b946d2b4b61306d.webp\"> <\/img><\/div>\n<\/p><\/div>\n<\/p><\/div>\n<\/p><\/div>\n<div class=\"fl-module fl-module-photo fl-node-6687b0c1956ef\" data-animation-delay=\"0.0\" data-node=\"6687b0c1956ef\">\n<div class=\"fl-module-content fl-node-content\">\n<div class=\"fl-photo fl-photo-align-center\" itemscope=\"\" itemtype=\"http:\/\/schema.org\/ImageObject\">\n<div class=\"fl-photo-content fl-photo-img-jpg\"> <img decoding=\"async\" alt=\"Machine de mat\u00e9riel\" class=\"fl-photo-img wp-image-9034 size-full\" itemprop=\"image\" src=\"\/wp-content\/uploads\/2025\/09\/081b6529d68ead23.webp\"\/> <\/div>\n<\/p><\/div>\n<\/p><\/div>\n<\/p><\/div>\n<div class=\"fl-module fl-module-photo fl-node-6687b0c1956a5\" data-animation-delay=\"0.0\" data-node=\"6687b0c1956a5\">\n<div class=\"fl-module-content fl-node-content\">\n<div class=\"fl-photo fl-photo-align-center\" itemscope=\"\" itemtype=\"http:\/\/schema.org\/ImageObject\">\n<div class=\"fl-photo-content fl-photo-img-jpg\"> <img decoding=\"async\" alt=\"Traitement CNN, nettoyage chimique, rev\u00eatement CVD\" class=\"fl-photo-img wp-image-9033\" itemprop=\"image\" src=\"\/wp-content\/uploads\/2025\/09\/a4132b2b399abbac.webp\"\/> <\/div>\n<\/p><\/div>\n<\/p><\/div>\n<\/p><\/div>\n<div class=\"fl-module fl-module-photo fl-node-6687b0c195667\" data-animation-delay=\"0.0\" data-node=\"6687b0c195667\">\n<div class=\"fl-module-content fl-node-content\">\n<div class=\"fl-photo fl-photo-align-center\" itemscope=\"\" itemtype=\"http:\/\/schema.org\/ImageObject\">\n<div class=\"fl-photo-content fl-photo-img-jpg\"> <img decoding=\"async\" alt=\"Maison des articles semira\" class=\"fl-photo-img wp-image-9036\" itemprop=\"image\" src=\"\/wp-content\/uploads\/2025\/09\/2190bb9ce5c1d546.webp\"\/> <\/div>\n<\/p><\/div>\n<\/p><\/div>\n<\/p><\/div>\n<div class=\"fl-module fl-module-photo fl-node-6687b0c195633\" data-animation-delay=\"0.0\" data-node=\"6687b0c195633\">\n<div class=\"fl-module-content fl-node-content\">\n<div class=\"fl-photo fl-photo-align-center\" itemscope=\"\" itemtype=\"http:\/\/schema.org\/ImageObject\">\n<div class=\"fl-photo-content fl-photo-img-jpg\"> <img decoding=\"async\" alt=\"Notre service\" class=\"fl-photo-img wp-image-9035\" itemprop=\"image\" src=\"\/wp-content\/uploads\/2025\/09\/b07f222c0ec0ab8d.webp\"\/> <\/div>\n<\/p><\/div>\n<\/p><\/div>\n<\/p><\/div>\n<\/p><\/div>\n<\/p><\/div>\n<\/p><\/div>\n<\/p><\/div>\n<\/p><\/div>\n<\/p><\/div>\n<\/div>","protected":false},"excerpt":{"rendered":"<p>Silicon carbide ceramic mandrel is a high-performance ceramic component with high temperature stability, corrosion resistance and wear resistance. Silicon carbide ceramic mandrel plays an important role in harsh industrial environments and is suitable for various applications under high temperature, high pressure and corrosive media.<\/p>","protected":false},"featured_media":848,"comment_status":"closed","ping_status":"open","template":"","meta":[],"product_brand":[],"product_cat":[25,24],"product_tag":[],"class_list":{"0":"post-1455","1":"product","2":"type-product","3":"status-publish","4":"has-post-thumbnail","6":"product_cat-more-sic-product","7":"product_cat-silicon-carbide-ceramic","9":"first","10":"instock","11":"product-type-simple"},"_links":{"self":[{"href":"https:\/\/www.cn-semiconductorparts.com\/fr\/wp-json\/wp\/v2\/product\/1455","targetHints":{"allow":["GET"]}}],"collection":[{"href":"https:\/\/www.cn-semiconductorparts.com\/fr\/wp-json\/wp\/v2\/product"}],"about":[{"href":"https:\/\/www.cn-semiconductorparts.com\/fr\/wp-json\/wp\/v2\/types\/product"}],"replies":[{"embeddable":true,"href":"https:\/\/www.cn-semiconductorparts.com\/fr\/wp-json\/wp\/v2\/comments?post=1455"}],"wp:featuredmedia":[{"embeddable":true,"href":"https:\/\/www.cn-semiconductorparts.com\/fr\/wp-json\/wp\/v2\/media\/848"}],"wp:attachment":[{"href":"https:\/\/www.cn-semiconductorparts.com\/fr\/wp-json\/wp\/v2\/media?parent=1455"}],"wp:term":[{"taxonomy":"product_brand","embeddable":true,"href":"https:\/\/www.cn-semiconductorparts.com\/fr\/wp-json\/wp\/v2\/product_brand?post=1455"},{"taxonomy":"product_cat","embeddable":true,"href":"https:\/\/www.cn-semiconductorparts.com\/fr\/wp-json\/wp\/v2\/product_cat?post=1455"},{"taxonomy":"product_tag","embeddable":true,"href":"https:\/\/www.cn-semiconductorparts.com\/fr\/wp-json\/wp\/v2\/product_tag?post=1455"}],"curies":[{"name":"WP","href":"https:\/\/api.w.org\/{rel}","templated":true}]}}