{"id":1457,"date":"2025-09-11T05:29:13","date_gmt":"2025-09-11T05:29:13","guid":{"rendered":"https:\/\/weitai2.globaldeepsea.site\/product\/sic-micro-reaction-tubes\/"},"modified":"2025-09-11T05:29:14","modified_gmt":"2025-09-11T05:29:14","slug":"sic-micro-reaction-tubes","status":"publish","type":"product","link":"https:\/\/www.cn-semiconductorparts.com\/fr\/product\/sic-micro-reaction-tubes\/","title":{"rendered":"Tubes micro-r\u00e9action SIC"},"content":{"rendered":"<div class=\"fl-builder-content fl-builder-content-9278 fl-builder-content-primary fl-builder-global-templates-locked\" data-post-id=\"9278\">\n<div class=\"fl-row fl-row-full-width fl-row-bg-none fl-node-66851849b6150\" data-node=\"66851849b6150\">\n<div class=\"fl-row-content-wrap\">\n<div class=\"fl-row-content fl-row-full-width fl-node-content\">\n<div class=\"fl-col-group fl-node-6685191d20411\" data-node=\"6685191d20411\">\n<div class=\"fl-col fl-node-6685191d206c8\" data-node=\"6685191d206c8\" style=\"width: 100%;\">\n<div class=\"fl-col-content fl-node-content\">\n<div class=\"fl-module fl-module-rich-text fl-node-66851902ec4e8\" data-animation-delay=\"0.0\" data-node=\"66851902ec4e8\">\n<div class=\"fl-module-content fl-node-content\">\n<div class=\"fl-rich-text\">\n<p>Les tubes micro-r\u00e9action SIC ont une excellente r\u00e9sistance \u00e0 la temp\u00e9rature \u00e9lev\u00e9e et peuvent fonctionner de mani\u00e8re stable dans des conditions de temp\u00e9rature \u00e9lev\u00e9e. La conductivit\u00e9 thermique \u00e9lev\u00e9e et la stabilit\u00e9 thermique des mat\u00e9riaux de carbure de silicium permettent aux micror\u00e9acteurs de mener et de disperser rapidement la chaleur, de contr\u00f4ler efficacement la temp\u00e9rature de r\u00e9action, et ainsi d'obtenir une gestion thermique et un contr\u00f4le de temp\u00e9rature efficaces. Cela fournit un environnement id\u00e9al pour les r\u00e9actions \u00e0 haute temp\u00e9rature et am\u00e9liore les taux de r\u00e9action et la s\u00e9lectivit\u00e9.<\/p>\n<p>De plus, les tubes de micro-r\u00e9action SIC ont une excellente stabilit\u00e9 chimique et peuvent r\u00e9sister \u00e0 l'\u00e9rosion et \u00e0 la corrosion de divers produits chimiques. Les tubes micro-r\u00e9action SIC ont une bonne tol\u00e9rance aux r\u00e9actifs communs tels que les acides, les bases et les solvants, garantissant ainsi la longue dur\u00e9e de vie et la fiabilit\u00e9 du tube de r\u00e9action. La surface inerte des mat\u00e9riaux de carbure de silicium r\u00e9duit \u00e9galement l'adsorption et la contamination des r\u00e9actifs inutiles, en maintenant la puret\u00e9 et la consistance de la r\u00e9action.<\/p>\n<p>La micro-conception des tubes de micro-r\u00e9action SIC leur donne un rapport de surface \/ volume \u00e9lev\u00e9, offrant une efficacit\u00e9 de r\u00e9action plus \u00e9lev\u00e9e et des taux de r\u00e9action plus rapides. La structure des microcanaux du micror\u00e9acteur permet un degr\u00e9 \u00e9lev\u00e9 de contr\u00f4le et de m\u00e9lange des liquides, atteignant ainsi des conditions de r\u00e9action pr\u00e9cises et un \u00e9change de mat\u00e9riaux uniformes. Cela fait que les tubes de micro-r\u00e9action SIC ont un grand potentiel dans des applications telles que la microfluidique, la synth\u00e8se des m\u00e9dicaments, les r\u00e9actions catalytiques et l'analyse biochimique.<\/p>\n<p>La personnalisation et la compatibilit\u00e9 des tubes de micro-r\u00e9action SIC les rendent adapt\u00e9s \u00e0 une vari\u00e9t\u00e9 d'applications de laboratoire et industrielles. Ils peuvent \u00eatre int\u00e9gr\u00e9s \u00e0 des \u00e9quipements de laboratoire traditionnels et des syst\u00e8mes d'automatisation pour obtenir des processus de r\u00e9action \u00e0 haut d\u00e9bit et \u00e0 haute efficacit\u00e9. La fiabilit\u00e9 et la pr\u00e9cision des tubes micro-r\u00e9actions SIC en font un choix id\u00e9al pour les chercheurs et les ing\u00e9nieurs pour innover et optimiser.<\/p>\n<\/p><\/div>\n<\/p><\/div>\n<\/p><\/div>\n<\/p><\/div>\n<\/p><\/div>\n<\/p><\/div>\n<div class=\"fl-col-group fl-node-66851849b6195\" data-node=\"66851849b6195\">\n<div class=\"fl-col fl-node-66851849b62e3\" data-node=\"66851849b62e3\" style=\"width: 100%;\">\n<div class=\"fl-col-content fl-node-content\">\n<div class=\"fl-module fl-module-photo fl-node-66851921e4600\" data-animation-delay=\"0.0\" data-node=\"66851921e4600\">\n<div class=\"fl-module-content fl-node-content\">\n<div class=\"fl-photo fl-photo-align-center\" itemscope=\"\" itemtype=\"http:\/\/schema.org\/ImageObject\">\n<div class=\"fl-photo-content fl-photo-img-jpg\"> <img decoding=\"async\" alt=\"Sic micro r\u00e9action tubes_proc\" class=\"fl-photo-img wp-image-9281\" itemprop=\"image\" src=\"\/wp-content\/uploads\/2025\/09\/cc1535e32bb8922e.webp\"> <\/img><\/div>\n<\/p><\/div>\n<\/p><\/div>\n<\/p><\/div>\n<\/p><\/div>\n<\/p><\/div>\n<\/p><\/div>\n<div class=\"fl-col-group fl-node-66851849b6221\" data-node=\"66851849b6221\">\n<div class=\"fl-col fl-node-66851849b6262 fl-col-has-cols\" data-node=\"66851849b6262\" style=\"width: 100%;\">\n<div class=\"fl-col-content fl-node-content\">\n<div class=\"fl-module fl-module-heading fl-node-66851849b62a3\" data-animation-delay=\"0.0\" data-node=\"66851849b62a3\">\n<div class=\"fl-module-content fl-node-content\">\n<h3 class=\"fl-heading\"> <span class=\"fl-heading-text\">Param\u00e8tres techniques:<\/span> <\/h3>\n<\/p><\/div>\n<\/p><\/div>\n<div class=\"fl-col-group fl-node-66851849b64a7 fl-col-group-nested\" data-node=\"66851849b64a7\">\n<div class=\"fl-col fl-node-66851849b6364\" data-node=\"66851849b6364\" style=\"width: 100%;\">\n<div class=\"fl-col-content fl-node-content\">\n<div class=\"fl-module fl-module-photo fl-node-66851849b65ac\" data-animation-delay=\"0.0\" data-node=\"66851849b65ac\">\n<div class=\"fl-module-content fl-node-content\">\n<div class=\"fl-photo fl-photo-align-center\" itemscope=\"\" itemtype=\"http:\/\/schema.org\/ImageObject\">\n<div class=\"fl-photo-content fl-photo-img-png\"> <img decoding=\"async\" alt=\"Param\u00e8tres de carbure de silicium\" class=\"fl-photo-img wp-image-3336\" itemprop=\"image\" src=\"\/wp-content\/uploads\/2025\/09\/f34bdb8e2db1ea64.webp\"> <\/img><\/div>\n<\/p><\/div>\n<\/p><\/div>\n<\/p><\/div>\n<\/p><\/div>\n<\/p><\/div>\n<\/p><\/div>\n<\/p><\/div>\n<\/p><\/div>\n<\/p><\/div>\n<\/p><\/div>\n<\/p><\/div>\n<\/p><\/div>\n<div class=\"fl-row fl-row-full-width fl-row-bg-none fl-node-668518683b2a8\" data-node=\"668518683b2a8\">\n<div class=\"fl-row-content-wrap\">\n<div class=\"fl-row-content fl-row-full-width fl-node-content\">\n<div class=\"fl-col-group fl-node-668518683b2eb\" data-node=\"668518683b2eb\">\n<div class=\"fl-col fl-node-668518683b32b\" data-node=\"668518683b32b\" style=\"width: 100%;\">\n<div class=\"fl-col-content fl-node-content\">\n<div class=\"fl-module fl-module-photo fl-node-668518683b36b\" data-animation-delay=\"0.0\" data-node=\"668518683b36b\">\n<div class=\"fl-module-content fl-node-content\">\n<div class=\"fl-photo fl-photo-align-center\" itemscope=\"\" itemtype=\"http:\/\/schema.org\/ImageObject\">\n<div class=\"fl-photo-content fl-photo-img-jpg\"> <img decoding=\"async\" alt=\"Lieu de travail Semiera\" class=\"fl-photo-img wp-image-9038\" itemprop=\"image\" src=\"\/wp-content\/uploads\/2025\/09\/b1dd0bcab1675ff4.webp\"> <\/img><\/div>\n<\/p><\/div>\n<\/p><\/div>\n<\/p><\/div>\n<div class=\"fl-module fl-module-photo fl-node-668518683b4ac\" data-animation-delay=\"0.0\" data-node=\"668518683b4ac\">\n<div class=\"fl-module-content fl-node-content\">\n<div class=\"fl-photo fl-photo-align-center\" itemscope=\"\" itemtype=\"http:\/\/schema.org\/ImageObject\">\n<div class=\"fl-photo-content fl-photo-img-jpg\"> <img decoding=\"async\" alt=\"Semirara Lieu de travail 2\" class=\"fl-photo-img wp-image-9037\" itemprop=\"image\" src=\"\/wp-content\/uploads\/2025\/09\/2b946d2b4b61306d.webp\"> <\/img><\/div>\n<\/p><\/div>\n<\/p><\/div>\n<\/p><\/div>\n<div class=\"fl-module fl-module-photo fl-node-668518683b46b\" data-animation-delay=\"0.0\" data-node=\"668518683b46b\">\n<div class=\"fl-module-content fl-node-content\">\n<div class=\"fl-photo fl-photo-align-center\" itemscope=\"\" itemtype=\"http:\/\/schema.org\/ImageObject\">\n<div class=\"fl-photo-content fl-photo-img-jpg\"> <img decoding=\"async\" alt=\"Machine de mat\u00e9riel\" class=\"fl-photo-img wp-image-9034 size-full\" itemprop=\"image\" src=\"\/wp-content\/uploads\/2025\/09\/081b6529d68ead23.webp\"> <\/img><\/div>\n<\/p><\/div>\n<\/p><\/div>\n<\/p><\/div>\n<div class=\"fl-module fl-module-photo fl-node-668518683b42b\" data-animation-delay=\"0.0\" data-node=\"668518683b42b\">\n<div class=\"fl-module-content fl-node-content\">\n<div class=\"fl-photo fl-photo-align-center\" itemscope=\"\" itemtype=\"http:\/\/schema.org\/ImageObject\">\n<div class=\"fl-photo-content fl-photo-img-jpg\"> <img decoding=\"async\" alt=\"Traitement CNN, nettoyage chimique, rev\u00eatement CVD\" class=\"fl-photo-img wp-image-9033\" itemprop=\"image\" src=\"\/wp-content\/uploads\/2025\/09\/a4132b2b399abbac.webp\"> <\/img><\/div>\n<\/p><\/div>\n<\/p><\/div>\n<\/p><\/div>\n<div class=\"fl-module fl-module-photo fl-node-668518683b3eb\" data-animation-delay=\"0.0\" data-node=\"668518683b3eb\">\n<div class=\"fl-module-content fl-node-content\">\n<div class=\"fl-photo fl-photo-align-center\" itemscope=\"\" itemtype=\"http:\/\/schema.org\/ImageObject\">\n<div class=\"fl-photo-content fl-photo-img-jpg\"> <img decoding=\"async\" alt=\"Maison des articles semira\" class=\"fl-photo-img wp-image-9036\" itemprop=\"image\" src=\"\/wp-content\/uploads\/2025\/09\/2190bb9ce5c1d546.webp\"> <\/img><\/div>\n<\/p><\/div>\n<\/p><\/div>\n<\/p><\/div>\n<div class=\"fl-module fl-module-photo fl-node-668518683b3ab\" data-animation-delay=\"0.0\" data-node=\"668518683b3ab\">\n<div class=\"fl-module-content fl-node-content\">\n<div class=\"fl-photo fl-photo-align-center\" itemscope=\"\" itemtype=\"http:\/\/schema.org\/ImageObject\">\n<div class=\"fl-photo-content fl-photo-img-jpg\"> <img decoding=\"async\" alt=\"Notre service\" class=\"fl-photo-img wp-image-9035\" itemprop=\"image\" src=\"\/wp-content\/uploads\/2025\/09\/b07f222c0ec0ab8d.webp\"> <\/img><\/div>\n<\/p><\/div>\n<\/p><\/div>\n<\/p><\/div>\n<\/p><\/div>\n<\/p><\/div>\n<\/p><\/div>\n<\/p><\/div>\n<\/p><\/div>\n<\/p><\/div>\n<\/div>","protected":false},"excerpt":{"rendered":"<p>Les tubes Micro-r\u00e9action SIC sont un micror\u00e9acteur avanc\u00e9 utilis\u00e9 pour des processus de r\u00e9action efficaces et pr\u00e9cis dans les champs chimiques et biologiques. Les tubes Micro-r\u00e9action SIC ont attir\u00e9 une large attention pour ses propri\u00e9t\u00e9s physiques et chimiques uniques, ce qui peut fournir d'excellentes performances de r\u00e9action et une excellente capacit\u00e9 de contr\u00f4le.<\/p>","protected":false},"featured_media":838,"comment_status":"closed","ping_status":"open","template":"","meta":[],"product_brand":[],"product_cat":[25,24],"product_tag":[],"class_list":{"0":"post-1457","1":"product","2":"type-product","3":"status-publish","4":"has-post-thumbnail","6":"product_cat-more-sic-product","7":"product_cat-silicon-carbide-ceramic","9":"first","10":"instock","11":"product-type-simple"},"_links":{"self":[{"href":"https:\/\/www.cn-semiconductorparts.com\/fr\/wp-json\/wp\/v2\/product\/1457","targetHints":{"allow":["GET"]}}],"collection":[{"href":"https:\/\/www.cn-semiconductorparts.com\/fr\/wp-json\/wp\/v2\/product"}],"about":[{"href":"https:\/\/www.cn-semiconductorparts.com\/fr\/wp-json\/wp\/v2\/types\/product"}],"replies":[{"embeddable":true,"href":"https:\/\/www.cn-semiconductorparts.com\/fr\/wp-json\/wp\/v2\/comments?post=1457"}],"wp:featuredmedia":[{"embeddable":true,"href":"https:\/\/www.cn-semiconductorparts.com\/fr\/wp-json\/wp\/v2\/media\/838"}],"wp:attachment":[{"href":"https:\/\/www.cn-semiconductorparts.com\/fr\/wp-json\/wp\/v2\/media?parent=1457"}],"wp:term":[{"taxonomy":"product_brand","embeddable":true,"href":"https:\/\/www.cn-semiconductorparts.com\/fr\/wp-json\/wp\/v2\/product_brand?post=1457"},{"taxonomy":"product_cat","embeddable":true,"href":"https:\/\/www.cn-semiconductorparts.com\/fr\/wp-json\/wp\/v2\/product_cat?post=1457"},{"taxonomy":"product_tag","embeddable":true,"href":"https:\/\/www.cn-semiconductorparts.com\/fr\/wp-json\/wp\/v2\/product_tag?post=1457"}],"curies":[{"name":"WP","href":"https:\/\/api.w.org\/{rel}","templated":true}]}}