{"id":1458,"date":"2025-09-11T05:29:13","date_gmt":"2025-09-11T05:29:13","guid":{"rendered":"https:\/\/weitai2.globaldeepsea.site\/product\/sic-ceramic-rollers\/"},"modified":"2025-09-11T05:29:14","modified_gmt":"2025-09-11T05:29:14","slug":"sic-ceramic-rollers","status":"publish","type":"product","link":"https:\/\/www.cn-semiconductorparts.com\/fr\/product\/sic-ceramic-rollers\/","title":{"rendered":"Rouleaux en c\u00e9ramique sic"},"content":{"rendered":"<div class=\"fl-builder-content fl-builder-content-9283 fl-builder-content-primary fl-builder-global-templates-locked\" data-post-id=\"9283\">\n<div class=\"fl-row fl-row-full-width fl-row-bg-none fl-node-66851d3a6bdfc\" data-node=\"66851d3a6bdfc\">\n<div class=\"fl-row-content-wrap\">\n<div class=\"fl-row-content fl-row-full-width fl-node-content\">\n<div class=\"fl-col-group fl-node-66851da101419\" data-node=\"66851da101419\">\n<div class=\"fl-col fl-node-66851da1016a7\" data-node=\"66851da1016a7\" style=\"width: 100%;\">\n<div class=\"fl-col-content fl-node-content\">\n<div class=\"fl-module fl-module-rich-text fl-node-66851d3a6c07c\" data-animation-delay=\"0.0\" data-node=\"66851d3a6c07c\">\n<div class=\"fl-module-content fl-node-content\">\n<div class=\"fl-rich-text\">\n<p>Les rouleaux en c\u00e9ramique SIC ont une excellente r\u00e9sistance \u00e0 l'usure et peuvent r\u00e9sister \u00e0 la haute pression et \u00e0 la friction sans perdre la qualit\u00e9 de surface. Sa duret\u00e9 est proche de celle du diamant, ce qui lui permet de r\u00e9duire efficacement l'usure de contact avec les mat\u00e9riaux m\u00e9talliques et de prolonger la dur\u00e9e de vie du rouleau. Le faible coefficient de frottement des rouleaux en c\u00e9ramique SIC r\u00e9duit \u00e9galement la perte d'\u00e9nergie et la production de chaleur, am\u00e9liorant l'efficacit\u00e9 de la production.<\/p>\n<p>De plus, les rouleaux en c\u00e9ramique SIC ont une excellente r\u00e9sistance \u00e0 haute temp\u00e9rature. Il peut fonctionner de mani\u00e8re stable dans des environnements \u00e0 haute temp\u00e9rature sans ramollissement ni d\u00e9formation. Cela rend les rouleaux en c\u00e9ramique SIC tr\u00e8s adapt\u00e9s aux processus de traitement \u00e0 haute temp\u00e9rature tels que le roulement \u00e0 chaud en m\u00e9tal et la coul\u00e9e continue, garantissant que les rouleaux maintiennent d'excellentes performances et stabilit\u00e9 dimensionnelle \u00e0 des temp\u00e9ratures extr\u00eames.<\/p>\n<p>Les rouleaux en c\u00e9ramique SIC ont \u00e9galement une excellente r\u00e9sistance \u00e0 la corrosion. Il peut r\u00e9sister \u00e0 l'\u00e9rosion des produits chimiques tels que les acides, les alcalis, les solvants et les gaz corrosifs, en maintenant la finition de surface et la fonctionnalit\u00e9 des rouleaux. Cela fait que les rouleaux en c\u00e9ramique SIC fonctionnent bien dans des applications telles que le traitement chimique et l'\u00e9lectroples, prolongeant la dur\u00e9e de vie de l'\u00e9quipement et am\u00e9liorant la qualit\u00e9 de la production.<\/p>\n<p>Les caract\u00e9ristiques l\u00e9g\u00e8res des rouleaux en c\u00e9ramique SIC leur donnent d'excellentes caract\u00e9ristiques inertiales et des capacit\u00e9s de r\u00e9duction des vibrations, r\u00e9duisant ainsi les vibrations et le bruit, am\u00e9liorant la stabilit\u00e9 de l'\u00e9quipement et le confort op\u00e9rationnel. Ses dimensions pr\u00e9cises et sa surface plane assurent la stabilit\u00e9 et la douceur des rouleaux, offrant d'excellents r\u00e9sultats pour les processus de travail des m\u00e9taux et d'impression.<\/p>\n<\/p><\/div>\n<\/p><\/div>\n<\/p><\/div>\n<\/p><\/div>\n<\/p><\/div>\n<\/p><\/div>\n<div class=\"fl-col-group fl-node-66851d3a6be3f\" data-node=\"66851d3a6be3f\">\n<div class=\"fl-col fl-node-66851d3a6bf7e\" data-node=\"66851d3a6bf7e\" style=\"width: 100%;\">\n<div class=\"fl-col-content fl-node-content\">\n<div class=\"fl-module fl-module-photo fl-node-66851d3a6bfbe\" data-animation-delay=\"0.0\" data-node=\"66851d3a6bfbe\">\n<div class=\"fl-module-content fl-node-content\">\n<div class=\"fl-photo fl-photo-align-center\" itemscope=\"\" itemtype=\"http:\/\/schema.org\/ImageObject\">\n<div class=\"fl-photo-content fl-photo-img-png\"> <img decoding=\"async\" alt=\"Rouleaux en c\u00e9ramique SIC - Copie\" class=\"fl-photo-img wp-image-9286\" itemprop=\"image\" src=\"\/wp-content\/uploads\/2025\/09\/7c2ee77c8e71ef98.webp\"> <\/img><\/div>\n<\/p><\/div>\n<\/p><\/div>\n<\/p><\/div>\n<\/p><\/div>\n<\/p><\/div>\n<\/p><\/div>\n<div class=\"fl-col-group fl-node-66851d3a6c0bc\" data-node=\"66851d3a6c0bc\">\n<div class=\"fl-col fl-node-66851d3a6c0fc\" data-node=\"66851d3a6c0fc\" style=\"width: 100%;\">\n<div class=\"fl-col-content fl-node-content\">\n<div class=\"fl-module fl-module-rich-text fl-node-66851d3a6c03d\" data-animation-delay=\"0.0\" data-node=\"66851d3a6c03d\">\n<div class=\"fl-module-content fl-node-content\">\n<div class=\"fl-rich-text\">\n<p data-section=\"0\">Rouleau en carbure de silicium non press\u00e9, pression atmosph\u00e9rique des produits en c\u00e9ramique de carbure de silicium en silicium \u00e0 haute puret\u00e9, l'utilisation de la poudre de carbure de silicium ultra-fin \u00e0 haute puret\u00e9, fritt\u00e9 \u00e0 2450 \u2103 \u00e0 haute temp\u00e9rature, la teneur en silicium en silicium de plus de 99,1%, de la densit\u00e9 de produit \u22653,10 g \/ cm3, pas d'impurit\u00e9s m\u00e9talliques telles que le silicon m\u00e9tallique.<\/p>\n<p data-section=\"2\">\u25ba Contenu en carbure de silicium - \u226599%;<\/p>\n<p data-section=\"4\">\u25ba R\u00e9sistance \u00e0 haute temp\u00e9rature - utilisation normale \u00e0 1800 \u2103;<\/p>\n<p data-section=\"6\">\u25ba Haute conductivit\u00e9 thermique - comparable \u00e0 la conductivit\u00e9 thermique des mat\u00e9riaux de graphite;<\/p>\n<p data-section=\"8\">\u25ba Fureur \u00e9lev\u00e9e - duret\u00e9 en deuxi\u00e8me position avec du diamant, du nitrure de bore cubique;<\/p>\n<p data-section=\"10\">\u25ba R\u00e9sistance \u00e0 la corrosion - L'acide fort et l'alcali n'ont pas de corrosion, la r\u00e9sistance \u00e0 la corrosion est meilleure que le carbure de tungst\u00e8ne et l'alumine;<\/p>\n<p data-section=\"12\">\u25ba L\u00e9ger - densit\u00e9 3,10 g \/ cm3, pr\u00e8s de l'aluminium;<\/p>\n<p data-section=\"14\">\u25ba Aucune d\u00e9formation - tr\u00e8s petit coefficient d'expansion thermique;<\/p>\n<p data-section=\"16\">\u25ba R\u00e9sistance aux chocs thermiques - Le mat\u00e9riau peut r\u00e9sister \u00e0 des changements de temp\u00e9rature rapides, une r\u00e9sistance aux chocs thermiques, une r\u00e9sistance au froid et \u00e0 la chaleur, des performances stables.<\/p>\n<\/p><\/div>\n<\/p><\/div>\n<\/p><\/div>\n<\/p><\/div>\n<\/p><\/div>\n<\/p><\/div>\n<div class=\"fl-col-group fl-node-66851d3a6bebf\" data-node=\"66851d3a6bebf\">\n<div class=\"fl-col fl-node-66851d3a6beff fl-col-has-cols\" data-node=\"66851d3a6beff\" style=\"width: 100%;\">\n<div class=\"fl-col-content fl-node-content\">\n<div class=\"fl-module fl-module-heading fl-node-66851d3a6bf3f\" data-animation-delay=\"0.0\" data-node=\"66851d3a6bf3f\">\n<div class=\"fl-module-content fl-node-content\">\n<h3 class=\"fl-heading\"> <span class=\"fl-heading-text\">Param\u00e8tres techniques:<\/span> <\/h3>\n<\/p><\/div>\n<\/p><\/div>\n<div class=\"fl-col-group fl-node-66851d3a6c13c fl-col-group-nested\" data-node=\"66851d3a6c13c\">\n<div class=\"fl-col fl-node-66851d3a6bffd\" data-node=\"66851d3a6bffd\" style=\"width: 100%;\">\n<div class=\"fl-col-content fl-node-content\">\n<div class=\"fl-module fl-module-photo fl-node-66851d3a6c23c\" data-animation-delay=\"0.0\" data-node=\"66851d3a6c23c\">\n<div class=\"fl-module-content fl-node-content\">\n<div class=\"fl-photo fl-photo-align-center\" itemscope=\"\" itemtype=\"http:\/\/schema.org\/ImageObject\">\n<div class=\"fl-photo-content fl-photo-img-png\"> <img decoding=\"async\" alt=\"Param\u00e8tres de carbure de silicium\" class=\"fl-photo-img wp-image-3336\" itemprop=\"image\" src=\"\/wp-content\/uploads\/2025\/09\/f34bdb8e2db1ea64.webp\"> <\/img><\/div>\n<\/p><\/div>\n<\/p><\/div>\n<\/p><\/div>\n<\/p><\/div>\n<\/p><\/div>\n<\/p><\/div>\n<\/p><\/div>\n<\/p><\/div>\n<\/p><\/div>\n<\/p><\/div>\n<\/p><\/div>\n<\/p><\/div>\n<div class=\"fl-row fl-row-full-width fl-row-bg-none fl-node-66851dcf05c1d\" data-node=\"66851dcf05c1d\">\n<div class=\"fl-row-content-wrap\">\n<div class=\"fl-row-content fl-row-full-width fl-node-content\">\n<div class=\"fl-col-group fl-node-66851dcf05c63\" data-node=\"66851dcf05c63\">\n<div class=\"fl-col fl-node-66851dcf05ca4\" data-node=\"66851dcf05ca4\" style=\"width: 100%;\">\n<div class=\"fl-col-content fl-node-content\">\n<div class=\"fl-module fl-module-photo fl-node-66851dcf05ce4\" data-animation-delay=\"0.0\" data-node=\"66851dcf05ce4\">\n<div class=\"fl-module-content fl-node-content\">\n<div class=\"fl-photo fl-photo-align-center\" itemscope=\"\" itemtype=\"http:\/\/schema.org\/ImageObject\">\n<div class=\"fl-photo-content fl-photo-img-jpg\"> <img decoding=\"async\" alt=\"Lieu de travail Semiera\" class=\"fl-photo-img wp-image-9038\" itemprop=\"image\" src=\"\/wp-content\/uploads\/2025\/09\/b1dd0bcab1675ff4.webp\"> <\/img><\/div>\n<\/p><\/div>\n<\/p><\/div>\n<\/p><\/div>\n<div class=\"fl-module fl-module-photo fl-node-66851dcf05e23\" data-animation-delay=\"0.0\" data-node=\"66851dcf05e23\">\n<div class=\"fl-module-content fl-node-content\">\n<div class=\"fl-photo fl-photo-align-center\" itemscope=\"\" itemtype=\"http:\/\/schema.org\/ImageObject\">\n<div class=\"fl-photo-content fl-photo-img-jpg\"> <img decoding=\"async\" alt=\"Semirara Lieu de travail 2\" class=\"fl-photo-img wp-image-9037\" itemprop=\"image\" src=\"\/wp-content\/uploads\/2025\/09\/2b946d2b4b61306d.webp\"> <\/img><\/div>\n<\/p><\/div>\n<\/p><\/div>\n<\/p><\/div>\n<div class=\"fl-module fl-module-photo fl-node-66851dcf05de4\" data-animation-delay=\"0.0\" data-node=\"66851dcf05de4\">\n<div class=\"fl-module-content fl-node-content\">\n<div class=\"fl-photo fl-photo-align-center\" itemscope=\"\" itemtype=\"http:\/\/schema.org\/ImageObject\">\n<div class=\"fl-photo-content fl-photo-img-jpg\"> <img decoding=\"async\" alt=\"Machine de mat\u00e9riel\" class=\"fl-photo-img wp-image-9034 size-full\" itemprop=\"image\" src=\"\/wp-content\/uploads\/2025\/09\/081b6529d68ead23.webp\"> <\/img><\/div>\n<\/p><\/div>\n<\/p><\/div>\n<\/p><\/div>\n<div class=\"fl-module fl-module-photo fl-node-66851dcf05da4\" data-animation-delay=\"0.0\" data-node=\"66851dcf05da4\">\n<div class=\"fl-module-content fl-node-content\">\n<div class=\"fl-photo fl-photo-align-center\" itemscope=\"\" itemtype=\"http:\/\/schema.org\/ImageObject\">\n<div class=\"fl-photo-content fl-photo-img-jpg\"> <img decoding=\"async\" alt=\"Traitement CNN, nettoyage chimique, rev\u00eatement CVD\" class=\"fl-photo-img wp-image-9033\" itemprop=\"image\" src=\"\/wp-content\/uploads\/2025\/09\/a4132b2b399abbac.webp\"> <\/img><\/div>\n<\/p><\/div>\n<\/p><\/div>\n<\/p><\/div>\n<div class=\"fl-module fl-module-photo fl-node-66851dcf05d64\" data-animation-delay=\"0.0\" data-node=\"66851dcf05d64\">\n<div class=\"fl-module-content fl-node-content\">\n<div class=\"fl-photo fl-photo-align-center\" itemscope=\"\" itemtype=\"http:\/\/schema.org\/ImageObject\">\n<div class=\"fl-photo-content fl-photo-img-jpg\"> <img decoding=\"async\" alt=\"Maison des articles semira\" class=\"fl-photo-img wp-image-9036\" itemprop=\"image\" src=\"\/wp-content\/uploads\/2025\/09\/2190bb9ce5c1d546.webp\"> <\/img><\/div>\n<\/p><\/div>\n<\/p><\/div>\n<\/p><\/div>\n<div class=\"fl-module fl-module-photo fl-node-66851dcf05d24\" data-animation-delay=\"0.0\" data-node=\"66851dcf05d24\">\n<div class=\"fl-module-content fl-node-content\">\n<div class=\"fl-photo fl-photo-align-center\" itemscope=\"\" itemtype=\"http:\/\/schema.org\/ImageObject\">\n<div class=\"fl-photo-content fl-photo-img-jpg\"> <img decoding=\"async\" alt=\"Notre service\" class=\"fl-photo-img wp-image-9035\" itemprop=\"image\" src=\"\/wp-content\/uploads\/2025\/09\/b07f222c0ec0ab8d.webp\"> <\/img><\/div>\n<\/p><\/div>\n<\/p><\/div>\n<\/p><\/div>\n<\/p><\/div>\n<\/p><\/div>\n<\/p><\/div>\n<\/p><\/div>\n<\/p><\/div>\n<\/p><\/div>\n<\/div>","protected":false},"excerpt":{"rendered":"<p>Les rouleaux en c\u00e9ramique SIC sont un rouleau haute performance largement utilis\u00e9 dans les industries de transformation des m\u00e9taux et d'impression. Les rouleaux en c\u00e9ramique SIC ont attir\u00e9 beaucoup d'attention pour leurs excellentes propri\u00e9t\u00e9s physiques et chimiques, et peuvent fournir une excellente r\u00e9sistance \u00e0 l'usure, une r\u00e9sistance \u00e0 haute temp\u00e9rature et une r\u00e9sistance \u00e0 la corrosion.<\/p>","protected":false},"featured_media":813,"comment_status":"closed","ping_status":"open","template":"","meta":[],"product_brand":[],"product_cat":[58,24],"product_tag":[],"class_list":{"0":"post-1458","1":"product","2":"type-product","3":"status-publish","4":"has-post-thumbnail","6":"product_cat-sic-furnace-tube","7":"product_cat-silicon-carbide-ceramic","9":"first","10":"instock","11":"product-type-simple"},"_links":{"self":[{"href":"https:\/\/www.cn-semiconductorparts.com\/fr\/wp-json\/wp\/v2\/product\/1458","targetHints":{"allow":["GET"]}}],"collection":[{"href":"https:\/\/www.cn-semiconductorparts.com\/fr\/wp-json\/wp\/v2\/product"}],"about":[{"href":"https:\/\/www.cn-semiconductorparts.com\/fr\/wp-json\/wp\/v2\/types\/product"}],"replies":[{"embeddable":true,"href":"https:\/\/www.cn-semiconductorparts.com\/fr\/wp-json\/wp\/v2\/comments?post=1458"}],"wp:featuredmedia":[{"embeddable":true,"href":"https:\/\/www.cn-semiconductorparts.com\/fr\/wp-json\/wp\/v2\/media\/813"}],"wp:attachment":[{"href":"https:\/\/www.cn-semiconductorparts.com\/fr\/wp-json\/wp\/v2\/media?parent=1458"}],"wp:term":[{"taxonomy":"product_brand","embeddable":true,"href":"https:\/\/www.cn-semiconductorparts.com\/fr\/wp-json\/wp\/v2\/product_brand?post=1458"},{"taxonomy":"product_cat","embeddable":true,"href":"https:\/\/www.cn-semiconductorparts.com\/fr\/wp-json\/wp\/v2\/product_cat?post=1458"},{"taxonomy":"product_tag","embeddable":true,"href":"https:\/\/www.cn-semiconductorparts.com\/fr\/wp-json\/wp\/v2\/product_tag?post=1458"}],"curies":[{"name":"WP","href":"https:\/\/api.w.org\/{rel}","templated":true}]}}