{"id":1461,"date":"2025-09-11T05:29:13","date_gmt":"2025-09-11T05:29:13","guid":{"rendered":"https:\/\/weitai2.globaldeepsea.site\/product\/high-purity-pyrolytic-carbon-coated-rigid-felt-ring\/"},"modified":"2025-09-11T05:29:15","modified_gmt":"2025-09-11T05:29:15","slug":"high-purity-pyrolytic-carbon-coated-rigid-felt-ring","status":"publish","type":"product","link":"https:\/\/www.cn-semiconductorparts.com\/fr\/product\/high-purity-pyrolytic-carbon-coated-rigid-felt-ring\/","title":{"rendered":"Bague de feutre rigide \u00e0 rev\u00eatement en carbone pyrolytique de haute puret\u00e9"},"content":{"rendered":"<div class=\"fl-builder-content fl-builder-content-9244 fl-builder-content-primary fl-builder-global-templates-locked\" data-post-id=\"9244\">\n<div class=\"fl-row fl-row-full-width fl-row-bg-none fl-node-667fc4e5bb7c5\" data-node=\"667fc4e5bb7c5\">\n<div class=\"fl-row-content-wrap\">\n<div class=\"fl-row-content fl-row-full-width fl-node-content\">\n<div class=\"fl-col-group fl-node-667fc4e5bb809\" data-node=\"667fc4e5bb809\">\n<div class=\"fl-col fl-node-667fc4e5bb84b\" data-node=\"667fc4e5bb84b\" style=\"width: 100%;\">\n<div class=\"fl-col-content fl-node-content\">\n<div class=\"fl-module fl-module-rich-text fl-node-667fc4e5bb993\" data-animation-delay=\"0.0\" data-node=\"667fc4e5bb993\">\n<div class=\"fl-module-content fl-node-content\">\n<div class=\"fl-rich-text\">\n<p>The main function of the pyrolytic carbon coated high purity hard felt ring is to provide excellent sealing performance and thermal protection. It can be used in various high temperature equipment and processes, such as high temperature furnaces, burners, petrochemical process units, etc. The material can effectively isolate and prevent the leakage of high temperature gases, liquids or solids, and can resist chemical corrosion and wear.<\/p>\n<\/p><\/div>\n<\/p><\/div>\n<\/p><\/div>\n<div class=\"fl-module fl-module-rich-text fl-node-667fc5004eaa9\" data-animation-delay=\"0.0\" data-node=\"667fc5004eaa9\">\n<div class=\"fl-module-content fl-node-content\">\n<div class=\"fl-rich-text\">\n<div><span style=\"font-family: \u5fae\u8f6f\u96c5\u9ed1;\">Pyrolytic carbon coating is a thin layer of pyrolytic carbon coated on the surface of highly purified isostatic\u00a0<\/span><span style=\"font-family: \u5fae\u8f6f\u96c5\u9ed1;\">Graphite utilisant la technologie de d\u00e9p\u00f4t chimique de vapeur (CVD). Il a une densit\u00e9 \u00e9lev\u00e9e, de haute puret\u00e9 et anisotrope\u00a0<\/span><span style=\"font-family: \u5fae\u8f6f\u96c5\u9ed1;\">Propri\u00e9t\u00e9s thermiques, \u00e9lectriques, magn\u00e9tiques et m\u00e9caniques.<\/span><\/div>\n<\/p><\/div>\n<\/p><\/div>\n<\/p><\/div>\n<\/p><\/div>\n<\/p><\/div>\n<\/p><\/div>\n<div class=\"fl-col-group fl-node-667fc4e5bb8cf\" data-node=\"667fc4e5bb8cf\">\n<div class=\"fl-col fl-node-667fc4e5bb910\" data-node=\"667fc4e5bb910\" style=\"width: 100%;\">\n<div class=\"fl-col-content fl-node-content\">\n<div class=\"fl-module fl-module-heading fl-node-667fc4e5bb951\" data-animation-delay=\"0.0\" data-node=\"667fc4e5bb951\">\n<div class=\"fl-module-content fl-node-content\">\n<h3 class=\"fl-heading\"> <span class=\"fl-heading-text\">Les plumes principales \uff1a<\/span> <\/h3>\n<\/p><\/div>\n<\/p><\/div>\n<div class=\"fl-module fl-module-rich-text fl-node-667fc4e5bb88e\" data-animation-delay=\"0.0\" data-node=\"667fc4e5bb88e\">\n<div class=\"fl-module-content fl-node-content\">\n<div class=\"fl-rich-text\">\n<div><span style=\"font-family: \u5fae\u8f6f\u96c5\u9ed1;\">1. La surface est dense et exempte de pores.<\/span><\/div>\n<div>\n<div>\u00a0<\/div>\n<div><span style=\"font-family: \u5fae\u8f6f\u96c5\u9ed1;\">2. Puret\u00e9 \u00e9lev\u00e9e, contenu total d'impuret\u00e9s &lt;20 ppm,<\/span><span style=\"font-family: \u5fae\u8f6f\u96c5\u9ed1;\">Bonne \u00e9tanch\u00e9it\u00e9.<\/span><\/div>\n<div>\u00a0<\/div>\n<div>3.\u00a0<span style=\"font-family: \u5fae\u8f6f\u96c5\u9ed1;\">R\u00e9sistance \u00e0 haute temp\u00e9rature, la r\u00e9sistance augmente avec l'augmentation de la temp\u00e9rature d'utilisation, atteignant le plus \u00e9lev\u00e9\u00a0<\/span><span style=\"font-family: \u5fae\u8f6f\u96c5\u9ed1;\">valeur \u00e0 2750 \u2103, sublimation \u00e0 3600 \u2103.<\/span><\/div>\n<div>\u00a0<\/div>\n<div>4.\u00a0<span style=\"font-family: \u5fae\u8f6f\u96c5\u9ed1;\">Module \u00e9lastique faible, conductivit\u00e9 thermique \u00e9lev\u00e9e, coefficient de dilatation thermique faible,\u00a0<\/span><span style=\"font-family: \u5fae\u8f6f\u96c5\u9ed1;\">et une excellente r\u00e9sistance aux chocs thermiques.<\/span><\/div>\n<div>\u00a0<\/div>\n<div>5.\u00a0<span style=\"font-family: \u5fae\u8f6f\u96c5\u9ed1;\">Bonne stabilit\u00e9 chimique, r\u00e9sistante aux r\u00e9actifs acides, alcalins, sel et organiques, et a\u00a0<\/span><span style=\"font-family: \u5fae\u8f6f\u96c5\u9ed1;\">Aucun effet sur les m\u00e9taux en fusion, les scories et autres milieux corrosifs. Il ne s'oxyde pas\u00a0<\/span><span style=\"font-family: \u5fae\u8f6f\u96c5\u9ed1;\">significativement dans l'atmosph\u00e8re inf\u00e9rieure \u00e0 400 \u2103 et le taux d'oxydation significativement\u00a0<\/span><span style=\"font-family: \u5fae\u8f6f\u96c5\u9ed1;\">augmente \u00e0 800 \u2103.<\/span><\/div>\n<div>\n<div>\u00a0<\/div>\n<div><span style=\"font-family: \u5fae\u8f6f\u96c5\u9ed1;\">6. Sans lib\u00e9rer de gaz \u00e0 des temp\u00e9ratures \u00e9lev\u00e9es, il peut maintenir un vide de\u00a0<\/span><span style=\"font-family: \u5fae\u8f6f\u96c5\u9ed1;\">10-7 mmhg \u00e0 environ 1800 \u2103.<\/span><\/div>\n<\/p><\/div>\n<\/p><\/div>\n<\/p><\/div>\n<\/p><\/div>\n<\/p><\/div>\n<\/p><\/div>\n<\/p><\/div>\n<\/p><\/div>\n<div class=\"fl-col-group fl-node-667fc4e5bba15\" data-node=\"667fc4e5bba15\">\n<div class=\"fl-col fl-node-667fc4e5bba57\" data-node=\"667fc4e5bba57\" style=\"width: 100%;\">\n<div class=\"fl-col-content fl-node-content\">\n<div class=\"fl-module fl-module-heading fl-node-667fc4e5bb9d4\" data-animation-delay=\"0.0\" data-node=\"667fc4e5bb9d4\">\n<div class=\"fl-module-content fl-node-content\">\n<h3 class=\"fl-heading\"> <span class=\"fl-heading-text\">ProductPapplication:<\/span> <\/h3>\n<\/p><\/div>\n<\/p><\/div>\n<div class=\"fl-module fl-module-rich-text fl-node-667fc4e5bba98\" data-animation-delay=\"0.0\" data-node=\"667fc4e5bba98\">\n<div class=\"fl-module-content fl-node-content\">\n<div class=\"fl-rich-text\">\n<div><span style=\"font-family: \u5fae\u8f6f\u96c5\u9ed1;\">1. Faire fusionner le creuset pour l'\u00e9vaporation en\u00a0<\/span><span style=\"font-family: \u5fae\u8f6f\u96c5\u9ed1;\">industrie des semi-conducteurs.<\/span><\/div>\n<div>\n<div>\u00a0<\/div>\n<div><span style=\"font-family: \u5fae\u8f6f\u96c5\u9ed1;\">2. Porte de tube \u00e9lectronique haute puissance.<\/span><\/div>\n<div>\n<div>\u00a0<\/div>\n<div><span style=\"font-family: \u5fae\u8f6f\u96c5\u9ed1;\">3. Brosser qui contacte le r\u00e9gulateur de tension.<\/span><\/div>\n<div>\n<div>\u00a0<\/div>\n<div><span style=\"font-family: \u5fae\u8f6f\u96c5\u9ed1;\">4. Monochromateur de graphite pour les rayons X et les neutrons.<\/span><\/div>\n<div>\n<div>\u00a0<\/div>\n<div><span style=\"font-family: \u5fae\u8f6f\u96c5\u9ed1;\">5. Diverses formes de substrats de graphite et<\/span><span style=\"font-family: \u5fae\u8f6f\u96c5\u9ed1;\">rev\u00eatement de tube d'absorption atomique.<\/span><\/div>\n<\/p><\/div>\n<\/p><\/div>\n<\/p><\/div>\n<\/p><\/div>\n<\/p><\/div>\n<\/p><\/div>\n<\/p><\/div>\n<\/p><\/div>\n<\/p><\/div>\n<\/p><\/div>\n<div class=\"fl-col-group fl-node-667fc4e5bbad9\" data-node=\"667fc4e5bbad9\">\n<div class=\"fl-col fl-node-667fc4e5bbb1a\" data-node=\"667fc4e5bbb1a\" style=\"width: 100%;\">\n<div class=\"fl-col-content fl-node-content\">\n<div class=\"fl-module fl-module-photo fl-node-667fc4e5bbb5b\" data-animation-delay=\"0.0\" data-node=\"667fc4e5bbb5b\">\n<div class=\"fl-module-content fl-node-content\">\n<div class=\"fl-photo fl-photo-align-center\" itemscope=\"\" itemtype=\"http:\/\/schema.org\/ImageObject\">\n<div class=\"fl-photo-content fl-photo-img-png\"> <img decoding=\"async\" alt=\"image\" class=\"fl-photo-img wp-image-9239\" itemprop=\"image\" src=\"\/wp-content\/uploads\/2025\/09\/f0a1f70226f1e210.webp\"> <\/img><\/div>\n<\/p><\/div>\n<\/p><\/div>\n<\/p><\/div>\n<div class=\"fl-module fl-module-heading fl-node-667fc4e5bbb9c\" data-animation-delay=\"0.0\" data-node=\"667fc4e5bbb9c\">\n<div class=\"fl-module-content fl-node-content\">\n<h3 class=\"fl-heading\"> <span class=\"fl-heading-text\">Effet de rev\u00eatement de carbone pyrolytique au microscope 500x, avec surface intacte et scell\u00e9e.<\/span> <\/h3>\n<\/p><\/div>\n<\/p><\/div>\n<\/p><\/div>\n<\/p><\/div>\n<\/p><\/div>\n<\/p><\/div>\n<\/p><\/div>\n<\/p><\/div>\n<div class=\"fl-row fl-row-full-width fl-row-bg-none fl-node-667fc4e5bbbe6\" data-node=\"667fc4e5bbbe6\">\n<div class=\"fl-row-content-wrap\">\n<div class=\"fl-row-content fl-row-full-width fl-node-content\">\n<div class=\"fl-col-group fl-node-667fc4e5bbc27\" data-node=\"667fc4e5bbc27\">\n<div class=\"fl-col fl-node-667fc4e5bbc6f\" data-node=\"667fc4e5bbc6f\" style=\"width: 100%;\">\n<div class=\"fl-col-content fl-node-content\">\n<div class=\"fl-module fl-module-photo fl-node-667fc4e5bbcb1\" data-animation-delay=\"0.0\" data-node=\"667fc4e5bbcb1\">\n<div class=\"fl-module-content fl-node-content\">\n<div class=\"fl-photo fl-photo-align-center\" itemscope=\"\" itemtype=\"http:\/\/schema.org\/ImageObject\">\n<div class=\"fl-photo-content fl-photo-img-jpg\"> <img decoding=\"async\" alt=\"Lieu de travail Semiera\" class=\"fl-photo-img wp-image-9038\" itemprop=\"image\" src=\"\/wp-content\/uploads\/2025\/09\/b1dd0bcab1675ff4.webp\"> <\/img><\/div>\n<\/p><\/div>\n<\/p><\/div>\n<\/p><\/div>\n<div class=\"fl-module fl-module-photo fl-node-667fc4e5bbdf7\" data-animation-delay=\"0.0\" data-node=\"667fc4e5bbdf7\">\n<div class=\"fl-module-content fl-node-content\">\n<div class=\"fl-photo fl-photo-align-center\" itemscope=\"\" itemtype=\"http:\/\/schema.org\/ImageObject\">\n<div class=\"fl-photo-content fl-photo-img-jpg\"> <img decoding=\"async\" alt=\"Semirara Lieu de travail 2\" class=\"fl-photo-img wp-image-9037\" itemprop=\"image\" src=\"\/wp-content\/uploads\/2025\/09\/2b946d2b4b61306d.webp\"> <\/img><\/div>\n<\/p><\/div>\n<\/p><\/div>\n<\/p><\/div>\n<div class=\"fl-module fl-module-photo fl-node-667fc4e5bbdb5\" data-animation-delay=\"0.0\" data-node=\"667fc4e5bbdb5\">\n<div class=\"fl-module-content fl-node-content\">\n<div class=\"fl-photo fl-photo-align-center\" itemscope=\"\" itemtype=\"http:\/\/schema.org\/ImageObject\">\n<div class=\"fl-photo-content fl-photo-img-jpg\"> <img decoding=\"async\" alt=\"Machine de mat\u00e9riel\" class=\"fl-photo-img wp-image-9034 size-full\" itemprop=\"image\" src=\"\/wp-content\/uploads\/2025\/09\/081b6529d68ead23.webp\"> <\/img><\/div>\n<\/p><\/div>\n<\/p><\/div>\n<\/p><\/div>\n<div class=\"fl-module fl-module-photo fl-node-667fc4e5bbd74\" data-animation-delay=\"0.0\" data-node=\"667fc4e5bbd74\">\n<div class=\"fl-module-content fl-node-content\">\n<div class=\"fl-photo fl-photo-align-center\" itemscope=\"\" itemtype=\"http:\/\/schema.org\/ImageObject\">\n<div class=\"fl-photo-content fl-photo-img-jpg\"> <img decoding=\"async\" alt=\"Traitement CNN, nettoyage chimique, rev\u00eatement CVD\" class=\"fl-photo-img wp-image-9033\" itemprop=\"image\" src=\"\/wp-content\/uploads\/2025\/09\/a4132b2b399abbac.webp\"> <\/img><\/div>\n<\/p><\/div>\n<\/p><\/div>\n<\/p><\/div>\n<div class=\"fl-module fl-module-photo fl-node-667fc4e5bbd33\" data-animation-delay=\"0.0\" data-node=\"667fc4e5bbd33\">\n<div class=\"fl-module-content fl-node-content\">\n<div class=\"fl-photo fl-photo-align-center\" itemscope=\"\" itemtype=\"http:\/\/schema.org\/ImageObject\">\n<div class=\"fl-photo-content fl-photo-img-jpg\"> <img decoding=\"async\" alt=\"Maison des articles semira\" class=\"fl-photo-img wp-image-9036\" itemprop=\"image\" src=\"\/wp-content\/uploads\/2025\/09\/2190bb9ce5c1d546.webp\"> <\/img><\/div>\n<\/p><\/div>\n<\/p><\/div>\n<\/p><\/div>\n<div class=\"fl-module fl-module-photo fl-node-667fc4e5bbcf2\" data-animation-delay=\"0.0\" data-node=\"667fc4e5bbcf2\">\n<div class=\"fl-module-content fl-node-content\">\n<div class=\"fl-photo fl-photo-align-center\" itemscope=\"\" itemtype=\"http:\/\/schema.org\/ImageObject\">\n<div class=\"fl-photo-content fl-photo-img-jpg\"> <img decoding=\"async\" alt=\"Notre service\" class=\"fl-photo-img wp-image-9035\" itemprop=\"image\" src=\"\/wp-content\/uploads\/2025\/09\/b07f222c0ec0ab8d.webp\"> <\/img><\/div>\n<\/p><\/div>\n<\/p><\/div>\n<\/p><\/div>\n<\/p><\/div>\n<\/p><\/div>\n<\/p><\/div>\n<\/p><\/div>\n<\/p><\/div>\n<\/p><\/div>\n<\/div>","protected":false},"excerpt":{"rendered":"<p>Semicera\u2019s High-Purity Pyrolytic Carbon Coated Rigid Felt Ring features\u00a0a robust combination of advanced pyrolytic carbon coating and high-quality rigid felt material, delivering superior heat and corrosion resistance. This innovative component is essential for semiconductor and high-temperature applications, providing exceptional performance and durability. Semicera ensures that each ring meets the highest standards for temperature control and material longevity, making it ideal for demanding industrial environments.<\/p>","protected":false},"featured_media":989,"comment_status":"closed","ping_status":"open","template":"","meta":[],"product_brand":[],"product_cat":[58,24],"product_tag":[],"class_list":{"0":"post-1461","1":"product","2":"type-product","3":"status-publish","4":"has-post-thumbnail","6":"product_cat-sic-furnace-tube","7":"product_cat-silicon-carbide-ceramic","9":"first","10":"instock","11":"product-type-simple"},"_links":{"self":[{"href":"https:\/\/www.cn-semiconductorparts.com\/fr\/wp-json\/wp\/v2\/product\/1461","targetHints":{"allow":["GET"]}}],"collection":[{"href":"https:\/\/www.cn-semiconductorparts.com\/fr\/wp-json\/wp\/v2\/product"}],"about":[{"href":"https:\/\/www.cn-semiconductorparts.com\/fr\/wp-json\/wp\/v2\/types\/product"}],"replies":[{"embeddable":true,"href":"https:\/\/www.cn-semiconductorparts.com\/fr\/wp-json\/wp\/v2\/comments?post=1461"}],"wp:featuredmedia":[{"embeddable":true,"href":"https:\/\/www.cn-semiconductorparts.com\/fr\/wp-json\/wp\/v2\/media\/989"}],"wp:attachment":[{"href":"https:\/\/www.cn-semiconductorparts.com\/fr\/wp-json\/wp\/v2\/media?parent=1461"}],"wp:term":[{"taxonomy":"product_brand","embeddable":true,"href":"https:\/\/www.cn-semiconductorparts.com\/fr\/wp-json\/wp\/v2\/product_brand?post=1461"},{"taxonomy":"product_cat","embeddable":true,"href":"https:\/\/www.cn-semiconductorparts.com\/fr\/wp-json\/wp\/v2\/product_cat?post=1461"},{"taxonomy":"product_tag","embeddable":true,"href":"https:\/\/www.cn-semiconductorparts.com\/fr\/wp-json\/wp\/v2\/product_tag?post=1461"}],"curies":[{"name":"WP","href":"https:\/\/api.w.org\/{rel}","templated":true}]}}