{"id":1462,"date":"2025-09-11T05:29:13","date_gmt":"2025-09-11T05:29:13","guid":{"rendered":"https:\/\/weitai2.globaldeepsea.site\/product\/silicon-carbide-ceramic-tube\/"},"modified":"2025-09-11T05:29:16","modified_gmt":"2025-09-11T05:29:16","slug":"silicon-carbide-ceramic-tube","status":"publish","type":"product","link":"https:\/\/www.cn-semiconductorparts.com\/fr\/product\/silicon-carbide-ceramic-tube\/","title":{"rendered":"Tube en c\u00e9ramique en carbure de silicium"},"content":{"rendered":"<div class=\"fl-builder-content fl-builder-content-9358 fl-builder-content-primary fl-builder-global-templates-locked\" data-post-id=\"9358\">\n<div class=\"fl-row fl-row-full-width fl-row-bg-none fl-node-66879f32402fa\" data-node=\"66879f32402fa\">\n<div class=\"fl-row-content-wrap\">\n<div class=\"fl-row-content fl-row-full-width fl-node-content\">\n<div class=\"fl-col-group fl-node-66879f324033e\" data-node=\"66879f324033e\">\n<div class=\"fl-col fl-node-66879f324037f\" data-node=\"66879f324037f\" style=\"width: 100%;\">\n<div class=\"fl-col-content fl-node-content\">\n<div class=\"fl-module fl-module-rich-text fl-node-66879f324057e\" data-animation-delay=\"0.0\" data-node=\"66879f324057e\">\n<div class=\"fl-module-content fl-node-content\">\n<div class=\"fl-rich-text\">\n<p>Le tube en c\u00e9ramique en carbure de silicium a une excellente stabilit\u00e9 \u00e0 haute temp\u00e9rature et peut maintenir sa structure et ses performances dans des environnements \u00e0 temp\u00e9rature extr\u00eamement \u00e9lev\u00e9e. Il peut r\u00e9sister \u00e0 des temp\u00e9ratures \u00e9lev\u00e9es jusqu'\u00e0 des milliers de degr\u00e9s Celsius, il a donc une large gamme d'utilisations dans des applications \u00e0 haute temp\u00e9rature. De plus, le tube en c\u00e9ramique en carbure de silicium a \u00e9galement une bonne conductivit\u00e9 thermique et peut effectuer efficacement la chaleur, ce qui lui fait jouer un r\u00f4le important dans le domaine de la gestion thermique et de la dissipation de la chaleur.<\/p>\n<p>Le tube c\u00e9ramique en carbure de silicium pr\u00e9sente \u00e9galement une excellente stabilit\u00e9 chimique et une r\u00e9sistance \u00e0 la corrosion. Il a une bonne r\u00e9sistance \u00e0 de nombreux acides, alcalis et autres produits chimiques, ce qui le rend largement utilis\u00e9 dans les processus chimiques, les environnements corrosifs et le traitement acide-base. De plus, le tube en c\u00e9ramique en carbure de silicium a \u00e9galement un faible coefficient d'expansion thermique, ce qui lui permet de maintenir une bonne stabilit\u00e9 lorsque la temp\u00e9rature change.<\/p>\n<p>Le tube en c\u00e9ramique en carbure de silicium propose un large \u00e9ventail d'applications dans de nombreuses industries. Dans les fours \u00e0 haute temp\u00e9rature, l'\u00e9quipement de traitement thermique et les br\u00fbleurs, le tube en c\u00e9ramique en carbure de silicium peut \u00eatre utilis\u00e9 comme internes de fournaises, mat\u00e9riaux r\u00e9fractaires et mat\u00e9riaux d'isolation thermique. Dans l'industrie chimique, il peut \u00eatre utilis\u00e9 pour les pipelines, les r\u00e9acteurs et les r\u00e9servoirs de stockage pour les milieux corrosifs. De plus, le tube en c\u00e9ramique en carbure de silicium est \u00e9galement largement utilis\u00e9 dans la fabrication de semi-conducteurs, l'industrie solaire, l'\u00e9quipement \u00e9lectronique et l'a\u00e9rospatiale.<\/p>\n<\/p><\/div>\n<\/p><\/div>\n<\/p><\/div>\n<\/p><\/div>\n<\/p><\/div>\n<\/p><\/div>\n<div class=\"fl-col-group fl-node-66879f32405bd\" data-node=\"66879f32405bd\">\n<div class=\"fl-col fl-node-6687a0d805e1d fl-col-small\" data-node=\"6687a0d805e1d\" style=\"width: 49.78%;\">\n<div class=\"fl-col-content fl-node-content\">\n<div class=\"fl-module fl-module-photo fl-node-66879f32404be\" data-animation-delay=\"0.0\" data-node=\"66879f32404be\">\n<div class=\"fl-module-content fl-node-content\">\n<div class=\"fl-photo fl-photo-align-center\" itemscope=\"\" itemtype=\"http:\/\/schema.org\/ImageObject\">\n<div class=\"fl-photo-content fl-photo-img-png\"> <img decoding=\"async\" alt=\"Tube en c\u00e9ramique en carbure de silicium (3)\" class=\"fl-photo-img wp-image-9371\" itemprop=\"image\" src=\"\/wp-content\/uploads\/2025\/09\/d55d9ba421154a39.webp\"> <\/img><\/div>\n<\/p><\/div>\n<\/p><\/div>\n<\/p><\/div>\n<\/p><\/div>\n<\/p><\/div>\n<div class=\"fl-col fl-node-66879f32405fd\" data-node=\"66879f32405fd\" style=\"width: 50.22%;\">\n<div class=\"fl-col-content fl-node-content\">\n<div class=\"fl-module fl-module-rich-text fl-node-66879f324053e\" data-animation-delay=\"0.0\" data-node=\"66879f324053e\">\n<div class=\"fl-module-content fl-node-content\">\n<div class=\"fl-rich-text\">\n<p>La forme et la taille peuvent \u00eatre personnalis\u00e9es en fonction des exigences<\/p>\n<p>Tr\u00e8s haute duret\u00e9 (HV10): 22,2 (GPA)<\/p>\n<p>Densit\u00e9 tr\u00e8s faible (3,10-3,20 g \/ cm\u00b3)<\/p>\n<p>\u00c0 des temp\u00e9ratures jusqu'\u00e0 1400 \u2103, le sic peut m\u00eame maintenir sa force<\/p>\n<p>En raison de sa stabilit\u00e9 chimique et physique, le SIC a une forte r\u00e9sistance \u00e0 la duret\u00e9 et \u00e0 la corrosion.<\/p>\n<\/p><\/div>\n<\/p><\/div>\n<\/p><\/div>\n<\/p><\/div>\n<\/p><\/div>\n<\/p><\/div>\n<div class=\"fl-col-group fl-node-66879f324067c\" data-node=\"66879f324067c\">\n<div class=\"fl-col fl-node-66879f32406bc\" data-node=\"66879f32406bc\" style=\"width: 100%;\">\n<div class=\"fl-col-content fl-node-content\">\n<div class=\"fl-module fl-module-gallery fl-node-66879f32406fe\" data-animation-delay=\"0.0\" data-node=\"66879f32406fe\">\n<div class=\"fl-module-content fl-node-content\">\n<div class=\"fl-mosaicflow\">\n<div class=\"fl-mosaicflow-content\">\n<div class=\"fl-mosaicflow-item\">\n<div class=\"fl-photo fl-photo-align-center\" itemscope=\"\" itemtype=\"http:\/\/schema.org\/ImageObject\">\n<div class=\"fl-photo-content fl-photo-img-png\"> <a href=\"\/fr\/uploads\/Silicon-carbide-ceramic-tube-11.webp\/\" itemprop=\"url\" target=\"_self\"> <img decoding=\"async\" alt=\"Tube en c\u00e9ramique en carbure de silicium (1)\" class=\"fl-photo-img wp-image-9369\" itemprop=\"image\" src=\"\/wp-content\/uploads\/2025\/09\/0f140fb8cca2115b.webp\"> <\/img><\/a> <\/div>\n<\/p><\/div>\n<\/p><\/div>\n<div class=\"fl-mosaicflow-item\">\n<div class=\"fl-photo fl-photo-align-center\" itemscope=\"\" itemtype=\"http:\/\/schema.org\/ImageObject\">\n<div class=\"fl-photo-content fl-photo-img-png\"> <a href=\"\/fr\/uploads\/Silicon-carbide-ceramic-tube-21.webp\/\" itemprop=\"url\" target=\"_self\"> <img decoding=\"async\" alt=\"Tube en c\u00e9ramique en carbure de silicium (2)\" class=\"fl-photo-img wp-image-9370\" itemprop=\"image\" src=\"\/wp-content\/uploads\/2025\/09\/82a546b3e21e36f9.webp\"> <\/img><\/a> <\/div>\n<\/p><\/div>\n<\/p><\/div>\n<\/p><\/div>\n<div class=\"fl-clear\"><\/div>\n<\/p><\/div>\n<\/p><\/div>\n<\/p><\/div>\n<\/p><\/div>\n<\/p><\/div>\n<\/p><\/div>\n<\/p><\/div>\n<\/p><\/div>\n<\/p><\/div>\n<div class=\"fl-row fl-row-full-width fl-row-bg-none fl-node-6687a12431887\" data-node=\"6687a12431887\">\n<div class=\"fl-row-content-wrap\">\n<div class=\"fl-row-content fl-row-full-width fl-node-content\">\n<div class=\"fl-col-group fl-node-6687a124318d0\" data-node=\"6687a124318d0\">\n<div class=\"fl-col fl-node-6687a12431913\" data-node=\"6687a12431913\" style=\"width: 100%;\">\n<div class=\"fl-col-content fl-node-content\">\n<div class=\"fl-module fl-module-photo fl-node-6687a12431954\" data-animation-delay=\"0.0\" data-node=\"6687a12431954\">\n<div class=\"fl-module-content fl-node-content\">\n<div class=\"fl-photo fl-photo-align-center\" itemscope=\"\" itemtype=\"http:\/\/schema.org\/ImageObject\">\n<div class=\"fl-photo-content fl-photo-img-jpg\"> <img decoding=\"async\" alt=\"Lieu de travail Semiera\" class=\"fl-photo-img wp-image-9038\" itemprop=\"image\" src=\"\/wp-content\/uploads\/2025\/09\/b1dd0bcab1675ff4.webp\"> <\/img><\/div>\n<\/p><\/div>\n<\/p><\/div>\n<\/p><\/div>\n<div class=\"fl-module fl-module-photo fl-node-6687a12431a9a\" data-animation-delay=\"0.0\" data-node=\"6687a12431a9a\">\n<div class=\"fl-module-content fl-node-content\">\n<div class=\"fl-photo fl-photo-align-center\" itemscope=\"\" itemtype=\"http:\/\/schema.org\/ImageObject\">\n<div class=\"fl-photo-content fl-photo-img-jpg\"> <img decoding=\"async\" alt=\"Semirara Lieu de travail 2\" class=\"fl-photo-img wp-image-9037\" itemprop=\"image\" src=\"\/wp-content\/uploads\/2025\/09\/2b946d2b4b61306d.webp\"> <\/img><\/div>\n<\/p><\/div>\n<\/p><\/div>\n<\/p><\/div>\n<div class=\"fl-module fl-module-photo fl-node-6687a12431a59\" data-animation-delay=\"0.0\" data-node=\"6687a12431a59\">\n<div class=\"fl-module-content fl-node-content\">\n<div class=\"fl-photo fl-photo-align-center\" itemscope=\"\" itemtype=\"http:\/\/schema.org\/ImageObject\">\n<div class=\"fl-photo-content fl-photo-img-jpg\"> <img decoding=\"async\" alt=\"Machine de mat\u00e9riel\" class=\"fl-photo-img wp-image-9034 size-full\" itemprop=\"image\" src=\"\/wp-content\/uploads\/2025\/09\/081b6529d68ead23.webp\"> <\/img><\/div>\n<\/p><\/div>\n<\/p><\/div>\n<\/p><\/div>\n<div class=\"fl-module fl-module-photo fl-node-6687a12431a18\" data-animation-delay=\"0.0\" data-node=\"6687a12431a18\">\n<div class=\"fl-module-content fl-node-content\">\n<div class=\"fl-photo fl-photo-align-center\" itemscope=\"\" itemtype=\"http:\/\/schema.org\/ImageObject\">\n<div class=\"fl-photo-content fl-photo-img-jpg\"> <img decoding=\"async\" alt=\"Traitement CNN, nettoyage chimique, rev\u00eatement CVD\" class=\"fl-photo-img wp-image-9033\" itemprop=\"image\" src=\"\/wp-content\/uploads\/2025\/09\/a4132b2b399abbac.webp\"\/> <\/div>\n<\/p><\/div>\n<\/p><\/div>\n<\/p><\/div>\n<div class=\"fl-module fl-module-photo fl-node-6687a124319d7\" data-animation-delay=\"0.0\" data-node=\"6687a124319d7\">\n<div class=\"fl-module-content fl-node-content\">\n<div class=\"fl-photo fl-photo-align-center\" itemscope=\"\" itemtype=\"http:\/\/schema.org\/ImageObject\">\n<div class=\"fl-photo-content fl-photo-img-jpg\"> <img decoding=\"async\" alt=\"Maison des articles semira\" class=\"fl-photo-img wp-image-9036\" itemprop=\"image\" src=\"\/wp-content\/uploads\/2025\/09\/2190bb9ce5c1d546.webp\"\/> <\/div>\n<\/p><\/div>\n<\/p><\/div>\n<\/p><\/div>\n<div class=\"fl-module fl-module-photo fl-node-6687a12431995\" data-animation-delay=\"0.0\" data-node=\"6687a12431995\">\n<div class=\"fl-module-content fl-node-content\">\n<div class=\"fl-photo fl-photo-align-center\" itemscope=\"\" itemtype=\"http:\/\/schema.org\/ImageObject\">\n<div class=\"fl-photo-content fl-photo-img-jpg\"> <img decoding=\"async\" alt=\"Notre service\" class=\"fl-photo-img wp-image-9035\" itemprop=\"image\" src=\"\/wp-content\/uploads\/2025\/09\/b07f222c0ec0ab8d.webp\"\/> <\/div>\n<\/p><\/div>\n<\/p><\/div>\n<\/p><\/div>\n<\/p><\/div>\n<\/p><\/div>\n<\/p><\/div>\n<\/p><\/div>\n<\/p><\/div>\n<\/p><\/div>\n<\/div>","protected":false},"excerpt":{"rendered":"<p>Le tube en c\u00e9ramique en carbure de silicium est un mat\u00e9riau en c\u00e9ramique tubulaire avec du carbure de silicium (sic) comme composant principal. Il s'agit d'un mat\u00e9riau en c\u00e9ramique tubulaire avec une stabilit\u00e9 \u00e0 haute temp\u00e9rature, une stabilit\u00e9 chimique et une bonne conductivit\u00e9 thermique. Le tube en c\u00e9ramique en carbure de silicium est largement utilis\u00e9 dans les champs de temp\u00e9rature \u00e9lev\u00e9e, de corrosion chimique et de gestion thermique, et joue un r\u00f4le important.<\/p>","protected":false},"featured_media":900,"comment_status":"closed","ping_status":"open","template":"","meta":[],"product_brand":[],"product_cat":[25,24],"product_tag":[],"class_list":{"0":"post-1462","1":"product","2":"type-product","3":"status-publish","4":"has-post-thumbnail","6":"product_cat-more-sic-product","7":"product_cat-silicon-carbide-ceramic","9":"first","10":"instock","11":"product-type-simple"},"_links":{"self":[{"href":"https:\/\/www.cn-semiconductorparts.com\/fr\/wp-json\/wp\/v2\/product\/1462","targetHints":{"allow":["GET"]}}],"collection":[{"href":"https:\/\/www.cn-semiconductorparts.com\/fr\/wp-json\/wp\/v2\/product"}],"about":[{"href":"https:\/\/www.cn-semiconductorparts.com\/fr\/wp-json\/wp\/v2\/types\/product"}],"replies":[{"embeddable":true,"href":"https:\/\/www.cn-semiconductorparts.com\/fr\/wp-json\/wp\/v2\/comments?post=1462"}],"wp:featuredmedia":[{"embeddable":true,"href":"https:\/\/www.cn-semiconductorparts.com\/fr\/wp-json\/wp\/v2\/media\/900"}],"wp:attachment":[{"href":"https:\/\/www.cn-semiconductorparts.com\/fr\/wp-json\/wp\/v2\/media?parent=1462"}],"wp:term":[{"taxonomy":"product_brand","embeddable":true,"href":"https:\/\/www.cn-semiconductorparts.com\/fr\/wp-json\/wp\/v2\/product_brand?post=1462"},{"taxonomy":"product_cat","embeddable":true,"href":"https:\/\/www.cn-semiconductorparts.com\/fr\/wp-json\/wp\/v2\/product_cat?post=1462"},{"taxonomy":"product_tag","embeddable":true,"href":"https:\/\/www.cn-semiconductorparts.com\/fr\/wp-json\/wp\/v2\/product_tag?post=1462"}],"curies":[{"name":"WP","href":"https:\/\/api.w.org\/{rel}","templated":true}]}}