{"id":1464,"date":"2025-09-11T05:29:13","date_gmt":"2025-09-11T05:29:13","guid":{"rendered":"https:\/\/weitai2.globaldeepsea.site\/product\/pyrolytic-carbon-coating-high-purity-hard-felt-ring\/"},"modified":"2026-04-29T15:33:24","modified_gmt":"2026-04-29T07:33:24","slug":"pyrolytic-carbon-coating-high-purity-hard-felt-ring","status":"publish","type":"product","link":"https:\/\/www.cn-semiconductorparts.com\/fr\/product\/pyrolytic-carbon-coating-high-purity-hard-felt-ring\/","title":{"rendered":"Anneau de feutre dur enduit de haute puret\u00e9 en carbone pyrolytique"},"content":{"rendered":"<p><?xml encoding=\"utf-8\" ?><\/p>\n<div class=\"fl-builder-content fl-builder-content-9235 fl-builder-content-primary fl-builder-global-templates-locked\" data-post-id=\"9235\">\n<div class=\"fl-row fl-row-full-width fl-row-bg-none fl-node-667fc1afcb0b4\" data-node=\"667fc1afcb0b4\">\n<div class=\"fl-row-content-wrap\">\n<div class=\"fl-row-content fl-row-full-width fl-node-content\">\n<div class=\"fl-col-group fl-node-667fc1afcc0c5\" data-node=\"667fc1afcc0c5\">\n<div class=\"fl-col fl-node-667fc1afcc261\" data-node=\"667fc1afcc261\" style=\"width: 100%;\">\n<div class=\"fl-col-content fl-node-content\">\n<div class=\"fl-module fl-module-rich-text fl-node-667fc20585c18\" data-animation-delay=\"0.0\" data-node=\"667fc20585c18\">\n<div class=\"fl-module-content fl-node-content\">\n<div class=\"fl-rich-text\">\n<div><span style=\"font-family: &#24494;&#36719;&#38597;&#40657;;\">Pyrolytic carbon coating is a thin layer of pyrolytic carbon coated on the surface of highly purified isostatic&nbsp;<\/span><span style=\"font-family: &#24494;&#36719;&#38597;&#40657;;\">Graphite utilisant la technologie de d\u00e9p\u00f4t chimique de vapeur (CVD). Il a une densit\u00e9 \u00e9lev\u00e9e, de haute puret\u00e9 et anisotrope&nbsp;<\/span><span style=\"font-family: &#24494;&#36719;&#38597;&#40657;;\">Propri\u00e9t\u00e9s thermiques, \u00e9lectriques, magn\u00e9tiques et m\u00e9caniques.<\/span><\/div>\n<div>&nbsp;<\/div>\n<\/p><\/div>\n<\/p><\/div>\n<\/p><\/div>\n<\/p><\/div>\n<\/p><\/div>\n<\/p><\/div>\n<div class=\"fl-col-group fl-node-667fc1f47ba3f\" data-node=\"667fc1f47ba3f\">\n<div class=\"fl-col fl-node-667fc1f47bbd3\" data-node=\"667fc1f47bbd3\" style=\"width: 100%;\">\n<div class=\"fl-col-content fl-node-content\">\n<div class=\"fl-module fl-module-heading fl-node-667fc1f47b8e3\" data-animation-delay=\"0.0\" data-node=\"667fc1f47b8e3\">\n<div class=\"fl-module-content fl-node-content\">\n<h3 class=\"fl-heading\"> <span class=\"fl-heading-text\">Mainfeatures&#65306;<\/span> <\/h3>\n<\/p><\/div>\n<\/p><\/div>\n<div class=\"fl-module fl-module-rich-text fl-node-667fc1afcaf49\" data-animation-delay=\"0.0\" data-node=\"667fc1afcaf49\">\n<div class=\"fl-module-content fl-node-content\">\n<div class=\"fl-rich-text\">\n<div><span style=\"font-family: &#24494;&#36719;&#38597;&#40657;;\">1. La surface est dense et exempte de pores.<\/span><\/div>\n<div>\n<div>&nbsp;<\/div>\n<div><span style=\"font-family: &#24494;&#36719;&#38597;&#40657;;\">2. Puret\u00e9 \u00e9lev\u00e9e, contenu total d'impuret\u00e9s &lt;20 ppm,<\/span><span style=\"font-family: &#24494;&#36719;&#38597;&#40657;;\">Bonne \u00e9tanch\u00e9it\u00e9.<\/span><\/div>\n<div>&nbsp;<\/div>\n<div>3.&nbsp;<span style=\"font-family: &#24494;&#36719;&#38597;&#40657;;\">R\u00e9sistance \u00e0 haute temp\u00e9rature, la r\u00e9sistance augmente avec l'augmentation de la temp\u00e9rature d'utilisation, atteignant le plus \u00e9lev\u00e9&nbsp;<\/span><span style=\"font-family: &#24494;&#36719;&#38597;&#40657;;\">value at 2750 &#8451;,sublimation at 3600 &#8451;.<\/span><\/div>\n<div>&nbsp;<\/div>\n<div>4.&nbsp;<span style=\"font-family: &#24494;&#36719;&#38597;&#40657;;\">Module \u00e9lastique faible, conductivit\u00e9 thermique \u00e9lev\u00e9e, coefficient de dilatation thermique faible,&nbsp;<\/span><span style=\"font-family: &#24494;&#36719;&#38597;&#40657;;\">et une excellente r\u00e9sistance aux chocs thermiques.<\/span><\/div>\n<div>&nbsp;<\/div>\n<div>5.&nbsp;<span style=\"font-family: &#24494;&#36719;&#38597;&#40657;;\">Bonne stabilit\u00e9 chimique, r\u00e9sistante aux r\u00e9actifs acides, alcalins, sel et organiques, et a&nbsp;<\/span><span style=\"font-family: &#24494;&#36719;&#38597;&#40657;;\">Aucun effet sur les m\u00e9taux en fusion, les scories et autres milieux corrosifs. Il ne s'oxyde pas&nbsp;<\/span><span style=\"font-family: &#24494;&#36719;&#38597;&#40657;;\">significantly in the atmosphere below 400 &#8451;, and the oxidation rate significantly&nbsp;<\/span><span style=\"font-family: &#24494;&#36719;&#38597;&#40657;;\">increases at 800 &#8451;.<\/span><\/div>\n<div>\n<div>&nbsp;<\/div>\n<div><span style=\"font-family: &#24494;&#36719;&#38597;&#40657;;\">6. Sans lib\u00e9rer de gaz \u00e0 des temp\u00e9ratures \u00e9lev\u00e9es, il peut maintenir un vide de&nbsp;<\/span><span style=\"font-family: &#24494;&#36719;&#38597;&#40657;;\">10-7mmHg at around 1800 &#8451;.<\/span><\/div>\n<div>&nbsp;<\/div>\n<\/p><\/div>\n<\/p><\/div>\n<\/p><\/div>\n<\/p><\/div>\n<\/p><\/div>\n<\/p><\/div>\n<\/p><\/div>\n<\/p><\/div>\n<div class=\"fl-col-group fl-node-667fc2a255268\" data-node=\"667fc2a255268\">\n<div class=\"fl-col fl-node-667fc2a2554e4\" data-node=\"667fc2a2554e4\" style=\"width: 100%;\">\n<div class=\"fl-col-content fl-node-content\">\n<div class=\"fl-module fl-module-heading fl-node-667fc29eb27c7\" data-animation-delay=\"0.0\" data-node=\"667fc29eb27c7\">\n<div class=\"fl-module-content fl-node-content\">\n<h3 class=\"fl-heading\"> <span class=\"fl-heading-text\">ProductPapplication:<\/span> <\/h3>\n<\/p><\/div>\n<\/p><\/div>\n<div class=\"fl-module fl-module-rich-text fl-node-667fc2c2366ec\" data-animation-delay=\"0.0\" data-node=\"667fc2c2366ec\">\n<div class=\"fl-module-content fl-node-content\">\n<div class=\"fl-rich-text\">\n<div><span style=\"font-family: &#24494;&#36719;&#38597;&#40657;;\">1. Faire fusionner le creuset pour l'\u00e9vaporation en&nbsp;<\/span><span style=\"font-family: &#24494;&#36719;&#38597;&#40657;;\">industrie des semi-conducteurs.<\/span><\/div>\n<div>\n<div>&nbsp;<\/div>\n<div><span style=\"font-family: &#24494;&#36719;&#38597;&#40657;;\">2. Porte de tube \u00e9lectronique haute puissance.<\/span><\/div>\n<div>\n<div>&nbsp;<\/div>\n<div><span style=\"font-family: &#24494;&#36719;&#38597;&#40657;;\">3. Brosser qui contacte le r\u00e9gulateur de tension.<\/span><\/div>\n<div>\n<div>&nbsp;<\/div>\n<div><span style=\"font-family: &#24494;&#36719;&#38597;&#40657;;\">4. Monochromateur de graphite pour les rayons X et les neutrons.<\/span><\/div>\n<div>\n<div>&nbsp;<\/div>\n<div><span style=\"font-family: &#24494;&#36719;&#38597;&#40657;;\">5. Diverses formes de substrats de graphite et<\/span><span style=\"font-family: &#24494;&#36719;&#38597;&#40657;;\">rev\u00eatement de tube d'absorption atomique.<\/span><\/div>\n<\/p><\/div>\n<\/p><\/div>\n<\/p><\/div>\n<\/p><\/div>\n<\/p><\/div>\n<\/p><\/div>\n<\/p><\/div>\n<\/p><\/div>\n<\/p><\/div>\n<\/p><\/div>\n<div class=\"fl-col-group fl-node-667fc343188ee\" data-node=\"667fc343188ee\">\n<div class=\"fl-col fl-node-667fc34318b23\" data-node=\"667fc34318b23\" style=\"width: 100%;\">\n<div class=\"fl-col-content fl-node-content\">\n<div class=\"fl-module fl-module-photo fl-node-667fc3431874f\" data-animation-delay=\"0.0\" data-node=\"667fc3431874f\">\n<div class=\"fl-module-content fl-node-content\">\n<div class=\"fl-photo fl-photo-align-center\" itemscope=\"\" itemtype=\"http:\/\/schema.org\/ImageObject\">\n<div class=\"fl-photo-content fl-photo-img-png\"> <img decoding=\"async\" alt=\"&#22270;&#29255;\" class=\"fl-photo-img wp-image-9239\" itemprop=\"image\" src=\"\/wp-content\/uploads\/2025\/09\/f0a1f70226f1e210.webp\"> <\/div>\n<\/p><\/div>\n<\/p><\/div>\n<\/p><\/div>\n<div class=\"fl-module fl-module-heading fl-node-667fc36c07558\" data-animation-delay=\"0.0\" data-node=\"667fc36c07558\">\n<div class=\"fl-module-content fl-node-content\">\n<h3 class=\"fl-heading\"> <span class=\"fl-heading-text\">Effet de rev\u00eatement de carbone pyrolytique au microscope 500x, avec surface intacte et scell\u00e9e.<\/span> <\/h3>\n<\/p><\/div>\n<\/p><\/div>\n<\/p><\/div>\n<\/p><\/div>\n<\/p><\/div>\n<\/p><\/div>\n<\/p><\/div>\n<\/p><\/div>\n<div class=\"fl-row fl-row-full-width fl-row-bg-none fl-node-667fc395635f8\" data-node=\"667fc395635f8\">\n<div class=\"fl-row-content-wrap\">\n<div class=\"fl-row-content fl-row-full-width fl-node-content\">\n<div class=\"fl-col-group fl-node-667fc3956363b\" data-node=\"667fc3956363b\">\n<div class=\"fl-col fl-node-667fc39563681\" data-node=\"667fc39563681\" style=\"width: 100%;\">\n<div class=\"fl-col-content fl-node-content\">\n<div class=\"fl-module fl-module-photo fl-node-667fc395636c3\" data-animation-delay=\"0.0\" data-node=\"667fc395636c3\">\n<div class=\"fl-module-content fl-node-content\">\n<div class=\"fl-photo fl-photo-align-center\" itemscope=\"\" itemtype=\"http:\/\/schema.org\/ImageObject\">\n<div class=\"fl-photo-content fl-photo-img-jpg\"> <img decoding=\"async\" alt=\"Lieu de travail Semiera\" class=\"fl-photo-img wp-image-9038\" itemprop=\"image\" src=\"\/wp-content\/uploads\/2025\/09\/b1dd0bcab1675ff4.webp\"> <\/div>\n<\/p><\/div>\n<\/p><\/div>\n<\/p><\/div>\n<div class=\"fl-module fl-module-photo fl-node-667fc39563802\" data-animation-delay=\"0.0\" data-node=\"667fc39563802\">\n<div class=\"fl-module-content fl-node-content\">\n<div class=\"fl-photo fl-photo-align-center\" itemscope=\"\" itemtype=\"http:\/\/schema.org\/ImageObject\">\n<div class=\"fl-photo-content fl-photo-img-jpg\"> <img decoding=\"async\" alt=\"Semirara Lieu de travail 2\" class=\"fl-photo-img wp-image-9037\" itemprop=\"image\" src=\"\/wp-content\/uploads\/2025\/09\/2b946d2b4b61306d.webp\"> <\/div>\n<\/p><\/div>\n<\/p><\/div>\n<\/p><\/div>\n<div class=\"fl-module fl-module-photo fl-node-667fc395637c2\" data-animation-delay=\"0.0\" data-node=\"667fc395637c2\">\n<div class=\"fl-module-content fl-node-content\">\n<div class=\"fl-photo fl-photo-align-center\" itemscope=\"\" itemtype=\"http:\/\/schema.org\/ImageObject\">\n<div class=\"fl-photo-content fl-photo-img-jpg\"> <img decoding=\"async\" alt=\"Machine de mat\u00e9riel\" class=\"fl-photo-img wp-image-9034 size-full\" itemprop=\"image\" src=\"\/wp-content\/uploads\/2025\/09\/081b6529d68ead23.webp\"> <\/div>\n<\/p><\/div>\n<\/p><\/div>\n<\/p><\/div>\n<div class=\"fl-module fl-module-photo fl-node-667fc39563783\" data-animation-delay=\"0.0\" data-node=\"667fc39563783\">\n<div class=\"fl-module-content fl-node-content\">\n<div class=\"fl-photo fl-photo-align-center\" itemscope=\"\" itemtype=\"http:\/\/schema.org\/ImageObject\">\n<div class=\"fl-photo-content fl-photo-img-jpg\"> <img decoding=\"async\" alt=\"Traitement CNN, nettoyage chimique, rev\u00eatement CVD\" class=\"fl-photo-img wp-image-9033\" itemprop=\"image\" src=\"\/wp-content\/uploads\/2025\/09\/a4132b2b399abbac.webp\"> <\/div>\n<\/p><\/div>\n<\/p><\/div>\n<\/p><\/div>\n<div class=\"fl-module fl-module-photo fl-node-667fc39563743\" data-animation-delay=\"0.0\" data-node=\"667fc39563743\">\n<div class=\"fl-module-content fl-node-content\">\n<div class=\"fl-photo fl-photo-align-center\" itemscope=\"\" itemtype=\"http:\/\/schema.org\/ImageObject\">\n<div class=\"fl-photo-content fl-photo-img-jpg\"> <img decoding=\"async\" alt=\"Maison des articles semira\" class=\"fl-photo-img wp-image-9036\" itemprop=\"image\" src=\"\/wp-content\/uploads\/2025\/09\/2190bb9ce5c1d546.webp\"> <\/div>\n<\/p><\/div>\n<\/p><\/div>\n<\/p><\/div>\n<div class=\"fl-module fl-module-photo fl-node-667fc39563704\" data-animation-delay=\"0.0\" data-node=\"667fc39563704\">\n<div class=\"fl-module-content fl-node-content\">\n<div class=\"fl-photo fl-photo-align-center\" itemscope=\"\" itemtype=\"http:\/\/schema.org\/ImageObject\">\n<div class=\"fl-photo-content fl-photo-img-jpg\"> <img decoding=\"async\" alt=\"Notre service\" class=\"fl-photo-img wp-image-9035\" itemprop=\"image\" src=\"\/wp-content\/uploads\/2025\/09\/b07f222c0ec0ab8d.webp\"> <\/div>\n<\/p><\/div>\n<\/p><\/div>\n<\/p><\/div>\n<\/p><\/div>\n<\/p><\/div>\n<\/p><\/div>\n<\/p><\/div>\n<\/p><\/div>\n<\/p><\/div>\n<\/div>","protected":false},"excerpt":{"rendered":"<p><?xml encoding=\"utf-8\" ?><\/p>\n<p>Semicera&rsquo;s Pyrolytic Carbon Coated High-Purity Hard Felt Ring is engineered for superior performance in high-temperature semiconductor applications. This advanced component features a high-purity hard felt base coated with pyrolytic carbon, offering outstanding wear resistance, thermal stability, and chemical durability. Ideal for use in demanding environments, this ring ensures reliable and efficient operation in processes requiring precise temperature control and material purity.<\/p>","protected":false},"featured_media":943,"comment_status":"closed","ping_status":"open","template":"","meta":[],"product_brand":[],"product_cat":[29,30],"product_tag":[],"class_list":{"0":"post-1464","1":"product","2":"type-product","3":"status-publish","4":"has-post-thumbnail","6":"product_cat-carbon-fiber","7":"product_cat-hard-felt","9":"first","10":"instock","11":"product-type-simple"},"_links":{"self":[{"href":"https:\/\/www.cn-semiconductorparts.com\/fr\/wp-json\/wp\/v2\/product\/1464","targetHints":{"allow":["GET"]}}],"collection":[{"href":"https:\/\/www.cn-semiconductorparts.com\/fr\/wp-json\/wp\/v2\/product"}],"about":[{"href":"https:\/\/www.cn-semiconductorparts.com\/fr\/wp-json\/wp\/v2\/types\/product"}],"replies":[{"embeddable":true,"href":"https:\/\/www.cn-semiconductorparts.com\/fr\/wp-json\/wp\/v2\/comments?post=1464"}],"wp:featuredmedia":[{"embeddable":true,"href":"https:\/\/www.cn-semiconductorparts.com\/fr\/wp-json\/wp\/v2\/media\/943"}],"wp:attachment":[{"href":"https:\/\/www.cn-semiconductorparts.com\/fr\/wp-json\/wp\/v2\/media?parent=1464"}],"wp:term":[{"taxonomy":"product_brand","embeddable":true,"href":"https:\/\/www.cn-semiconductorparts.com\/fr\/wp-json\/wp\/v2\/product_brand?post=1464"},{"taxonomy":"product_cat","embeddable":true,"href":"https:\/\/www.cn-semiconductorparts.com\/fr\/wp-json\/wp\/v2\/product_cat?post=1464"},{"taxonomy":"product_tag","embeddable":true,"href":"https:\/\/www.cn-semiconductorparts.com\/fr\/wp-json\/wp\/v2\/product_tag?post=1464"}],"curies":[{"name":"WP","href":"https:\/\/api.w.org\/{rel}","templated":true}]}}