{"id":1468,"date":"2025-09-11T05:29:13","date_gmt":"2025-09-11T05:29:13","guid":{"rendered":"https:\/\/weitai2.globaldeepsea.site\/product\/sic-ceramic-crucibles\/"},"modified":"2026-04-29T15:33:26","modified_gmt":"2026-04-29T07:33:26","slug":"sic-ceramic-crucibles","status":"publish","type":"product","link":"https:\/\/www.cn-semiconductorparts.com\/fr\/product\/sic-ceramic-crucibles\/","title":{"rendered":"SiC ceramic crucibles"},"content":{"rendered":"<p><?xml encoding=\"utf-8\" ?><\/p>\n<div class=\"fl-builder-content fl-builder-content-9261 fl-builder-content-primary fl-builder-global-templates-locked\" data-post-id=\"9261\">\n<div class=\"fl-row fl-row-full-width fl-row-bg-none fl-node-6683cfd1aa8fa\" data-node=\"6683cfd1aa8fa\">\n<div class=\"fl-row-content-wrap\">\n<div class=\"fl-row-content fl-row-full-width fl-node-content\">\n<div class=\"fl-col-group fl-node-6683cfd1aa940\" data-node=\"6683cfd1aa940\">\n<div class=\"fl-col fl-node-6683cfd1aa981\" data-node=\"6683cfd1aa981\" style=\"width: 100%;\">\n<div class=\"fl-col-content fl-node-content\">\n<div class=\"fl-module fl-module-rich-text fl-node-6683cfd1aa9c3\" data-animation-delay=\"0.0\" data-node=\"6683cfd1aa9c3\">\n<div class=\"fl-module-content fl-node-content\">\n<div class=\"fl-rich-text\">\n<p>Silicon carbide ceramic crucible is made of silicon carbide material and is a commonly used high-temperature container. Silicon carbide ceramic crucible has excellent high-temperature stability, excellent corrosion resistance and low thermal expansion coefficient, which enables it to withstand extreme thermal stress and chemical erosion in high-temperature environments. It is used for sample accommodation and processing in experiments or industrial processes such as melting, sintering, heat treatment and chemical reactions under high-temperature conditions.<\/p>\n<\/p><\/div>\n<\/p><\/div>\n<\/p><\/div>\n<div class=\"fl-module fl-module-rich-text fl-node-6683cfd1aad93\" data-animation-delay=\"0.0\" data-node=\"6683cfd1aad93\">\n<div class=\"fl-module-content fl-node-content\">\n<div class=\"fl-rich-text\">\n<p>Our silicon carbide crucible is fabricated by high purity isostatic pressing and has good thermal conductivity and high temperature resistance. In the process of high temperature use, the coefficient of thermal expansion is small, and it has a certain strain resistance to acute heating and acute cooling. It has strong corrosion resistance to acid and alkali solution and excellent chemical stability. The specific model can be customized by drawing and sample, and the material is domestic graphite and imported graphite to meet the different needs of customers.<\/p>\n<\/p><\/div>\n<\/p><\/div>\n<\/p><\/div>\n<\/p><\/div>\n<\/p><\/div>\n<\/p><\/div>\n<div class=\"fl-col-group fl-node-6683cfd1aacd0\" data-node=\"6683cfd1aacd0\">\n<div class=\"fl-col fl-node-6683cfd1aad11 fl-col-small\" data-node=\"6683cfd1aad11\" style=\"width: 50%;\">\n<div class=\"fl-col-content fl-node-content\">\n<div class=\"fl-module fl-module-rich-text fl-node-6683cfd1aaa04\" data-animation-delay=\"0.0\" data-node=\"6683cfd1aaa04\">\n<div class=\"fl-module-content fl-node-content\">\n<div class=\"fl-rich-text\">\n<p>Les principales mati\u00e8res premi\u00e8res du creuset en graphite sont le graphite, le carbure de silicium, la silice, l'argile r\u00e9fractaire, la hauteur et le goudron, etc.<br \/>&gt; Crucible en graphite pur \u00e9lev\u00e9<br \/>&gt; Crucible en graphite isostatique<br \/>&gt; Crucible en graphite en carbure de silicium&nbsp;<br \/>&gt; Crucible en carbure de silicium<br \/>&gt; CRUCIPE CURCHITE CUCIP<br \/>&gt; Quarts Crucible<\/p>\n<\/p><\/div>\n<\/p><\/div>\n<\/p><\/div>\n<\/p><\/div>\n<\/p><\/div>\n<div class=\"fl-col fl-node-6683cfd1aad52 fl-col-small\" data-node=\"6683cfd1aad52\" style=\"width: 50%;\">\n<div class=\"fl-col-content fl-node-content\">\n<div class=\"fl-module fl-module-photo fl-node-6683cfd1aab8a\" data-animation-delay=\"0.0\" data-node=\"6683cfd1aab8a\">\n<div class=\"fl-module-content fl-node-content\">\n<div class=\"fl-photo fl-photo-align-center\" itemscope=\"\" itemtype=\"http:\/\/schema.org\/ImageObject\">\n<div class=\"fl-photo-content fl-photo-img-png\"> <img decoding=\"async\" alt=\"Sic Crucible (5)\" class=\"fl-photo-img wp-image-4438 size-thumbnail\" itemprop=\"image\" src=\"\/wp-content\/uploads\/2025\/09\/ffa2e73df7a23402.webp\"> <\/div>\n<\/p><\/div>\n<\/p><\/div>\n<\/p><\/div>\n<\/p><\/div>\n<\/p><\/div>\n<\/p><\/div>\n<\/p><\/div>\n<\/p><\/div>\n<\/p><\/div>\n<div class=\"fl-row fl-row-full-width fl-row-bg-none fl-node-6683cfd1aaa45\" data-node=\"6683cfd1aaa45\">\n<div class=\"fl-row-content-wrap\">\n<div class=\"fl-row-content fl-row-full-width fl-node-content\">\n<div class=\"fl-col-group fl-node-6683cfd1aaa86\" data-node=\"6683cfd1aaa86\">\n<div class=\"fl-col fl-node-6683cfd1aaac7 fl-col-small\" data-node=\"6683cfd1aaac7\" style=\"width: 50%;\">\n<div class=\"fl-col-content fl-node-content\">\n<div class=\"fl-module fl-module-photo fl-node-6683cfd1aabcb\" data-animation-delay=\"0.0\" data-node=\"6683cfd1aabcb\">\n<div class=\"fl-module-content fl-node-content\">\n<div class=\"fl-photo fl-photo-align-center\" itemscope=\"\" itemtype=\"http:\/\/schema.org\/ImageObject\">\n<div class=\"fl-photo-content fl-photo-img-png\"> <img decoding=\"async\" alt=\"Sic Crucible (3)\" class=\"fl-photo-img wp-image-4439\" itemprop=\"image\" src=\"\/wp-content\/uploads\/2025\/09\/466d2df672a8c5e2.webp\"> <\/div>\n<\/p><\/div>\n<\/p><\/div>\n<\/p><\/div>\n<\/p><\/div>\n<\/p><\/div>\n<div class=\"fl-col fl-node-6683cfd1aab49 fl-col-small\" data-node=\"6683cfd1aab49\" style=\"width: 50%;\">\n<div class=\"fl-col-content fl-node-content\">\n<div class=\"fl-module fl-module-rich-text fl-node-6683cfd1aab08\" data-animation-delay=\"0.0\" data-node=\"6683cfd1aab08\">\n<div class=\"fl-module-content fl-node-content\">\n<div class=\"fl-rich-text\">\n<p>&nbsp;Caract\u00e9ristiques:<br \/>1. Longue dur\u00e9e de travail<br \/>2. Conductivit\u00e9 thermique \u00e9lev\u00e9e<br \/>3. Mat\u00e9riaux de style nouveau<br \/>4. R\u00e9sistance \u00e0 la corrosion<br \/>5. R\u00e9sistance \u00e0 l'oxydation<br \/>6. Haute r\u00e9sistance<br \/>7. Multi-fonction<\/p>\n<\/p><\/div>\n<\/p><\/div>\n<\/p><\/div>\n<\/p><\/div>\n<\/p><\/div>\n<\/p><\/div>\n<div class=\"fl-col-group fl-node-6683cfd1aac0c\" data-node=\"6683cfd1aac0c\">\n<div class=\"fl-col fl-node-6683cfd1aac4d\" data-node=\"6683cfd1aac4d\" style=\"width: 100%;\">\n<div class=\"fl-col-content fl-node-content\">\n<div class=\"fl-module fl-module-rich-text fl-node-6683cfd1aac8e\" data-animation-delay=\"0.0\" data-node=\"6683cfd1aac8e\">\n<div class=\"fl-module-content fl-node-content\">\n<div class=\"fl-rich-text\">\n<div align=\"center\">\n<table border=\"0\" cellspacing=\"0\">\n<tbody>\n<tr>\n<td colspan=\"4\" valign=\"center\">\n<p align=\"center\">Donn\u00e9es techniques du mat\u00e9riel<\/p>\n<\/td>\n<\/tr>\n<tr>\n<td valign=\"center\">\n<p>Indice<\/p>\n<\/td>\n<td valign=\"center\">\n<p>Unit\u00e9<\/p>\n<\/td>\n<td valign=\"center\">\n<p>Valeur standard<\/p>\n<\/td>\n<td valign=\"center\">\n<p>Valeur de test<\/p>\n<\/td>\n<\/tr>\n<tr>\n<td valign=\"center\">\n<p>R\u00e9sistance \u00e0 la temp\u00e9rature<\/p>\n<\/td>\n<td valign=\"center\">\n<p>&#8451;<\/p>\n<\/td>\n<td valign=\"center\">\n<p>1650&#8451;<\/p>\n<\/td>\n<td valign=\"center\">\n<p>1800&#8451;<\/p>\n<\/td>\n<\/tr>\n<tr>\n<td rowspan=\"4\" valign=\"center\">\n<p>Composition chimique<br \/>(%)<\/p>\n<\/td>\n<td valign=\"center\">\n<p>C<\/p>\n<\/td>\n<td valign=\"center\">\n<p>35~45<\/p>\n<\/td>\n<td valign=\"center\">\n<p>45<\/p>\n<\/td>\n<\/tr>\n<tr>\n<td valign=\"center\">\n<p>Sic<\/p>\n<\/td>\n<td valign=\"center\">\n<p>15~25<\/p>\n<\/td>\n<td valign=\"center\">\n<p>25<\/p>\n<\/td>\n<\/tr>\n<tr>\n<td valign=\"center\">\n<p>AL2O3<\/p>\n<\/td>\n<td valign=\"center\">\n<p>10~20<\/p>\n<\/td>\n<td valign=\"center\">\n<p>25<\/p>\n<\/td>\n<\/tr>\n<tr>\n<td valign=\"center\">\n<p>SiO2<\/p>\n<\/td>\n<td valign=\"center\">\n<p>20~25<\/p>\n<\/td>\n<td valign=\"center\">\n<p>5<\/p>\n<\/td>\n<\/tr>\n<tr>\n<td valign=\"center\">\n<p>Porosit\u00e9 apparente<\/p>\n<\/td>\n<td valign=\"center\">\n<p>%<\/p>\n<\/td>\n<td valign=\"center\">\n<p>&le;30%<\/p>\n<\/td>\n<td valign=\"center\">\n<p>&le;28%<\/p>\n<\/td>\n<\/tr>\n<tr>\n<td valign=\"center\">\n<p>R\u00e9sistance \u00e0 la compression<\/p>\n<\/td>\n<td valign=\"center\">\n<p>MPA<\/p>\n<\/td>\n<td valign=\"center\">\n<p>&ge;8.5MPa<\/p>\n<\/td>\n<td valign=\"center\">\n<p>&ge;8.5MPa<\/p>\n<\/td>\n<\/tr>\n<tr>\n<td valign=\"center\">\n<p>Densit\u00e9 en vrac<\/p>\n<\/td>\n<td valign=\"center\">\n<p>g\/cm3<\/p>\n<\/td>\n<td valign=\"center\">\n<p>&ge;1.75<\/p>\n<\/td>\n<td valign=\"center\">\n<p>1.78<\/p>\n<\/td>\n<\/tr>\n<tr>\n<td colspan=\"4\" valign=\"center\">\n<p>Notre creuset en carbure de silicium est une formation isostatique, qui peut utiliser 23 fois dans la fournaise, tandis que d'autres ne peuvent utiliser que 12 fois<\/p>\n<\/td>\n<\/tr>\n<\/tbody>\n<\/table><\/div>\n<\/p><\/div>\n<\/p><\/div>\n<\/p><\/div>\n<\/p><\/div>\n<\/p><\/div>\n<\/p><\/div>\n<div class=\"fl-col-group fl-node-6683cfd1aadd4\" data-node=\"6683cfd1aadd4\">\n<div class=\"fl-col fl-node-6683cfd1aae15\" data-node=\"6683cfd1aae15\" style=\"width: 100%;\">\n<div class=\"fl-col-content fl-node-content\">\n<div class=\"fl-module fl-module-gallery fl-node-6683cfd1aae5f\" data-animation-delay=\"0.0\" data-node=\"6683cfd1aae5f\">\n<div class=\"fl-module-content fl-node-content\">\n<div class=\"fl-mosaicflow\">\n<div class=\"fl-mosaicflow-content\">\n<div class=\"fl-mosaicflow-item\">\n<div class=\"fl-photo fl-photo-align-center\" itemscope=\"\" itemtype=\"http:\/\/schema.org\/ImageObject\">\n<div class=\"fl-photo-content fl-photo-img-png\"> <a href=\"\/fr\/uploads\/SiC-Crucible-2.webp\/\" itemprop=\"url\" target=\"_self\"> <img decoding=\"async\" alt=\"Sic Crucible (2)\" class=\"fl-photo-img wp-image-4445\" itemprop=\"image\" src=\"\/wp-content\/uploads\/2025\/09\/8ba3a30ca589cfb6.webp\"> <\/a> <\/div>\n<\/p><\/div>\n<\/p><\/div>\n<div class=\"fl-mosaicflow-item\">\n<div class=\"fl-photo fl-photo-align-center\" itemscope=\"\" itemtype=\"http:\/\/schema.org\/ImageObject\">\n<div class=\"fl-photo-content fl-photo-img-png\"> <a href=\"\/fr\/uploads\/SiC-Crucible-41.webp\/\" itemprop=\"url\" target=\"_self\"> <img decoding=\"async\" alt=\"Sic Crucible (4)\" class=\"fl-photo-img wp-image-4446\" itemprop=\"image\" src=\"\/wp-content\/uploads\/2025\/09\/6ac08f7c4c69df70.webp\"> <\/a> <\/div>\n<\/p><\/div>\n<\/p><\/div>\n<\/p><\/div>\n<div class=\"fl-clear\"><\/div>\n<\/p><\/div>\n<\/p><\/div>\n<\/p><\/div>\n<div class=\"fl-module fl-module-gallery fl-node-6683cfd1aaea0\" data-animation-delay=\"0.0\" data-node=\"6683cfd1aaea0\">\n<div class=\"fl-module-content fl-node-content\">\n<div class=\"fl-mosaicflow\">\n<div class=\"fl-mosaicflow-content\">\n<div class=\"fl-mosaicflow-item\">\n<div class=\"fl-photo fl-photo-align-center\" itemscope=\"\" itemtype=\"http:\/\/schema.org\/ImageObject\">\n<div class=\"fl-photo-content fl-photo-img-png\"> <a href=\"\/fr\/uploads\/SiC-Crucible-1.webp\/\" itemprop=\"url\" target=\"_self\"> <img decoding=\"async\" alt=\"Sic Crucible (1)\" class=\"fl-photo-img wp-image-4447\" itemprop=\"image\" src=\"\/wp-content\/uploads\/2025\/09\/6ec1ad5f11acfd5a.webp\"> <\/a> <\/div>\n<\/p><\/div>\n<\/p><\/div>\n<div class=\"fl-mosaicflow-item\">\n<div class=\"fl-photo fl-photo-align-center\" itemscope=\"\" itemtype=\"http:\/\/schema.org\/ImageObject\">\n<div class=\"fl-photo-content fl-photo-img-png\"> <a href=\"\/fr\/uploads\/SiC-Crucible-51.webp\/\" itemprop=\"url\" target=\"_self\"> <img decoding=\"async\" alt=\"Sic Crucible (5)\" class=\"fl-photo-img wp-image-4448\" itemprop=\"image\" src=\"\/wp-content\/uploads\/2025\/09\/419f834e231b495b.webp\"> <\/a> <\/div>\n<\/p><\/div>\n<\/p><\/div>\n<\/p><\/div>\n<div class=\"fl-clear\"><\/div>\n<\/p><\/div>\n<\/p><\/div>\n<\/p><\/div>\n<\/p><\/div>\n<\/p><\/div>\n<\/p><\/div>\n<\/p><\/div>\n<\/p><\/div>\n<\/p><\/div>\n<\/div>","protected":false},"excerpt":{"rendered":"<p><?xml encoding=\"utf-8\" ?><\/p>\n<p>The Silicon Carbide Crucible is made of&nbsp;MSE PRO engineered silicon carbide ceramics, formed by isostatic pressing and pressureless sintering. Round, square crucibles, flat bottom, semi-flat bottom and spherical bottom can be made, and can also be processed with flanges, drilling, etc.<\/p>","protected":false},"featured_media":1119,"comment_status":"closed","ping_status":"open","template":"","meta":[],"product_brand":[],"product_cat":[16,46],"product_tag":[],"class_list":{"0":"post-1468","1":"product","2":"type-product","3":"status-publish","4":"has-post-thumbnail","6":"product_cat-cvd-sic","7":"product_cat-pure-cvd-silicon-carbide","9":"first","10":"instock","11":"product-type-simple"},"_links":{"self":[{"href":"https:\/\/www.cn-semiconductorparts.com\/fr\/wp-json\/wp\/v2\/product\/1468","targetHints":{"allow":["GET"]}}],"collection":[{"href":"https:\/\/www.cn-semiconductorparts.com\/fr\/wp-json\/wp\/v2\/product"}],"about":[{"href":"https:\/\/www.cn-semiconductorparts.com\/fr\/wp-json\/wp\/v2\/types\/product"}],"replies":[{"embeddable":true,"href":"https:\/\/www.cn-semiconductorparts.com\/fr\/wp-json\/wp\/v2\/comments?post=1468"}],"wp:featuredmedia":[{"embeddable":true,"href":"https:\/\/www.cn-semiconductorparts.com\/fr\/wp-json\/wp\/v2\/media\/1119"}],"wp:attachment":[{"href":"https:\/\/www.cn-semiconductorparts.com\/fr\/wp-json\/wp\/v2\/media?parent=1468"}],"wp:term":[{"taxonomy":"product_brand","embeddable":true,"href":"https:\/\/www.cn-semiconductorparts.com\/fr\/wp-json\/wp\/v2\/product_brand?post=1468"},{"taxonomy":"product_cat","embeddable":true,"href":"https:\/\/www.cn-semiconductorparts.com\/fr\/wp-json\/wp\/v2\/product_cat?post=1468"},{"taxonomy":"product_tag","embeddable":true,"href":"https:\/\/www.cn-semiconductorparts.com\/fr\/wp-json\/wp\/v2\/product_tag?post=1468"}],"curies":[{"name":"WP","href":"https:\/\/api.w.org\/{rel}","templated":true}]}}