{"id":1471,"date":"2025-09-11T05:29:13","date_gmt":"2025-09-11T05:29:13","guid":{"rendered":"https:\/\/weitai2.globaldeepsea.site\/product\/tantalum-carbide-coated-graphite-ring\/"},"modified":"2026-04-29T15:33:27","modified_gmt":"2026-04-29T07:33:27","slug":"tantalum-carbide-coated-graphite-ring","status":"publish","type":"product","link":"https:\/\/www.cn-semiconductorparts.com\/fr\/product\/tantalum-carbide-coated-graphite-ring\/","title":{"rendered":"Tantalum Carbure rev\u00eatu de graphite"},"content":{"rendered":"<p><?xml encoding=\"utf-8\" ?><\/p>\n<div class=\"fl-builder-content fl-builder-content-9167 fl-builder-content-primary fl-builder-global-templates-locked\" data-post-id=\"9167\">\n<div class=\"fl-row fl-row-full-width fl-row-bg-none fl-node-6675575870e7e\" data-node=\"6675575870e7e\">\n<div class=\"fl-row-content-wrap\">\n<div class=\"fl-row-content fl-row-full-width fl-node-content\">\n<div class=\"fl-col-group fl-node-6675575870f83\" data-node=\"6675575870f83\">\n<div class=\"fl-col fl-node-6675575870fc3\" data-node=\"6675575870fc3\" style=\"width: 100%;\">\n<div class=\"fl-col-content fl-node-content\">\n<div class=\"fl-module fl-module-rich-text fl-node-6675575871003\" data-animation-delay=\"0.0\" data-node=\"6675575871003\">\n<div class=\"fl-module-content fl-node-content\">\n<div class=\"fl-rich-text\">\n<p><span style=\"font-family: 'Segoe UI';\">Semicera propose des rev\u00eatements de carbure de tantale (TAC) sp\u00e9cialis\u00e9s pour divers composants et transporteurs.<\/span>&nbsp;Semicera leading coating process enables tantalum carbide (TaC) coatings to achieve high purity, high temperature stability and high chemical tolerance, improving product quality of SIC\/GAN crystals and EPI layers (Graphite coated TaC susceptor), and extending the life of key reactor components. The use of tantalum carbide TaC coating is to solve the edge problem and improve the quality of crystal growth, and Semicera has breakthrough solved the tantalum carbide coating technology (CVD), reaching the international advanced level.<\/p>\n<div id=\"gtx-trans\" style=\"position: absolute; left: 194px; top: 111.453px;\">&nbsp;<\/div>\n<\/p><\/div>\n<\/p><\/div>\n<\/p><\/div>\n<\/p><\/div>\n<\/p><\/div>\n<\/p><\/div>\n<div class=\"fl-col-group fl-node-66755758712aa\" data-node=\"66755758712aa\">\n<div class=\"fl-col fl-node-66755758712ef\" data-node=\"66755758712ef\" style=\"width: 100%;\">\n<div class=\"fl-col-content fl-node-content\">\n<div class=\"fl-module fl-module-rich-text fl-node-6675575871334\" data-animation-delay=\"0.0\" data-node=\"6675575871334\">\n<div class=\"fl-module-content fl-node-content\">\n<div class=\"fl-rich-text\">\n<p>Les anneaux de joints enduits de carbure de carbure sont largement utilis\u00e9s dans les applications d'\u00e9tanch\u00e9it\u00e9 dans les domaines de l'industrie chimique, de l'industrie p\u00e9troli\u00e8re et gazi\u00e8re, de l'a\u00e9rospatiale, de la fabrication de semi-conducteurs, etc. Ils sont utilis\u00e9s dans les tuyaux d'\u00e9tanch\u00e9it\u00e9, les valves, les syst\u00e8mes de pompe et d'autres \u00e9quipements pour fournir des performances d'\u00e9tanch\u00e9it\u00e9 fiables, emp\u00eacher les fuites et la contamination, et assurer le fonctionnement normal du syst\u00e8me.<\/p>\n<\/p><\/div>\n<\/p><\/div>\n<\/p><\/div>\n<div class=\"fl-module fl-module-rich-text fl-node-66755769544e4\" data-animation-delay=\"0.0\" data-node=\"66755769544e4\">\n<div class=\"fl-module-content fl-node-content\">\n<div class=\"fl-rich-text\">\n<p>Les caract\u00e9ristiques de l'anneau de joint enduit de carbure de tantale sont les suivants:<\/p>\n<p>1. Stabilit\u00e9 \u00e0 haute temp\u00e9rature: Le rev\u00eatement en carbure de tantale peut maintenir la stabilit\u00e9 structurelle et les bonnes performances d'\u00e9tanch\u00e9it\u00e9 dans un environnement \u00e0 haute temp\u00e9rature, et convient aux processus et applications \u00e0 haute temp\u00e9rature.<\/p>\n<p>2. R\u00e9sistance \u00e0 la corrosion: le rev\u00eatement de carbure de tantale peut r\u00e9sister \u00e0 l'\u00e9rosion de divers produits chimiques et solvants, a une excellente r\u00e9sistance \u00e0 la corrosion et convient aux applications dans des environnements corrosifs.<\/p>\n<p>3.<\/p>\n<p>4. R\u00e9sistance \u00e0 l'usure: Le rev\u00eatement en carbure de tantale a une forte r\u00e9sistance \u00e0 la duret\u00e9 et \u00e0 l'usure, peut maintenir de bonnes performances dans l'environnement de friction et d'usure et prolonger la dur\u00e9e de vie.<\/p>\n<\/p><\/div>\n<\/p><\/div>\n<\/p><\/div>\n<\/p><\/div>\n<\/p><\/div>\n<\/p><\/div>\n<div class=\"fl-col-group fl-node-6675575871629\" data-node=\"6675575871629\">\n<div class=\"fl-col fl-node-667557587173b fl-col-small\" data-node=\"667557587173b\" style=\"width: 50%;\">\n<div class=\"fl-col-content fl-node-content\">\n<div class=\"fl-module fl-module-photo fl-node-66755758716b3\" data-animation-delay=\"0.0\" data-node=\"66755758716b3\">\n<div class=\"fl-module-content fl-node-content\">\n<div class=\"fl-photo fl-photo-align-center\" itemscope=\"\" itemtype=\"http:\/\/schema.org\/ImageObject\">\n<div class=\"fl-photo-content fl-photo-img-jpg\"> <img decoding=\"async\" alt=\"Revocation de carbure de Tantalum \u00e0 haute efficacit\u00e9_ Am\u00e9liorez l&#039;efficacit\u00e9 de la production industrielle et r\u00e9duisez les co\u00fbts de maintenance Image en vedette\" class=\"fl-photo-img wp-image-7305 size-thumbnail\" itemprop=\"image\" src=\"\/wp-content\/uploads\/2025\/09\/0c4e2486991c9804.webp\"> <\/div>\n<\/p><\/div>\n<\/p><\/div>\n<\/p><\/div>\n<div class=\"fl-module fl-module-heading fl-node-66755758717c4\" data-animation-delay=\"0.0\" data-node=\"66755758717c4\">\n<div class=\"fl-module-content fl-node-content\">\n<h3 class=\"fl-heading\">  Partie tac pour la croissance monocristal  <\/h3>\n<\/p><\/div>\n<\/p><\/div>\n<\/p><\/div>\n<\/p><\/div>\n<div class=\"fl-col fl-node-667557587166e fl-col-small\" data-node=\"667557587166e\" style=\"width: 50%;\">\n<div class=\"fl-col-content fl-node-content\">\n<div class=\"fl-module fl-module-photo fl-node-66755758716f7\" data-animation-delay=\"0.0\" data-node=\"66755758716f7\">\n<div class=\"fl-module-content fl-node-content\">\n<div class=\"fl-photo fl-photo-align-center\" itemscope=\"\" itemtype=\"http:\/\/schema.org\/ImageObject\">\n<div class=\"fl-photo-content fl-photo-img-jpg\"> <img decoding=\"async\" alt=\"Le rev\u00eatement en carbure de Tantalum anti-v\u00eatements prot\u00e8ge l&#039;\u00e9quipement de l&#039;usure et de la corrosion Image\" class=\"fl-photo-img wp-image-6556 size-thumbnail\" itemprop=\"image\" src=\"\/wp-content\/uploads\/2025\/09\/3358ccbc0dafe7b5.webp\"> <\/div>\n<\/p><\/div>\n<\/p><\/div>\n<\/p><\/div>\n<div class=\"fl-module fl-module-heading fl-node-6675575871780\" data-animation-delay=\"0.0\" data-node=\"6675575871780\">\n<div class=\"fl-module-content fl-node-content\">\n<h3 class=\"fl-heading\">  Graphite avec anneau rev\u00eatu de TAC  <\/h3>\n<\/p><\/div>\n<\/p><\/div>\n<\/p><\/div>\n<\/p><\/div>\n<\/p><\/div>\n<div class=\"fl-col-group fl-node-6675575871145\" data-node=\"6675575871145\">\n<div class=\"fl-col fl-node-6675575871266 fl-col-small\" data-node=\"6675575871266\" style=\"width: 50%;\">\n<div class=\"fl-col-content fl-node-content\">\n<div class=\"fl-module fl-module-photo fl-node-66755758711dd\" data-animation-delay=\"0.0\" data-node=\"66755758711dd\">\n<div class=\"fl-module-content fl-node-content\">\n<div class=\"fl-photo fl-photo-align-center\" itemscope=\"\" itemtype=\"http:\/\/schema.org\/ImageObject\">\n<div class=\"fl-photo-content fl-photo-img-png\"> <img decoding=\"async\" alt=\"&#24494;&#20449;&#22270;&#29255;_20240227150045\" class=\"fl-photo-img wp-image-6621\" itemprop=\"image\" src=\"\/wp-content\/uploads\/2025\/09\/7f66597ee3a8b10a.webp\"> <\/div>\n<\/p><\/div>\n<\/p><\/div>\n<\/p><\/div>\n<div class=\"fl-module fl-module-heading fl-node-667557587148c\" data-animation-delay=\"0.0\" data-node=\"667557587148c\">\n<div class=\"fl-module-content fl-node-content\">\n<h3 class=\"fl-heading\"> <span class=\"fl-heading-text\">avec et sans tac<\/span> <\/h3>\n<\/p><\/div>\n<\/p><\/div>\n<\/p><\/div>\n<\/p><\/div>\n<div class=\"fl-col fl-node-6675575871196 fl-col-small\" data-node=\"6675575871196\" style=\"width: 50%;\">\n<div class=\"fl-col-content fl-node-content\">\n<div class=\"fl-module fl-module-photo fl-node-6675575871221\" data-animation-delay=\"0.0\" data-node=\"6675575871221\">\n<div class=\"fl-module-content fl-node-content\">\n<div class=\"fl-photo fl-photo-align-center\" itemscope=\"\" itemtype=\"http:\/\/schema.org\/ImageObject\">\n<div class=\"fl-photo-content fl-photo-img-png\"> <img decoding=\"async\" alt=\"&#24494;&#20449;&#22270;&#29255;_20240227150053\" class=\"fl-photo-img wp-image-6620 size-thumbnail\" itemprop=\"image\" src=\"\/wp-content\/uploads\/2025\/09\/b13df0bf24464be4.webp\"> <\/div>\n<\/p><\/div>\n<\/p><\/div>\n<\/p><\/div>\n<div class=\"fl-module fl-module-heading fl-node-6675575871447\" data-animation-delay=\"0.0\" data-node=\"6675575871447\">\n<div class=\"fl-module-content fl-node-content\">\n<h3 class=\"fl-heading\"> <span class=\"fl-heading-text\">Apr\u00e8s avoir utilis\u00e9 TAC (\u00e0 droite)<\/span> <\/h3>\n<\/p><\/div>\n<\/p><\/div>\n<\/p><\/div>\n<\/p><\/div>\n<\/p><\/div>\n<div class=\"fl-col-group fl-node-66755758713be\" data-node=\"66755758713be\">\n<div class=\"fl-col fl-node-6675575871402\" data-node=\"6675575871402\" style=\"width: 100%;\">\n<div class=\"fl-col-content fl-node-content\">\n<div class=\"fl-module fl-module-rich-text fl-node-6675575871379\" data-animation-delay=\"0.0\" data-node=\"6675575871379\">\n<div class=\"fl-module-content fl-node-content\">\n<div class=\"fl-rich-text\">\n<p>Moreover, Semicera&#8217;s TaC-coated products&nbsp;exhibit a longer service life and greater high-temperature resistance compared to <b>SiC coatings.<\/b>&nbsp;Laboratory measurements have demonstrated that our TaC coatings&nbsp;can consistently perform at temperatures up to 2300 degrees Celsius for extended periods. Below are some examples of our samples:<\/p>\n<div id=\"gtx-trans\" style=\"position: absolute; left: 1221px; top: 26px;\">&nbsp;<\/div>\n<\/p><\/div>\n<\/p><\/div>\n<\/p><\/div>\n<\/p><\/div>\n<\/p><\/div>\n<\/p><\/div>\n<div class=\"fl-col-group fl-node-66755758714d1\" data-node=\"66755758714d1\">\n<div class=\"fl-col fl-node-66755758715e4 fl-col-small\" data-node=\"66755758715e4\" style=\"width: 50%;\">\n<div class=\"fl-col-content fl-node-content\">\n<div class=\"fl-module fl-module-photo fl-node-6675575871559\" data-animation-delay=\"0.0\" data-node=\"6675575871559\">\n<div class=\"fl-module-content fl-node-content\">\n<div class=\"fl-photo fl-photo-align-center\" itemscope=\"\" itemtype=\"http:\/\/schema.org\/ImageObject\">\n<div class=\"fl-photo-content fl-photo-img-png\"> <img decoding=\"async\" alt=\"3\" class=\"fl-photo-img wp-image-8245\" itemprop=\"image\" src=\"\/wp-content\/uploads\/2025\/09\/c934e5dc4964ad7b.webp\"> <\/div>\n<\/p><\/div>\n<\/p><\/div>\n<\/p><\/div>\n<div class=\"fl-module fl-module-heading fl-node-66755758719ee\" data-animation-delay=\"0.0\" data-node=\"66755758719ee\">\n<div class=\"fl-module-content fl-node-content\">\n<h3 class=\"fl-heading\">  Suspritur enduit de tac  <\/h3>\n<\/p><\/div>\n<\/p><\/div>\n<\/p><\/div>\n<\/p><\/div>\n<div class=\"fl-col fl-node-6675575871515 fl-col-small\" data-node=\"6675575871515\" style=\"width: 50%;\">\n<div class=\"fl-col-content fl-node-content\">\n<div class=\"fl-module fl-module-photo fl-node-667557587159f\" data-animation-delay=\"0.0\" data-node=\"667557587159f\">\n<div class=\"fl-module-content fl-node-content\">\n<div class=\"fl-photo fl-photo-align-center\" itemscope=\"\" itemtype=\"http:\/\/schema.org\/ImageObject\">\n<div class=\"fl-photo-content fl-photo-img-png\"> <img decoding=\"async\" alt=\"4\" class=\"fl-photo-img wp-image-8246\" itemprop=\"image\" src=\"\/wp-content\/uploads\/2025\/09\/288e78622a58bce1.webp\"> <\/div>\n<\/p><\/div>\n<\/p><\/div>\n<\/p><\/div>\n<div class=\"fl-module fl-module-heading fl-node-6675575871a32\" data-animation-delay=\"0.0\" data-node=\"6675575871a32\">\n<div class=\"fl-module-content fl-node-content\">\n<h3 class=\"fl-heading\">  Graphite avec r\u00e9acteur enduit TAC  <\/h3>\n<\/p><\/div>\n<\/p><\/div>\n<\/p><\/div>\n<\/p><\/div>\n<\/p><\/div>\n<div class=\"fl-col-group fl-node-667557587191d\" data-node=\"667557587191d\">\n<div class=\"fl-col fl-node-6675575871964\" data-node=\"6675575871964\" style=\"width: 100%;\">\n<div class=\"fl-col-content fl-node-content\">\n<div class=\"fl-module fl-module-photo fl-node-66755758719a9\" data-animation-delay=\"0.0\" data-node=\"66755758719a9\">\n<div class=\"fl-module-content fl-node-content\">\n<div class=\"fl-photo fl-photo-align-center\" itemscope=\"\" itemtype=\"http:\/\/schema.org\/ImageObject\">\n<div class=\"fl-photo-content fl-photo-img-png\"> <img decoding=\"async\" alt=\"0(1)\" class=\"fl-photo-img wp-image-6851\" itemprop=\"image\" src=\"\/wp-content\/uploads\/2025\/09\/474f2973c811b4a2.webp\"> <\/div>\n<\/p><\/div>\n<\/p><\/div>\n<\/p><\/div>\n<\/p><\/div>\n<\/p><\/div>\n<\/p><\/div>\n<div class=\"fl-col-group fl-node-6675575870ec2\" data-node=\"6675575870ec2\">\n<div class=\"fl-col fl-node-6675575870f02\" data-node=\"6675575870f02\" style=\"width: 100%;\">\n<div class=\"fl-col-content fl-node-content\">\n<div class=\"fl-module fl-module-photo fl-node-6675575870f42\" data-animation-delay=\"0.0\" data-node=\"6675575870f42\">\n<div class=\"fl-module-content fl-node-content\">\n<div class=\"fl-photo fl-photo-align-center\" itemscope=\"\" itemtype=\"http:\/\/schema.org\/ImageObject\">\n<div class=\"fl-photo-content fl-photo-img-jpg\"> <img decoding=\"async\" alt=\"Lieu de travail Semiera\" class=\"fl-photo-img wp-image-7286\" itemprop=\"image\" src=\"\/wp-content\/uploads\/2025\/09\/b1dd0bcab1675ff4.webp\"> <\/div>\n<\/p><\/div>\n<\/p><\/div>\n<\/p><\/div>\n<\/p><\/div>\n<\/p><\/div>\n<\/p><\/div>\n<div class=\"fl-col-group fl-node-6675575871061\" data-node=\"6675575871061\">\n<div class=\"fl-col fl-node-66755758710b8\" data-node=\"66755758710b8\" style=\"width: 100%;\">\n<div class=\"fl-col-content fl-node-content\">\n<div class=\"fl-module fl-module-photo fl-node-66755758710ff\" data-animation-delay=\"0.0\" data-node=\"66755758710ff\">\n<div class=\"fl-module-content fl-node-content\">\n<div class=\"fl-photo fl-photo-align-center\" itemscope=\"\" itemtype=\"http:\/\/schema.org\/ImageObject\">\n<div class=\"fl-photo-content fl-photo-img-jpg\"> <img decoding=\"async\" alt=\"Semirara Lieu de travail 2\" class=\"fl-photo-img wp-image-7287\" itemprop=\"image\" src=\"\/wp-content\/uploads\/2025\/09\/2b946d2b4b61306d.webp\"> <\/div>\n<\/p><\/div>\n<\/p><\/div>\n<\/p><\/div>\n<div class=\"fl-module fl-module-photo fl-node-66755758718d7\" data-animation-delay=\"0.0\" data-node=\"66755758718d7\">\n<div class=\"fl-module-content fl-node-content\">\n<div class=\"fl-photo fl-photo-align-center\" itemscope=\"\" itemtype=\"http:\/\/schema.org\/ImageObject\">\n<div class=\"fl-photo-content fl-photo-img-jpg\"> <img decoding=\"async\" alt=\"Machine de mat\u00e9riel\" class=\"fl-photo-img wp-image-7288\" itemprop=\"image\" src=\"\/wp-content\/uploads\/2025\/09\/081b6529d68ead23.webp\"> <\/div>\n<\/p><\/div>\n<\/p><\/div>\n<\/p><\/div>\n<div class=\"fl-module fl-module-photo fl-node-6675575871809\" data-animation-delay=\"0.0\" data-node=\"6675575871809\">\n<div class=\"fl-module-content fl-node-content\">\n<div class=\"fl-photo fl-photo-align-center\" itemscope=\"\" itemtype=\"http:\/\/schema.org\/ImageObject\">\n<div class=\"fl-photo-content fl-photo-img-jpg\"> <img decoding=\"async\" alt=\"Maison des articles semira\" class=\"fl-photo-img wp-image-7140\" itemprop=\"image\" src=\"\/wp-content\/uploads\/2025\/09\/2190bb9ce5c1d546.webp\"> <\/div>\n<\/p><\/div>\n<\/p><\/div>\n<\/p><\/div>\n<div class=\"fl-module fl-module-photo fl-node-6675575871893\" data-animation-delay=\"0.0\" data-node=\"6675575871893\">\n<div class=\"fl-module-content fl-node-content\">\n<div class=\"fl-photo fl-photo-align-center\" itemscope=\"\" itemtype=\"http:\/\/schema.org\/ImageObject\">\n<div class=\"fl-photo-content fl-photo-img-jpg\"> <img decoding=\"async\" alt=\"Traitement CNN, nettoyage chimique, rev\u00eatement CVD\" class=\"fl-photo-img wp-image-7289\" itemprop=\"image\" src=\"\/wp-content\/uploads\/2025\/09\/a4132b2b399abbac.webp\"> <\/div>\n<\/p><\/div>\n<\/p><\/div>\n<\/p><\/div>\n<div class=\"fl-module fl-module-photo fl-node-667557587184e\" data-animation-delay=\"0.0\" data-node=\"667557587184e\">\n<div class=\"fl-module-content fl-node-content\">\n<div class=\"fl-photo fl-photo-align-center\" itemscope=\"\" itemtype=\"http:\/\/schema.org\/ImageObject\">\n<div class=\"fl-photo-content fl-photo-img-jpg\"> <img decoding=\"async\" alt=\"Notre service\" class=\"fl-photo-img wp-image-7290\" itemprop=\"image\" src=\"\/wp-content\/uploads\/2025\/09\/b07f222c0ec0ab8d.webp\"> <\/div>\n<\/p><\/div>\n<\/p><\/div>\n<\/p><\/div>\n<\/p><\/div>\n<\/p><\/div>\n<\/p><\/div>\n<\/p><\/div>\n<\/p><\/div>\n<\/p><\/div>\n<\/div>","protected":false},"excerpt":{"rendered":"<p><?xml encoding=\"utf-8\" ?><\/p>\n<p>The Tantalum Carbide Coated Graphite Ring by Semicera is engineered for exceptional performance in semiconductor manufacturing, offering superior wear resistance and thermal stability up to 2300&deg;C. Semicera ensures precision and durability, making it ideal for high-temperature applications in epitaxy equipment.<\/p>","protected":false},"featured_media":801,"comment_status":"closed","ping_status":"open","template":"","meta":[],"product_brand":[],"product_cat":[37],"product_tag":[],"class_list":{"0":"post-1471","1":"product","2":"type-product","3":"status-publish","4":"has-post-thumbnail","6":"product_cat-cvd-tac-coating","8":"first","9":"instock","10":"product-type-simple"},"_links":{"self":[{"href":"https:\/\/www.cn-semiconductorparts.com\/fr\/wp-json\/wp\/v2\/product\/1471","targetHints":{"allow":["GET"]}}],"collection":[{"href":"https:\/\/www.cn-semiconductorparts.com\/fr\/wp-json\/wp\/v2\/product"}],"about":[{"href":"https:\/\/www.cn-semiconductorparts.com\/fr\/wp-json\/wp\/v2\/types\/product"}],"replies":[{"embeddable":true,"href":"https:\/\/www.cn-semiconductorparts.com\/fr\/wp-json\/wp\/v2\/comments?post=1471"}],"wp:featuredmedia":[{"embeddable":true,"href":"https:\/\/www.cn-semiconductorparts.com\/fr\/wp-json\/wp\/v2\/media\/801"}],"wp:attachment":[{"href":"https:\/\/www.cn-semiconductorparts.com\/fr\/wp-json\/wp\/v2\/media?parent=1471"}],"wp:term":[{"taxonomy":"product_brand","embeddable":true,"href":"https:\/\/www.cn-semiconductorparts.com\/fr\/wp-json\/wp\/v2\/product_brand?post=1471"},{"taxonomy":"product_cat","embeddable":true,"href":"https:\/\/www.cn-semiconductorparts.com\/fr\/wp-json\/wp\/v2\/product_cat?post=1471"},{"taxonomy":"product_tag","embeddable":true,"href":"https:\/\/www.cn-semiconductorparts.com\/fr\/wp-json\/wp\/v2\/product_tag?post=1471"}],"curies":[{"name":"WP","href":"https:\/\/api.w.org\/{rel}","templated":true}]}}