{"id":1478,"date":"2025-09-11T05:29:19","date_gmt":"2025-09-11T05:29:19","guid":{"rendered":"https:\/\/weitai2.globaldeepsea.site\/product\/silicon-carbide-vacuum-chuck\/"},"modified":"2026-04-29T15:33:14","modified_gmt":"2026-04-29T07:33:14","slug":"silicon-carbide-vacuum-chuck","status":"publish","type":"product","link":"https:\/\/www.cn-semiconductorparts.com\/fr\/product\/silicon-carbide-vacuum-chuck\/","title":{"rendered":"Silicon Carbide Vacuum Chuck"},"content":{"rendered":"<p><?xml encoding=\"utf-8\" ?><\/p>\n<div class=\"fl-builder-content fl-builder-content-9050 fl-builder-content-primary fl-builder-global-templates-locked\" data-post-id=\"9050\">\n<div class=\"fl-row fl-row-full-width fl-row-bg-none fl-node-6674d2a959b16\" data-node=\"6674d2a959b16\">\n<div class=\"fl-row-content-wrap\">\n<div class=\"fl-row-content fl-row-full-width fl-node-content\">\n<div class=\"fl-col-group fl-node-6674d2a959b5a\" data-node=\"6674d2a959b5a\">\n<div class=\"fl-col fl-node-6674d2a959b9c\" data-node=\"6674d2a959b9c\" style=\"width: 100%;\">\n<div class=\"fl-col-content fl-node-content\">\n<div class=\"fl-module fl-module-rich-text fl-node-6674d2a959bdd\" data-animation-delay=\"0.0\" data-node=\"6674d2a959bdd\">\n<div class=\"fl-module-content fl-node-content\">\n<div class=\"fl-rich-text\">\n<p>Silicon carbide vacuum chuck is a key component used in semiconductor manufacturing and precision industrial applications for grabbing, handling and positioning thin and fragile workpieces such as wafers, glass substrates and optical components. It uses vacuum force to create negative pressure, allowing it to firmly adhere to the surface of the workpiece and release when needed. Silicon carbide vacuum chucks are widely used in semiconductor manufacturing, flat panel displays, optical manufacturing and other precision industrial fields. They can be used for operations such as wafer loading and transfer, substrate alignment, glass plate grabbing and handling, providing high-precision, high-stability and safe workpiece handling solutions.<\/p>\n<\/p><\/div>\n<\/p><\/div>\n<\/p><\/div>\n<div class=\"fl-module fl-module-rich-text fl-node-6674d70ef3bcd\" data-animation-delay=\"0.0\" data-node=\"6674d70ef3bcd\">\n<div class=\"fl-module-content fl-node-content\">\n<div class=\"fl-rich-text\">\n<p>The characteristics of silicon carbide vacuum chucks are as follows:<\/p>\n<p>1. High temperature resistance: Silicon carbide has excellent high temperature stability and can operate for a long time in a high temperature environment without damage, which is suitable for processes that require high temperature processing.<\/p>\n<p>2. High hardness and wear resistance: Silicon carbide has high hardness and can resist friction and wear, increasing the durability and life of the chuck.<\/p>\n<p>3. Excellent chemical inertness: Silicon carbide has high resistance to a variety of chemicals and solvents and can work stably in chemical environments.<\/p>\n<p>4. High vacuum sealing: Silicon carbide vacuum suction cups can provide reliable vacuum sealing, ensuring stable adsorption force and safe grasping of workpieces.<\/p>\n<\/p><\/div>\n<\/p><\/div>\n<\/p><\/div>\n<div class=\"fl-module fl-module-rich-text fl-node-6674d71426d35\" data-animation-delay=\"0.0\" data-node=\"6674d71426d35\">\n<div class=\"fl-module-content fl-node-content\">\n<div class=\"fl-rich-text\">\n<p>Nous sommes en mesure de concevoir et de fabriquer en fonction de vos dimensions sp\u00e9cifiques avec une bonne qualit\u00e9 et un temps de livraison raisonnable.&nbsp;<\/p>\n<div id=\"gtx-trans\" style=\"position: absolute; left: 31px; top: -18px;\">&nbsp;<\/div>\n<\/p><\/div>\n<\/p><\/div>\n<\/p><\/div>\n<\/p><\/div>\n<\/p><\/div>\n<\/p><\/div>\n<div class=\"fl-col-group fl-node-6674d2a959e68\" data-node=\"6674d2a959e68\">\n<div class=\"fl-col fl-node-6674d2a959ea9\" data-node=\"6674d2a959ea9\" style=\"width: 62.67%;\">\n<div class=\"fl-col-content fl-node-content\">\n<div class=\"fl-module fl-module-photo fl-node-6674d2a959e27\" data-animation-delay=\"0.0\" data-node=\"6674d2a959e27\">\n<div class=\"fl-module-content fl-node-content\">\n<div class=\"fl-photo fl-photo-align-center\" itemscope=\"\" itemtype=\"http:\/\/schema.org\/ImageObject\">\n<div class=\"fl-photo-content fl-photo-img-png\"> <img decoding=\"async\" alt=\"&#22270;&#29255; 1\" class=\"fl-photo-img wp-image-9053\" itemprop=\"image\" src=\"\/wp-content\/uploads\/2025\/09\/854401be05186aca.webp\"> <\/div>\n<\/p><\/div>\n<\/p><\/div>\n<\/p><\/div>\n<\/p><\/div>\n<\/p><\/div>\n<div class=\"fl-col fl-node-6674d2a959eea fl-col-small\" data-node=\"6674d2a959eea\" style=\"width: 37.33%;\">\n<div class=\"fl-col-content fl-node-content\">\n<div class=\"fl-module fl-module-heading fl-node-6674d2a959f6d\" data-animation-delay=\"0.0\" data-node=\"6674d2a959f6d\">\n<div class=\"fl-module-content fl-node-content\">\n<h3 class=\"fl-heading\"> <span class=\"fl-heading-text\">Advantages<\/span> <\/h3>\n<\/p><\/div>\n<\/p><\/div>\n<div class=\"fl-module fl-module-rich-text fl-node-6674d2a959ce1\" data-animation-delay=\"0.0\" data-node=\"6674d2a959ce1\">\n<div class=\"fl-module-content fl-node-content\">\n<div class=\"fl-rich-text\">\n<p>R\u00e9sistance \u00e0 l'oxydation \u00e0 haute temp\u00e9rature<\/p>\n<p>Excellente r\u00e9sistance \u00e0 la corrosion<\/p>\n<p>Bonne r\u00e9sistance \u00e0 l'abrasion<\/p>\n<p>Coefficient \u00e9lev\u00e9 de conductivit\u00e9 thermique<\/p>\n<p>Auto-lubricit\u00e9, faible densit\u00e9<\/p>\n<p>Duret\u00e9 \u00e9lev\u00e9e<\/p>\n<p>Conception personnalis\u00e9e.<\/p>\n<\/p><\/div>\n<\/p><\/div>\n<\/p><\/div>\n<\/p><\/div>\n<\/p><\/div>\n<\/p><\/div>\n<div class=\"fl-col-group fl-node-6674d2a959c1e\" data-node=\"6674d2a959c1e\">\n<div class=\"fl-col fl-node-6674d2a959c5f\" data-node=\"6674d2a959c5f\" style=\"width: 100%;\">\n<div class=\"fl-col-content fl-node-content\">\n<div class=\"fl-module fl-module-heading fl-node-6674d2a959f2b\" data-animation-delay=\"0.0\" data-node=\"6674d2a959f2b\">\n<div class=\"fl-module-content fl-node-content\">\n<h3 class=\"fl-heading\"> <span class=\"fl-heading-text\">Applications<\/span> <\/h3>\n<\/p><\/div>\n<\/p><\/div>\n<div class=\"fl-module fl-module-rich-text fl-node-6674d2a959ca0\" data-animation-delay=\"0.0\" data-node=\"6674d2a959ca0\">\n<div class=\"fl-module-content fl-node-content\">\n<div class=\"fl-rich-text\">\n<p><span style=\"font-family: Calibri;\">-Champ r\u00e9sistant \u00e0 l'usure: bague, assiette, buse de sable, doublure du cyclone, grincement du canon, etc.\u2026<\/span><\/p>\n<p><span style=\"font-family: Calibri;\">-Champ \u00e0 haute temp\u00e9rature: dalle SIC, tube de four \u00e0 trempe, tube rayonnant, creuset, \u00e9l\u00e9ment de chauffage, rouleau, faisceau, \u00e9changeur de chaleur, tuyau \u00e0 air froid, buse de br\u00fbleur, tube de protection du thermocouple, bateau sic, structure de la voiture du four, setter, etc.<\/span><\/p>\n<p><span style=\"font-family: Calibri;\">-Champ de balles militaire<\/span><\/p>\n<p><span style=\"font-family: Calibri;\">-Semi-conducteur en carbure de silicium: bateau \u00e0 la plaquette SIC, Chuck sic, pagaie SIC, cassette sic, tube de diffusion SIC, fourchette, plaque d'aspiration, guide, etc.<\/span><\/p>\n<p><span style=\"font-family: Calibri;\">-Champ de joint en carbure de silicium: Toutes sortes d'anneau d'\u00e9tanch\u00e9it\u00e9, de roulement, de bague, etc.<\/span><\/p>\n<p><span style=\"font-family: Calibri;\">-Champ photovolta\u00efque: pagaie en porte-\u00e0-faux, baril de broyage, rouleau en carbure de silicium, etc.<\/span><\/p>\n<p><span style=\"font-family: Calibri;\">-Champ de batterie au lithium<\/span><\/p>\n<\/p><\/div>\n<\/p><\/div>\n<\/p><\/div>\n<\/p><\/div>\n<\/p><\/div>\n<\/p><\/div>\n<div class=\"fl-col-group fl-node-6674d2cc127d1\" data-node=\"6674d2cc127d1\">\n<div class=\"fl-col fl-node-6674d2cc12a55\" data-node=\"6674d2cc12a55\" style=\"width: 100%;\">\n<div class=\"fl-col-content fl-node-content\">\n<div class=\"fl-module fl-module-photo fl-node-6674d2c467168\" data-animation-delay=\"0.0\" data-node=\"6674d2c467168\">\n<div class=\"fl-module-content fl-node-content\">\n<div class=\"fl-photo fl-photo-align-center\" itemscope=\"\" itemtype=\"http:\/\/schema.org\/ImageObject\">\n<div class=\"fl-photo-content fl-photo-img-jpg\"> <img decoding=\"async\" alt=\"Lieu de travail Semiera\" class=\"fl-photo-img wp-image-9038\" itemprop=\"image\" src=\"\/wp-content\/uploads\/2025\/09\/b1dd0bcab1675ff4.webp\"> <\/div>\n<\/p><\/div>\n<\/p><\/div>\n<\/p><\/div>\n<\/p><\/div>\n<\/p><\/div>\n<\/p><\/div>\n<\/p><\/div>\n<\/p><\/div>\n<\/p><\/div>\n<div class=\"fl-row fl-row-full-width fl-row-bg-none fl-node-6674d2c4670a0\" data-node=\"6674d2c4670a0\">\n<div class=\"fl-row-content-wrap\">\n<div class=\"fl-row-content fl-row-full-width fl-node-content\">\n<div class=\"fl-col-group fl-node-6674d2c4670e5\" data-node=\"6674d2c4670e5\">\n<div class=\"fl-col fl-node-6674d2c467127\" data-node=\"6674d2c467127\" style=\"width: 100%;\">\n<div class=\"fl-col-content fl-node-content\">\n<div class=\"fl-module fl-module-photo fl-node-6674d2c4672af\" data-animation-delay=\"0.0\" data-node=\"6674d2c4672af\">\n<div class=\"fl-module-content fl-node-content\">\n<div class=\"fl-photo fl-photo-align-center\" itemscope=\"\" itemtype=\"http:\/\/schema.org\/ImageObject\">\n<div class=\"fl-photo-content fl-photo-img-jpg\"> <img decoding=\"async\" alt=\"Semirara Lieu de travail 2\" class=\"fl-photo-img wp-image-9037\" itemprop=\"image\" src=\"\/wp-content\/uploads\/2025\/09\/2b946d2b4b61306d.webp\"> <\/div>\n<\/p><\/div>\n<\/p><\/div>\n<\/p><\/div>\n<div class=\"fl-module fl-module-photo fl-node-6674d2c46726d\" data-animation-delay=\"0.0\" data-node=\"6674d2c46726d\">\n<div class=\"fl-module-content fl-node-content\">\n<div class=\"fl-photo fl-photo-align-center\" itemscope=\"\" itemtype=\"http:\/\/schema.org\/ImageObject\">\n<div class=\"fl-photo-content fl-photo-img-jpg\"> <img decoding=\"async\" alt=\"Machine de mat\u00e9riel\" class=\"fl-photo-img wp-image-9034 size-full\" itemprop=\"image\" src=\"\/wp-content\/uploads\/2025\/09\/081b6529d68ead23.webp\"> <\/div>\n<\/p><\/div>\n<\/p><\/div>\n<\/p><\/div>\n<div class=\"fl-module fl-module-photo fl-node-6674d2c46722c\" data-animation-delay=\"0.0\" data-node=\"6674d2c46722c\">\n<div class=\"fl-module-content fl-node-content\">\n<div class=\"fl-photo fl-photo-align-center\" itemscope=\"\" itemtype=\"http:\/\/schema.org\/ImageObject\">\n<div class=\"fl-photo-content fl-photo-img-jpg\"> <img decoding=\"async\" alt=\"Traitement CNN, nettoyage chimique, rev\u00eatement CVD\" class=\"fl-photo-img wp-image-9033\" itemprop=\"image\" src=\"\/wp-content\/uploads\/2025\/09\/a4132b2b399abbac.webp\"> <\/div>\n<\/p><\/div>\n<\/p><\/div>\n<\/p><\/div>\n<div class=\"fl-module fl-module-photo fl-node-6674d2c4671ea\" data-animation-delay=\"0.0\" data-node=\"6674d2c4671ea\">\n<div class=\"fl-module-content fl-node-content\">\n<div class=\"fl-photo fl-photo-align-center\" itemscope=\"\" itemtype=\"http:\/\/schema.org\/ImageObject\">\n<div class=\"fl-photo-content fl-photo-img-jpg\"> <img decoding=\"async\" alt=\"Maison des articles semira\" class=\"fl-photo-img wp-image-9036\" itemprop=\"image\" src=\"\/wp-content\/uploads\/2025\/09\/2190bb9ce5c1d546.webp\"> <\/div>\n<\/p><\/div>\n<\/p><\/div>\n<\/p><\/div>\n<div class=\"fl-module fl-module-photo fl-node-6674d2c4671a9\" data-animation-delay=\"0.0\" data-node=\"6674d2c4671a9\">\n<div class=\"fl-module-content fl-node-content\">\n<div class=\"fl-photo fl-photo-align-center\" itemscope=\"\" itemtype=\"http:\/\/schema.org\/ImageObject\">\n<div class=\"fl-photo-content fl-photo-img-jpg\"> <img decoding=\"async\" alt=\"Notre service\" class=\"fl-photo-img wp-image-9035\" itemprop=\"image\" src=\"\/wp-content\/uploads\/2025\/09\/b07f222c0ec0ab8d.webp\"> <\/div>\n<\/p><\/div>\n<\/p><\/div>\n<\/p><\/div>\n<\/p><\/div>\n<\/p><\/div>\n<\/p><\/div>\n<\/p><\/div>\n<\/p><\/div>\n<\/p><\/div>\n<\/div>","protected":false},"excerpt":{"rendered":"<p><?xml encoding=\"utf-8\" ?><\/p>\n<p>Silicon Carbide Vacuum Chuck and Wafer Handling Arm is formed by isostatic pressing process and high temperature sintering. The external dimensions, thickness and shapes can be finished according to the user&rsquo;s design drawings to meet the user&rsquo;s specific requirements.<\/p>","protected":false},"featured_media":1142,"comment_status":"closed","ping_status":"open","template":"","meta":[],"product_brand":[],"product_cat":[24,60],"product_tag":[],"class_list":{"0":"post-1478","1":"product","2":"type-product","3":"status-publish","4":"has-post-thumbnail","6":"product_cat-silicon-carbide-ceramic","7":"product_cat-silicon-carbide-chuck","9":"first","10":"instock","11":"product-type-simple"},"_links":{"self":[{"href":"https:\/\/www.cn-semiconductorparts.com\/fr\/wp-json\/wp\/v2\/product\/1478","targetHints":{"allow":["GET"]}}],"collection":[{"href":"https:\/\/www.cn-semiconductorparts.com\/fr\/wp-json\/wp\/v2\/product"}],"about":[{"href":"https:\/\/www.cn-semiconductorparts.com\/fr\/wp-json\/wp\/v2\/types\/product"}],"replies":[{"embeddable":true,"href":"https:\/\/www.cn-semiconductorparts.com\/fr\/wp-json\/wp\/v2\/comments?post=1478"}],"wp:featuredmedia":[{"embeddable":true,"href":"https:\/\/www.cn-semiconductorparts.com\/fr\/wp-json\/wp\/v2\/media\/1142"}],"wp:attachment":[{"href":"https:\/\/www.cn-semiconductorparts.com\/fr\/wp-json\/wp\/v2\/media?parent=1478"}],"wp:term":[{"taxonomy":"product_brand","embeddable":true,"href":"https:\/\/www.cn-semiconductorparts.com\/fr\/wp-json\/wp\/v2\/product_brand?post=1478"},{"taxonomy":"product_cat","embeddable":true,"href":"https:\/\/www.cn-semiconductorparts.com\/fr\/wp-json\/wp\/v2\/product_cat?post=1478"},{"taxonomy":"product_tag","embeddable":true,"href":"https:\/\/www.cn-semiconductorparts.com\/fr\/wp-json\/wp\/v2\/product_tag?post=1478"}],"curies":[{"name":"WP","href":"https:\/\/api.w.org\/{rel}","templated":true}]}}