{"id":1481,"date":"2025-09-11T05:29:19","date_gmt":"2025-09-11T05:29:19","guid":{"rendered":"https:\/\/weitai2.globaldeepsea.site\/product\/silicon-carbide-sic-shower-head\/"},"modified":"2026-04-29T15:33:15","modified_gmt":"2026-04-29T07:33:15","slug":"silicon-carbide-sic-shower-head","status":"publish","type":"product","link":"https:\/\/www.cn-semiconductorparts.com\/fr\/product\/silicon-carbide-sic-shower-head\/","title":{"rendered":"Silicon carbide SiC Shower Head"},"content":{"rendered":"<p><?xml encoding=\"utf-8\" ?><\/p>\n<div class=\"fl-builder-content fl-builder-content-9028 fl-builder-content-primary fl-builder-global-templates-locked\" data-post-id=\"9028\">\n<div class=\"fl-row fl-row-full-width fl-row-bg-none fl-node-66740384ef76d\" data-node=\"66740384ef76d\">\n<div class=\"fl-row-content-wrap\">\n<div class=\"fl-row-content fl-row-full-width fl-node-content\">\n<div class=\"fl-col-group fl-node-66740384ef7ba\" data-node=\"66740384ef7ba\">\n<div class=\"fl-col fl-node-66740384ef7c9\" data-node=\"66740384ef7c9\" style=\"width: 100%;\">\n<div class=\"fl-col-content fl-node-content\">\n<div class=\"fl-module fl-module-heading fl-node-66740384ef80b pro_tit\" data-animation-delay=\"0.0\" data-node=\"66740384ef80b\">\n<div class=\"fl-module-content fl-node-content\">\n<h3 class=\"fl-heading\"> <span class=\"fl-heading-text\">Description<\/span> <\/h3>\n<\/p><\/div>\n<\/p><\/div>\n<\/p><\/div>\n<\/p><\/div>\n<\/p><\/div>\n<div class=\"fl-col-group fl-node-66740384ef84b\" data-node=\"66740384ef84b\">\n<div class=\"fl-col fl-node-66740384ef88b\" data-node=\"66740384ef88b\" style=\"width: 100%;\">\n<div class=\"fl-col-content fl-node-content\">\n<div class=\"fl-module fl-module-rich-text fl-node-66740384ef8cb\" data-animation-delay=\"0.0\" data-node=\"66740384ef8cb\">\n<div class=\"fl-module-content fl-node-content\">\n<div class=\"fl-rich-text\">\n<p>Our company provides SiC coating process services by CVD method on the surface of graphite, ceramics and other materials, so that special gases containing carbon and silicon react at high temperature to obtain high purity SiC molecules, molecules deposited on the surface of the coated materials, forming SIC protective layer.<\/p>\n<\/p><\/div>\n<\/p><\/div>\n<\/p><\/div>\n<div class=\"fl-module fl-module-rich-text fl-node-66740416d1958\" data-animation-delay=\"0.0\" data-node=\"66740416d1958\">\n<div class=\"fl-module-content fl-node-content\">\n<div class=\"fl-rich-text\">\n<p>The characteristics of SiC shower heads are as follows:<\/p>\n<p>1. Corrosion resistance: SiC material has excellent corrosion resistance and can withstand the erosion of various chemical liquids and solutions, and is suitable for a variety of chemical processing and surface treatment processes.<\/p>\n<p>2. High temperature stability: SiC nozzles can maintain structural stability in high temperature environments and are suitable for applications that require high temperature treatment.<\/p>\n<p>3. Uniform spraying: SiC nozzle design has good spraying control performance, which can achieve uniform liquid distribution and ensure that the treatment liquid is evenly covered on the target surface.<\/p>\n<p>4. High wear resistance: SiC material has high hardness and wear resistance and can withstand long-term use and friction.<\/p>\n<p>SiC shower heads are widely used in liquid treatment processes in semiconductor manufacturing, chemical processing, surface coating, electroplating and other industrial fields. It can provide stable, uniform and reliable spraying effects to ensure the quality and consistency of processing and treatment.<\/p>\n<\/p><\/div>\n<\/p><\/div>\n<\/p><\/div>\n<\/p><\/div>\n<\/p><\/div>\n<\/p><\/div>\n<div class=\"fl-col-group fl-node-66740384ef90a\" data-node=\"66740384ef90a\">\n<div class=\"fl-col fl-node-66740384ef94a fl-col-small\" data-node=\"66740384ef94a\" style=\"width: 50%;\">\n<div class=\"fl-col-content fl-node-content\">\n<div class=\"fl-module fl-module-rich-text fl-node-66740384ef9c9\" data-animation-delay=\"0.0\" data-node=\"66740384ef9c9\">\n<div class=\"fl-module-content fl-node-content\">\n<div class=\"fl-rich-text\">\n<p><img decoding=\"async\" alt=\"about (1)\" class=\"alignnone size-full wp-image-1428\" src=\"\/wp-content\/uploads\/2025\/09\/e035f2d2302f8b97.webp\"> <\/p>\n<\/p><\/div>\n<\/p><\/div>\n<\/p><\/div>\n<\/p><\/div>\n<\/p><\/div>\n<div class=\"fl-col fl-node-66740384efa08 fl-col-small\" data-node=\"66740384efa08\" style=\"width: 50%;\">\n<div class=\"fl-col-content fl-node-content\">\n<div class=\"fl-module fl-module-rich-text fl-node-66740384ef989\" data-animation-delay=\"0.0\" data-node=\"66740384ef989\">\n<div class=\"fl-module-content fl-node-content\">\n<div class=\"fl-rich-text\">\n<p><img decoding=\"async\" alt=\"about (2)\" class=\"alignnone size-medium wp-image-1429\" src=\"\/wp-content\/uploads\/2025\/09\/b2e764f5ec49a661.webp\"><\/p>\n<\/p><\/div>\n<\/p><\/div>\n<\/p><\/div>\n<\/p><\/div>\n<\/p><\/div>\n<\/p><\/div>\n<\/p><\/div>\n<\/p><\/div>\n<\/p><\/div>\n<div class=\"fl-row fl-row-full-width fl-row-bg-none fl-node-66740384efa48\" data-node=\"66740384efa48\">\n<div class=\"fl-row-content-wrap\">\n<div class=\"fl-row-content fl-row-full-width fl-node-content\">\n<div class=\"fl-col-group fl-node-66740384efa87\" data-node=\"66740384efa87\">\n<div class=\"fl-col fl-node-66740384efac7\" data-node=\"66740384efac7\" style=\"width: 100%;\">\n<div class=\"fl-col-content fl-node-content\">\n<div class=\"fl-module fl-module-heading fl-node-66740384efb06 pro_tit\" data-animation-delay=\"0.0\" data-node=\"66740384efb06\">\n<div class=\"fl-module-content fl-node-content\">\n<h3 class=\"fl-heading\"> <span class=\"fl-heading-text\">Caract\u00e9ristiques principales<\/span> <\/h3>\n<\/p><\/div>\n<\/p><\/div>\n<\/p><\/div>\n<\/p><\/div>\n<\/p><\/div>\n<div class=\"fl-col-group fl-node-66740384efb46\" data-node=\"66740384efb46\">\n<div class=\"fl-col fl-node-66740384efb85\" data-node=\"66740384efb85\" style=\"width: 100%;\">\n<div class=\"fl-col-content fl-node-content\">\n<div class=\"fl-module fl-module-rich-text fl-node-66740384efbc5\" data-animation-delay=\"0.0\" data-node=\"66740384efbc5\">\n<div class=\"fl-module-content fl-node-content\">\n<div class=\"fl-rich-text\">\n<p>1. R\u00e9sistance \u00e0 l'oxydation \u00e0 haute temp\u00e9rature:<br \/> La r\u00e9sistance \u00e0 l'oxydation est encore tr\u00e8s bonne lorsque la temp\u00e9rature est aussi \u00e9lev\u00e9e que 1600 C.<br \/> 2.<br \/> 3. R\u00e9sistance \u00e0 l'\u00e9rosion: duret\u00e9 \u00e9lev\u00e9e, surface compacte, particules fines.<br \/> 4. R\u00e9sistance \u00e0 la corrosion: r\u00e9actifs acide, alcalin, sel et organique.<\/p>\n<\/p><\/div>\n<\/p><\/div>\n<\/p><\/div>\n<\/p><\/div>\n<\/p><\/div>\n<\/p><\/div>\n<\/p><\/div>\n<\/p><\/div>\n<\/p><\/div>\n<div class=\"fl-row fl-row-full-width fl-row-bg-none fl-node-66740384efc05\" data-node=\"66740384efc05\">\n<div class=\"fl-row-content-wrap\">\n<div class=\"fl-row-content fl-row-full-width fl-node-content\">\n<div class=\"fl-col-group fl-node-66740384efc45\" data-node=\"66740384efc45\">\n<div class=\"fl-col fl-node-66740384efc84\" data-node=\"66740384efc84\" style=\"width: 100%;\">\n<div class=\"fl-col-content fl-node-content\">\n<div class=\"fl-module fl-module-heading fl-node-66740384efcc8 pro_tit\" data-animation-delay=\"0.0\" data-node=\"66740384efcc8\">\n<div class=\"fl-module-content fl-node-content\">\n<h3 class=\"fl-heading\"> <span class=\"fl-heading-text\">Sp\u00e9cifications principales du rev\u00eatement CVD-SIC<\/span> <\/h3>\n<\/p><\/div>\n<\/p><\/div>\n<\/p><\/div>\n<\/p><\/div>\n<\/p><\/div>\n<div class=\"fl-col-group fl-node-66740384efd0a\" data-node=\"66740384efd0a\">\n<div class=\"fl-col fl-node-66740384efd4a\" data-node=\"66740384efd4a\" style=\"width: 100%;\">\n<div class=\"fl-col-content fl-node-content\">\n<div class=\"fl-module fl-module-rich-text fl-node-66740384efd89\" data-animation-delay=\"0.0\" data-node=\"66740384efd89\">\n<div class=\"fl-module-content fl-node-content\">\n<div class=\"fl-rich-text\">\n<table border=\"0\" cellspacing=\"0\">\n<tbody>\n<tr>\n<td colspan=\"3\" width=\"620\"> Propri\u00e9t\u00e9s SIC-CVD <\/td>\n<\/tr>\n<tr>\n<td valign=\"center\" width=\"214\">Structure cristalline<\/td>\n<td colspan=\"2\" valign=\"center\" width=\"405\"> FCC&nbsp;&beta;&nbsp;phase <\/td>\n<\/tr>\n<tr>\n<td valign=\"center\" width=\"214\">Densit\u00e9<\/td>\n<td valign=\"center\" width=\"172\">g\/cm&nbsp;&sup3;<\/td>\n<td valign=\"center\" width=\"232\">3.21<\/td>\n<\/tr>\n<tr>\n<td valign=\"center\" width=\"214\">Duret\u00e9<\/td>\n<td valign=\"center\" width=\"172\">Vickers duret\u00e9<\/td>\n<td valign=\"center\" width=\"232\">2500<\/td>\n<\/tr>\n<tr>\n<td valign=\"center\" width=\"214\">Taille des grains<\/td>\n<td valign=\"center\" width=\"172\">&mu;m<\/td>\n<td valign=\"center\" width=\"232\">2~10<\/td>\n<\/tr>\n<tr>\n<td valign=\"center\" width=\"214\">Puret\u00e9 chimique<\/td>\n<td valign=\"center\" width=\"172\">%<\/td>\n<td valign=\"bottom\" width=\"232\">99.99995<\/td>\n<\/tr>\n<tr>\n<td valign=\"center\" width=\"214\">Capacit\u00e9 thermique<\/td>\n<td valign=\"center\" width=\"172\">J&middot;kg-1&nbsp;&middot;K-1<\/td>\n<td valign=\"bottom\" width=\"232\">640<\/td>\n<\/tr>\n<tr>\n<td valign=\"center\" width=\"214\">Temp\u00e9rature de sublimation<\/td>\n<td valign=\"center\" width=\"172\">&#8451;<\/td>\n<td valign=\"bottom\" width=\"232\">2700<\/td>\n<\/tr>\n<tr>\n<td valign=\"center\" width=\"214\">R\u00e9sistance aux f\u00e9lexes<\/td>\n<td valign=\"center\" width=\"172\">MPa&nbsp; (RT 4-point)<\/td>\n<td valign=\"bottom\" width=\"232\">415<\/td>\n<\/tr>\n<tr>\n<td valign=\"center\" width=\"214\">Young&rsquo; s Modulus<\/td>\n<td valign=\"center\" width=\"172\">Gpa (4pt bend, 1300&#8451;)<\/td>\n<td valign=\"bottom\" width=\"232\">430<\/td>\n<\/tr>\n<tr>\n<td valign=\"center\" width=\"214\">Expansion thermique (CTE)<\/td>\n<td valign=\"center\" width=\"172\">10-6K-1<\/td>\n<td valign=\"bottom\" width=\"232\">4.5<\/td>\n<\/tr>\n<tr>\n<td valign=\"center\" width=\"214\">Conductivit\u00e9 thermique<\/td>\n<td valign=\"center\" width=\"172\">(W \/ mk)<\/td>\n<td valign=\"bottom\" width=\"232\">300<\/td>\n<\/tr>\n<\/tbody>\n<\/table><\/div>\n<\/p><\/div>\n<\/p><\/div>\n<\/p><\/div>\n<\/p><\/div>\n<\/p><\/div>\n<\/p><\/div>\n<\/p><\/div>\n<\/p><\/div>\n<div class=\"fl-row fl-row-full-width fl-row-bg-none fl-node-667403d4548db\" data-node=\"667403d4548db\">\n<div class=\"fl-row-content-wrap\">\n<div class=\"fl-row-content fl-row-full-width fl-node-content\">\n<div class=\"fl-col-group fl-node-667403d454922\" data-node=\"667403d454922\">\n<div class=\"fl-col fl-node-667403d454965\" data-node=\"667403d454965\" style=\"width: 100%;\">\n<div class=\"fl-col-content fl-node-content\">\n<div class=\"fl-module fl-module-photo fl-node-667403d4549a9\" data-animation-delay=\"0.0\" data-node=\"667403d4549a9\">\n<div class=\"fl-module-content fl-node-content\">\n<div class=\"fl-photo fl-photo-align-center\" itemscope=\"\" itemtype=\"http:\/\/schema.org\/ImageObject\">\n<div class=\"fl-photo-content fl-photo-img-jpg\"> <img decoding=\"async\" alt=\"Lieu de travail Semiera\" class=\"fl-photo-img wp-image-9038\" itemprop=\"image\" src=\"\/wp-content\/uploads\/2025\/09\/b1dd0bcab1675ff4.webp\"> <\/div>\n<\/p><\/div>\n<\/p><\/div>\n<\/p><\/div>\n<div class=\"fl-module fl-module-photo fl-node-667403d454af9\" data-animation-delay=\"0.0\" data-node=\"667403d454af9\">\n<div class=\"fl-module-content fl-node-content\">\n<div class=\"fl-photo fl-photo-align-center\" itemscope=\"\" itemtype=\"http:\/\/schema.org\/ImageObject\">\n<div class=\"fl-photo-content fl-photo-img-jpg\"> <img decoding=\"async\" alt=\"Semirara Lieu de travail 2\" class=\"fl-photo-img wp-image-9037\" itemprop=\"image\" src=\"\/wp-content\/uploads\/2025\/09\/2b946d2b4b61306d.webp\"> <\/div>\n<\/p><\/div>\n<\/p><\/div>\n<\/p><\/div>\n<div class=\"fl-module fl-module-photo fl-node-667403d454ab6\" data-animation-delay=\"0.0\" data-node=\"667403d454ab6\">\n<div class=\"fl-module-content fl-node-content\">\n<div class=\"fl-photo fl-photo-align-center\" itemscope=\"\" itemtype=\"http:\/\/schema.org\/ImageObject\">\n<div class=\"fl-photo-content fl-photo-img-jpg\"> <img decoding=\"async\" alt=\"Machine de mat\u00e9riel\" class=\"fl-photo-img wp-image-9034 size-full\" itemprop=\"image\" src=\"\/wp-content\/uploads\/2025\/09\/081b6529d68ead23.webp\"> <\/div>\n<\/p><\/div>\n<\/p><\/div>\n<\/p><\/div>\n<div class=\"fl-module fl-module-photo fl-node-667403d454a72\" data-animation-delay=\"0.0\" data-node=\"667403d454a72\">\n<div class=\"fl-module-content fl-node-content\">\n<div class=\"fl-photo fl-photo-align-center\" itemscope=\"\" itemtype=\"http:\/\/schema.org\/ImageObject\">\n<div class=\"fl-photo-content fl-photo-img-jpg\"> <img decoding=\"async\" alt=\"Traitement CNN, nettoyage chimique, rev\u00eatement CVD\" class=\"fl-photo-img wp-image-9033\" itemprop=\"image\" src=\"\/wp-content\/uploads\/2025\/09\/a4132b2b399abbac.webp\"> <\/div>\n<\/p><\/div>\n<\/p><\/div>\n<\/p><\/div>\n<div class=\"fl-module fl-module-photo fl-node-667403d454a30\" data-animation-delay=\"0.0\" data-node=\"667403d454a30\">\n<div class=\"fl-module-content fl-node-content\">\n<div class=\"fl-photo fl-photo-align-center\" itemscope=\"\" itemtype=\"http:\/\/schema.org\/ImageObject\">\n<div class=\"fl-photo-content fl-photo-img-jpg\"> <img decoding=\"async\" alt=\"Maison des articles semira\" class=\"fl-photo-img wp-image-9036\" itemprop=\"image\" src=\"\/wp-content\/uploads\/2025\/09\/2190bb9ce5c1d546.webp\"> <\/div>\n<\/p><\/div>\n<\/p><\/div>\n<\/p><\/div>\n<div class=\"fl-module fl-module-photo fl-node-667403d4549ec\" data-animation-delay=\"0.0\" data-node=\"667403d4549ec\">\n<div class=\"fl-module-content fl-node-content\">\n<div class=\"fl-photo fl-photo-align-center\" itemscope=\"\" itemtype=\"http:\/\/schema.org\/ImageObject\">\n<div class=\"fl-photo-content fl-photo-img-jpg\"> <img decoding=\"async\" alt=\"Notre service\" class=\"fl-photo-img wp-image-9035\" itemprop=\"image\" src=\"\/wp-content\/uploads\/2025\/09\/b07f222c0ec0ab8d.webp\"> <\/div>\n<\/p><\/div>\n<\/p><\/div>\n<\/p><\/div>\n<\/p><\/div>\n<\/p><\/div>\n<\/p><\/div>\n<\/p><\/div>\n<\/p><\/div>\n<\/p><\/div>\n<\/div>","protected":false},"excerpt":{"rendered":"<p><?xml encoding=\"utf-8\" ?><\/p>\n<p>Semicera is a high-tech enterprise engaged in material research for many years, with a leading R&amp;D team and integrated R&amp;D and manufacturing. Provide customizedSilicon carbide&#65288;SiC&#65289;Shower Headto discuss with our technical experts how to get the best performance and market advantage for your products.<\/p>","protected":false},"featured_media":525,"comment_status":"closed","ping_status":"open","template":"","meta":[],"product_brand":[],"product_cat":[16,49],"product_tag":[],"class_list":{"0":"post-1481","1":"product","2":"type-product","3":"status-publish","4":"has-post-thumbnail","6":"product_cat-cvd-sic","7":"product_cat-mocvd-epitaxial-parts","9":"first","10":"instock","11":"product-type-simple"},"_links":{"self":[{"href":"https:\/\/www.cn-semiconductorparts.com\/fr\/wp-json\/wp\/v2\/product\/1481","targetHints":{"allow":["GET"]}}],"collection":[{"href":"https:\/\/www.cn-semiconductorparts.com\/fr\/wp-json\/wp\/v2\/product"}],"about":[{"href":"https:\/\/www.cn-semiconductorparts.com\/fr\/wp-json\/wp\/v2\/types\/product"}],"replies":[{"embeddable":true,"href":"https:\/\/www.cn-semiconductorparts.com\/fr\/wp-json\/wp\/v2\/comments?post=1481"}],"wp:featuredmedia":[{"embeddable":true,"href":"https:\/\/www.cn-semiconductorparts.com\/fr\/wp-json\/wp\/v2\/media\/525"}],"wp:attachment":[{"href":"https:\/\/www.cn-semiconductorparts.com\/fr\/wp-json\/wp\/v2\/media?parent=1481"}],"wp:term":[{"taxonomy":"product_brand","embeddable":true,"href":"https:\/\/www.cn-semiconductorparts.com\/fr\/wp-json\/wp\/v2\/product_brand?post=1481"},{"taxonomy":"product_cat","embeddable":true,"href":"https:\/\/www.cn-semiconductorparts.com\/fr\/wp-json\/wp\/v2\/product_cat?post=1481"},{"taxonomy":"product_tag","embeddable":true,"href":"https:\/\/www.cn-semiconductorparts.com\/fr\/wp-json\/wp\/v2\/product_tag?post=1481"}],"curies":[{"name":"WP","href":"https:\/\/api.w.org\/{rel}","templated":true}]}}