{"id":1499,"date":"2025-09-11T05:29:26","date_gmt":"2025-09-11T05:29:26","guid":{"rendered":"https:\/\/weitai2.globaldeepsea.site\/product\/custom-cvd-tantalum-carbide-coating-parts\/"},"modified":"2025-09-24T16:03:50","modified_gmt":"2025-09-24T08:03:50","slug":"custom-cvd-tantalum-carbide-coating-parts","status":"publish","type":"product","link":"https:\/\/www.cn-semiconductorparts.com\/fr\/product\/custom-cvd-tantalum-carbide-coating-parts\/","title":{"rendered":"Custom CVD Tantalum carbide coating parts"},"content":{"rendered":"<p><?xml encoding=\"utf-8\" ?><\/p>\n<div class=\"fl-builder-content fl-builder-content-8419 fl-builder-content-primary fl-builder-global-templates-locked\" data-post-id=\"8419\">\n<div class=\"fl-row fl-row-full-width fl-row-bg-none fl-node-66600b22898c6\" data-node=\"66600b22898c6\">\n<div class=\"fl-row-content-wrap\">\n<div class=\"fl-row-content fl-row-full-width fl-node-content\">\n<div class=\"fl-col-group fl-node-66600b22899cb\" data-node=\"66600b22899cb\">\n<div class=\"fl-col fl-node-66600b2289a09\" data-node=\"66600b2289a09\" style=\"width: 100%;\">\n<div class=\"fl-col-content fl-node-content\">\n<div class=\"fl-module fl-module-rich-text fl-node-66600b2289a47\" data-animation-delay=\"0.0\" data-node=\"66600b2289a47\">\n<div class=\"fl-module-content fl-node-content\">\n<div class=\"fl-rich-text\">\n<p>Introducing <span style=\"font-family: Arial;\">Seminer<\/span>&nbsp;premium custom Chemical Vapor Deposition (CVD) Tantalum Carbide (TaC) coated rings, engineered to perform under the most demanding industrial conditions. These rings are designed for applications requiring superior durability, heat resistance, and chemical stability.<\/p>\n<div id=\"gtx-trans\" style=\"position: absolute; left: 641px; top: -18px;\">&nbsp;<\/div>\n<\/p><\/div>\n<\/p><\/div>\n<\/p><\/div>\n<\/p><\/div>\n<\/p><\/div>\n<\/p><\/div>\n<div class=\"fl-col-group fl-node-66600b2289c58\" data-node=\"66600b2289c58\">\n<div class=\"fl-col fl-node-66600b2289c96\" data-node=\"66600b2289c96\" style=\"width: 100%;\">\n<div class=\"fl-col-content fl-node-content\">\n<div class=\"fl-module fl-module-rich-text fl-node-66600b2289cd4\" data-animation-delay=\"0.0\" data-node=\"66600b2289cd4\">\n<div class=\"fl-module-content fl-node-content\">\n<div class=\"fl-rich-text\">\n<h4><b>Key Features<\/b><b><\/b><\/h4>\n<ul>\n<li><b>Outstanding Durability<\/b>: The TaC coating provides exceptional hardness and wear resistance, significantly enhancing the longevity of the rings and reducing downtime.<\/li>\n<li><b>Superior Thermal Performance<\/b>: With the ability to withstand temperatures up to <span style=\"font-family: Arial;\">2500<\/span>&deg;C, these rings are ideal for high-temperature applications, maintaining integrity and performance under extreme heat.<\/li>\n<li><b>R\u00e9sistance chimique<\/b>: The TaC coating offers excellent resistance to corrosive chemicals, ensuring reliable performance in harsh chemical environments.<\/li>\n<li><b>Low Friction<\/b>: Designed to minimize friction and wear, these rings improve the efficiency and operational lifespan of your equipment.<\/li>\n<\/ul>\n<div id=\"gtx-trans\" style=\"position: absolute; left: 209px; top: 49.9531px;\">&nbsp;<\/div>\n<\/p><\/div>\n<\/p><\/div>\n<\/p><\/div>\n<div class=\"fl-module fl-module-rich-text fl-node-66602a9e6c184\" data-animation-delay=\"0.0\" data-node=\"66602a9e6c184\">\n<div class=\"fl-module-content fl-node-content\">\n<div class=\"fl-rich-text\">\n<h4><b>Applications<\/b><b><\/b><\/h4>\n<ul>\n<li><b>Aerospace Industry<\/b>: Perfect for use in high-temperature components of spacecraft and rocket engines, ensuring enhanced performance and durability.<\/li>\n<li><b>Fabrication de semi-conducteurs<\/b>: Ideal for protecting wafer processing equipment and high-temperature furnace tubes<span style=\"font-family: Arial;\">\/susceptor<\/span>, ensuring consistent quality and efficiency in production.<\/li>\n<li><b>Nuclear Sector<\/b>: Suitable for use in nuclear reactors and associated equipment, providing stable protection and exceptional performance.<\/li>\n<li><b>Chemical Processing<\/b>: Excellent for use in chemical production equipment, offering robust corrosion resistance and wear protection.<\/li>\n<\/ul><\/div>\n<\/p><\/div>\n<\/p><\/div>\n<div class=\"fl-module fl-module-rich-text fl-node-66602abe6b5e2\" data-animation-delay=\"0.0\" data-node=\"66602abe6b5e2\">\n<div class=\"fl-module-content fl-node-content\">\n<div class=\"fl-rich-text\">\n<h4><b><\/b><b>Options de personnalisation<\/b><\/h4>\n<ul>\n<li><b>Tailored Dimensions<\/b>: Available in a variety of sizes and shapes to meet specific customer requirements, ensuring a perfect fit for your application.<\/li>\n<li><b>Variable Coating Thickness<\/b>: Offered in different thicknesses to provide the optimal balance between protection and performance based on your needs.<\/li>\n<\/ul><\/div>\n<\/p><\/div>\n<\/p><\/div>\n<div class=\"fl-module fl-module-rich-text fl-node-66602aae48e03\" data-animation-delay=\"0.0\" data-node=\"66602aae48e03\">\n<div class=\"fl-module-content fl-node-content\">\n<div class=\"fl-rich-text\">\n<h4><b>Quality Assurance<\/b><b><\/b><\/h4>\n<p>Each custom CVD TaC coated ring undergoes rigorous quality control and testing to ensure it meets the highest industry standards and specific customer requirements. <span style=\"font-family: Arial;\">Seminer<\/span>&nbsp;are committed to delivering reliable, high-performance products that exceed your expectations.<\/p>\n<\/p><\/div>\n<\/p><\/div>\n<\/p><\/div>\n<div class=\"fl-module fl-module-rich-text fl-node-66602ac95c1bb\" data-animation-delay=\"0.0\" data-node=\"66602ac95c1bb\">\n<div class=\"fl-module-content fl-node-content\">\n<div class=\"fl-rich-text\">\n<h4><b>Ordering Information<\/b><b><\/b><\/h4>\n<p>For more details, quotes, and customization options, please contact <span style=\"font-family: Arial;\">Seminer <\/span>sales team. We are dedicated to providing you with professional service and support tailored to your specific&nbsp;<\/p>\n<\/p><\/div>\n<\/p><\/div>\n<\/p><\/div>\n<\/p><\/div>\n<\/p><\/div>\n<\/p><\/div>\n<div class=\"fl-col-group fl-node-66602b5b498ac\" data-node=\"66602b5b498ac\">\n<div class=\"fl-col fl-node-66602b5b49af2\" data-node=\"66602b5b49af2\" style=\"width: 100%;\">\n<div class=\"fl-col-content fl-node-content\">\n<div class=\"fl-module fl-module-heading fl-node-66602b5b496e5\" data-animation-delay=\"0.0\" data-node=\"66602b5b496e5\">\n<div class=\"fl-module-content fl-node-content\">\n<h3 class=\"fl-heading\"> <span class=\"fl-heading-text\">Why TaC<\/span> <\/h3>\n<\/p><\/div>\n<\/p><\/div>\n<\/p><\/div>\n<\/p><\/div>\n<\/p><\/div>\n<div class=\"fl-col-group fl-node-66600b2289f80\" data-node=\"66600b2289f80\">\n<div class=\"fl-col fl-node-66600b228a078 fl-col-small\" data-node=\"66600b228a078\" style=\"width: 50%;\">\n<div class=\"fl-col-content fl-node-content\">\n<div class=\"fl-module fl-module-photo fl-node-66600b2289ffc\" data-animation-delay=\"0.0\" data-node=\"66600b2289ffc\">\n<div class=\"fl-module-content fl-node-content\">\n<div class=\"fl-photo fl-photo-align-center\" itemscope=\"\" itemtype=\"http:\/\/schema.org\/ImageObject\">\n<div class=\"fl-photo-content fl-photo-img-jpg\"> <img decoding=\"async\" alt=\"Revocation de carbure de Tantalum \u00e0 haute efficacit\u00e9_ Am\u00e9liorez l&#039;efficacit\u00e9 de la production industrielle et r\u00e9duisez les co\u00fbts de maintenance Image en vedette\" class=\"fl-photo-img wp-image-7305 size-thumbnail\" itemprop=\"image\" src=\"\/wp-content\/uploads\/2025\/09\/0c4e2486991c9804.webp\"> <\/div>\n<\/p><\/div>\n<\/p><\/div>\n<\/p><\/div>\n<div class=\"fl-module fl-module-heading fl-node-66600b228a0f4\" data-animation-delay=\"0.0\" data-node=\"66600b228a0f4\">\n<div class=\"fl-module-content fl-node-content\">\n<h3 class=\"fl-heading\">  Partie tac pour la croissance monocristal  <\/h3>\n<\/p><\/div>\n<\/p><\/div>\n<\/p><\/div>\n<\/p><\/div>\n<div class=\"fl-col fl-node-66600b2289fbe fl-col-small\" data-node=\"66600b2289fbe\" style=\"width: 50%;\">\n<div class=\"fl-col-content fl-node-content\">\n<div class=\"fl-module fl-module-photo fl-node-66600b228a03a\" data-animation-delay=\"0.0\" data-node=\"66600b228a03a\">\n<div class=\"fl-module-content fl-node-content\">\n<div class=\"fl-photo fl-photo-align-center\" itemscope=\"\" itemtype=\"http:\/\/schema.org\/ImageObject\">\n<div class=\"fl-photo-content fl-photo-img-jpg\"> <img decoding=\"async\" alt=\"Le rev\u00eatement en carbure de Tantalum anti-v\u00eatements prot\u00e8ge l&#039;\u00e9quipement de l&#039;usure et de la corrosion Image\" class=\"fl-photo-img wp-image-6556 size-thumbnail\" itemprop=\"image\" src=\"\/wp-content\/uploads\/2025\/09\/3358ccbc0dafe7b5.webp\"> <\/div>\n<\/p><\/div>\n<\/p><\/div>\n<\/p><\/div>\n<div class=\"fl-module fl-module-heading fl-node-66600b228a0b6\" data-animation-delay=\"0.0\" data-node=\"66600b228a0b6\">\n<div class=\"fl-module-content fl-node-content\">\n<h3 class=\"fl-heading\">  Graphite avec anneau rev\u00eatu de TAC  <\/h3>\n<\/p><\/div>\n<\/p><\/div>\n<\/p><\/div>\n<\/p><\/div>\n<\/p><\/div>\n<div class=\"fl-col-group fl-node-66600b2289b23\" data-node=\"66600b2289b23\">\n<div class=\"fl-col fl-node-66600b2289c1a fl-col-small\" data-node=\"66600b2289c1a\" style=\"width: 50%;\">\n<div class=\"fl-col-content fl-node-content\">\n<div class=\"fl-module fl-module-photo fl-node-66600b2289b9e\" data-animation-delay=\"0.0\" data-node=\"66600b2289b9e\">\n<div class=\"fl-module-content fl-node-content\">\n<div class=\"fl-photo fl-photo-align-center\" itemscope=\"\" itemtype=\"http:\/\/schema.org\/ImageObject\">\n<div class=\"fl-photo-content fl-photo-img-png\"> <img decoding=\"async\" alt=\"&#24494;&#20449;&#22270;&#29255;_20240227150045\" class=\"fl-photo-img wp-image-6621\" itemprop=\"image\" src=\"\/wp-content\/uploads\/2025\/09\/7f66597ee3a8b10a.webp\"> <\/div>\n<\/p><\/div>\n<\/p><\/div>\n<\/p><\/div>\n<div class=\"fl-module fl-module-heading fl-node-66600b2289e0b\" data-animation-delay=\"0.0\" data-node=\"66600b2289e0b\">\n<div class=\"fl-module-content fl-node-content\">\n<h3 class=\"fl-heading\"> <span class=\"fl-heading-text\">avec et sans tac<\/span> <\/h3>\n<\/p><\/div>\n<\/p><\/div>\n<\/p><\/div>\n<\/p><\/div>\n<div class=\"fl-col fl-node-66600b2289b61 fl-col-small\" data-node=\"66600b2289b61\" style=\"width: 50%;\">\n<div class=\"fl-col-content fl-node-content\">\n<div class=\"fl-module fl-module-photo fl-node-66600b2289bdc\" data-animation-delay=\"0.0\" data-node=\"66600b2289bdc\">\n<div class=\"fl-module-content fl-node-content\">\n<div class=\"fl-photo fl-photo-align-center\" itemscope=\"\" itemtype=\"http:\/\/schema.org\/ImageObject\">\n<div class=\"fl-photo-content fl-photo-img-png\"> <img decoding=\"async\" alt=\"&#24494;&#20449;&#22270;&#29255;_20240227150053\" class=\"fl-photo-img wp-image-6620 size-thumbnail\" itemprop=\"image\" src=\"\/wp-content\/uploads\/2025\/09\/b13df0bf24464be4.webp\"> <\/div>\n<\/p><\/div>\n<\/p><\/div>\n<\/p><\/div>\n<div class=\"fl-module fl-module-heading fl-node-66600b2289dcd\" data-animation-delay=\"0.0\" data-node=\"66600b2289dcd\">\n<div class=\"fl-module-content fl-node-content\">\n<h3 class=\"fl-heading\"> <span class=\"fl-heading-text\">Apr\u00e8s avoir utilis\u00e9 TAC (\u00e0 droite)<\/span> <\/h3>\n<\/p><\/div>\n<\/p><\/div>\n<\/p><\/div>\n<\/p><\/div>\n<\/p><\/div>\n<div class=\"fl-col-group fl-node-66600b2289d50\" data-node=\"66600b2289d50\">\n<div class=\"fl-col fl-node-66600b2289d8f\" data-node=\"66600b2289d8f\" style=\"width: 100%;\">\n<div class=\"fl-col-content fl-node-content\">\n<div class=\"fl-module fl-module-rich-text fl-node-66600b2289d12\" data-animation-delay=\"0.0\" data-node=\"66600b2289d12\">\n<div class=\"fl-module-content fl-node-content\">\n<div class=\"fl-rich-text\">\n<p>More sample<\/p>\n<\/p><\/div>\n<\/p><\/div>\n<\/p><\/div>\n<\/p><\/div>\n<\/p><\/div>\n<\/p><\/div>\n<div class=\"fl-col-group fl-node-66600b2289e49\" data-node=\"66600b2289e49\">\n<div class=\"fl-col fl-node-66600b2289f42 fl-col-small\" data-node=\"66600b2289f42\" style=\"width: 50%;\">\n<div class=\"fl-col-content fl-node-content\">\n<div class=\"fl-module fl-module-photo fl-node-66600b2289ec7\" data-animation-delay=\"0.0\" data-node=\"66600b2289ec7\">\n<div class=\"fl-module-content fl-node-content\">\n<div class=\"fl-photo fl-photo-align-center\" itemscope=\"\" itemtype=\"http:\/\/schema.org\/ImageObject\">\n<div class=\"fl-photo-content fl-photo-img-png\"> <img decoding=\"async\" alt=\"3\" class=\"fl-photo-img wp-image-8245\" itemprop=\"image\" src=\"\/wp-content\/uploads\/2025\/09\/c934e5dc4964ad7b.webp\"> <\/div>\n<\/p><\/div>\n<\/p><\/div>\n<\/p><\/div>\n<div class=\"fl-module fl-module-heading fl-node-66600b228a2ee\" data-animation-delay=\"0.0\" data-node=\"66600b228a2ee\">\n<div class=\"fl-module-content fl-node-content\">\n<h3 class=\"fl-heading\">  Suspritur enduit de tac  <\/h3>\n<\/p><\/div>\n<\/p><\/div>\n<\/p><\/div>\n<\/p><\/div>\n<div class=\"fl-col fl-node-66600b2289e88 fl-col-small\" data-node=\"66600b2289e88\" style=\"width: 50%;\">\n<div class=\"fl-col-content fl-node-content\">\n<div class=\"fl-module fl-module-photo fl-node-66600b2289f05\" data-animation-delay=\"0.0\" data-node=\"66600b2289f05\">\n<div class=\"fl-module-content fl-node-content\">\n<div class=\"fl-photo fl-photo-align-center\" itemscope=\"\" itemtype=\"http:\/\/schema.org\/ImageObject\">\n<div class=\"fl-photo-content fl-photo-img-png\"> <img decoding=\"async\" alt=\"4\" class=\"fl-photo-img wp-image-8246\" itemprop=\"image\" src=\"\/wp-content\/uploads\/2025\/09\/288e78622a58bce1.webp\"> <\/div>\n<\/p><\/div>\n<\/p><\/div>\n<\/p><\/div>\n<div class=\"fl-module fl-module-heading fl-node-66600b228a32e\" data-animation-delay=\"0.0\" data-node=\"66600b228a32e\">\n<div class=\"fl-module-content fl-node-content\">\n<h3 class=\"fl-heading\">  Graphite avec r\u00e9acteur enduit TAC  <\/h3>\n<\/p><\/div>\n<\/p><\/div>\n<\/p><\/div>\n<\/p><\/div>\n<\/p><\/div>\n<div class=\"fl-col-group fl-node-66600b228a22b\" data-node=\"66600b228a22b\">\n<div class=\"fl-col fl-node-66600b228a269\" data-node=\"66600b228a269\" style=\"width: 100%;\">\n<div class=\"fl-col-content fl-node-content\">\n<div class=\"fl-module fl-module-photo fl-node-66600b228a2ae\" data-animation-delay=\"0.0\" data-node=\"66600b228a2ae\">\n<div class=\"fl-module-content fl-node-content\">\n<div class=\"fl-photo fl-photo-align-center\" itemscope=\"\" itemtype=\"http:\/\/schema.org\/ImageObject\">\n<div class=\"fl-photo-content fl-photo-img-png\"> <img decoding=\"async\" alt=\"0(1)\" class=\"fl-photo-img wp-image-6851\" itemprop=\"image\" src=\"\/wp-content\/uploads\/2025\/09\/474f2973c811b4a2.webp\"> <\/div>\n<\/p><\/div>\n<\/p><\/div>\n<\/p><\/div>\n<\/p><\/div>\n<\/p><\/div>\n<\/p><\/div>\n<div class=\"fl-col-group fl-node-66600b2289907\" data-node=\"66600b2289907\">\n<div class=\"fl-col fl-node-66600b2289946\" data-node=\"66600b2289946\" style=\"width: 100%;\">\n<div class=\"fl-col-content fl-node-content\">\n<div class=\"fl-module fl-module-photo fl-node-66600b228998c\" data-animation-delay=\"0.0\" data-node=\"66600b228998c\">\n<div class=\"fl-module-content fl-node-content\">\n<div class=\"fl-photo fl-photo-align-center\" itemscope=\"\" itemtype=\"http:\/\/schema.org\/ImageObject\">\n<div class=\"fl-photo-content fl-photo-img-jpg\"> <img decoding=\"async\" alt=\"Lieu de travail Semiera\" class=\"fl-photo-img wp-image-7286\" itemprop=\"image\" src=\"\/wp-content\/uploads\/2025\/09\/b1dd0bcab1675ff4.webp\"> <\/div>\n<\/p><\/div>\n<\/p><\/div>\n<\/p><\/div>\n<\/p><\/div>\n<\/p><\/div>\n<\/p><\/div>\n<div class=\"fl-col-group fl-node-66600b2289a85\" data-node=\"66600b2289a85\">\n<div class=\"fl-col fl-node-66600b2289ac3\" data-node=\"66600b2289ac3\" style=\"width: 100%;\">\n<div class=\"fl-col-content fl-node-content\">\n<div class=\"fl-module fl-module-photo fl-node-66600b2289ae5\" data-animation-delay=\"0.0\" data-node=\"66600b2289ae5\">\n<div class=\"fl-module-content fl-node-content\">\n<div class=\"fl-photo fl-photo-align-center\" itemscope=\"\" itemtype=\"http:\/\/schema.org\/ImageObject\">\n<div class=\"fl-photo-content fl-photo-img-jpg\"> <img decoding=\"async\" alt=\"Semirara Lieu de travail 2\" class=\"fl-photo-img wp-image-7287\" itemprop=\"image\" src=\"\/wp-content\/uploads\/2025\/09\/2b946d2b4b61306d.webp\"> <\/div>\n<\/p><\/div>\n<\/p><\/div>\n<\/p><\/div>\n<div class=\"fl-module fl-module-photo fl-node-66600b228a1ed\" data-animation-delay=\"0.0\" data-node=\"66600b228a1ed\">\n<div class=\"fl-module-content fl-node-content\">\n<div class=\"fl-photo fl-photo-align-center\" itemscope=\"\" itemtype=\"http:\/\/schema.org\/ImageObject\">\n<div class=\"fl-photo-content fl-photo-img-jpg\"> <img decoding=\"async\" alt=\"Machine de mat\u00e9riel\" class=\"fl-photo-img wp-image-7288\" itemprop=\"image\" src=\"\/wp-content\/uploads\/2025\/09\/081b6529d68ead23.webp\"> <\/div>\n<\/p><\/div>\n<\/p><\/div>\n<\/p><\/div>\n<div class=\"fl-module fl-module-photo fl-node-66600b228a132\" data-animation-delay=\"0.0\" data-node=\"66600b228a132\">\n<div class=\"fl-module-content fl-node-content\">\n<div class=\"fl-photo fl-photo-align-center\" itemscope=\"\" itemtype=\"http:\/\/schema.org\/ImageObject\">\n<div class=\"fl-photo-content fl-photo-img-jpg\"> <img decoding=\"async\" alt=\"Maison des articles semira\" class=\"fl-photo-img wp-image-7140\" itemprop=\"image\" src=\"\/wp-content\/uploads\/2025\/09\/2190bb9ce5c1d546.webp\"> <\/div>\n<\/p><\/div>\n<\/p><\/div>\n<\/p><\/div>\n<div class=\"fl-module fl-module-photo fl-node-66600b228a1af\" data-animation-delay=\"0.0\" data-node=\"66600b228a1af\">\n<div class=\"fl-module-content fl-node-content\">\n<div class=\"fl-photo fl-photo-align-center\" itemscope=\"\" itemtype=\"http:\/\/schema.org\/ImageObject\">\n<div class=\"fl-photo-content fl-photo-img-jpg\"> <img decoding=\"async\" alt=\"Traitement CNN, nettoyage chimique, rev\u00eatement CVD\" class=\"fl-photo-img wp-image-7289\" itemprop=\"image\" src=\"\/wp-content\/uploads\/2025\/09\/a4132b2b399abbac.webp\"> <\/div>\n<\/p><\/div>\n<\/p><\/div>\n<\/p><\/div>\n<div class=\"fl-module fl-module-photo fl-node-66600b228a171\" data-animation-delay=\"0.0\" data-node=\"66600b228a171\">\n<div class=\"fl-module-content fl-node-content\">\n<div class=\"fl-photo fl-photo-align-center\" itemscope=\"\" itemtype=\"http:\/\/schema.org\/ImageObject\">\n<div class=\"fl-photo-content fl-photo-img-jpg\"> <img decoding=\"async\" alt=\"Notre service\" class=\"fl-photo-img wp-image-7290\" itemprop=\"image\" src=\"\/wp-content\/uploads\/2025\/09\/b07f222c0ec0ab8d.webp\"> <\/div>\n<\/p><\/div>\n<\/p><\/div>\n<\/p><\/div>\n<\/p><\/div>\n<\/p><\/div>\n<\/p><\/div>\n<\/p><\/div>\n<\/p><\/div>\n<\/p><\/div>\n<\/div>","protected":false},"excerpt":{"rendered":"<p><?xml encoding=\"utf-8\" ?><\/p>\n<p>Semicera is Chinese leadingCVDTaC\/SiCcoating factory.Elevate your equipment&rsquo;s performance withSemicerahigh-performanceChemical Vapor Deposition (CVD)Tantalum Carbide (TaC) coated rings. Featuring superior thermal stability, chemical resistance, and low friction, these rings are tailor-made to withstand extreme conditions, making them ideal for aerospace, semiconductor, nuclear, and chemical industries.<\/p>","protected":false},"featured_media":854,"comment_status":"closed","ping_status":"open","template":"","meta":[],"product_brand":[],"product_cat":[37],"product_tag":[],"class_list":{"0":"post-1499","1":"product","2":"type-product","3":"status-publish","4":"has-post-thumbnail","6":"product_cat-cvd-tac-coating","8":"first","9":"instock","10":"product-type-simple"},"_links":{"self":[{"href":"https:\/\/www.cn-semiconductorparts.com\/fr\/wp-json\/wp\/v2\/product\/1499","targetHints":{"allow":["GET"]}}],"collection":[{"href":"https:\/\/www.cn-semiconductorparts.com\/fr\/wp-json\/wp\/v2\/product"}],"about":[{"href":"https:\/\/www.cn-semiconductorparts.com\/fr\/wp-json\/wp\/v2\/types\/product"}],"replies":[{"embeddable":true,"href":"https:\/\/www.cn-semiconductorparts.com\/fr\/wp-json\/wp\/v2\/comments?post=1499"}],"wp:featuredmedia":[{"embeddable":true,"href":"https:\/\/www.cn-semiconductorparts.com\/fr\/wp-json\/wp\/v2\/media\/854"}],"wp:attachment":[{"href":"https:\/\/www.cn-semiconductorparts.com\/fr\/wp-json\/wp\/v2\/media?parent=1499"}],"wp:term":[{"taxonomy":"product_brand","embeddable":true,"href":"https:\/\/www.cn-semiconductorparts.com\/fr\/wp-json\/wp\/v2\/product_brand?post=1499"},{"taxonomy":"product_cat","embeddable":true,"href":"https:\/\/www.cn-semiconductorparts.com\/fr\/wp-json\/wp\/v2\/product_cat?post=1499"},{"taxonomy":"product_tag","embeddable":true,"href":"https:\/\/www.cn-semiconductorparts.com\/fr\/wp-json\/wp\/v2\/product_tag?post=1499"}],"curies":[{"name":"WP","href":"https:\/\/api.w.org\/{rel}","templated":true}]}}