{"id":1517,"date":"2025-09-11T05:29:33","date_gmt":"2025-09-11T05:29:33","guid":{"rendered":"https:\/\/weitai2.globaldeepsea.site\/product\/factory-cheap-d300-527h600p160-mm-isotropic-pressing-sic-graphite-crucible\/"},"modified":"2025-09-11T05:29:34","modified_gmt":"2025-09-11T05:29:34","slug":"factory-cheap-d300-527h600p160-mm-isotropic-pressing-sic-graphite-crucible","status":"publish","type":"product","link":"https:\/\/www.cn-semiconductorparts.com\/fr\/product\/factory-cheap-d300-527h600p160-mm-isotropic-pressing-sic-graphite-crucible\/","title":{"rendered":"Factory Cheap D300\/527*H600*P160 mm Isotropic Pressing Sic Graphite Crucible"},"content":{"rendered":"","protected":false},"excerpt":{"rendered":"<p>Weitai EnergyTechnology Co., Ltd.s est un fournisseur de premier plan sp\u00e9cialis\u00e9 dans les consommables de plaquettes et de semi-conducteurs avanc\u00e9s.Nous nous consacrent \u00e0 fournir des produits de haute qualit\u00e9, fiables et innovants \u00e0 la fabrication de semi-conducteurs, \u00e0 l'industrie photovolta\u00efque et \u00e0 d'autres domaines connexes. Le nitrure et l'oxyde d'aluminium et etc. En tant que fournisseur de confiance, nous comprenons l'importance des consommables dans le processus de fabrication, et nous nous engageons \u00e0 fournir des produits qui r\u00e9pondent aux normes de qualit\u00e9 la plus \u00e9lev\u00e9e pour r\u00e9pondre aux besoins de nos clients.<\/p>","protected":false},"featured_media":1130,"comment_status":"closed","ping_status":"open","template":"","meta":[],"product_brand":[],"product_cat":[37],"product_tag":[],"class_list":{"0":"post-1517","1":"product","2":"type-product","3":"status-publish","4":"has-post-thumbnail","6":"product_cat-cvd-tac-coating","8":"first","9":"instock","10":"product-type-simple"},"_links":{"self":[{"href":"https:\/\/www.cn-semiconductorparts.com\/fr\/wp-json\/wp\/v2\/product\/1517","targetHints":{"allow":["GET"]}}],"collection":[{"href":"https:\/\/www.cn-semiconductorparts.com\/fr\/wp-json\/wp\/v2\/product"}],"about":[{"href":"https:\/\/www.cn-semiconductorparts.com\/fr\/wp-json\/wp\/v2\/types\/product"}],"replies":[{"embeddable":true,"href":"https:\/\/www.cn-semiconductorparts.com\/fr\/wp-json\/wp\/v2\/comments?post=1517"}],"wp:featuredmedia":[{"embeddable":true,"href":"https:\/\/www.cn-semiconductorparts.com\/fr\/wp-json\/wp\/v2\/media\/1130"}],"wp:attachment":[{"href":"https:\/\/www.cn-semiconductorparts.com\/fr\/wp-json\/wp\/v2\/media?parent=1517"}],"wp:term":[{"taxonomy":"product_brand","embeddable":true,"href":"https:\/\/www.cn-semiconductorparts.com\/fr\/wp-json\/wp\/v2\/product_brand?post=1517"},{"taxonomy":"product_cat","embeddable":true,"href":"https:\/\/www.cn-semiconductorparts.com\/fr\/wp-json\/wp\/v2\/product_cat?post=1517"},{"taxonomy":"product_tag","embeddable":true,"href":"https:\/\/www.cn-semiconductorparts.com\/fr\/wp-json\/wp\/v2\/product_tag?post=1517"}],"curies":[{"name":"WP","href":"https:\/\/api.w.org\/{rel}","templated":true}]}}