{"id":1529,"date":"2025-09-11T05:29:33","date_gmt":"2025-09-11T05:29:33","guid":{"rendered":"https:\/\/weitai2.globaldeepsea.site\/product\/quality-inspection-for-silicon-carbide-sealing-ring-durable-and-good-sealing-performance\/"},"modified":"2026-04-29T15:33:01","modified_gmt":"2026-04-29T07:33:01","slug":"quality-inspection-for-silicon-carbide-sealing-ring-durable-and-good-sealing-performance","status":"publish","type":"product","link":"https:\/\/www.cn-semiconductorparts.com\/fr\/product\/quality-inspection-for-silicon-carbide-sealing-ring-durable-and-good-sealing-performance\/","title":{"rendered":"Inspection de qualit\u00e9 pour la bague d'\u00e9tanch\u00e9it\u00e9 en carbure de silicium, des performances de scellage durables et bonnes"},"content":{"rendered":"","protected":false},"excerpt":{"rendered":"<p>D\u00e9couvrez les anneaux avanc\u00e9s de scellage en graphite en siliconis\u00e9 de Semicera, con\u00e7us pour am\u00e9liorer l'efficacit\u00e9 des applications industrielles. Avec leurs capacit\u00e9s d'\u00e9tanch\u00e9it\u00e9 sup\u00e9rieures, leurs coefficients de frottement faibles et leur excellente stabilit\u00e9 dimensionnelle, nos produits permettent un \u00e9tanch\u00e9it\u00e9 pr\u00e9cis et r\u00e9duisent la perte d'\u00e9nergie, am\u00e9liorant l'efficacit\u00e9 op\u00e9rationnelle globale.<\/p>","protected":false},"featured_media":1202,"comment_status":"closed","ping_status":"open","template":"","meta":[],"product_brand":[],"product_cat":[15],"product_tag":[],"class_list":{"0":"post-1529","1":"product","2":"type-product","3":"status-publish","4":"has-post-thumbnail","6":"product_cat-uncategorized","8":"first","9":"instock","10":"product-type-simple"},"_links":{"self":[{"href":"https:\/\/www.cn-semiconductorparts.com\/fr\/wp-json\/wp\/v2\/product\/1529","targetHints":{"allow":["GET"]}}],"collection":[{"href":"https:\/\/www.cn-semiconductorparts.com\/fr\/wp-json\/wp\/v2\/product"}],"about":[{"href":"https:\/\/www.cn-semiconductorparts.com\/fr\/wp-json\/wp\/v2\/types\/product"}],"replies":[{"embeddable":true,"href":"https:\/\/www.cn-semiconductorparts.com\/fr\/wp-json\/wp\/v2\/comments?post=1529"}],"wp:featuredmedia":[{"embeddable":true,"href":"https:\/\/www.cn-semiconductorparts.com\/fr\/wp-json\/wp\/v2\/media\/1202"}],"wp:attachment":[{"href":"https:\/\/www.cn-semiconductorparts.com\/fr\/wp-json\/wp\/v2\/media?parent=1529"}],"wp:term":[{"taxonomy":"product_brand","embeddable":true,"href":"https:\/\/www.cn-semiconductorparts.com\/fr\/wp-json\/wp\/v2\/product_brand?post=1529"},{"taxonomy":"product_cat","embeddable":true,"href":"https:\/\/www.cn-semiconductorparts.com\/fr\/wp-json\/wp\/v2\/product_cat?post=1529"},{"taxonomy":"product_tag","embeddable":true,"href":"https:\/\/www.cn-semiconductorparts.com\/fr\/wp-json\/wp\/v2\/product_tag?post=1529"}],"curies":[{"name":"WP","href":"https:\/\/api.w.org\/{rel}","templated":true}]}}