{"id":1666,"date":"2025-09-11T05:30:19","date_gmt":"2025-09-11T05:30:19","guid":{"rendered":"https:\/\/weitai2.globaldeepsea.site\/product\/big-discounting-china-supplier-soft-quick-absorbing-oil-absorbent-felt-oil-absorbing-felt\/"},"modified":"2026-04-29T15:32:02","modified_gmt":"2026-04-29T07:32:02","slug":"big-discounting-china-supplier-soft-quick-absorbing-oil-absorbent-felt-oil-absorbing-felt","status":"publish","type":"product","link":"https:\/\/www.cn-semiconductorparts.com\/fr\/product\/big-discounting-china-supplier-soft-quick-absorbing-oil-absorbent-felt-oil-absorbing-felt\/","title":{"rendered":"Big discounting China Supplier Soft Quick Absorbing Oil Absorbent Felt Oil Absorbing Felt"},"content":{"rendered":"","protected":false},"excerpt":{"rendered":"<p>Semiera Energy Technology Co., Ltd.s est un fournisseur leader de c\u00e9ramique avanc\u00e9e de semi-conducteurs et le seul fabricant en Chine qui peut simultan\u00e9ment fournir une c\u00e9ramique en carbure de silicium \u00e0 haute puret\u00e9 (en particulier le rev\u00eatement de CVD SIC. De plus, notre entreprise est \u00e9galement attach\u00e9e dans les champs en c\u00e9ramique tels que l'alumine, le nitrure d'aluminium, la zircone et le nitrure de silicium, etc.<\/p>","protected":false},"featured_media":1059,"comment_status":"closed","ping_status":"open","template":"","meta":[],"product_brand":[],"product_cat":[15],"product_tag":[],"class_list":{"0":"post-1666","1":"product","2":"type-product","3":"status-publish","4":"has-post-thumbnail","6":"product_cat-uncategorized","8":"first","9":"instock","10":"product-type-simple"},"_links":{"self":[{"href":"https:\/\/www.cn-semiconductorparts.com\/fr\/wp-json\/wp\/v2\/product\/1666","targetHints":{"allow":["GET"]}}],"collection":[{"href":"https:\/\/www.cn-semiconductorparts.com\/fr\/wp-json\/wp\/v2\/product"}],"about":[{"href":"https:\/\/www.cn-semiconductorparts.com\/fr\/wp-json\/wp\/v2\/types\/product"}],"replies":[{"embeddable":true,"href":"https:\/\/www.cn-semiconductorparts.com\/fr\/wp-json\/wp\/v2\/comments?post=1666"}],"wp:featuredmedia":[{"embeddable":true,"href":"https:\/\/www.cn-semiconductorparts.com\/fr\/wp-json\/wp\/v2\/media\/1059"}],"wp:attachment":[{"href":"https:\/\/www.cn-semiconductorparts.com\/fr\/wp-json\/wp\/v2\/media?parent=1666"}],"wp:term":[{"taxonomy":"product_brand","embeddable":true,"href":"https:\/\/www.cn-semiconductorparts.com\/fr\/wp-json\/wp\/v2\/product_brand?post=1666"},{"taxonomy":"product_cat","embeddable":true,"href":"https:\/\/www.cn-semiconductorparts.com\/fr\/wp-json\/wp\/v2\/product_cat?post=1666"},{"taxonomy":"product_tag","embeddable":true,"href":"https:\/\/www.cn-semiconductorparts.com\/fr\/wp-json\/wp\/v2\/product_tag?post=1666"}],"curies":[{"name":"WP","href":"https:\/\/api.w.org\/{rel}","templated":true}]}}