{"id":1768,"date":"2025-09-11T05:30:51","date_gmt":"2025-09-11T05:30:51","guid":{"rendered":"https:\/\/weitai2.globaldeepsea.site\/product\/one-of-hottest-for-heat-resistance-roller-thermal-insulation-material-carbon-soft-rigid-graphite-felt\/"},"modified":"2026-04-29T15:31:21","modified_gmt":"2026-04-29T07:31:21","slug":"one-of-hottest-for-heat-resistance-roller-thermal-insulation-material-carbon-soft-rigid-graphite-felt","status":"publish","type":"product","link":"https:\/\/www.cn-semiconductorparts.com\/fr\/product\/one-of-hottest-for-heat-resistance-roller-thermal-insulation-material-carbon-soft-rigid-graphite-felt\/","title":{"rendered":"One of Hottest for Heat Resistance \/ Roller Thermal Insulation Material Carbon Soft Rigid Graphite Felt"},"content":{"rendered":"","protected":false},"excerpt":{"rendered":"<p>Weitai Energy Technology Co., Ltd. est l'un des principaux fournisseurs de c\u00e9ramiques semi-conductrices avanc\u00e9es et le seul fabricant en Chine qui peut simultan\u00e9ment fournir une c\u00e9ramique en carbure de silicium \u00e0 haute puret\u00e9 (en particulier le SiC recristallis\u00e9) et un rev\u00eatement CVD SIC. De plus, notre entreprise est \u00e9galement attach\u00e9e dans les champs en c\u00e9ramique tels que l'alumine, le nitrure d'aluminium, la zircone et le nitrure de silicium, etc.<\/p>","protected":false},"featured_media":649,"comment_status":"closed","ping_status":"open","template":"","meta":[],"product_brand":[],"product_cat":[15],"product_tag":[],"class_list":{"0":"post-1768","1":"product","2":"type-product","3":"status-publish","4":"has-post-thumbnail","6":"product_cat-uncategorized","8":"first","9":"instock","10":"product-type-simple"},"_links":{"self":[{"href":"https:\/\/www.cn-semiconductorparts.com\/fr\/wp-json\/wp\/v2\/product\/1768","targetHints":{"allow":["GET"]}}],"collection":[{"href":"https:\/\/www.cn-semiconductorparts.com\/fr\/wp-json\/wp\/v2\/product"}],"about":[{"href":"https:\/\/www.cn-semiconductorparts.com\/fr\/wp-json\/wp\/v2\/types\/product"}],"replies":[{"embeddable":true,"href":"https:\/\/www.cn-semiconductorparts.com\/fr\/wp-json\/wp\/v2\/comments?post=1768"}],"wp:featuredmedia":[{"embeddable":true,"href":"https:\/\/www.cn-semiconductorparts.com\/fr\/wp-json\/wp\/v2\/media\/649"}],"wp:attachment":[{"href":"https:\/\/www.cn-semiconductorparts.com\/fr\/wp-json\/wp\/v2\/media?parent=1768"}],"wp:term":[{"taxonomy":"product_brand","embeddable":true,"href":"https:\/\/www.cn-semiconductorparts.com\/fr\/wp-json\/wp\/v2\/product_brand?post=1768"},{"taxonomy":"product_cat","embeddable":true,"href":"https:\/\/www.cn-semiconductorparts.com\/fr\/wp-json\/wp\/v2\/product_cat?post=1768"},{"taxonomy":"product_tag","embeddable":true,"href":"https:\/\/www.cn-semiconductorparts.com\/fr\/wp-json\/wp\/v2\/product_tag?post=1768"}],"curies":[{"name":"WP","href":"https:\/\/api.w.org\/{rel}","templated":true}]}}