{"id":1776,"date":"2025-09-11T05:30:58","date_gmt":"2025-09-11T05:30:58","guid":{"rendered":"https:\/\/weitai2.globaldeepsea.site\/product\/cheapest-factory-99-99-of-the-sio2-content-transparent-slotted-grooves-wafer-diffusion-quartz-fused-silica-glass-boat\/"},"modified":"2026-04-29T15:31:08","modified_gmt":"2026-04-29T07:31:08","slug":"cheapest-factory-99-99-of-the-sio2-content-transparent-slotted-grooves-wafer-diffusion-quartz-fused-silica-glass-boat","status":"publish","type":"product","link":"https:\/\/www.cn-semiconductorparts.com\/fr\/product\/cheapest-factory-99-99-of-the-sio2-content-transparent-slotted-grooves-wafer-diffusion-quartz-fused-silica-glass-boat\/","title":{"rendered":"Cheapest Factory 99.99% of The Sio2 Content Transparent Slotted Grooves Wafer Diffusion Quartz Fused Silica Glass Boat"},"content":{"rendered":"","protected":false},"excerpt":{"rendered":"<p>Dans le processus de fabrication des IC semi-conducteurs, il est souvent n\u00e9cessaire d'utiliser un outil pour le transfert, le nettoyage et le traitement des puces, l'outil qui transporte la puce est g\u00e9n\u00e9ralement appel\u00e9 bateau \u00e0 plaquette, qui sera fourni avec un certain nombre de machines \u00e0 sous, chaque fente de plaquette est utilis\u00e9e pour placer une plaquette. Dans le processus de fabrication des tranches de semi-conducteurs, le processus de diffusion du tube de la fournaise est l'un des processus de base. Dans le processus de diffusion, plusieurs plaquettes-plaquettes sont d'abord plac\u00e9es sur un bateau en cristal de quartz, puis le bateau en cristal de quartz est plac\u00e9 dans le tube de la fournaise pour la fabrication par lots.<\/p>","protected":false},"featured_media":630,"comment_status":"closed","ping_status":"open","template":"","meta":[],"product_brand":[],"product_cat":[15],"product_tag":[],"class_list":{"0":"post-1776","1":"product","2":"type-product","3":"status-publish","4":"has-post-thumbnail","6":"product_cat-uncategorized","8":"first","9":"instock","10":"product-type-simple"},"_links":{"self":[{"href":"https:\/\/www.cn-semiconductorparts.com\/fr\/wp-json\/wp\/v2\/product\/1776","targetHints":{"allow":["GET"]}}],"collection":[{"href":"https:\/\/www.cn-semiconductorparts.com\/fr\/wp-json\/wp\/v2\/product"}],"about":[{"href":"https:\/\/www.cn-semiconductorparts.com\/fr\/wp-json\/wp\/v2\/types\/product"}],"replies":[{"embeddable":true,"href":"https:\/\/www.cn-semiconductorparts.com\/fr\/wp-json\/wp\/v2\/comments?post=1776"}],"wp:featuredmedia":[{"embeddable":true,"href":"https:\/\/www.cn-semiconductorparts.com\/fr\/wp-json\/wp\/v2\/media\/630"}],"wp:attachment":[{"href":"https:\/\/www.cn-semiconductorparts.com\/fr\/wp-json\/wp\/v2\/media?parent=1776"}],"wp:term":[{"taxonomy":"product_brand","embeddable":true,"href":"https:\/\/www.cn-semiconductorparts.com\/fr\/wp-json\/wp\/v2\/product_brand?post=1776"},{"taxonomy":"product_cat","embeddable":true,"href":"https:\/\/www.cn-semiconductorparts.com\/fr\/wp-json\/wp\/v2\/product_cat?post=1776"},{"taxonomy":"product_tag","embeddable":true,"href":"https:\/\/www.cn-semiconductorparts.com\/fr\/wp-json\/wp\/v2\/product_tag?post=1776"}],"curies":[{"name":"WP","href":"https:\/\/api.w.org\/{rel}","templated":true}]}}