{"id":1812,"date":"2025-09-11T05:31:12","date_gmt":"2025-09-11T05:31:12","guid":{"rendered":"https:\/\/weitai2.globaldeepsea.site\/product\/high-reputation-high-performance-pressureless-sintered-silicon-carbide-seal-ring\/"},"modified":"2026-04-29T15:30:49","modified_gmt":"2026-04-29T07:30:49","slug":"high-reputation-high-performance-pressureless-sintered-silicon-carbide-seal-ring","status":"publish","type":"product","link":"https:\/\/www.cn-semiconductorparts.com\/fr\/product\/high-reputation-high-performance-pressureless-sintered-silicon-carbide-seal-ring\/","title":{"rendered":"High reputation High Performance Pressureless Sintered Silicon Carbide Seal Ring"},"content":{"rendered":"","protected":false},"excerpt":{"rendered":"<p>Explorez les anneaux de scellage m\u00e9canique en graphite en graphite de Semiconis\u00e9, con\u00e7u pour des performances fiables dans des applications exigeantes. Avec leur r\u00e9sistance \u00e0 l'usure exceptionnelle, leur conductivit\u00e9 thermique \u00e9lev\u00e9e et leur excellente stabilit\u00e9 chimique, nos produits garantissent un \u00e9tanch\u00e9it\u00e9 optimal et une dur\u00e9e de vie prolong\u00e9e dans des environnements difficiles.<\/p>","protected":false},"featured_media":1185,"comment_status":"closed","ping_status":"open","template":"","meta":[],"product_brand":[],"product_cat":[15],"product_tag":[],"class_list":{"0":"post-1812","1":"product","2":"type-product","3":"status-publish","4":"has-post-thumbnail","6":"product_cat-uncategorized","8":"first","9":"instock","10":"product-type-simple"},"_links":{"self":[{"href":"https:\/\/www.cn-semiconductorparts.com\/fr\/wp-json\/wp\/v2\/product\/1812","targetHints":{"allow":["GET"]}}],"collection":[{"href":"https:\/\/www.cn-semiconductorparts.com\/fr\/wp-json\/wp\/v2\/product"}],"about":[{"href":"https:\/\/www.cn-semiconductorparts.com\/fr\/wp-json\/wp\/v2\/types\/product"}],"replies":[{"embeddable":true,"href":"https:\/\/www.cn-semiconductorparts.com\/fr\/wp-json\/wp\/v2\/comments?post=1812"}],"wp:featuredmedia":[{"embeddable":true,"href":"https:\/\/www.cn-semiconductorparts.com\/fr\/wp-json\/wp\/v2\/media\/1185"}],"wp:attachment":[{"href":"https:\/\/www.cn-semiconductorparts.com\/fr\/wp-json\/wp\/v2\/media?parent=1812"}],"wp:term":[{"taxonomy":"product_brand","embeddable":true,"href":"https:\/\/www.cn-semiconductorparts.com\/fr\/wp-json\/wp\/v2\/product_brand?post=1812"},{"taxonomy":"product_cat","embeddable":true,"href":"https:\/\/www.cn-semiconductorparts.com\/fr\/wp-json\/wp\/v2\/product_cat?post=1812"},{"taxonomy":"product_tag","embeddable":true,"href":"https:\/\/www.cn-semiconductorparts.com\/fr\/wp-json\/wp\/v2\/product_tag?post=1812"}],"curies":[{"name":"WP","href":"https:\/\/api.w.org\/{rel}","templated":true}]}}