{"id":1825,"date":"2025-09-11T05:31:12","date_gmt":"2025-09-11T05:31:12","guid":{"rendered":"https:\/\/weitai2.globaldeepsea.site\/product\/factory-directly-supply-high-working-temperature-refractory-silicon-carbide-sic-cantilever-paddle\/"},"modified":"2026-04-29T15:30:55","modified_gmt":"2026-04-29T07:30:55","slug":"factory-directly-supply-high-working-temperature-refractory-silicon-carbide-sic-cantilever-paddle","status":"publish","type":"product","link":"https:\/\/www.cn-semiconductorparts.com\/fr\/product\/factory-directly-supply-high-working-temperature-refractory-silicon-carbide-sic-cantilever-paddle\/","title":{"rendered":"Factory Directly supply High Working Temperature Refractory Silicon Carbide Sic Cantilever Paddle"},"content":{"rendered":"","protected":false},"excerpt":{"rendered":"<p>La pagaie en carbure de silicium, \u00e9galement connu sous le nom de pagaie en cantilever en carbure de silicium, le faisceau en cantilever en carbure de silicium est une sorte de produits en c\u00e9ramique en carbure de silicium apr\u00e8s 1850 \u2103 Le frittage \u00e0 haute temp\u00e9rature, mais \u00e0 haute temp\u00e9rature de frittage en silicium en c\u00e9ramique est un produit en c\u00e9ramique sp\u00e9cial, par des particules fines \u00e0 temp\u00e9rature \u03b1-SIC et dans un tamis et \u00e0 une tamisage, \u00e0 un blanc, \u00e0 un carter de carburant, dans un blanc, dans une s silicone liquide, \u00e0 une temp\u00e9rature \u00e9lev\u00e9e dans un blanc dans un blanc, dans un libel Infiltration de la r\u00e9action de Si, la formation de \u03b2-SIC, et combin\u00e9e avec du silicium libre \u03b1-SIC remplissant la porosit\u00e9, afin d'obtenir des mat\u00e9riaux c\u00e9ramiques \u00e0 haute densit\u00e9; Il poss\u00e8de diverses propri\u00e9t\u00e9s sup\u00e9rieures de la c\u00e9ramique industrielle.<\/p>","protected":false},"featured_media":916,"comment_status":"closed","ping_status":"open","template":"","meta":[],"product_brand":[],"product_cat":[15],"product_tag":[],"class_list":{"0":"post-1825","1":"product","2":"type-product","3":"status-publish","4":"has-post-thumbnail","6":"product_cat-uncategorized","8":"first","9":"instock","10":"product-type-simple"},"_links":{"self":[{"href":"https:\/\/www.cn-semiconductorparts.com\/fr\/wp-json\/wp\/v2\/product\/1825","targetHints":{"allow":["GET"]}}],"collection":[{"href":"https:\/\/www.cn-semiconductorparts.com\/fr\/wp-json\/wp\/v2\/product"}],"about":[{"href":"https:\/\/www.cn-semiconductorparts.com\/fr\/wp-json\/wp\/v2\/types\/product"}],"replies":[{"embeddable":true,"href":"https:\/\/www.cn-semiconductorparts.com\/fr\/wp-json\/wp\/v2\/comments?post=1825"}],"wp:featuredmedia":[{"embeddable":true,"href":"https:\/\/www.cn-semiconductorparts.com\/fr\/wp-json\/wp\/v2\/media\/916"}],"wp:attachment":[{"href":"https:\/\/www.cn-semiconductorparts.com\/fr\/wp-json\/wp\/v2\/media?parent=1825"}],"wp:term":[{"taxonomy":"product_brand","embeddable":true,"href":"https:\/\/www.cn-semiconductorparts.com\/fr\/wp-json\/wp\/v2\/product_brand?post=1825"},{"taxonomy":"product_cat","embeddable":true,"href":"https:\/\/www.cn-semiconductorparts.com\/fr\/wp-json\/wp\/v2\/product_cat?post=1825"},{"taxonomy":"product_tag","embeddable":true,"href":"https:\/\/www.cn-semiconductorparts.com\/fr\/wp-json\/wp\/v2\/product_tag?post=1825"}],"curies":[{"name":"WP","href":"https:\/\/api.w.org\/{rel}","templated":true}]}}