{"id":1860,"date":"2025-09-11T05:31:25","date_gmt":"2025-09-11T05:31:25","guid":{"rendered":"https:\/\/weitai2.globaldeepsea.site\/product\/top-quality-refractory-silicon-carbide-burner-nozzle-sisic-burner-tube\/"},"modified":"2026-04-29T15:30:36","modified_gmt":"2026-04-29T07:30:36","slug":"top-quality-refractory-silicon-carbide-burner-nozzle-sisic-burner-tube","status":"publish","type":"product","link":"https:\/\/www.cn-semiconductorparts.com\/fr\/product\/top-quality-refractory-silicon-carbide-burner-nozzle-sisic-burner-tube\/","title":{"rendered":"Top Quality Refractory \u00a0Silicon Carbide Burner Nozzle\/SISIC Burner Tube"},"content":{"rendered":"","protected":false},"excerpt":{"rendered":"<p>Le tube en carbure de silicium a une forte r\u00e9sistance, une duret\u00e9 \u00e9lev\u00e9e, une bonne r\u00e9sistance \u00e0 l'usure, une r\u00e9sistance \u00e0 haute temp\u00e9rature, une r\u00e9sistance \u00e0 la corrosion, une bonne chaleur et une r\u00e9sistance aux chocs, une grande conductivit\u00e9 thermique et une bonne r\u00e9sistance \u00e0 l'oxydation et d'autres propri\u00e9t\u00e9s sup\u00e9rieures.<\/p>","protected":false},"featured_media":983,"comment_status":"closed","ping_status":"open","template":"","meta":[],"product_brand":[],"product_cat":[15],"product_tag":[],"class_list":{"0":"post-1860","1":"product","2":"type-product","3":"status-publish","4":"has-post-thumbnail","6":"product_cat-uncategorized","8":"first","9":"instock","10":"product-type-simple"},"_links":{"self":[{"href":"https:\/\/www.cn-semiconductorparts.com\/fr\/wp-json\/wp\/v2\/product\/1860","targetHints":{"allow":["GET"]}}],"collection":[{"href":"https:\/\/www.cn-semiconductorparts.com\/fr\/wp-json\/wp\/v2\/product"}],"about":[{"href":"https:\/\/www.cn-semiconductorparts.com\/fr\/wp-json\/wp\/v2\/types\/product"}],"replies":[{"embeddable":true,"href":"https:\/\/www.cn-semiconductorparts.com\/fr\/wp-json\/wp\/v2\/comments?post=1860"}],"wp:featuredmedia":[{"embeddable":true,"href":"https:\/\/www.cn-semiconductorparts.com\/fr\/wp-json\/wp\/v2\/media\/983"}],"wp:attachment":[{"href":"https:\/\/www.cn-semiconductorparts.com\/fr\/wp-json\/wp\/v2\/media?parent=1860"}],"wp:term":[{"taxonomy":"product_brand","embeddable":true,"href":"https:\/\/www.cn-semiconductorparts.com\/fr\/wp-json\/wp\/v2\/product_brand?post=1860"},{"taxonomy":"product_cat","embeddable":true,"href":"https:\/\/www.cn-semiconductorparts.com\/fr\/wp-json\/wp\/v2\/product_cat?post=1860"},{"taxonomy":"product_tag","embeddable":true,"href":"https:\/\/www.cn-semiconductorparts.com\/fr\/wp-json\/wp\/v2\/product_tag?post=1860"}],"curies":[{"name":"WP","href":"https:\/\/api.w.org\/{rel}","templated":true}]}}