{"id":2079,"date":"2025-09-11T05:32:39","date_gmt":"2025-09-11T05:32:39","guid":{"rendered":"https:\/\/weitai2.globaldeepsea.site\/product\/sic-coated-graphite-heater-for-mocvd-k465i-epitaxial-graphite-heater-for-semiconductor-equipment\/"},"modified":"2026-04-29T15:29:06","modified_gmt":"2026-04-29T07:29:06","slug":"sic-coated-graphite-heater-for-mocvd-k465i-epitaxial-graphite-heater-for-semiconductor-equipment","status":"publish","type":"product","link":"https:\/\/www.cn-semiconductorparts.com\/fr\/product\/sic-coated-graphite-heater-for-mocvd-k465i-epitaxial-graphite-heater-for-semiconductor-equipment\/","title":{"rendered":"R\u00e9fonce de graphite enduit SIC pour MOCVD K465I, radiateur de graphite \u00e9pitaxial pour \u00e9quipement semi-conducteur"},"content":{"rendered":"<div class=\"fl-builder-content fl-builder-content-4525 fl-builder-content-primary fl-builder-global-templates-locked\" data-post-id=\"4525\">\n<div class=\"fl-row fl-row-full-width fl-row-bg-none fl-node-650beb00afc91\" data-node=\"650beb00afc91\">\n<div class=\"fl-row-content-wrap\">\n<div class=\"fl-row-content fl-row-full-width fl-node-content\">\n<div class=\"fl-col-group fl-node-650beb00b0071\" data-node=\"650beb00b0071\">\n<div class=\"fl-col fl-node-650beb00b00b3 fl-col-small\" data-node=\"650beb00b00b3\" style=\"width: 50%;\">\n<div class=\"fl-col-content fl-node-content\">\n<div class=\"fl-module fl-module-rich-text fl-node-650beb00aff66\" data-animation-delay=\"0.0\" data-node=\"650beb00aff66\">\n<div class=\"fl-module-content fl-node-content\">\n<div class=\"fl-rich-text\">\n<p>Caract\u00e9ristiques principales du radiateur en graphite:<\/p>\n<p>1. Uniformit\u00e9 de la structure de chauffage.<\/p>\n<p>2. Bonne conductivit\u00e9 \u00e9lectrique et charge \u00e9lectrique \u00e9lev\u00e9e.<\/p>\n<p>3. R\u00e9sistance \u00e0 la corrosion.<\/p>\n<p>4. Inoxidisabilit\u00e9.<\/p>\n<p>5. Puret\u00e9 chimique \u00e9lev\u00e9e.<\/p>\n<p>6. R\u00e9sistance m\u00e9canique \u00e9lev\u00e9e.<\/p>\n<p>L'avantage est \u00e9conome en \u00e9nergie, \u00e0 grande valeur et \u00e0 faible entretien. Nous pouvons produire de l'anti-oxydation et du creuset en graphite \u00e0 longue dur\u00e9e de vie, de la moisissure en graphite et toutes les parties du radiateur en graphite.<\/p>\n<\/p><\/div>\n<\/p><\/div>\n<\/p><\/div>\n<\/p><\/div>\n<\/p><\/div>\n<div class=\"fl-col fl-node-650beb00b00f8 fl-col-small\" data-node=\"650beb00b00f8\" style=\"width: 50%;\">\n<div class=\"fl-col-content fl-node-content\">\n<div class=\"fl-module fl-module-photo fl-node-650beb00b002c\" data-animation-delay=\"0.0\" data-node=\"650beb00b002c\">\n<div class=\"fl-module-content fl-node-content\">\n<div class=\"fl-photo fl-photo-align-center\" itemscope=\"\" itemtype=\"http:\/\/schema.org\/ImageObject\">\n<div class=\"fl-photo-content fl-photo-img-png\"> <img decoding=\"async\" alt=\"R\u00e9fonce de graphite (1) (1)\" class=\"fl-photo-img wp-image-2919\" itemprop=\"image\" src=\"\/wp-content\/uploads\/2025\/09\/a0e76a7468bc7adf.webp\"> <\/img><\/div>\n<\/p><\/div>\n<\/p><\/div>\n<\/p><\/div>\n<\/p><\/div>\n<\/p><\/div>\n<\/p><\/div>\n<div class=\"fl-col-group fl-node-650beb00afdb1\" data-node=\"650beb00afdb1\">\n<div class=\"fl-col fl-node-650beb00afdf9\" data-node=\"650beb00afdf9\" style=\"width: 100%;\">\n<div class=\"fl-col-content fl-node-content\">\n<div class=\"fl-module fl-module-heading fl-node-650beb00aff24\" data-animation-delay=\"0.0\" data-node=\"650beb00aff24\">\n<div class=\"fl-module-content fl-node-content\">\n<h3 class=\"fl-heading\"> <span class=\"fl-heading-text\">Param\u00e8tres principaux du radiateur en graphite<\/span> <\/h3>\n<\/p><\/div>\n<\/p><\/div>\n<div class=\"fl-module fl-module-rich-text fl-node-650beb00afe3c\" data-animation-delay=\"0.0\" data-node=\"650beb00afe3c\">\n<div class=\"fl-module-content fl-node-content\">\n<div class=\"fl-rich-text\">\n<table border=\"1\" cellspacing=\"0\">\n<tbody>\n<tr>\n<td valign=\"center\" width=\"398\">\n<p>Sp\u00e9cifications techniques<\/p>\n<\/td>\n<td valign=\"center\" width=\"281\">\n<p>VET-M3<\/p>\n<\/td>\n<\/tr>\n<tr>\n<td valign=\"center\">\n<p>Densit\u00e9 en vrac (g \/ cm3)<\/p>\n<\/td>\n<td valign=\"center\">\n<p>\u22651.85<\/p>\n<\/td>\n<\/tr>\n<tr>\n<td valign=\"center\">\n<p>Contenu des cendres (PPM)<\/p>\n<\/td>\n<td valign=\"center\">\n<p>\u2264500<\/p>\n<\/td>\n<\/tr>\n<tr>\n<td valign=\"center\">\n<p>Duret\u00e9 des rives<\/p>\n<\/td>\n<td valign=\"center\">\n<p>\u226545<\/p>\n<\/td>\n<\/tr>\n<tr>\n<td valign=\"center\">\n<p>R\u00e9sistance sp\u00e9cifique (\u03bc.\u03c9.m)<\/p>\n<\/td>\n<td valign=\"center\">\n<p>\u226412<\/p>\n<\/td>\n<\/tr>\n<tr>\n<td valign=\"center\">\n<p>R\u00e9sistance \u00e0 la flexion (MPA)<\/p>\n<\/td>\n<td valign=\"center\">\n<p>\u226540<\/p>\n<\/td>\n<\/tr>\n<tr>\n<td valign=\"center\">\n<p>R\u00e9sistance \u00e0 la compression (MPA)<\/p>\n<\/td>\n<td valign=\"center\">\n<p>\u226570<\/p>\n<\/td>\n<\/tr>\n<tr>\n<td valign=\"center\">\n<p>Max. Taille des grains (\u03bcm)<\/p>\n<\/td>\n<td valign=\"center\">\n<p>\u226443<\/p>\n<\/td>\n<\/tr>\n<tr>\n<td valign=\"center\">\n<p>Coefficient de dilatation thermique mm \/ \u00b0 C<\/p>\n<\/td>\n<td valign=\"center\">\n<p>\u22644.4*10-6<\/p>\n<\/td>\n<\/tr>\n<\/tbody>\n<\/table><\/div>\n<\/p><\/div>\n<\/p><\/div>\n<\/p><\/div>\n<\/p><\/div>\n<\/p><\/div>\n<div class=\"fl-col-group fl-node-650beb00b0138\" data-node=\"650beb00b0138\">\n<div class=\"fl-col fl-node-650beb00b0178\" data-node=\"650beb00b0178\" style=\"width: 100%;\">\n<div class=\"fl-col-content fl-node-content\">\n<div class=\"fl-module fl-module-gallery fl-node-650beb00b01b8\" data-animation-delay=\"0.0\" data-node=\"650beb00b01b8\">\n<div class=\"fl-module-content fl-node-content\">\n<div class=\"fl-mosaicflow\">\n<div class=\"fl-mosaicflow-content\">\n<div class=\"fl-mosaicflow-item\">\n<div class=\"fl-photo fl-photo-align-center\" itemscope=\"\" itemtype=\"http:\/\/schema.org\/ImageObject\">\n<div class=\"fl-photo-content fl-photo-img-png\"> <a href=\"\/fr\/uploads\/Graphite-heater-5.webp\/\" itemprop=\"url\" target=\"_self\"> <img decoding=\"async\" alt=\"R\u00e9fonce de graphite (5)\" class=\"fl-photo-img wp-image-2922\" itemprop=\"image\" src=\"\/wp-content\/uploads\/2025\/09\/0738970b27dc3b12.webp\"> <\/img><\/a> <\/div>\n<\/p><\/div>\n<\/p><\/div>\n<div class=\"fl-mosaicflow-item\">\n<div class=\"fl-photo fl-photo-align-center\" itemscope=\"\" itemtype=\"http:\/\/schema.org\/ImageObject\">\n<div class=\"fl-photo-content fl-photo-img-png\"> <a href=\"\/fr\/uploads\/Graphite-heater-6.webp\/\" itemprop=\"url\" target=\"_self\"> <img decoding=\"async\" alt=\"R\u00e9fonce de graphite (6)\" class=\"fl-photo-img wp-image-2923\" itemprop=\"image\" src=\"\/wp-content\/uploads\/2025\/09\/6234125f7c2c154c.webp\"> <\/img><\/a> <\/div>\n<\/p><\/div>\n<\/p><\/div>\n<\/p><\/div>\n<div class=\"fl-clear\"><\/div>\n<\/p><\/div>\n<\/p><\/div>\n<\/p><\/div>\n<\/p><\/div>\n<\/p><\/div>\n<\/p><\/div>\n<div class=\"fl-col-group fl-node-66260e2c3082b\" data-node=\"66260e2c3082b\">\n<div class=\"fl-col fl-node-66260e2c309b1\" data-node=\"66260e2c309b1\" style=\"width: 100%;\">\n<div class=\"fl-col-content fl-node-content\">\n<div class=\"fl-module fl-module-photo fl-node-66260e2c306ec\" data-animation-delay=\"0.0\" data-node=\"66260e2c306ec\">\n<div class=\"fl-module-content fl-node-content\">\n<div class=\"fl-photo fl-photo-align-center\" itemscope=\"\" itemtype=\"http:\/\/schema.org\/ImageObject\">\n<div class=\"fl-photo-content fl-photo-img-jpg\"> <img decoding=\"async\" alt=\"Lieu de travail Semiera\" class=\"fl-photo-img wp-image-7286\" itemprop=\"image\" src=\"\/wp-content\/uploads\/2025\/09\/b1dd0bcab1675ff4.webp\"> <\/img><\/div>\n<\/p><\/div>\n<\/p><\/div>\n<\/p><\/div>\n<div class=\"fl-module fl-module-photo fl-node-66260e3c536c1\" data-animation-delay=\"0.0\" data-node=\"66260e3c536c1\">\n<div class=\"fl-module-content fl-node-content\">\n<div class=\"fl-photo fl-photo-align-center\" itemscope=\"\" itemtype=\"http:\/\/schema.org\/ImageObject\">\n<div class=\"fl-photo-content fl-photo-img-jpg\"> <img decoding=\"async\" alt=\"Semirara Lieu de travail 2\" class=\"fl-photo-img wp-image-7287\" itemprop=\"image\" src=\"\/wp-content\/uploads\/2025\/09\/2b946d2b4b61306d.webp\"> <\/img><\/div>\n<\/p><\/div>\n<\/p><\/div>\n<\/p><\/div>\n<div class=\"fl-module fl-module-photo fl-node-66260e3b8c419\" data-animation-delay=\"0.0\" data-node=\"66260e3b8c419\">\n<div class=\"fl-module-content fl-node-content\">\n<div class=\"fl-photo fl-photo-align-center\" itemscope=\"\" itemtype=\"http:\/\/schema.org\/ImageObject\">\n<div class=\"fl-photo-content fl-photo-img-jpg\"> <img decoding=\"async\" alt=\"Machine de mat\u00e9riel\" class=\"fl-photo-img wp-image-7288\" itemprop=\"image\" src=\"\/wp-content\/uploads\/2025\/09\/081b6529d68ead23.webp\"> <\/img><\/div>\n<\/p><\/div>\n<\/p><\/div>\n<\/p><\/div>\n<div class=\"fl-module fl-module-photo fl-node-66260e3ac74f6\" data-animation-delay=\"0.0\" data-node=\"66260e3ac74f6\">\n<div class=\"fl-module-content fl-node-content\">\n<div class=\"fl-photo fl-photo-align-center\" itemscope=\"\" itemtype=\"http:\/\/schema.org\/ImageObject\">\n<div class=\"fl-photo-content fl-photo-img-jpg\"> <img decoding=\"async\" alt=\"Traitement CNN, nettoyage chimique, rev\u00eatement CVD\" class=\"fl-photo-img wp-image-7289\" itemprop=\"image\" src=\"\/wp-content\/uploads\/2025\/09\/a4132b2b399abbac.webp\"> <\/img><\/div>\n<\/p><\/div>\n<\/p><\/div>\n<\/p><\/div>\n<div class=\"fl-module fl-module-photo fl-node-66260e3a0f6c6\" data-animation-delay=\"0.0\" data-node=\"66260e3a0f6c6\">\n<div class=\"fl-module-content fl-node-content\">\n<div class=\"fl-photo fl-photo-align-center\" itemscope=\"\" itemtype=\"http:\/\/schema.org\/ImageObject\">\n<div class=\"fl-photo-content fl-photo-img-jpg\"> <img decoding=\"async\" alt=\"Maison des articles semira\" class=\"fl-photo-img wp-image-7140\" itemprop=\"image\" src=\"\/wp-content\/uploads\/2025\/09\/2190bb9ce5c1d546.webp\"> <\/img><\/div>\n<\/p><\/div>\n<\/p><\/div>\n<\/p><\/div>\n<div class=\"fl-module fl-module-photo fl-node-66260e394a318\" data-animation-delay=\"0.0\" data-node=\"66260e394a318\">\n<div class=\"fl-module-content fl-node-content\">\n<div class=\"fl-photo fl-photo-align-center\" itemscope=\"\" itemtype=\"http:\/\/schema.org\/ImageObject\">\n<div class=\"fl-photo-content fl-photo-img-jpg\"> <img decoding=\"async\" alt=\"Notre service\" class=\"fl-photo-img wp-image-7290\" itemprop=\"image\" src=\"\/wp-content\/uploads\/2025\/09\/b07f222c0ec0ab8d.webp\"\/> <\/div>\n<\/p><\/div>\n<\/p><\/div>\n<\/p><\/div>\n<\/p><\/div>\n<\/p><\/div>\n<\/p><\/div>\n<\/p><\/div>\n<\/p><\/div>\n<\/p><\/div>\n<\/div>","protected":false},"excerpt":{"rendered":"<p>Semicera Semiconductor\u00a0is a leading supplier specializing in wafer and advanced semiconductor consumables. We are dedicated to providing high-quality, reliable, and innovative products to semiconductor manufacturing,\u00a0photovoltaic industry\u00a0and other related fields.Our product line includes SiC\/TaC coated graphite products and ceramic products, encompassing various materials such as silicon carbide, silicon nitride, and aluminum oxide and etc.As a trusted supplier, we understand the importance of consumables in the manufacturing process, and we are committed to delivering products that meet the highest quality standards to fulfill our customers\u2019 needs.<\/p>","protected":false},"featured_media":599,"comment_status":"closed","ping_status":"open","template":"","meta":[],"product_brand":[],"product_cat":[16,18],"product_tag":[],"class_list":{"0":"post-2079","1":"product","2":"type-product","3":"status-publish","4":"has-post-thumbnail","6":"product_cat-cvd-sic","7":"product_cat-sic-epitaxial-parts","9":"first","10":"instock","11":"product-type-simple"},"_links":{"self":[{"href":"https:\/\/www.cn-semiconductorparts.com\/fr\/wp-json\/wp\/v2\/product\/2079","targetHints":{"allow":["GET"]}}],"collection":[{"href":"https:\/\/www.cn-semiconductorparts.com\/fr\/wp-json\/wp\/v2\/product"}],"about":[{"href":"https:\/\/www.cn-semiconductorparts.com\/fr\/wp-json\/wp\/v2\/types\/product"}],"replies":[{"embeddable":true,"href":"https:\/\/www.cn-semiconductorparts.com\/fr\/wp-json\/wp\/v2\/comments?post=2079"}],"wp:featuredmedia":[{"embeddable":true,"href":"https:\/\/www.cn-semiconductorparts.com\/fr\/wp-json\/wp\/v2\/media\/599"}],"wp:attachment":[{"href":"https:\/\/www.cn-semiconductorparts.com\/fr\/wp-json\/wp\/v2\/media?parent=2079"}],"wp:term":[{"taxonomy":"product_brand","embeddable":true,"href":"https:\/\/www.cn-semiconductorparts.com\/fr\/wp-json\/wp\/v2\/product_brand?post=2079"},{"taxonomy":"product_cat","embeddable":true,"href":"https:\/\/www.cn-semiconductorparts.com\/fr\/wp-json\/wp\/v2\/product_cat?post=2079"},{"taxonomy":"product_tag","embeddable":true,"href":"https:\/\/www.cn-semiconductorparts.com\/fr\/wp-json\/wp\/v2\/product_tag?post=2079"}],"curies":[{"name":"WP","href":"https:\/\/api.w.org\/{rel}","templated":true}]}}