{"id":2081,"date":"2025-09-11T05:32:39","date_gmt":"2025-09-11T05:32:39","guid":{"rendered":"https:\/\/weitai2.globaldeepsea.site\/product\/customizable-silicon-carbide-boat-semiconductor-photovoltaic-materials\/"},"modified":"2026-04-29T15:29:06","modified_gmt":"2026-04-29T07:29:06","slug":"customizable-silicon-carbide-boat-semiconductor-photovoltaic-materials","status":"publish","type":"product","link":"https:\/\/www.cn-semiconductorparts.com\/fr\/product\/customizable-silicon-carbide-boat-semiconductor-photovoltaic-materials\/","title":{"rendered":"Mat\u00e9riaux photovolta\u00efques semi-conducteurs en carbure de silicium personnalisables"},"content":{"rendered":"<div class=\"fl-builder-content fl-builder-content-4505 fl-builder-content-primary fl-builder-global-templates-locked\" data-post-id=\"4505\">\n<div class=\"fl-row fl-row-full-width fl-row-bg-none fl-node-665d2e2726b46\" data-node=\"665d2e2726b46\">\n<div class=\"fl-row-content-wrap\">\n<div class=\"fl-row-content fl-row-full-width fl-node-content\">\n<div class=\"fl-col-group fl-node-665d2e2726c19\" data-node=\"665d2e2726c19\">\n<div class=\"fl-col fl-node-665d2e2726c5e\" data-node=\"665d2e2726c5e\" style=\"width: 100%;\">\n<div class=\"fl-col-content fl-node-content\">\n<div class=\"fl-module fl-module-rich-text fl-node-665d2e2726ca3\" data-animation-delay=\"0.0\" data-node=\"665d2e2726ca3\">\n<div class=\"fl-module-content fl-node-content\">\n<div class=\"fl-rich-text\">\n<p>Le carbure de silicium est un nouveau type de c\u00e9ramique avec des performances \u00e0 co\u00fbt \u00e9lev\u00e9 et d'excellentes propri\u00e9t\u00e9s de mat\u00e9riaux. En raison de caract\u00e9ristiques telles que la r\u00e9sistance \u00e9lev\u00e9e et la duret\u00e9, une r\u00e9sistance \u00e0 haute temp\u00e9rature, une grande conductivit\u00e9 thermique et une r\u00e9sistance \u00e0 la corrosion chimique, le carbure de silicium peut presque r\u00e9sister \u00e0 tout milieu chimique. Par cons\u00e9quent, les SiC sont largement utilis\u00e9s dans l'exploration de p\u00e9trole, les produits chimiques, les machines et l'espace a\u00e9rien, m\u00eame l'\u00e9nergie nucl\u00e9aire et les militaires ont leurs demandes sp\u00e9ciales en sic. Certaines applications normales que nous pouvons offrir sont les anneaux de joint pour la pompe, la vanne et l'armure de protection, etc.<\/p>\n<p>Nous sommes en mesure de concevoir et de fabriquer en fonction de vos dimensions sp\u00e9cifiques avec une bonne qualit\u00e9 et un temps de livraison raisonnable.\u00a0<\/p>\n<\/p><\/div>\n<\/p><\/div>\n<\/p><\/div>\n<\/p><\/div>\n<\/p><\/div>\n<\/p><\/div>\n<div class=\"fl-col-group fl-node-665d2e2726dee\" data-node=\"665d2e2726dee\">\n<div class=\"fl-col fl-node-665d2e2726e31\" data-node=\"665d2e2726e31\" style=\"width: 100%;\">\n<div class=\"fl-col-content fl-node-content\">\n<div class=\"fl-module fl-module-heading fl-node-665d2e2726e74\" data-animation-delay=\"0.0\" data-node=\"665d2e2726e74\">\n<div class=\"fl-module-content fl-node-content\">\n<h3 class=\"fl-heading\"> <span class=\"fl-heading-text\">Param\u00e8tres techniques:<\/span> <\/h3>\n<\/p><\/div>\n<\/p><\/div>\n<\/p><\/div>\n<\/p><\/div>\n<\/p><\/div>\n<div class=\"fl-col-group fl-node-665d2e2726d26\" data-node=\"665d2e2726d26\">\n<div class=\"fl-col fl-node-665d2e2726d68\" data-node=\"665d2e2726d68\" style=\"width: 100%;\">\n<div class=\"fl-col-content fl-node-content\">\n<div class=\"fl-module fl-module-photo fl-node-665d2e2726dab\" data-animation-delay=\"0.0\" data-node=\"665d2e2726dab\">\n<div class=\"fl-module-content fl-node-content\">\n<div class=\"fl-photo fl-photo-align-center\" itemscope=\"\" itemtype=\"http:\/\/schema.org\/ImageObject\">\n<div class=\"fl-photo-content fl-photo-img-png\"> <img decoding=\"async\" alt=\"Photo 2\" class=\"fl-photo-img wp-image-2332\" itemprop=\"image\" src=\"\/wp-content\/uploads\/2025\/09\/d989e2953820a92d.webp\"> <\/img><\/div>\n<\/p><\/div>\n<\/p><\/div>\n<\/p><\/div>\n<\/p><\/div>\n<\/p><\/div>\n<\/p><\/div>\n<div class=\"fl-col-group fl-node-665d2e2726eba\" data-node=\"665d2e2726eba\">\n<div class=\"fl-col fl-node-665d2e2726eff\" data-node=\"665d2e2726eff\" style=\"width: 100%;\">\n<div class=\"fl-col-content fl-node-content\">\n<div class=\"fl-module fl-module-heading fl-node-665d2e2726bd3\" data-animation-delay=\"0.0\" data-node=\"665d2e2726bd3\">\n<div class=\"fl-module-content fl-node-content\">\n<h3 class=\"fl-heading\"> <span class=\"fl-heading-text\">Fiche technique de mat\u00e9riaux<\/span> <\/h3>\n<\/p><\/div>\n<\/p><\/div>\n<\/p><\/div>\n<\/p><\/div>\n<\/p><\/div>\n<div class=\"fl-col-group fl-node-665d2e2726f45\" data-node=\"665d2e2726f45\">\n<div class=\"fl-col fl-node-665d2e272715f\" data-node=\"665d2e272715f\" style=\"width: 100%;\">\n<div class=\"fl-col-content fl-node-content\">\n<div class=\"fl-module fl-module-rich-text fl-node-665d2e2726b8d\" data-animation-delay=\"0.0\" data-node=\"665d2e2726b8d\">\n<div class=\"fl-module-content fl-node-content\">\n<div class=\"fl-rich-text\">\n<table border=\"0\" cellspacing=\"0\">\n<tbody>\n<tr>\n<td valign=\"center\" width=\"373\">\n<p><span style=\"font-family: Calibri; color: #000000;\">Mat\u00e9riel<\/span><\/p>\n<\/td>\n<td valign=\"center\" width=\"294\">\n<p><span style=\"color: #000000;\">R-Sic<\/span><\/p>\n<\/td>\n<\/tr>\n<tr>\n<td valign=\"center\" width=\"373\">\n<p><span style=\"color: #000000;\"><span style=\"font-family: \u5b8b\u4f53;\">Utiliser la temp\u00e9rature<\/span><span style=\"font-family: Calibri;\">Temp\u00e9rature de travail (<\/span><span style=\"font-family: \u5b8b\u4f53;\">\u00b0<\/span><span style=\"font-family: Calibri;\">C)<\/span><\/span><\/p>\n<\/td>\n<td valign=\"center\" width=\"294\">\n<p><span style=\"color: #000000;\">1600 \u00b0 C (\u00a0<span style=\"font-family: \u5b8b\u4f53;\">Atmosph\u00e8re d'oxydation<\/span><span style=\"font-family: Calibri;\">Environnement oxydant)<\/span><\/span><\/p>\n<p><span style=\"color: #000000;\">1700 \u00b0 C (\u00a0<span style=\"font-family: \u5b8b\u4f53;\">Restaurer l'atmosph\u00e8re<\/span><span style=\"font-family: Calibri;\">R\u00e9duction de l'environnement)<\/span><\/span><\/p>\n<\/td>\n<\/tr>\n<tr>\n<td valign=\"center\" width=\"373\">\n<p><span style=\"color: #000000;\">Sic<span style=\"font-family: \u5b8b\u4f53;\">contenu<\/span><span style=\"font-family: Calibri;\">Contenu SIC (%)<\/span><\/span><\/p>\n<\/td>\n<td valign=\"center\" width=\"294\">\n<p><span style=\"color: #000000;\">&gt; 99<\/span><\/p>\n<\/td>\n<\/tr>\n<tr>\n<td valign=\"center\" width=\"373\">\n<p><span style=\"color: #000000;\"><span style=\"font-family: \u5b8b\u4f53;\">gratuit<\/span><span style=\"font-family: Calibri;\">Si\u00a0<\/span><span style=\"font-family: \u5b8b\u4f53;\">contenu<\/span><span style=\"font-family: Calibri;\">Contenu SI gratuit (%)<\/span><\/span><\/p>\n<\/td>\n<td valign=\"center\" width=\"294\">\n<p><span style=\"color: #000000;\">&lt; 0.1<\/span><\/p>\n<\/td>\n<\/tr>\n<tr>\n<td valign=\"center\" width=\"373\">\n<p><span style=\"color: #000000;\"><span style=\"font-family: \u5b8b\u4f53;\">Densit\u00e9 de volume<\/span><span style=\"font-family: Calibri;\">Densit\u00e9 en vrac (g \/ cm3)<\/span><\/span><\/p>\n<\/td>\n<td valign=\"center\" width=\"294\">\n<p><span style=\"color: #000000;\">2.60-2.70<\/span><\/p>\n<\/td>\n<\/tr>\n<tr>\n<td valign=\"center\" width=\"373\">\n<p><span style=\"color: #000000;\"><span style=\"font-family: \u5b8b\u4f53;\">Porosit\u00e9<\/span><span style=\"font-family: Calibri;\">Porosit\u00e9 apparente (%)<\/span><\/span><\/p>\n<\/td>\n<td valign=\"center\" width=\"294\">\n<p><span style=\"color: #000000;\">&lt; 16<\/span><\/p>\n<\/td>\n<\/tr>\n<tr>\n<td valign=\"center\" width=\"373\">\n<p><span style=\"color: #000000;\"><span style=\"font-family: \u5b8b\u4f53;\">R\u00e9sistance \u00e0 la compression<\/span><span style=\"font-family: Calibri;\">Force d'\u00e9crasement (MPA)<\/span><\/span><\/p>\n<\/td>\n<td valign=\"center\" width=\"294\">\n<p><span style=\"color: #000000;\">&gt; 600<\/span><\/p>\n<\/td>\n<\/tr>\n<tr>\n<td valign=\"center\" width=\"373\">\n<p><span style=\"color: #000000;\"><span style=\"font-family: \u5b8b\u4f53;\">R\u00e9sistance \u00e0 la flexion \u00e0 temp\u00e9rature ambiante<\/span><span style=\"font-family: Calibri;\">R\u00e9sistance \u00e0 la flexion \u00e0 froid (MPA)<\/span><\/span><\/p>\n<\/td>\n<td valign=\"center\" width=\"294\">\n<p><span style=\"color: #000000;\">80-90 (20 \u00b0 C)<\/span><\/p>\n<\/td>\n<\/tr>\n<tr>\n<td valign=\"center\" width=\"373\">\n<p><span style=\"color: #000000;\"><span style=\"font-family: \u5b8b\u4f53;\">R\u00e9sistance \u00e0 la flexion \u00e0 haute temp\u00e9rature<\/span><span style=\"font-family: Calibri;\">R\u00e9sistance \u00e0 la flexion chaude (MPA)<\/span><\/span><\/p>\n<\/td>\n<td valign=\"center\" width=\"294\">\n<p><span style=\"color: #000000;\">90-100 (1400 \u00b0 C)<\/span><\/p>\n<\/td>\n<\/tr>\n<tr>\n<td valign=\"center\" width=\"373\">\n<p><span style=\"font-family: \u5b8b\u4f53; color: #000000;\">Coefficient de dilatation thermique<\/span><\/p>\n<p><span style=\"color: #000000;\">Coefficient de dilatation thermique \u00e0 1500 \u00b0 C (10-6 \/ \u00b0 C)<\/span><\/p>\n<\/td>\n<td valign=\"center\" width=\"294\">\n<p><span style=\"color: #000000;\">4.70<\/span><\/p>\n<\/td>\n<\/tr>\n<tr>\n<td valign=\"center\" width=\"373\">\n<p><span style=\"color: #000000;\"><span style=\"font-family: \u5b8b\u4f53;\">Conductivit\u00e9 thermique<\/span><span style=\"font-family: Calibri;\">Conductivit\u00e9 thermique @ 1200<\/span><span style=\"font-family: \u5b8b\u4f53;\">\u00b0<\/span><span style=\"font-family: Calibri;\">C (W \/ M<\/span><span style=\"font-family: \u5b8b\u4f53;\">\u2022<\/span><span style=\"font-family: Calibri;\">K)<\/span><\/span><\/p>\n<\/td>\n<td valign=\"center\" width=\"294\">\n<p><span style=\"color: #000000;\">23<\/span><\/p>\n<\/td>\n<\/tr>\n<tr>\n<td valign=\"center\" width=\"373\">\n<p><span style=\"color: #000000;\"><span style=\"font-family: \u5b8b\u4f53;\">Module de Young<\/span><span style=\"font-family: Calibri;\">Module \u00e9lastique (GPA)<\/span><\/span><\/p>\n<\/td>\n<td valign=\"center\" width=\"294\">\n<p><span style=\"color: #000000;\">240<\/span><\/p>\n<\/td>\n<\/tr>\n<tr>\n<td valign=\"center\" width=\"373\">\n<p><span style=\"color: #000000;\"><span style=\"font-family: \u5b8b\u4f53;\">R\u00e9sistance aux chocs thermiques<\/span><span style=\"font-family: Calibri;\">R\u00e9sistance aux chocs thermiques<\/span><\/span><\/p>\n<\/td>\n<td valign=\"center\" width=\"294\">\n<p><span style=\"color: #000000;\"><span style=\"font-family: \u5b8b\u4f53;\">tr\u00e8s bien<\/span><span style=\"font-family: Calibri;\">Extr\u00eamement bon<\/span><\/span><\/p>\n<\/td>\n<\/tr>\n<\/tbody>\n<\/table><\/div>\n<\/p><\/div>\n<\/p><\/div>\n<\/p><\/div>\n<\/p><\/div>\n<\/p><\/div>\n<div class=\"fl-col-group fl-node-665d2e4400b83\" data-node=\"665d2e4400b83\">\n<div class=\"fl-col fl-node-665d2e4400ea5\" data-node=\"665d2e4400ea5\" style=\"width: 100%;\">\n<div class=\"fl-col-content fl-node-content\">\n<div class=\"fl-module fl-module-gallery fl-node-650be3860ae18\" data-animation-delay=\"0.0\" data-node=\"650be3860ae18\">\n<div class=\"fl-module-content fl-node-content\">\n<div class=\"fl-mosaicflow\">\n<div class=\"fl-mosaicflow-content\">\n<div class=\"fl-mosaicflow-item\">\n<div class=\"fl-photo fl-photo-align-center\" itemscope=\"\" itemtype=\"http:\/\/schema.org\/ImageObject\">\n<div class=\"fl-photo-content fl-photo-img-png\"> <a href=\"\/fr\/uploads\/Silicon-Carbide-Boat-32.webp\/\" itemprop=\"url\" target=\"_self\"> <img decoding=\"async\" alt=\"Bateau en carbure de silicium (3)\" class=\"fl-photo-img wp-image-4523\" itemprop=\"image\" src=\"\/wp-content\/uploads\/2025\/09\/ed3edf790fcdb1b7.webp\"> <\/img><\/a> <\/div>\n<\/p><\/div>\n<\/p><\/div>\n<div class=\"fl-mosaicflow-item\">\n<div class=\"fl-photo fl-photo-align-center\" itemscope=\"\" itemtype=\"http:\/\/schema.org\/ImageObject\">\n<div class=\"fl-photo-content fl-photo-img-png\"> <a href=\"\/fr\/uploads\/Silicon-Carbide-Boat-4.webp\/\" itemprop=\"url\" target=\"_self\"> <img decoding=\"async\" alt=\"Bateau en carbure de silicium (4)\" class=\"fl-photo-img wp-image-4524\" itemprop=\"image\" src=\"\/wp-content\/uploads\/2025\/09\/d48ebb8be5a8a3bb.webp\"> <\/img><\/a> <\/div>\n<\/p><\/div>\n<\/p><\/div>\n<\/p><\/div>\n<div class=\"fl-clear\"><\/div>\n<\/p><\/div>\n<\/p><\/div>\n<\/p><\/div>\n<\/p><\/div>\n<\/p><\/div>\n<\/p><\/div>\n<div class=\"fl-col-group fl-node-665d2e27271f1\" data-node=\"665d2e27271f1\">\n<div class=\"fl-col fl-node-665d2e272723f\" data-node=\"665d2e272723f\" style=\"width: 100%;\">\n<div class=\"fl-col-content fl-node-content\">\n<div class=\"fl-module fl-module-photo fl-node-665d2e2727294\" data-animation-delay=\"0.0\" data-node=\"665d2e2727294\">\n<div class=\"fl-module-content fl-node-content\">\n<div class=\"fl-photo fl-photo-align-center\" itemscope=\"\" itemtype=\"http:\/\/schema.org\/ImageObject\">\n<div class=\"fl-photo-content fl-photo-img-jpg\"> <img decoding=\"async\" alt=\"Lieu de travail Semiera\" class=\"fl-photo-img wp-image-7142\" itemprop=\"image\" src=\"\/wp-content\/uploads\/2025\/09\/b1dd0bcab1675ff4.webp\"> <\/img><\/div>\n<\/p><\/div>\n<\/p><\/div>\n<\/p><\/div>\n<div class=\"fl-module fl-module-photo fl-node-665d2e27273a4\" data-animation-delay=\"0.0\" data-node=\"665d2e27273a4\">\n<div class=\"fl-module-content fl-node-content\">\n<div class=\"fl-photo fl-photo-align-center\" itemscope=\"\" itemtype=\"http:\/\/schema.org\/ImageObject\">\n<div class=\"fl-photo-content fl-photo-img-jpg\"> <img decoding=\"async\" alt=\"Semirara Lieu de travail 2\" class=\"fl-photo-img wp-image-7141\" itemprop=\"image\" src=\"\/wp-content\/uploads\/2025\/09\/2b946d2b4b61306d.webp\"> <\/img><\/div>\n<\/p><\/div>\n<\/p><\/div>\n<\/p><\/div>\n<div class=\"fl-module fl-module-photo fl-node-665d2e2727361\" data-animation-delay=\"0.0\" data-node=\"665d2e2727361\">\n<div class=\"fl-module-content fl-node-content\">\n<div class=\"fl-photo fl-photo-align-center\" itemscope=\"\" itemtype=\"http:\/\/schema.org\/ImageObject\">\n<div class=\"fl-photo-content fl-photo-img-jpg\"> <img decoding=\"async\" alt=\"Machine de mat\u00e9riel\" class=\"fl-photo-img wp-image-7138\" itemprop=\"image\" src=\"\/wp-content\/uploads\/2025\/09\/081b6529d68ead23.webp\"> <\/img><\/div>\n<\/p><\/div>\n<\/p><\/div>\n<\/p><\/div>\n<div class=\"fl-module fl-module-photo fl-node-665d2e272731d\" data-animation-delay=\"0.0\" data-node=\"665d2e272731d\">\n<div class=\"fl-module-content fl-node-content\">\n<div class=\"fl-photo fl-photo-align-center\" itemscope=\"\" itemtype=\"http:\/\/schema.org\/ImageObject\">\n<div class=\"fl-photo-content fl-photo-img-jpg\"> <img decoding=\"async\" alt=\"Traitement CNN, nettoyage chimique, rev\u00eatement CVD\" class=\"fl-photo-img wp-image-7137 size-full\" itemprop=\"image\" src=\"\/wp-content\/uploads\/2025\/09\/a4132b2b399abbac.webp\"> <\/img><\/div>\n<\/p><\/div>\n<\/p><\/div>\n<\/p><\/div>\n<div class=\"fl-module fl-module-photo fl-node-665d2e27272d9\" data-animation-delay=\"0.0\" data-node=\"665d2e27272d9\">\n<div class=\"fl-module-content fl-node-content\">\n<div class=\"fl-photo fl-photo-align-center\" itemscope=\"\" itemtype=\"http:\/\/schema.org\/ImageObject\">\n<div class=\"fl-photo-content fl-photo-img-jpg\"> <img decoding=\"async\" alt=\"Notre service\" class=\"fl-photo-img wp-image-7139\" itemprop=\"image\" src=\"\/wp-content\/uploads\/2025\/09\/b07f222c0ec0ab8d.webp\"> <\/img><\/div>\n<\/p><\/div>\n<\/p><\/div>\n<\/p><\/div>\n<\/p><\/div>\n<\/p><\/div>\n<\/p><\/div>\n<\/p><\/div>\n<\/p><\/div>\n<\/p><\/div>\n<\/div>","protected":false},"excerpt":{"rendered":"<p>Semiera EnergyTechnology Co., Ltd.s est un fournisseur de premier plan sp\u00e9cialis\u00e9 dans les consommables de plaquettes et de semi-conducteurs avanc\u00e9s.Nous nous consacrent \u00e0 fournir des produits de haute qualit\u00e9, fiables et innovants \u00e0 la fabrication de semi-conducteurs, \u00e0 l'industrie photovolta\u00efque et \u00e0 d'autres champs connexes. Le nitrure et l'oxyde d'aluminium et etc. En tant que fournisseur de confiance, nous comprenons l'importance des consommables dans le processus de fabrication, et nous nous engageons \u00e0 fournir des produits qui r\u00e9pondent aux normes de qualit\u00e9 la plus \u00e9lev\u00e9e pour r\u00e9pondre aux besoins de nos clients.<\/p>","protected":false},"featured_media":1024,"comment_status":"closed","ping_status":"open","template":"","meta":[],"product_brand":[],"product_cat":[64,24],"product_tag":[],"class_list":{"0":"post-2081","1":"product","2":"type-product","3":"status-publish","4":"has-post-thumbnail","6":"product_cat-sic-heating-element","7":"product_cat-silicon-carbide-ceramic","9":"first","10":"instock","11":"product-type-simple"},"_links":{"self":[{"href":"https:\/\/www.cn-semiconductorparts.com\/fr\/wp-json\/wp\/v2\/product\/2081","targetHints":{"allow":["GET"]}}],"collection":[{"href":"https:\/\/www.cn-semiconductorparts.com\/fr\/wp-json\/wp\/v2\/product"}],"about":[{"href":"https:\/\/www.cn-semiconductorparts.com\/fr\/wp-json\/wp\/v2\/types\/product"}],"replies":[{"embeddable":true,"href":"https:\/\/www.cn-semiconductorparts.com\/fr\/wp-json\/wp\/v2\/comments?post=2081"}],"wp:featuredmedia":[{"embeddable":true,"href":"https:\/\/www.cn-semiconductorparts.com\/fr\/wp-json\/wp\/v2\/media\/1024"}],"wp:attachment":[{"href":"https:\/\/www.cn-semiconductorparts.com\/fr\/wp-json\/wp\/v2\/media?parent=2081"}],"wp:term":[{"taxonomy":"product_brand","embeddable":true,"href":"https:\/\/www.cn-semiconductorparts.com\/fr\/wp-json\/wp\/v2\/product_brand?post=2081"},{"taxonomy":"product_cat","embeddable":true,"href":"https:\/\/www.cn-semiconductorparts.com\/fr\/wp-json\/wp\/v2\/product_cat?post=2081"},{"taxonomy":"product_tag","embeddable":true,"href":"https:\/\/www.cn-semiconductorparts.com\/fr\/wp-json\/wp\/v2\/product_tag?post=2081"}],"curies":[{"name":"WP","href":"https:\/\/api.w.org\/{rel}","templated":true}]}}