{"id":2085,"date":"2025-09-11T05:32:39","date_gmt":"2025-09-11T05:32:39","guid":{"rendered":"https:\/\/weitai2.globaldeepsea.site\/product\/sic-special-high-purity-graphite-crucible-6-inch-substrate\/"},"modified":"2026-04-29T15:29:08","modified_gmt":"2026-04-29T07:29:08","slug":"sic-special-high-purity-graphite-crucible-6-inch-substrate","status":"publish","type":"product","link":"https:\/\/www.cn-semiconductorparts.com\/fr\/product\/sic-special-high-purity-graphite-crucible-6-inch-substrate\/","title":{"rendered":"SIC S\u00c9CURIT\u00c9 GRAPHITE CUCUBLE SUBSTRAT DE 6 pouces"},"content":{"rendered":"<div class=\"fl-builder-content fl-builder-content-4434 fl-builder-content-primary fl-builder-global-templates-locked\" data-post-id=\"4434\">\n<div class=\"fl-row fl-row-full-width fl-row-bg-none fl-node-6503c9efa7c78\" data-node=\"6503c9efa7c78\">\n<div class=\"fl-row-content-wrap\">\n<div class=\"fl-row-content fl-row-full-width fl-node-content\">\n<div class=\"fl-col-group fl-node-6503c9efa7cb7\" data-node=\"6503c9efa7cb7\">\n<div class=\"fl-col fl-node-6503c9efa7cf5\" data-node=\"6503c9efa7cf5\" style=\"width: 100%;\">\n<div class=\"fl-col-content fl-node-content\">\n<div class=\"fl-module fl-module-rich-text fl-node-6503c9efa7d32\" data-animation-delay=\"0.0\" data-node=\"6503c9efa7d32\">\n<div class=\"fl-module-content fl-node-content\">\n<div class=\"fl-rich-text\">\n<p>Le creuset en graphite est principalement utilis\u00e9 pour fondre le cuivre, le laiton, l'or, l'argent, le zinc et le plomb, et d'autres m\u00e9taux non ferreux et leurs alliages.<\/p>\n<\/p><\/div>\n<\/p><\/div>\n<\/p><\/div>\n<div class=\"fl-module fl-module-rich-text fl-node-6503c9efa80ba\" data-animation-delay=\"0.0\" data-node=\"6503c9efa80ba\">\n<div class=\"fl-module-content fl-node-content\">\n<div class=\"fl-rich-text\">\n<p><span style=\"font-family: Calibri;\">Notre creuset en graphite est trait\u00e9 avec du graphite press\u00e9 isostatique de haute puret\u00e9, qui a une bonne conductivit\u00e9 thermique et une r\u00e9sistance \u00e0 haute temp\u00e9rature. Dans le processus d'une utilisation \u00e0 haute temp\u00e9rature, le coefficient d'expansion thermique est faible et il a une certaine r\u00e9sistance \u00e0 la contrainte \u00e0 la chaleur aigu\u00eb et au refroidissement aigu.<\/span>\u00a0Il a une forte r\u00e9sistance \u00e0 la corrosion \u00e0 la solution acide et alcaline et une excellente stabilit\u00e9 chimique. Les mod\u00e8les sp\u00e9cifiques peuvent \u00eatre personnalis\u00e9s avec des dessins et des \u00e9chantillons, et les mat\u00e9riaux sont du graphite domestique et du graphite import\u00e9 pour r\u00e9pondre aux diff\u00e9rents besoins des clients.<\/p>\n<\/p><\/div>\n<\/p><\/div>\n<\/p><\/div>\n<\/p><\/div>\n<\/p><\/div>\n<\/p><\/div>\n<div class=\"fl-col-group fl-node-6503c9efa8003\" data-node=\"6503c9efa8003\">\n<div class=\"fl-col fl-node-6503c9efa8040 fl-col-small\" data-node=\"6503c9efa8040\" style=\"width: 50%;\">\n<div class=\"fl-col-content fl-node-content\">\n<div class=\"fl-module fl-module-rich-text fl-node-6503c9efa7d6f\" data-animation-delay=\"0.0\" data-node=\"6503c9efa7d6f\">\n<div class=\"fl-module-content fl-node-content\">\n<div class=\"fl-rich-text\">\n<p>Les principales mati\u00e8res premi\u00e8res du creuset en graphite sont le graphite, le carbure de silicium, la silice, l'argile r\u00e9fractaire, la hauteur et le goudron, etc.<br \/>&gt; Crucible en graphite pur \u00e9lev\u00e9<br \/>&gt; Crucible en graphite isostatique<br \/>&gt; Crucible en graphite en carbure de silicium\u00a0<br \/>&gt; Crucible en carbure de silicium<br \/>&gt; CRUCIPE CURCHITE CUCIP<br \/>&gt; Quarts Crucible<\/p>\n<\/p><\/div>\n<\/p><\/div>\n<\/p><\/div>\n<\/p><\/div>\n<\/p><\/div>\n<div class=\"fl-col fl-node-6503c9efa807d fl-col-small\" data-node=\"6503c9efa807d\" style=\"width: 50%;\">\n<div class=\"fl-col-content fl-node-content\">\n<div class=\"fl-module fl-module-photo fl-node-6503c9efa7edd\" data-animation-delay=\"0.0\" data-node=\"6503c9efa7edd\">\n<div class=\"fl-module-content fl-node-content\">\n<div class=\"fl-photo fl-photo-align-center\" itemscope=\"\" itemtype=\"http:\/\/schema.org\/ImageObject\">\n<div class=\"fl-photo-content fl-photo-img-png\"> <img decoding=\"async\" alt=\"Sic Crucible (5)\" class=\"fl-photo-img wp-image-4438\" itemprop=\"image\" src=\"\/wp-content\/uploads\/2025\/09\/853713457b9ed3b3.webp\"> <\/img><\/div>\n<\/p><\/div>\n<\/p><\/div>\n<\/p><\/div>\n<\/p><\/div>\n<\/p><\/div>\n<\/p><\/div>\n<\/p><\/div>\n<\/p><\/div>\n<\/p><\/div>\n<div class=\"fl-row fl-row-full-width fl-row-bg-none fl-node-6503c9efa7dac\" data-node=\"6503c9efa7dac\">\n<div class=\"fl-row-content-wrap\">\n<div class=\"fl-row-content fl-row-full-width fl-node-content\">\n<div class=\"fl-col-group fl-node-6503c9efa7de9\" data-node=\"6503c9efa7de9\">\n<div class=\"fl-col fl-node-6503c9efa7e26 fl-col-small\" data-node=\"6503c9efa7e26\" style=\"width: 50%;\">\n<div class=\"fl-col-content fl-node-content\">\n<div class=\"fl-module fl-module-photo fl-node-6503c9efa7f0e\" data-animation-delay=\"0.0\" data-node=\"6503c9efa7f0e\">\n<div class=\"fl-module-content fl-node-content\">\n<div class=\"fl-photo fl-photo-align-center\" itemscope=\"\" itemtype=\"http:\/\/schema.org\/ImageObject\">\n<div class=\"fl-photo-content fl-photo-img-png\"> <img decoding=\"async\" alt=\"Sic Crucible (3)\" class=\"fl-photo-img wp-image-4439\" itemprop=\"image\" src=\"\/wp-content\/uploads\/2025\/09\/bc04f9bb485168ad.webp\"> <\/img><\/div>\n<\/p><\/div>\n<\/p><\/div>\n<\/p><\/div>\n<\/p><\/div>\n<\/p><\/div>\n<div class=\"fl-col fl-node-6503c9efa7ea0 fl-col-small\" data-node=\"6503c9efa7ea0\" style=\"width: 50%;\">\n<div class=\"fl-col-content fl-node-content\">\n<div class=\"fl-module fl-module-rich-text fl-node-6503c9efa7e63\" data-animation-delay=\"0.0\" data-node=\"6503c9efa7e63\">\n<div class=\"fl-module-content fl-node-content\">\n<div class=\"fl-rich-text\">\n<p>\u00a0Caract\u00e9ristiques:<br \/>1. Longue dur\u00e9e de travail<br \/>2. Conductivit\u00e9 thermique \u00e9lev\u00e9e<br \/>3. Mat\u00e9riaux de style nouveau<br \/>4. R\u00e9sistance \u00e0 la corrosion<br \/>5. R\u00e9sistance \u00e0 l'oxydation<br \/>6. Haute r\u00e9sistance<br \/>7. Multi-fonction<\/p>\n<\/p><\/div>\n<\/p><\/div>\n<\/p><\/div>\n<\/p><\/div>\n<\/p><\/div>\n<\/p><\/div>\n<div class=\"fl-col-group fl-node-6503c9efa7f4c\" data-node=\"6503c9efa7f4c\">\n<div class=\"fl-col fl-node-6503c9efa7f89\" data-node=\"6503c9efa7f89\" style=\"width: 100%;\">\n<div class=\"fl-col-content fl-node-content\">\n<div class=\"fl-module fl-module-rich-text fl-node-6503c9efa7fc6\" data-animation-delay=\"0.0\" data-node=\"6503c9efa7fc6\">\n<div class=\"fl-module-content fl-node-content\">\n<div class=\"fl-rich-text\">\n<div align=\"center\">\n<table border=\"0\" cellspacing=\"0\">\n<tbody>\n<tr>\n<td colspan=\"4\" valign=\"center\">\n<p align=\"center\">Donn\u00e9es techniques du mat\u00e9riel<\/p>\n<\/td>\n<\/tr>\n<tr>\n<td valign=\"center\">\n<p>Indice<\/p>\n<\/td>\n<td valign=\"center\">\n<p>Unit\u00e9<\/p>\n<\/td>\n<td valign=\"center\">\n<p>Valeur standard<\/p>\n<\/td>\n<td valign=\"center\">\n<p>Valeur de test<\/p>\n<\/td>\n<\/tr>\n<tr>\n<td valign=\"center\">\n<p>R\u00e9sistance \u00e0 la temp\u00e9rature<\/p>\n<\/td>\n<td valign=\"center\">\n<p>\u2103<\/p>\n<\/td>\n<td valign=\"center\">\n<p>1650\u2103<\/p>\n<\/td>\n<td valign=\"center\">\n<p>1800\u2103<\/p>\n<\/td>\n<\/tr>\n<tr>\n<td rowspan=\"4\" valign=\"center\">\n<p>Composition chimique<br \/>(%)<\/p>\n<\/td>\n<td valign=\"center\">\n<p>C<\/p>\n<\/td>\n<td valign=\"center\">\n<p>35~45<\/p>\n<\/td>\n<td valign=\"center\">\n<p>45<\/p>\n<\/td>\n<\/tr>\n<tr>\n<td valign=\"center\">\n<p>Sic<\/p>\n<\/td>\n<td valign=\"center\">\n<p>15~25<\/p>\n<\/td>\n<td valign=\"center\">\n<p>25<\/p>\n<\/td>\n<\/tr>\n<tr>\n<td valign=\"center\">\n<p>AL2O3<\/p>\n<\/td>\n<td valign=\"center\">\n<p>10~20<\/p>\n<\/td>\n<td valign=\"center\">\n<p>25<\/p>\n<\/td>\n<\/tr>\n<tr>\n<td valign=\"center\">\n<p>SiO2<\/p>\n<\/td>\n<td valign=\"center\">\n<p>20~25<\/p>\n<\/td>\n<td valign=\"center\">\n<p>5<\/p>\n<\/td>\n<\/tr>\n<tr>\n<td valign=\"center\">\n<p>Porosit\u00e9 apparente<\/p>\n<\/td>\n<td valign=\"center\">\n<p>%<\/p>\n<\/td>\n<td valign=\"center\">\n<p>\u226430%<\/p>\n<\/td>\n<td valign=\"center\">\n<p>\u226428%<\/p>\n<\/td>\n<\/tr>\n<tr>\n<td valign=\"center\">\n<p>R\u00e9sistance \u00e0 la compression<\/p>\n<\/td>\n<td valign=\"center\">\n<p>MPA<\/p>\n<\/td>\n<td valign=\"center\">\n<p>\u22658.5MPa<\/p>\n<\/td>\n<td valign=\"center\">\n<p>\u22658.5MPa<\/p>\n<\/td>\n<\/tr>\n<tr>\n<td valign=\"center\">\n<p>Densit\u00e9 en vrac<\/p>\n<\/td>\n<td valign=\"center\">\n<p>g\/cm3<\/p>\n<\/td>\n<td valign=\"center\">\n<p>\u22651.75<\/p>\n<\/td>\n<td valign=\"center\">\n<p>1.78<\/p>\n<\/td>\n<\/tr>\n<tr>\n<td colspan=\"4\" valign=\"center\">\n<p>Notre creuset en carbure de silicium est une formation isostatique, qui peut utiliser 23 fois dans la fournaise, tandis que d'autres ne peuvent utiliser que 12 fois<\/p>\n<\/td>\n<\/tr>\n<\/tbody>\n<\/table><\/div>\n<\/p><\/div>\n<\/p><\/div>\n<\/p><\/div>\n<\/p><\/div>\n<\/p><\/div>\n<\/p><\/div>\n<div class=\"fl-col-group fl-node-6503c9efa80f7\" data-node=\"6503c9efa80f7\">\n<div class=\"fl-col fl-node-6503c9efa8134\" data-node=\"6503c9efa8134\" style=\"width: 100%;\">\n<div class=\"fl-col-content fl-node-content\">\n<div class=\"fl-module fl-module-gallery fl-node-6503c9efa8171\" data-animation-delay=\"0.0\" data-node=\"6503c9efa8171\">\n<div class=\"fl-module-content fl-node-content\">\n<div class=\"fl-mosaicflow\">\n<div class=\"fl-mosaicflow-content\">\n<div class=\"fl-mosaicflow-item\">\n<div class=\"fl-photo fl-photo-align-center\" itemscope=\"\" itemtype=\"http:\/\/schema.org\/ImageObject\">\n<div class=\"fl-photo-content fl-photo-img-png\"> <a href=\"\/fr\/uploads\/SiC-Crucible-2.webp\/\" itemprop=\"url\" target=\"_self\"> <img decoding=\"async\" alt=\"Sic Crucible (2)\" class=\"fl-photo-img wp-image-4445\" itemprop=\"image\" src=\"\/wp-content\/uploads\/2025\/09\/8ba3a30ca589cfb6.webp\"> <\/img><\/a> <\/div>\n<\/p><\/div>\n<\/p><\/div>\n<div class=\"fl-mosaicflow-item\">\n<div class=\"fl-photo fl-photo-align-center\" itemscope=\"\" itemtype=\"http:\/\/schema.org\/ImageObject\">\n<div class=\"fl-photo-content fl-photo-img-png\"> <a href=\"\/fr\/uploads\/SiC-Crucible-41.webp\/\" itemprop=\"url\" target=\"_self\"> <img decoding=\"async\" alt=\"Sic Crucible (4)\" class=\"fl-photo-img wp-image-4446\" itemprop=\"image\" src=\"\/wp-content\/uploads\/2025\/09\/6ac08f7c4c69df70.webp\"> <\/img><\/a> <\/div>\n<\/p><\/div>\n<\/p><\/div>\n<\/p><\/div>\n<div class=\"fl-clear\"><\/div>\n<\/p><\/div>\n<\/p><\/div>\n<\/p><\/div>\n<div class=\"fl-module fl-module-gallery fl-node-6503c9efa81ae\" data-animation-delay=\"0.0\" data-node=\"6503c9efa81ae\">\n<div class=\"fl-module-content fl-node-content\">\n<div class=\"fl-mosaicflow\">\n<div class=\"fl-mosaicflow-content\">\n<div class=\"fl-mosaicflow-item\">\n<div class=\"fl-photo fl-photo-align-center\" itemscope=\"\" itemtype=\"http:\/\/schema.org\/ImageObject\">\n<div class=\"fl-photo-content fl-photo-img-png\"> <a href=\"\/fr\/uploads\/SiC-Crucible-1.webp\/\" itemprop=\"url\" target=\"_self\"> <img decoding=\"async\" alt=\"Sic Crucible (1)\" class=\"fl-photo-img wp-image-4447\" itemprop=\"image\" src=\"\/wp-content\/uploads\/2025\/09\/6ec1ad5f11acfd5a.webp\"> <\/img><\/a> <\/div>\n<\/p><\/div>\n<\/p><\/div>\n<div class=\"fl-mosaicflow-item\">\n<div class=\"fl-photo fl-photo-align-center\" itemscope=\"\" itemtype=\"http:\/\/schema.org\/ImageObject\">\n<div class=\"fl-photo-content fl-photo-img-png\"> <a href=\"\/fr\/uploads\/SiC-Crucible-51.webp\/\" itemprop=\"url\" target=\"_self\"> <img decoding=\"async\" alt=\"Sic Crucible (5)\" class=\"fl-photo-img wp-image-4448\" itemprop=\"image\" src=\"\/wp-content\/uploads\/2025\/09\/419f834e231b495b.webp\"> <\/img><\/a> <\/div>\n<\/p><\/div>\n<\/p><\/div>\n<\/p><\/div>\n<div class=\"fl-clear\"><\/div>\n<\/p><\/div>\n<\/p><\/div>\n<\/p><\/div>\n<\/p><\/div>\n<\/p><\/div>\n<\/p><\/div>\n<\/p><\/div>\n<\/p><\/div>\n<\/p><\/div>\n<\/div>","protected":false},"excerpt":{"rendered":"<p>Weitai EnergyTechnology Co., Ltd.s est un fournisseur de premier plan sp\u00e9cialis\u00e9 dans les consommables de plaquettes et de semi-conducteurs avanc\u00e9s.Nous nous consacrent \u00e0 fournir des produits de haute qualit\u00e9, fiables et innovants \u00e0 la fabrication de semi-conducteurs, \u00e0 l'industrie photovolta\u00efque et \u00e0 d'autres domaines connexes. Le nitrure et l'oxyde d'aluminium et etc. En tant que fournisseur de confiance, nous comprenons l'importance des consommables dans le processus de fabrication, et nous nous engageons \u00e0 fournir des produits qui r\u00e9pondent aux normes de qualit\u00e9 la plus \u00e9lev\u00e9e pour r\u00e9pondre aux besoins de nos clients.<\/p>","protected":false},"featured_media":847,"comment_status":"closed","ping_status":"open","template":"","meta":[],"product_brand":[],"product_cat":[25,24],"product_tag":[],"class_list":{"0":"post-2085","1":"product","2":"type-product","3":"status-publish","4":"has-post-thumbnail","6":"product_cat-more-sic-product","7":"product_cat-silicon-carbide-ceramic","9":"first","10":"instock","11":"product-type-simple"},"_links":{"self":[{"href":"https:\/\/www.cn-semiconductorparts.com\/fr\/wp-json\/wp\/v2\/product\/2085","targetHints":{"allow":["GET"]}}],"collection":[{"href":"https:\/\/www.cn-semiconductorparts.com\/fr\/wp-json\/wp\/v2\/product"}],"about":[{"href":"https:\/\/www.cn-semiconductorparts.com\/fr\/wp-json\/wp\/v2\/types\/product"}],"replies":[{"embeddable":true,"href":"https:\/\/www.cn-semiconductorparts.com\/fr\/wp-json\/wp\/v2\/comments?post=2085"}],"wp:featuredmedia":[{"embeddable":true,"href":"https:\/\/www.cn-semiconductorparts.com\/fr\/wp-json\/wp\/v2\/media\/847"}],"wp:attachment":[{"href":"https:\/\/www.cn-semiconductorparts.com\/fr\/wp-json\/wp\/v2\/media?parent=2085"}],"wp:term":[{"taxonomy":"product_brand","embeddable":true,"href":"https:\/\/www.cn-semiconductorparts.com\/fr\/wp-json\/wp\/v2\/product_brand?post=2085"},{"taxonomy":"product_cat","embeddable":true,"href":"https:\/\/www.cn-semiconductorparts.com\/fr\/wp-json\/wp\/v2\/product_cat?post=2085"},{"taxonomy":"product_tag","embeddable":true,"href":"https:\/\/www.cn-semiconductorparts.com\/fr\/wp-json\/wp\/v2\/product_tag?post=2085"}],"curies":[{"name":"WP","href":"https:\/\/api.w.org\/{rel}","templated":true}]}}