{"id":2119,"date":"2025-09-11T05:32:53","date_gmt":"2025-09-11T05:32:53","guid":{"rendered":"https:\/\/weitai2.globaldeepsea.site\/product\/new-arrival-china-silicon-nitride-ceramic-plate-custom-processing-mechanical-arm-silicon-nitride-ceramic-sheet-picker\/"},"modified":"2026-04-29T15:28:49","modified_gmt":"2026-04-29T07:28:49","slug":"new-arrival-china-silicon-nitride-ceramic-plate-custom-processing-mechanical-arm-silicon-nitride-ceramic-sheet-picker","status":"publish","type":"product","link":"https:\/\/www.cn-semiconductorparts.com\/fr\/product\/new-arrival-china-silicon-nitride-ceramic-plate-custom-processing-mechanical-arm-silicon-nitride-ceramic-sheet-picker\/","title":{"rendered":"New Arrival China Silicon Nitride Ceramic Plate Custom Processing Mechanical Arm Silicon Nitride Ceramic Sheet Picker"},"content":{"rendered":"","protected":false},"excerpt":{"rendered":"<p>La zircone est un mat\u00e9riau \u00e0 forte r\u00e9sistance m\u00e9canique et \u00e0 la t\u00e9nacit\u00e9 \u00e0 la fracture \u00e0 temp\u00e9rature ambiante. Notre zircone (ZRO2) est ajout\u00e9e avec la zircone stable partielle 3MOL1TP32O3 (PSZ). \u00c9tant donn\u00e9 que le diam\u00e8tre des particules du mat\u00e9riau PSZ est petit, il peut \u00eatre trait\u00e9 avec une haute pr\u00e9cision et que son application dans des pi\u00e8ces d'usinage de pr\u00e9cision telles que les moules se d\u00e9veloppe. De plus, peut \u00e9galement \u00eatre utilis\u00e9 pour les outils industriels, les pi\u00e8ces de connecteur optique et l'\u00e9quipement de concassage. La t\u00e9nacit\u00e9 \u00e0 forte fracture de la PSZ peut \u00eatre utilis\u00e9e pour fabriquer des ressorts sp\u00e9ciaux, et il est \u00e9galement largement utilis\u00e9 dans les couteaux en c\u00e9ramique domestiques, la trancheuse et d'autres pi\u00e8ces.<\/p>","protected":false},"featured_media":1208,"comment_status":"closed","ping_status":"open","template":"","meta":[],"product_brand":[],"product_cat":[25,24],"product_tag":[],"class_list":{"0":"post-2119","1":"product","2":"type-product","3":"status-publish","4":"has-post-thumbnail","6":"product_cat-more-sic-product","7":"product_cat-silicon-carbide-ceramic","9":"first","10":"instock","11":"product-type-simple"},"_links":{"self":[{"href":"https:\/\/www.cn-semiconductorparts.com\/fr\/wp-json\/wp\/v2\/product\/2119","targetHints":{"allow":["GET"]}}],"collection":[{"href":"https:\/\/www.cn-semiconductorparts.com\/fr\/wp-json\/wp\/v2\/product"}],"about":[{"href":"https:\/\/www.cn-semiconductorparts.com\/fr\/wp-json\/wp\/v2\/types\/product"}],"replies":[{"embeddable":true,"href":"https:\/\/www.cn-semiconductorparts.com\/fr\/wp-json\/wp\/v2\/comments?post=2119"}],"wp:featuredmedia":[{"embeddable":true,"href":"https:\/\/www.cn-semiconductorparts.com\/fr\/wp-json\/wp\/v2\/media\/1208"}],"wp:attachment":[{"href":"https:\/\/www.cn-semiconductorparts.com\/fr\/wp-json\/wp\/v2\/media?parent=2119"}],"wp:term":[{"taxonomy":"product_brand","embeddable":true,"href":"https:\/\/www.cn-semiconductorparts.com\/fr\/wp-json\/wp\/v2\/product_brand?post=2119"},{"taxonomy":"product_cat","embeddable":true,"href":"https:\/\/www.cn-semiconductorparts.com\/fr\/wp-json\/wp\/v2\/product_cat?post=2119"},{"taxonomy":"product_tag","embeddable":true,"href":"https:\/\/www.cn-semiconductorparts.com\/fr\/wp-json\/wp\/v2\/product_tag?post=2119"}],"curies":[{"name":"WP","href":"https:\/\/api.w.org\/{rel}","templated":true}]}}