{"id":2121,"date":"2025-09-11T05:32:53","date_gmt":"2025-09-11T05:32:53","guid":{"rendered":"https:\/\/weitai2.globaldeepsea.site\/product\/hot-sale-factory-al2o3-alumina-ceramic-transport-arm-precision-ceramic-parts-custom-processing\/"},"modified":"2026-04-29T15:28:50","modified_gmt":"2026-04-29T07:28:50","slug":"hot-sale-factory-al2o3-alumina-ceramic-transport-arm-precision-ceramic-parts-custom-processing","status":"publish","type":"product","link":"https:\/\/www.cn-semiconductorparts.com\/fr\/product\/hot-sale-factory-al2o3-alumina-ceramic-transport-arm-precision-ceramic-parts-custom-processing\/","title":{"rendered":"Hot sale Factory Al2O3\/Alumina Ceramic Transport Arm, Precision Ceramic Parts, Custom Processing."},"content":{"rendered":"","protected":false},"excerpt":{"rendered":"<p>L'oxyde de zirconiaceramiczirconium, \u00e9galement appel\u00e9 zircone, est une c\u00e9ramique technique extr\u00eamement difficile avec une duret\u00e9 de&gt; 9 mohs.zirconia a la r\u00e9sistance la plus \u00e9lev\u00e9e et la fracture \u00e0 la temp\u00e9rature ambiante parmi tous les mat\u00e9riaux de c\u00e9ramique avanc\u00e9s, en plus des attaques soustantes des m\u00e9taux fondus, des solvants organiques, des acides forts et de fortes alcalis, donc des pi\u00e8ces c\u00e9ramiques en zircone sont toujours utilis\u00e9es dans des conditions alcaliques solides.<\/p>","protected":false},"featured_media":1158,"comment_status":"closed","ping_status":"open","template":"","meta":[],"product_brand":[],"product_cat":[15],"product_tag":[],"class_list":{"0":"post-2121","1":"product","2":"type-product","3":"status-publish","4":"has-post-thumbnail","6":"product_cat-uncategorized","8":"first","9":"instock","10":"product-type-simple"},"_links":{"self":[{"href":"https:\/\/www.cn-semiconductorparts.com\/fr\/wp-json\/wp\/v2\/product\/2121","targetHints":{"allow":["GET"]}}],"collection":[{"href":"https:\/\/www.cn-semiconductorparts.com\/fr\/wp-json\/wp\/v2\/product"}],"about":[{"href":"https:\/\/www.cn-semiconductorparts.com\/fr\/wp-json\/wp\/v2\/types\/product"}],"replies":[{"embeddable":true,"href":"https:\/\/www.cn-semiconductorparts.com\/fr\/wp-json\/wp\/v2\/comments?post=2121"}],"wp:featuredmedia":[{"embeddable":true,"href":"https:\/\/www.cn-semiconductorparts.com\/fr\/wp-json\/wp\/v2\/media\/1158"}],"wp:attachment":[{"href":"https:\/\/www.cn-semiconductorparts.com\/fr\/wp-json\/wp\/v2\/media?parent=2121"}],"wp:term":[{"taxonomy":"product_brand","embeddable":true,"href":"https:\/\/www.cn-semiconductorparts.com\/fr\/wp-json\/wp\/v2\/product_brand?post=2121"},{"taxonomy":"product_cat","embeddable":true,"href":"https:\/\/www.cn-semiconductorparts.com\/fr\/wp-json\/wp\/v2\/product_cat?post=2121"},{"taxonomy":"product_tag","embeddable":true,"href":"https:\/\/www.cn-semiconductorparts.com\/fr\/wp-json\/wp\/v2\/product_tag?post=2121"}],"curies":[{"name":"WP","href":"https:\/\/api.w.org\/{rel}","templated":true}]}}