{"id":2161,"date":"2025-09-11T05:33:06","date_gmt":"2025-09-11T05:33:06","guid":{"rendered":"https:\/\/weitai2.globaldeepsea.site\/product\/uv-led-sic-coated-graphite-susceptor\/"},"modified":"2026-04-29T15:28:35","modified_gmt":"2026-04-29T07:28:35","slug":"uv-led-sic-coated-graphite-susceptor","status":"publish","type":"product","link":"https:\/\/www.cn-semiconductorparts.com\/fr\/product\/uv-led-sic-coated-graphite-susceptor\/","title":{"rendered":"Sicte de graphite enduit UV LED UV"},"content":{"rendered":"","protected":false},"excerpt":{"rendered":"<p>Semicera est l'un des principaux fournisseurs de c\u00e9ramiques avanc\u00e9es de semi-conducteurs. Nos principaux produits comprennent: des disques grav\u00e9s en carbure de silicium, des remorques de bateau en carbure de silicium, des navires de plaquette en carbure de silicium (pv et semi-conducteurs), des tubes en carbure de silicium, du silicium en carbure de carbure, en silicium en carbure de carbure. Les industries semi-conductrices et photovolta\u00efques, telles que la croissance des cristaux, l'\u00e9pitaxie, la gravure, l'emballage, le rev\u00eatement et l'\u00e9quipement de la fournaise de diffusion.<\/p>","protected":false},"featured_media":691,"comment_status":"closed","ping_status":"open","template":"","meta":[],"product_brand":[],"product_cat":[15],"product_tag":[],"class_list":{"0":"post-2161","1":"product","2":"type-product","3":"status-publish","4":"has-post-thumbnail","6":"product_cat-uncategorized","8":"first","9":"instock","10":"product-type-simple"},"_links":{"self":[{"href":"https:\/\/www.cn-semiconductorparts.com\/fr\/wp-json\/wp\/v2\/product\/2161","targetHints":{"allow":["GET"]}}],"collection":[{"href":"https:\/\/www.cn-semiconductorparts.com\/fr\/wp-json\/wp\/v2\/product"}],"about":[{"href":"https:\/\/www.cn-semiconductorparts.com\/fr\/wp-json\/wp\/v2\/types\/product"}],"replies":[{"embeddable":true,"href":"https:\/\/www.cn-semiconductorparts.com\/fr\/wp-json\/wp\/v2\/comments?post=2161"}],"wp:featuredmedia":[{"embeddable":true,"href":"https:\/\/www.cn-semiconductorparts.com\/fr\/wp-json\/wp\/v2\/media\/691"}],"wp:attachment":[{"href":"https:\/\/www.cn-semiconductorparts.com\/fr\/wp-json\/wp\/v2\/media?parent=2161"}],"wp:term":[{"taxonomy":"product_brand","embeddable":true,"href":"https:\/\/www.cn-semiconductorparts.com\/fr\/wp-json\/wp\/v2\/product_brand?post=2161"},{"taxonomy":"product_cat","embeddable":true,"href":"https:\/\/www.cn-semiconductorparts.com\/fr\/wp-json\/wp\/v2\/product_cat?post=2161"},{"taxonomy":"product_tag","embeddable":true,"href":"https:\/\/www.cn-semiconductorparts.com\/fr\/wp-json\/wp\/v2\/product_tag?post=2161"}],"curies":[{"name":"WP","href":"https:\/\/api.w.org\/{rel}","templated":true}]}}