{"id":2170,"date":"2025-09-11T05:33:13","date_gmt":"2025-09-11T05:33:13","guid":{"rendered":"https:\/\/weitai2.globaldeepsea.site\/product\/long-life-sic-coated-graphite-heater-for-mocvd-k465i-graphite-heater-for-epitaxy\/"},"modified":"2026-04-29T15:28:22","modified_gmt":"2026-04-29T07:28:22","slug":"long-life-sic-coated-graphite-heater-for-mocvd-k465i-graphite-heater-for-epitaxy","status":"publish","type":"product","link":"https:\/\/www.cn-semiconductorparts.com\/fr\/product\/long-life-sic-coated-graphite-heater-for-mocvd-k465i-graphite-heater-for-epitaxy\/","title":{"rendered":"Long-life SiC Coated Graphite Heater for MOCVD K465i, Graphite Heater for epitaxy"},"content":{"rendered":"<div class=\"fl-builder-content fl-builder-content-1488 fl-builder-content-primary fl-builder-global-templates-locked\" data-post-id=\"1488\">\n<div class=\"fl-row fl-row-full-width fl-row-bg-none fl-node-647d905a58d38\" data-node=\"647d905a58d38\">\n<div class=\"fl-row-content-wrap\">\n<div class=\"fl-row-content fl-row-full-width fl-node-content\">\n<div class=\"fl-col-group fl-node-647d905a590c5\" data-node=\"647d905a590c5\">\n<div class=\"fl-col fl-node-647d905a59105\" data-node=\"647d905a59105\" style=\"width: 100%;\">\n<div class=\"fl-col-content fl-node-content\">\n<div class=\"fl-module fl-module-heading fl-node-647d905a59142 pro_tit\" data-animation-delay=\"0.0\" data-node=\"647d905a59142\">\n<div class=\"fl-module-content fl-node-content\">\n<h3 class=\"fl-heading\"> <span class=\"fl-heading-text\">Description<\/span> <\/h3>\n<\/p><\/div>\n<\/p><\/div>\n<\/p><\/div>\n<\/p><\/div>\n<\/p><\/div>\n<div class=\"fl-col-group fl-node-647d905a59237\" data-node=\"647d905a59237\">\n<div class=\"fl-col fl-node-647d905a59275\" data-node=\"647d905a59275\" style=\"width: 100%;\">\n<div class=\"fl-col-content fl-node-content\">\n<div class=\"fl-module fl-module-rich-text fl-node-647d905a592b2\" data-animation-delay=\"0.0\" data-node=\"647d905a592b2\">\n<div class=\"fl-module-content fl-node-content\">\n<div class=\"fl-rich-text\">\n<p>The graphite heater components are used in the high temperature furnace with temperature reached 2200 degrees at vacuum environment and 3000 degrees in the deoxidized and inserted gas environment.<\/p>\n<\/p><\/div>\n<\/p><\/div>\n<\/p><\/div>\n<\/p><\/div>\n<\/p><\/div>\n<\/p><\/div>\n<div class=\"fl-col-group fl-node-647d93083add8\" data-node=\"647d93083add8\">\n<div class=\"fl-col fl-node-647d93083af70 fl-col-small\" data-node=\"647d93083af70\" style=\"width: 33.33%;\">\n<div class=\"fl-col-content fl-node-content\">\n<div class=\"fl-module fl-module-rich-text fl-node-647d931917804\" data-animation-delay=\"0.0\" data-node=\"647d931917804\">\n<div class=\"fl-module-content fl-node-content\">\n<div class=\"fl-rich-text\">\n<p><img decoding=\"async\" alt=\"-59f6c6926c9c7404\" src=\"\/wp-content\/uploads\/2025\/09\/a035c166f1bc06b3.webp\"\/><\/p>\n<\/p><\/div>\n<\/p><\/div>\n<\/p><\/div>\n<\/p><\/div>\n<\/p><\/div>\n<div class=\"fl-col fl-node-647d931c128ca fl-col-small\" data-node=\"647d931c128ca\" style=\"width: 33.33%;\">\n<div class=\"fl-col-content fl-node-content\">\n<div class=\"fl-module fl-module-rich-text fl-node-648fbe4fd9eea\" data-animation-delay=\"0.0\" data-node=\"648fbe4fd9eea\">\n<div class=\"fl-module-content fl-node-content\">\n<div class=\"fl-rich-text\">\n<p><img decoding=\"async\" alt=\"ZSDFV\" src=\"\/wp-content\/uploads\/2025\/09\/3c93628d7aa73f78.webp\"\/><\/p>\n<\/p><\/div>\n<\/p><\/div>\n<\/p><\/div>\n<\/p><\/div>\n<\/p><\/div>\n<div class=\"fl-col fl-node-648fbe52070f6 fl-col-small\" data-node=\"648fbe52070f6\" style=\"width: 33.33%;\">\n<div class=\"fl-col-content fl-node-content\">\n<div class=\"fl-module fl-module-rich-text fl-node-647d93083ac99\" data-animation-delay=\"0.0\" data-node=\"647d93083ac99\">\n<div class=\"fl-module-content fl-node-content\">\n<div class=\"fl-rich-text\">\n<p><img decoding=\"async\" alt=\"mmexport1569060455717\" src=\"\/wp-content\/uploads\/2025\/09\/a37aef27ee142dbb.webp\"> <\/img><\/p>\n<\/p><\/div>\n<\/p><\/div>\n<\/p><\/div>\n<\/p><\/div>\n<\/p><\/div>\n<\/p><\/div>\n<\/p><\/div>\n<\/p><\/div>\n<\/p><\/div>\n<div class=\"fl-row fl-row-full-width fl-row-bg-none fl-node-648fba461e867\" data-node=\"648fba461e867\">\n<div class=\"fl-row-content-wrap\">\n<div class=\"fl-row-content fl-row-full-width fl-node-content\">\n<div class=\"fl-col-group fl-node-648fba461ec36\" data-node=\"648fba461ec36\">\n<div class=\"fl-col fl-node-648fba461ec75\" data-node=\"648fba461ec75\" style=\"width: 100%;\">\n<div class=\"fl-col-content fl-node-content\">\n<div class=\"fl-module fl-module-heading fl-node-648fba461ecb2 pro_tit\" data-animation-delay=\"0.0\" data-node=\"648fba461ecb2\">\n<div class=\"fl-module-content fl-node-content\">\n<h3 class=\"fl-heading\"> <span class=\"fl-heading-text\">Caract\u00e9ristiques principales<\/span> <\/h3>\n<\/p><\/div>\n<\/p><\/div>\n<\/p><\/div>\n<\/p><\/div>\n<\/p><\/div>\n<div class=\"fl-col-group fl-node-648fba461ecf0\" data-node=\"648fba461ecf0\">\n<div class=\"fl-col fl-node-648fba461ed2e\" data-node=\"648fba461ed2e\" style=\"width: 100%;\">\n<div class=\"fl-col-content fl-node-content\">\n<div class=\"fl-module fl-module-rich-text fl-node-648fba461ed6b\" data-animation-delay=\"0.0\" data-node=\"648fba461ed6b\">\n<div class=\"fl-module-content fl-node-content\">\n<div class=\"fl-rich-text\">\n<p>1. Uniformit\u00e9 de la structure de chauffage.<br \/> 2. Bonne conductivit\u00e9 \u00e9lectrique et charge \u00e9lectrique \u00e9lev\u00e9e.<br \/> 3. R\u00e9sistance \u00e0 la corrosion.<br \/> 4. Inoxidisabilit\u00e9.<br \/> 5. Puret\u00e9 chimique \u00e9lev\u00e9e.<br \/> 6. R\u00e9sistance m\u00e9canique \u00e9lev\u00e9e.<br \/> The advantage is energy efficient, high value and low maintenance.<br \/> We can produce anti-oxidation and long life span graphite crucible, graphite mold and all parts of graphite heater.<\/p>\n<\/p><\/div>\n<\/p><\/div>\n<\/p><\/div>\n<\/p><\/div>\n<\/p><\/div>\n<\/p><\/div>\n<div class=\"fl-col-group fl-node-648fbf0852620\" data-node=\"648fbf0852620\">\n<div class=\"fl-col fl-node-648fbf08528a5 fl-col-small\" data-node=\"648fbf08528a5\" style=\"width: 33.33%;\">\n<div class=\"fl-col-content fl-node-content\">\n<div class=\"fl-module fl-module-rich-text fl-node-648fbf114b787\" data-animation-delay=\"0.0\" data-node=\"648fbf114b787\">\n<div class=\"fl-module-content fl-node-content\">\n<div class=\"fl-rich-text\">\n<p><img decoding=\"async\" alt=\"XDFvSDc\" src=\"\/wp-content\/uploads\/2025\/09\/697b8d85922df264.webp\"\/><\/p>\n<\/p><\/div>\n<\/p><\/div>\n<\/p><\/div>\n<\/p><\/div>\n<\/p><\/div>\n<div class=\"fl-col fl-node-648fbf08528e8 fl-col-small\" data-node=\"648fbf08528e8\" style=\"width: 33.33%;\">\n<div class=\"fl-col-content fl-node-content\">\n<div class=\"fl-module fl-module-rich-text fl-node-648fbf18d491c\" data-animation-delay=\"0.0\" data-node=\"648fbf18d491c\">\n<div class=\"fl-module-content fl-node-content\">\n<div class=\"fl-rich-text\">\n<p> <img decoding=\"async\" alt=\"xvghxvgbn\" src=\"\/wp-content\/uploads\/2025\/09\/1fe7e1709cf12c6c.webp\"> <\/img><\/p>\n<\/p><\/div>\n<\/p><\/div>\n<\/p><\/div>\n<\/p><\/div>\n<\/p><\/div>\n<div class=\"fl-col fl-node-648fbf0852928 fl-col-small\" data-node=\"648fbf0852928\" style=\"width: 33.33%;\">\n<div class=\"fl-col-content fl-node-content\">\n<div class=\"fl-module fl-module-rich-text fl-node-648fbf0a7f4e6\" data-animation-delay=\"0.0\" data-node=\"648fbf0a7f4e6\">\n<div class=\"fl-module-content fl-node-content\">\n<div class=\"fl-rich-text\">\n<p><img decoding=\"async\" alt=\"zdfzdbv\" src=\"\/wp-content\/uploads\/2025\/09\/739e940a139c3613.webp\"> <\/img><\/p>\n<\/p><\/div>\n<\/p><\/div>\n<\/p><\/div>\n<\/p><\/div>\n<\/p><\/div>\n<\/p><\/div>\n<\/p><\/div>\n<\/p><\/div>\n<\/p><\/div>\n<div class=\"fl-row fl-row-full-width fl-row-bg-none fl-node-648fb4d3e9930\" data-node=\"648fb4d3e9930\">\n<div class=\"fl-row-content-wrap\">\n<div class=\"fl-row-content fl-row-full-width fl-node-content\">\n<div class=\"fl-col-group fl-node-648fb4d3e9c52\" data-node=\"648fb4d3e9c52\">\n<div class=\"fl-col fl-node-648fb4d3e9c91\" data-node=\"648fb4d3e9c91\" style=\"width: 100%;\">\n<div class=\"fl-col-content fl-node-content\">\n<div class=\"fl-module fl-module-heading fl-node-648fb4d3e9cce pro_tit\" data-animation-delay=\"0.0\" data-node=\"648fb4d3e9cce\">\n<div class=\"fl-module-content fl-node-content\">\n<h3 class=\"fl-heading\"> <span class=\"fl-heading-text\">Param\u00e8tres principaux du radiateur en graphite<\/span> <\/h3>\n<\/p><\/div>\n<\/p><\/div>\n<\/p><\/div>\n<\/p><\/div>\n<\/p><\/div>\n<div class=\"fl-col-group fl-node-648fb4d3e9d0c\" data-node=\"648fb4d3e9d0c\">\n<div class=\"fl-col fl-node-648fb4d3e9d4b\" data-node=\"648fb4d3e9d4b\" style=\"width: 100%;\">\n<div class=\"fl-col-content fl-node-content\">\n<div class=\"fl-module fl-module-rich-text fl-node-648fb4d3e9d89\" data-animation-delay=\"0.0\" data-node=\"648fb4d3e9d89\">\n<div class=\"fl-module-content fl-node-content\">\n<div class=\"fl-rich-text\">\n<table border=\"1\" cellspacing=\"0\">\n<tbody>\n<tr>\n<td valign=\"center\" width=\"319\">Sp\u00e9cifications techniques<\/td>\n<td valign=\"center\" width=\"225\">\n<p align=\"center\">VET-M3<\/p>\n<\/td>\n<\/tr>\n<tr>\n<td valign=\"center\">Densit\u00e9 en vrac (g \/ cm3)<\/td>\n<td valign=\"center\">\n<p align=\"center\">\u22651.85<\/p>\n<\/td>\n<\/tr>\n<tr>\n<td valign=\"center\">Contenu des cendres (PPM)<\/td>\n<td valign=\"center\">\n<p align=\"center\">\u2264500<\/p>\n<\/td>\n<\/tr>\n<tr>\n<td valign=\"center\">Duret\u00e9 des rives<\/td>\n<td valign=\"center\">\n<p align=\"center\">\u226545<\/p>\n<\/td>\n<\/tr>\n<tr>\n<td valign=\"center\">R\u00e9sistance sp\u00e9cifique (\u03bc.\u03c9.m)<\/td>\n<td valign=\"center\">\n<p align=\"center\">\u226412<\/p>\n<\/td>\n<\/tr>\n<tr>\n<td valign=\"center\">R\u00e9sistance \u00e0 la flexion (MPA)<\/td>\n<td valign=\"center\">\n<p align=\"center\">\u226540<\/p>\n<\/td>\n<\/tr>\n<tr>\n<td valign=\"center\">R\u00e9sistance \u00e0 la compression (MPA)<\/td>\n<td valign=\"center\">\n<p align=\"center\">\u226570<\/p>\n<\/td>\n<\/tr>\n<tr>\n<td valign=\"center\">Max. Taille des grains (\u03bcm)<\/td>\n<td valign=\"center\">\n<p align=\"center\">\u226443<\/p>\n<\/td>\n<\/tr>\n<tr>\n<td valign=\"center\">Coefficient de dilatation thermique mm \/ \u00b0 C<\/td>\n<td valign=\"center\">\n<p align=\"center\">\u22644.4*10-6<\/p>\n<\/td>\n<\/tr>\n<\/tbody>\n<\/table>\n<p>Graphite heater for electric furnace has properties of heat resistance, oxidation resistance, good electrical conductivity and better mechanical intensity. We can machine various types of graphite heater according to customers&#8217; designs.<\/p>\n<\/p><\/div>\n<\/p><\/div>\n<\/p><\/div>\n<\/p><\/div>\n<\/p><\/div>\n<\/p><\/div>\n<div class=\"fl-col-group fl-node-66175522781b8\" data-node=\"66175522781b8\">\n<div class=\"fl-col fl-node-661755227835d\" data-node=\"661755227835d\" style=\"width: 100%;\">\n<div class=\"fl-col-content fl-node-content\">\n<div class=\"fl-module fl-module-photo fl-node-6617552278068\" data-animation-delay=\"0.0\" data-node=\"6617552278068\">\n<div class=\"fl-module-content fl-node-content\">\n<div class=\"fl-photo fl-photo-align-center\" itemscope=\"\" itemtype=\"http:\/\/schema.org\/ImageObject\">\n<div class=\"fl-photo-content fl-photo-img-jpg\"> <img decoding=\"async\" alt=\"Lieu de travail Semiera\" class=\"fl-photo-img wp-image-7286\" itemprop=\"image\" src=\"\/wp-content\/uploads\/2025\/09\/b1dd0bcab1675ff4.webp\"> <\/img><\/div>\n<\/p><\/div>\n<\/p><\/div>\n<\/p><\/div>\n<div class=\"fl-module fl-module-photo fl-node-6617552dad174\" data-animation-delay=\"0.0\" data-node=\"6617552dad174\">\n<div class=\"fl-module-content fl-node-content\">\n<div class=\"fl-photo fl-photo-align-center\" itemscope=\"\" itemtype=\"http:\/\/schema.org\/ImageObject\">\n<div class=\"fl-photo-content fl-photo-img-jpg\"> <img decoding=\"async\" alt=\"Semirara Lieu de travail 2\" class=\"fl-photo-img wp-image-7287\" itemprop=\"image\" src=\"\/wp-content\/uploads\/2025\/09\/2b946d2b4b61306d.webp\"> <\/img><\/div>\n<\/p><\/div>\n<\/p><\/div>\n<\/p><\/div>\n<div class=\"fl-module fl-module-photo fl-node-6617552ce5514\" data-animation-delay=\"0.0\" data-node=\"6617552ce5514\">\n<div class=\"fl-module-content fl-node-content\">\n<div class=\"fl-photo fl-photo-align-center\" itemscope=\"\" itemtype=\"http:\/\/schema.org\/ImageObject\">\n<div class=\"fl-photo-content fl-photo-img-jpg\"> <img decoding=\"async\" alt=\"Machine de mat\u00e9riel\" class=\"fl-photo-img wp-image-7288\" itemprop=\"image\" src=\"\/wp-content\/uploads\/2025\/09\/081b6529d68ead23.webp\"\/> <\/div>\n<\/p><\/div>\n<\/p><\/div>\n<\/p><\/div>\n<div class=\"fl-module fl-module-photo fl-node-6617552c0fd91\" data-animation-delay=\"0.0\" data-node=\"6617552c0fd91\">\n<div class=\"fl-module-content fl-node-content\">\n<div class=\"fl-photo fl-photo-align-center\" itemscope=\"\" itemtype=\"http:\/\/schema.org\/ImageObject\">\n<div class=\"fl-photo-content fl-photo-img-jpg\"> <img decoding=\"async\" alt=\"Traitement CNN, nettoyage chimique, rev\u00eatement CVD\" class=\"fl-photo-img wp-image-7289\" itemprop=\"image\" src=\"\/wp-content\/uploads\/2025\/09\/a4132b2b399abbac.webp\"\/> <\/div>\n<\/p><\/div>\n<\/p><\/div>\n<\/p><\/div>\n<div class=\"fl-module fl-module-photo fl-node-6617552b21394\" data-animation-delay=\"0.0\" data-node=\"6617552b21394\">\n<div class=\"fl-module-content fl-node-content\">\n<div class=\"fl-photo fl-photo-align-center\" itemscope=\"\" itemtype=\"http:\/\/schema.org\/ImageObject\">\n<div class=\"fl-photo-content fl-photo-img-jpg\"> <img decoding=\"async\" alt=\"Maison des articles semira\" class=\"fl-photo-img wp-image-7140\" itemprop=\"image\" src=\"\/wp-content\/uploads\/2025\/09\/2190bb9ce5c1d546.webp\"\/> <\/div>\n<\/p><\/div>\n<\/p><\/div>\n<\/p><\/div>\n<div class=\"fl-module fl-module-photo fl-node-66260f65adb81\" data-animation-delay=\"0.0\" data-node=\"66260f65adb81\">\n<div class=\"fl-module-content fl-node-content\">\n<div class=\"fl-photo fl-photo-align-center\" itemscope=\"\" itemtype=\"http:\/\/schema.org\/ImageObject\">\n<div class=\"fl-photo-content fl-photo-img-jpg\"> <img decoding=\"async\" alt=\"Notre service\" class=\"fl-photo-img wp-image-7290\" itemprop=\"image\" src=\"\/wp-content\/uploads\/2025\/09\/b07f222c0ec0ab8d.webp\"\/> <\/div>\n<\/p><\/div>\n<\/p><\/div>\n<\/p><\/div>\n<\/p><\/div>\n<\/p><\/div>\n<\/p><\/div>\n<\/p><\/div>\n<\/p><\/div>\n<\/p><\/div>\n<\/div>","protected":false},"excerpt":{"rendered":"<p>The graphite heater components are used in the high temperature furnace with temperature reached 2200 degrees at vacuum environment and 3000 degrees in the deoxidized and inserted gas environment.<\/p>","protected":false},"featured_media":483,"comment_status":"closed","ping_status":"open","template":"","meta":[],"product_brand":[],"product_cat":[16,66],"product_tag":[],"class_list":{"0":"post-2170","1":"product","2":"type-product","3":"status-publish","4":"has-post-thumbnail","6":"product_cat-cvd-sic","7":"product_cat-etching-process-parts","9":"first","10":"instock","11":"product-type-simple"},"_links":{"self":[{"href":"https:\/\/www.cn-semiconductorparts.com\/fr\/wp-json\/wp\/v2\/product\/2170","targetHints":{"allow":["GET"]}}],"collection":[{"href":"https:\/\/www.cn-semiconductorparts.com\/fr\/wp-json\/wp\/v2\/product"}],"about":[{"href":"https:\/\/www.cn-semiconductorparts.com\/fr\/wp-json\/wp\/v2\/types\/product"}],"replies":[{"embeddable":true,"href":"https:\/\/www.cn-semiconductorparts.com\/fr\/wp-json\/wp\/v2\/comments?post=2170"}],"wp:featuredmedia":[{"embeddable":true,"href":"https:\/\/www.cn-semiconductorparts.com\/fr\/wp-json\/wp\/v2\/media\/483"}],"wp:attachment":[{"href":"https:\/\/www.cn-semiconductorparts.com\/fr\/wp-json\/wp\/v2\/media?parent=2170"}],"wp:term":[{"taxonomy":"product_brand","embeddable":true,"href":"https:\/\/www.cn-semiconductorparts.com\/fr\/wp-json\/wp\/v2\/product_brand?post=2170"},{"taxonomy":"product_cat","embeddable":true,"href":"https:\/\/www.cn-semiconductorparts.com\/fr\/wp-json\/wp\/v2\/product_cat?post=2170"},{"taxonomy":"product_tag","embeddable":true,"href":"https:\/\/www.cn-semiconductorparts.com\/fr\/wp-json\/wp\/v2\/product_tag?post=2170"}],"curies":[{"name":"WP","href":"https:\/\/api.w.org\/{rel}","templated":true}]}}