{"id":2172,"date":"2025-09-11T05:33:13","date_gmt":"2025-09-11T05:33:13","guid":{"rendered":"https:\/\/weitai2.globaldeepsea.site\/product\/led-etch-silicon-carbide-bearing-trayicp-tray-etch\/"},"modified":"2026-04-29T15:28:23","modified_gmt":"2026-04-29T07:28:23","slug":"led-etch-silicon-carbide-bearing-trayicp-tray-etch","status":"publish","type":"product","link":"https:\/\/www.cn-semiconductorparts.com\/fr\/product\/led-etch-silicon-carbide-bearing-trayicp-tray-etch\/","title":{"rendered":"LED etch Silicon carbide bearing tray,ICP tray (Etch)"},"content":{"rendered":"<div class=\"fl-builder-content fl-builder-content-3873 fl-builder-content-primary fl-builder-global-templates-locked\" data-post-id=\"3873\">\n<div class=\"fl-row fl-row-full-width fl-row-bg-none fl-node-64effaa47d9b0\" data-node=\"64effaa47d9b0\">\n<div class=\"fl-row-content-wrap\">\n<div class=\"fl-row-content fl-row-full-width fl-node-content\">\n<div class=\"fl-col-group fl-node-64effaa47d9f0\" data-node=\"64effaa47d9f0\">\n<div class=\"fl-col fl-node-64effaa47da2d\" data-node=\"64effaa47da2d\" style=\"width: 100%;\">\n<div class=\"fl-col-content fl-node-content\">\n<div class=\"fl-module fl-module-rich-text fl-node-64effaa47da6a\" data-animation-delay=\"0.0\" data-node=\"64effaa47da6a\">\n<div class=\"fl-module-content fl-node-content\">\n<div class=\"fl-rich-text\">\n<p>Product Description<\/p>\n<p>Our company provides SiC coating process services by CVD method on the surface of graphite, ceramics and other materials, so that special gases containing carbon and silicon react at high temperature to obtain high purity SiC molecules, molecules deposited on the surface of the coated materials, forming SIC protective layer.<\/p>\n<p>Caract\u00e9ristiques principales:<\/p>\n<p>1. R\u00e9sistance \u00e0 l'oxydation \u00e0 haute temp\u00e9rature:<\/p>\n<p>La r\u00e9sistance \u00e0 l'oxydation est encore tr\u00e8s bonne lorsque la temp\u00e9rature est aussi \u00e9lev\u00e9e que 1600 C.<\/p>\n<p>2. High purity : made by chemical vapor deposition under high temperature chlorination condition.<\/p>\n<p>3. R\u00e9sistance \u00e0 l'\u00e9rosion: duret\u00e9 \u00e9lev\u00e9e, surface compacte, particules fines.<\/p>\n<p>4. R\u00e9sistance \u00e0 la corrosion: r\u00e9actifs acide, alcalin, sel et organique.<\/p>\n<\/p><\/div>\n<\/p><\/div>\n<\/p><\/div>\n<\/p><\/div>\n<\/p><\/div>\n<\/p><\/div>\n<div class=\"fl-col-group fl-node-64effaa47daa7\" data-node=\"64effaa47daa7\">\n<div class=\"fl-col fl-node-64effaa47dae4\" data-node=\"64effaa47dae4\" style=\"width: 100%;\">\n<div class=\"fl-col-content fl-node-content\">\n<div class=\"fl-module fl-module-gallery fl-node-64effaa47db21\" data-animation-delay=\"0.0\" data-node=\"64effaa47db21\">\n<div class=\"fl-module-content fl-node-content\">\n<div class=\"fl-mosaicflow\">\n<div class=\"fl-mosaicflow-content\">\n<div class=\"fl-mosaicflow-item\">\n<div class=\"fl-photo fl-photo-align-center\" itemscope=\"\" itemtype=\"http:\/\/schema.org\/ImageObject\">\n<div class=\"fl-photo-content fl-photo-img-png\"> <a href=\"\/fr\/uploads\/PSS-Etch-Carrier-31.webp\/\" itemprop=\"url\" target=\"_self\"> <img decoding=\"async\" alt=\"PSS Etch Carrier (3)\" class=\"fl-photo-img wp-image-3111\" itemprop=\"image\" src=\"\/wp-content\/uploads\/2025\/09\/9a6058063b53c7f9.webp\"> <\/img><\/a> <\/div>\n<\/p><\/div>\n<\/p><\/div>\n<div class=\"fl-mosaicflow-item\">\n<div class=\"fl-photo fl-photo-align-center\" itemscope=\"\" itemtype=\"http:\/\/schema.org\/ImageObject\">\n<div class=\"fl-photo-content fl-photo-img-png\"> <a href=\"\/fr\/uploads\/3219b51c1.webp\/\" itemprop=\"url\" target=\"_self\"> <img decoding=\"async\" alt=\"ICP\u523b\u8680\u6258\u76d8 ICP Etching Tray-2\" class=\"fl-photo-img wp-image-3876\" itemprop=\"image\" src=\"\/wp-content\/uploads\/2025\/09\/77a9de3a46e5f340.webp\"> <\/img><\/a> <\/div>\n<\/p><\/div>\n<\/p><\/div>\n<\/p><\/div>\n<div class=\"fl-clear\"><\/div>\n<\/p><\/div>\n<\/p><\/div>\n<\/p><\/div>\n<\/p><\/div>\n<\/p><\/div>\n<\/p><\/div>\n<div class=\"fl-col-group fl-node-64effaa47db80\" data-node=\"64effaa47db80\">\n<div class=\"fl-col fl-node-64effaa47dbbd\" data-node=\"64effaa47dbbd\" style=\"width: 100%;\">\n<div class=\"fl-col-content fl-node-content\">\n<div class=\"fl-module fl-module-rich-text fl-node-64effaa47db43\" data-animation-delay=\"0.0\" data-node=\"64effaa47db43\">\n<div class=\"fl-module-content fl-node-content\">\n<div class=\"fl-rich-text\">\n<p style=\"text-align: center;\">Sp\u00e9cifications principales du rev\u00eatement CVD-SIC<\/p>\n<table border=\"0\" cellspacing=\"0\">\n<tbody>\n<tr>\n<td colspan=\"3\" valign=\"center\" width=\"100.0000%\">\n<p align=\"center\">Propri\u00e9t\u00e9s SIC-CVD<\/p>\n<\/td>\n<\/tr>\n<tr>\n<td valign=\"center\" width=\"30.8600%\">\n<p>Structure cristalline<\/p>\n<\/td>\n<td colspan=\"2\" valign=\"center\" width=\"69.1200%\">\n<p>Phase FCC \u03b2<\/p>\n<\/td>\n<\/tr>\n<tr>\n<td valign=\"center\" width=\"30.8600%\">\n<p>Densit\u00e9<\/p>\n<\/td>\n<td valign=\"center\" width=\"30.2000%\">\n<p>g \/ cm \u00b3<\/p>\n<\/td>\n<td valign=\"center\" width=\"38.9000%\">\n<p>3.21<\/p>\n<\/td>\n<\/tr>\n<tr>\n<td valign=\"center\" width=\"30.8600%\">\n<p>Duret\u00e9<\/p>\n<\/td>\n<td valign=\"center\" width=\"30.2000%\">\n<p>Vickers duret\u00e9<\/p>\n<\/td>\n<td valign=\"center\" width=\"38.9000%\">\n<p>2500<\/p>\n<\/td>\n<\/tr>\n<tr>\n<td valign=\"center\" width=\"30.8600%\">\n<p>Taille des grains<\/p>\n<\/td>\n<td valign=\"center\" width=\"30.2000%\">\n<p>MM<\/p>\n<\/td>\n<td valign=\"center\" width=\"38.9000%\">\n<p>2~10<\/p>\n<\/td>\n<\/tr>\n<tr>\n<td valign=\"center\" width=\"30.8600%\">\n<p>Puret\u00e9 chimique<\/p>\n<\/td>\n<td valign=\"center\" width=\"30.2000%\">\n<p>%<\/p>\n<\/td>\n<td valign=\"bottom\" width=\"38.9000%\">\n<p>99.99995<\/p>\n<\/td>\n<\/tr>\n<tr>\n<td valign=\"center\" width=\"30.8600%\">\n<p>Capacit\u00e9 thermique<\/p>\n<\/td>\n<td valign=\"center\" width=\"30.2000%\">\n<p>J \u00b7 kg-1 \u00b7 k-1<\/p>\n<\/td>\n<td valign=\"bottom\" width=\"38.9000%\">\n<p>640<\/p>\n<\/td>\n<\/tr>\n<tr>\n<td valign=\"center\" width=\"30.8600%\">\n<p>Temp\u00e9rature de sublimation<\/p>\n<\/td>\n<td valign=\"center\" width=\"30.2000%\">\n<p>\u2103<\/p>\n<\/td>\n<td valign=\"bottom\" width=\"38.9000%\">\n<p>2700<\/p>\n<\/td>\n<\/tr>\n<tr>\n<td valign=\"center\" width=\"30.8600%\">\n<p>R\u00e9sistance aux f\u00e9lexes<\/p>\n<\/td>\n<td valign=\"center\" width=\"30.2000%\">\n<p>MPA (RT 4 points)<\/p>\n<\/td>\n<td valign=\"bottom\" width=\"38.9000%\">\n<p>415<\/p>\n<\/td>\n<\/tr>\n<tr>\n<td valign=\"center\" width=\"30.8600%\">\n<p>Module de jeunes<\/p>\n<\/td>\n<td valign=\"center\" width=\"30.2000%\">\n<p>GPA (4pt Bend, 1300 \u2103)<\/p>\n<\/td>\n<td valign=\"bottom\" width=\"38.9000%\">\n<p>430<\/p>\n<\/td>\n<\/tr>\n<tr>\n<td valign=\"center\" width=\"30.8600%\">\n<p>Expansion thermique (CTE)<\/p>\n<\/td>\n<td valign=\"center\" width=\"30.2000%\">\n<p>10-6K-1<\/p>\n<\/td>\n<td valign=\"bottom\" width=\"38.9000%\">\n<p>4.5<\/p>\n<\/td>\n<\/tr>\n<tr>\n<td valign=\"center\" width=\"30.8600%\">\n<p>Conductivit\u00e9 thermique<\/p>\n<\/td>\n<td valign=\"center\" width=\"30.2000%\">\n<p>(W \/ mk)<\/p>\n<\/td>\n<td valign=\"bottom\" width=\"38.9000%\">\n<p>300<\/p>\n<\/td>\n<\/tr>\n<\/tbody>\n<\/table><\/div>\n<\/p><\/div>\n<\/p><\/div>\n<\/p><\/div>\n<\/p><\/div>\n<\/p><\/div>\n<div class=\"fl-col-group fl-node-64effaa47dcb1\" data-node=\"64effaa47dcb1\">\n<div class=\"fl-col fl-node-64effaa47dced\" data-node=\"64effaa47dced\" style=\"width: 100%;\">\n<div class=\"fl-col-content fl-node-content\">\n<div class=\"fl-module fl-module-gallery fl-node-64effaa47dd2a\" data-animation-delay=\"0.0\" data-node=\"64effaa47dd2a\">\n<div class=\"fl-module-content fl-node-content\">\n<div class=\"fl-mosaicflow\">\n<div class=\"fl-mosaicflow-content\">\n<div class=\"fl-mosaicflow-item\">\n<div class=\"fl-photo fl-photo-align-center\" itemscope=\"\" itemtype=\"http:\/\/schema.org\/ImageObject\">\n<div class=\"fl-photo-content fl-photo-img-png\"> <a href=\"\/fr\/uploads\/bdd577a3.webp\/\" itemprop=\"url\" target=\"_self\"> <img decoding=\"async\" alt=\"\u56fe\u7247110\" class=\"fl-photo-img wp-image-3055\" itemprop=\"image\" src=\"\/wp-content\/uploads\/2025\/09\/8aef8348162a9b0d.webp\"> <\/img><\/a> <\/div>\n<\/p><\/div>\n<\/p><\/div>\n<div class=\"fl-mosaicflow-item\">\n<div class=\"fl-photo fl-photo-align-center\" itemscope=\"\" itemtype=\"http:\/\/schema.org\/ImageObject\">\n<div class=\"fl-photo-content fl-photo-img-png\"> <a href=\"\/fr\/uploads\/csm_SGL-Smartere-Welt-St-Marys-erleuchtet-die-Welt_199f49f434.webp\/\" itemprop=\"url\" target=\"_self\"> <img decoding=\"async\" alt=\"csm_SGL-Smartere-Welt-St-Marys-erleuchtet-die-Welt_199f49f434\" class=\"fl-photo-img wp-image-3056\" itemprop=\"image\" src=\"\/wp-content\/uploads\/2025\/09\/47e7404ce0eb9c8c.webp\"> <\/img><\/a> <\/div>\n<\/p><\/div>\n<\/p><\/div>\n<div class=\"fl-mosaicflow-item\">\n<div class=\"fl-photo fl-photo-align-center\" itemscope=\"\" itemtype=\"http:\/\/schema.org\/ImageObject\">\n<div class=\"fl-photo-content fl-photo-img-jpg\"> <a href=\"\/fr\/uploads\/CVD1.webp\/\" itemprop=\"url\" target=\"_self\"> <img decoding=\"async\" alt=\"CVD\" class=\"fl-photo-img wp-image-3057\" itemprop=\"image\" src=\"\/wp-content\/uploads\/2025\/09\/659e607401465ced.webp\"> <\/img><\/a> <\/div>\n<\/p><\/div>\n<\/p><\/div>\n<\/p><\/div>\n<div class=\"fl-clear\"><\/div>\n<\/p><\/div>\n<\/p><\/div>\n<\/p><\/div>\n<div class=\"fl-module fl-module-photo fl-node-64effaa47dd67\" data-animation-delay=\"0.0\" data-node=\"64effaa47dd67\">\n<div class=\"fl-module-content fl-node-content\">\n<div class=\"fl-photo fl-photo-align-center\" itemscope=\"\" itemtype=\"http:\/\/schema.org\/ImageObject\">\n<div class=\"fl-photo-content fl-photo-img-jpg\"> <img decoding=\"async\" alt=\"Lieu de travail Semiera\" class=\"fl-photo-img wp-image-7286\" itemprop=\"image\" src=\"\/wp-content\/uploads\/2025\/09\/b1dd0bcab1675ff4.webp\"> <\/img><\/div>\n<\/p><\/div>\n<\/p><\/div>\n<\/p><\/div>\n<div class=\"fl-module fl-module-photo fl-node-66175a90dc78a\" data-animation-delay=\"0.0\" data-node=\"66175a90dc78a\">\n<div class=\"fl-module-content fl-node-content\">\n<div class=\"fl-photo fl-photo-align-center\" itemscope=\"\" itemtype=\"http:\/\/schema.org\/ImageObject\">\n<div class=\"fl-photo-content fl-photo-img-jpg\"> <img decoding=\"async\" alt=\"Semirara Lieu de travail 2\" class=\"fl-photo-img wp-image-7287\" itemprop=\"image\" src=\"\/wp-content\/uploads\/2025\/09\/2b946d2b4b61306d.webp\"> <\/img><\/div>\n<\/p><\/div>\n<\/p><\/div>\n<\/p><\/div>\n<div class=\"fl-module fl-module-photo fl-node-66175a8f777b1\" data-animation-delay=\"0.0\" data-node=\"66175a8f777b1\">\n<div class=\"fl-module-content fl-node-content\">\n<div class=\"fl-photo fl-photo-align-center\" itemscope=\"\" itemtype=\"http:\/\/schema.org\/ImageObject\">\n<div class=\"fl-photo-content fl-photo-img-jpg\"> <img decoding=\"async\" alt=\"Machine de mat\u00e9riel\" class=\"fl-photo-img wp-image-7288\" itemprop=\"image\" src=\"\/wp-content\/uploads\/2025\/09\/081b6529d68ead23.webp\"> <\/img><\/div>\n<\/p><\/div>\n<\/p><\/div>\n<\/p><\/div>\n<div class=\"fl-module fl-module-photo fl-node-66175a8eb47a5\" data-animation-delay=\"0.0\" data-node=\"66175a8eb47a5\">\n<div class=\"fl-module-content fl-node-content\">\n<div class=\"fl-photo fl-photo-align-center\" itemscope=\"\" itemtype=\"http:\/\/schema.org\/ImageObject\">\n<div class=\"fl-photo-content fl-photo-img-jpg\"> <img decoding=\"async\" alt=\"Traitement CNN, nettoyage chimique, rev\u00eatement CVD\" class=\"fl-photo-img wp-image-7289\" itemprop=\"image\" src=\"\/wp-content\/uploads\/2025\/09\/a4132b2b399abbac.webp\"\/> <\/div>\n<\/p><\/div>\n<\/p><\/div>\n<\/p><\/div>\n<div class=\"fl-module fl-module-photo fl-node-66175a8d9cc94\" data-animation-delay=\"0.0\" data-node=\"66175a8d9cc94\">\n<div class=\"fl-module-content fl-node-content\">\n<div class=\"fl-photo fl-photo-align-center\" itemscope=\"\" itemtype=\"http:\/\/schema.org\/ImageObject\">\n<div class=\"fl-photo-content fl-photo-img-jpg\"> <img decoding=\"async\" alt=\"Notre service\" class=\"fl-photo-img wp-image-7290\" itemprop=\"image\" src=\"\/wp-content\/uploads\/2025\/09\/b07f222c0ec0ab8d.webp\"\/> <\/div>\n<\/p><\/div>\n<\/p><\/div>\n<\/p><\/div>\n<\/p><\/div>\n<\/p><\/div>\n<\/p><\/div>\n<\/p><\/div>\n<\/p><\/div>\n<\/p><\/div>\n<\/div>","protected":false},"excerpt":{"rendered":"<p>Semicera Semiconductor is a leading supplier specializing in wafer and advanced semiconductor consumables.We are dedicated to providing high-quality, reliable, and innovative products to semiconductor manufacturing,photovoltaic industryand other related fields.Our product line includes SiC\/TaC coated graphite products and ceramic products, encompassing various materials such as silicon carbide, silicon nitride, and aluminum oxide and etc.As a trusted supplier, we understand the importance of consumables in the manufacturing process, and we are committed to delivering products that meet the highest quality standards to fulfill our customers\u2019 needs.<\/p>","protected":false},"featured_media":633,"comment_status":"closed","ping_status":"open","template":"","meta":[],"product_brand":[],"product_cat":[25,24],"product_tag":[],"class_list":{"0":"post-2172","1":"product","2":"type-product","3":"status-publish","4":"has-post-thumbnail","6":"product_cat-more-sic-product","7":"product_cat-silicon-carbide-ceramic","9":"first","10":"instock","11":"product-type-simple"},"_links":{"self":[{"href":"https:\/\/www.cn-semiconductorparts.com\/fr\/wp-json\/wp\/v2\/product\/2172","targetHints":{"allow":["GET"]}}],"collection":[{"href":"https:\/\/www.cn-semiconductorparts.com\/fr\/wp-json\/wp\/v2\/product"}],"about":[{"href":"https:\/\/www.cn-semiconductorparts.com\/fr\/wp-json\/wp\/v2\/types\/product"}],"replies":[{"embeddable":true,"href":"https:\/\/www.cn-semiconductorparts.com\/fr\/wp-json\/wp\/v2\/comments?post=2172"}],"wp:featuredmedia":[{"embeddable":true,"href":"https:\/\/www.cn-semiconductorparts.com\/fr\/wp-json\/wp\/v2\/media\/633"}],"wp:attachment":[{"href":"https:\/\/www.cn-semiconductorparts.com\/fr\/wp-json\/wp\/v2\/media?parent=2172"}],"wp:term":[{"taxonomy":"product_brand","embeddable":true,"href":"https:\/\/www.cn-semiconductorparts.com\/fr\/wp-json\/wp\/v2\/product_brand?post=2172"},{"taxonomy":"product_cat","embeddable":true,"href":"https:\/\/www.cn-semiconductorparts.com\/fr\/wp-json\/wp\/v2\/product_cat?post=2172"},{"taxonomy":"product_tag","embeddable":true,"href":"https:\/\/www.cn-semiconductorparts.com\/fr\/wp-json\/wp\/v2\/product_tag?post=2172"}],"curies":[{"name":"WP","href":"https:\/\/api.w.org\/{rel}","templated":true}]}}