{"id":2181,"date":"2025-09-11T05:33:13","date_gmt":"2025-09-11T05:33:13","guid":{"rendered":"https:\/\/weitai2.globaldeepsea.site\/product\/sic-ceramic-products-silicon-carbide-ceramic-chucks\/"},"modified":"2026-04-29T15:28:26","modified_gmt":"2026-04-29T07:28:26","slug":"sic-ceramic-products-silicon-carbide-ceramic-chucks","status":"publish","type":"product","link":"https:\/\/www.cn-semiconductorparts.com\/fr\/product\/sic-ceramic-products-silicon-carbide-ceramic-chucks\/","title":{"rendered":"SiC ceramic products Silicon carbide ceramic chucks"},"content":{"rendered":"","protected":false},"excerpt":{"rendered":"<p>Semiera Energy Technology Co., Ltd. est un fournisseur de premier plan sp\u00e9cialis\u00e9 dans les consommables de plaquettes et de semi-conducteurs avanc\u00e9s. Oxyde d'aluminium et etc. En tant que fournisseur de confiance, nous comprenons l'importance des consommables dans le processus de fabrication, et nous nous engageons \u00e0 fournir des produits qui r\u00e9pondent aux normes de qualit\u00e9 les plus \u00e9lev\u00e9es pour r\u00e9pondre aux besoins de nos clients.<\/p>","protected":false},"featured_media":604,"comment_status":"closed","ping_status":"open","template":"","meta":[],"product_brand":[],"product_cat":[25,24],"product_tag":[],"class_list":{"0":"post-2181","1":"product","2":"type-product","3":"status-publish","4":"has-post-thumbnail","6":"product_cat-more-sic-product","7":"product_cat-silicon-carbide-ceramic","9":"first","10":"instock","11":"product-type-simple"},"_links":{"self":[{"href":"https:\/\/www.cn-semiconductorparts.com\/fr\/wp-json\/wp\/v2\/product\/2181","targetHints":{"allow":["GET"]}}],"collection":[{"href":"https:\/\/www.cn-semiconductorparts.com\/fr\/wp-json\/wp\/v2\/product"}],"about":[{"href":"https:\/\/www.cn-semiconductorparts.com\/fr\/wp-json\/wp\/v2\/types\/product"}],"replies":[{"embeddable":true,"href":"https:\/\/www.cn-semiconductorparts.com\/fr\/wp-json\/wp\/v2\/comments?post=2181"}],"wp:featuredmedia":[{"embeddable":true,"href":"https:\/\/www.cn-semiconductorparts.com\/fr\/wp-json\/wp\/v2\/media\/604"}],"wp:attachment":[{"href":"https:\/\/www.cn-semiconductorparts.com\/fr\/wp-json\/wp\/v2\/media?parent=2181"}],"wp:term":[{"taxonomy":"product_brand","embeddable":true,"href":"https:\/\/www.cn-semiconductorparts.com\/fr\/wp-json\/wp\/v2\/product_brand?post=2181"},{"taxonomy":"product_cat","embeddable":true,"href":"https:\/\/www.cn-semiconductorparts.com\/fr\/wp-json\/wp\/v2\/product_cat?post=2181"},{"taxonomy":"product_tag","embeddable":true,"href":"https:\/\/www.cn-semiconductorparts.com\/fr\/wp-json\/wp\/v2\/product_tag?post=2181"}],"curies":[{"name":"WP","href":"https:\/\/api.w.org\/{rel}","templated":true}]}}