{"id":2182,"date":"2025-09-11T05:33:13","date_gmt":"2025-09-11T05:33:13","guid":{"rendered":"https:\/\/weitai2.globaldeepsea.site\/product\/custom-silicon-carbide-ceramic-vacuum-chucks\/"},"modified":"2025-09-11T05:33:17","modified_gmt":"2025-09-11T05:33:17","slug":"custom-silicon-carbide-ceramic-vacuum-chucks","status":"publish","type":"product","link":"https:\/\/www.cn-semiconductorparts.com\/fr\/product\/custom-silicon-carbide-ceramic-vacuum-chucks\/","title":{"rendered":"Custom silicon carbide ceramic vacuum chucks"},"content":{"rendered":"<div class=\"fl-builder-content fl-builder-content-3759 fl-builder-content-primary fl-builder-global-templates-locked\" data-post-id=\"3759\">\n<div class=\"fl-row fl-row-full-width fl-row-bg-none fl-node-64edabc702fef\" data-node=\"64edabc702fef\">\n<div class=\"fl-row-content-wrap\">\n<div class=\"fl-row-content fl-row-full-width fl-node-content\">\n<div class=\"fl-col-group fl-node-64edabc703034\" data-node=\"64edabc703034\">\n<div class=\"fl-col fl-node-64edabc703076\" data-node=\"64edabc703076\" style=\"width: 100%;\">\n<div class=\"fl-col-content fl-node-content\">\n<div class=\"fl-module fl-module-rich-text fl-node-64edabc7030ba\" data-animation-delay=\"0.0\" data-node=\"64edabc7030ba\">\n<div class=\"fl-module-content fl-node-content\">\n<div class=\"fl-rich-text\">\n<p>Le carbure de silicium est un nouveau type de c\u00e9ramique avec des performances \u00e0 co\u00fbt \u00e9lev\u00e9 et d'excellentes propri\u00e9t\u00e9s de mat\u00e9riaux. En raison de caract\u00e9ristiques telles que la r\u00e9sistance \u00e9lev\u00e9e et la duret\u00e9, une r\u00e9sistance \u00e0 haute temp\u00e9rature, une grande conductivit\u00e9 thermique et une r\u00e9sistance \u00e0 la corrosion chimique, le carbure de silicium peut presque r\u00e9sister \u00e0 tout milieu chimique. Par cons\u00e9quent, les SiC sont largement utilis\u00e9s dans l'exploration de p\u00e9trole, les produits chimiques, les machines et l'espace a\u00e9rien, m\u00eame l'\u00e9nergie nucl\u00e9aire et les militaires ont leurs demandes sp\u00e9ciales en sic. Certaines applications normales que nous pouvons offrir sont les anneaux de joint pour la pompe, la vanne et l'armure de protection, etc.<\/p>\n<p>Nous sommes en mesure de concevoir et de fabriquer en fonction de vos dimensions sp\u00e9cifiques avec une bonne qualit\u00e9 et un temps de livraison raisonnable.\u00a0<\/p>\n<\/p><\/div>\n<\/p><\/div>\n<\/p><\/div>\n<\/p><\/div>\n<\/p><\/div>\n<\/p><\/div>\n<div class=\"fl-col-group fl-node-64edabc703318\" data-node=\"64edabc703318\">\n<div class=\"fl-col fl-node-64edabc703359\" data-node=\"64edabc703359\" style=\"width: 62.67%;\">\n<div class=\"fl-col-content fl-node-content\">\n<div class=\"fl-module fl-module-photo fl-node-64edabc7032d8\" data-animation-delay=\"0.0\" data-node=\"64edabc7032d8\">\n<div class=\"fl-module-content fl-node-content\">\n<div class=\"fl-photo fl-photo-align-center\" itemscope=\"\" itemtype=\"http:\/\/schema.org\/ImageObject\">\n<div class=\"fl-photo-content fl-photo-img-jpg\"> <img decoding=\"async\" alt=\"1-2201051TJ9636\" class=\"fl-photo-img wp-image-2434\" itemprop=\"image\" src=\"\/wp-content\/uploads\/2025\/09\/691ce58f6cc82829.webp\"> <\/img><\/div>\n<\/p><\/div>\n<\/p><\/div>\n<\/p><\/div>\n<\/p><\/div>\n<\/p><\/div>\n<div class=\"fl-col fl-node-64edabc70339a fl-col-small\" data-node=\"64edabc70339a\" style=\"width: 37.33%;\">\n<div class=\"fl-col-content fl-node-content\">\n<div class=\"fl-module fl-module-heading fl-node-64edabc70341e\" data-animation-delay=\"0.0\" data-node=\"64edabc70341e\">\n<div class=\"fl-module-content fl-node-content\">\n<h3 class=\"fl-heading\"> <span class=\"fl-heading-text\">Advantages<\/span> <\/h3>\n<\/p><\/div>\n<\/p><\/div>\n<div class=\"fl-module fl-module-rich-text fl-node-64edabc7031c0\" data-animation-delay=\"0.0\" data-node=\"64edabc7031c0\">\n<div class=\"fl-module-content fl-node-content\">\n<div class=\"fl-rich-text\">\n<p>R\u00e9sistance \u00e0 l'oxydation \u00e0 haute temp\u00e9rature<\/p>\n<p>Excellente r\u00e9sistance \u00e0 la corrosion<\/p>\n<p>Bonne r\u00e9sistance \u00e0 l'abrasion<\/p>\n<p>Coefficient \u00e9lev\u00e9 de conductivit\u00e9 thermique<\/p>\n<p>Auto-lubricit\u00e9, faible densit\u00e9<\/p>\n<p>Duret\u00e9 \u00e9lev\u00e9e<\/p>\n<p>Conception personnalis\u00e9e.<\/p>\n<\/p><\/div>\n<\/p><\/div>\n<\/p><\/div>\n<\/p><\/div>\n<\/p><\/div>\n<\/p><\/div>\n<div class=\"fl-col-group fl-node-64edabc7030fc\" data-node=\"64edabc7030fc\">\n<div class=\"fl-col fl-node-64edabc70313e\" data-node=\"64edabc70313e\" style=\"width: 100%;\">\n<div class=\"fl-col-content fl-node-content\">\n<div class=\"fl-module fl-module-heading fl-node-64edabc7033dc\" data-animation-delay=\"0.0\" data-node=\"64edabc7033dc\">\n<div class=\"fl-module-content fl-node-content\">\n<h3 class=\"fl-heading\"> <span class=\"fl-heading-text\">Applications<\/span> <\/h3>\n<\/p><\/div>\n<\/p><\/div>\n<div class=\"fl-module fl-module-rich-text fl-node-64edabc70317f\" data-animation-delay=\"0.0\" data-node=\"64edabc70317f\">\n<div class=\"fl-module-content fl-node-content\">\n<div class=\"fl-rich-text\">\n<p><span style=\"font-family: Calibri;\">-Champ r\u00e9sistant \u00e0 l'usure: bague, assiette, buse de sable, doublure du cyclone, grincement du canon, etc.\u2026<\/span><\/p>\n<p><span style=\"font-family: Calibri;\">-Champ \u00e0 haute temp\u00e9rature: dalle SIC, tube de four \u00e0 trempe, tube rayonnant, creuset, \u00e9l\u00e9ment de chauffage, rouleau, faisceau, \u00e9changeur de chaleur, tuyau \u00e0 air froid, buse de br\u00fbleur, tube de protection du thermocouple, bateau sic, structure de la voiture du four, setter, etc.<\/span><\/p>\n<p><span style=\"font-family: Calibri;\">-Champ de balles militaire<\/span><\/p>\n<p><span style=\"font-family: Calibri;\">-Semi-conducteur en carbure de silicium: bateau \u00e0 la plaquette SIC, Chuck sic, pagaie SIC, cassette sic, tube de diffusion SIC, fourchette, plaque d'aspiration, guide, etc.<\/span><\/p>\n<p><span style=\"font-family: Calibri;\">-Champ de joint en carbure de silicium: Toutes sortes d'anneau d'\u00e9tanch\u00e9it\u00e9, de roulement, de bague, etc.<\/span><\/p>\n<p><span style=\"font-family: Calibri;\">-Champ photovolta\u00efque: pagaie en porte-\u00e0-faux, baril de broyage, rouleau en carbure de silicium, etc.<\/span><\/p>\n<p><span style=\"font-family: Calibri;\">-Champ de batterie au lithium<\/span><\/p>\n<\/p><\/div>\n<\/p><\/div>\n<\/p><\/div>\n<\/p><\/div>\n<\/p><\/div>\n<\/p><\/div>\n<div class=\"fl-col-group fl-node-64edabe4b28de\" data-node=\"64edabe4b28de\">\n<div class=\"fl-col fl-node-64edabe4b2bbe\" data-node=\"64edabe4b2bbe\" style=\"width: 100%;\">\n<div class=\"fl-col-content fl-node-content\">\n<div class=\"fl-module fl-module-gallery fl-node-64edabe4b26b8\" data-animation-delay=\"0.0\" data-node=\"64edabe4b26b8\">\n<div class=\"fl-module-content fl-node-content\">\n<div class=\"fl-mosaicflow\">\n<div class=\"fl-mosaicflow-content\">\n<div class=\"fl-mosaicflow-item\">\n<div class=\"fl-photo fl-photo-align-center\" itemscope=\"\" itemtype=\"http:\/\/schema.org\/ImageObject\">\n<div class=\"fl-photo-content fl-photo-img-png\"> <a href=\"\/fr\/uploads\/SIC-ceramic-sucker2.webp\/\" itemprop=\"url\" target=\"_self\"> <img decoding=\"async\" alt=\"SIC ceramic sucker2\" class=\"fl-photo-img wp-image-3764\" itemprop=\"image\" src=\"\/wp-content\/uploads\/2025\/09\/0595cff0bd0aec3a.webp\"> <\/img><\/a> <\/div>\n<\/p><\/div>\n<\/p><\/div>\n<div class=\"fl-mosaicflow-item\">\n<div class=\"fl-photo fl-photo-align-center\" itemscope=\"\" itemtype=\"http:\/\/schema.org\/ImageObject\">\n<div class=\"fl-photo-content fl-photo-img-png\"> <a href=\"\/fr\/uploads\/SIC-ceramic-sucker5.webp\/\" itemprop=\"url\" target=\"_self\"> <img decoding=\"async\" alt=\"SIC ceramic sucker5\" class=\"fl-photo-img wp-image-3767\" itemprop=\"image\" src=\"\/wp-content\/uploads\/2025\/09\/d848307d7bdeedb3.webp\"> <\/img><\/a> <\/div>\n<\/p><\/div>\n<\/p><\/div>\n<\/p><\/div>\n<div class=\"fl-clear\"><\/div>\n<\/p><\/div>\n<\/p><\/div>\n<\/p><\/div>\n<\/p><\/div>\n<\/p><\/div>\n<\/p><\/div>\n<div class=\"fl-col-group fl-node-64edabc703201\" data-node=\"64edabc703201\">\n<div class=\"fl-col fl-node-64edabc703243\" data-node=\"64edabc703243\" style=\"width: 100%;\">\n<div class=\"fl-col-content fl-node-content\">\n<div class=\"fl-module fl-module-heading fl-node-64edabc703255\" data-animation-delay=\"0.0\" data-node=\"64edabc703255\">\n<div class=\"fl-module-content fl-node-content\">\n<h3 class=\"fl-heading\"> <span class=\"fl-heading-text\">Param\u00e8tres techniques<\/span> <\/h3>\n<\/p><\/div>\n<\/p><\/div>\n<div class=\"fl-module fl-module-photo fl-node-64edabc703296\" data-animation-delay=\"0.0\" data-node=\"64edabc703296\">\n<div class=\"fl-module-content fl-node-content\">\n<div class=\"fl-photo fl-photo-align-center\" itemscope=\"\" itemtype=\"http:\/\/schema.org\/ImageObject\">\n<div class=\"fl-photo-content fl-photo-img-png\"> <img decoding=\"async\" alt=\"Photo 1\" class=\"fl-photo-img wp-image-2429\" itemprop=\"image\" src=\"\/wp-content\/uploads\/2025\/09\/e16a8a56d25ff317.webp\"> <\/img><\/div>\n<\/p><\/div>\n<\/p><\/div>\n<\/p><\/div>\n<\/p><\/div>\n<\/p><\/div>\n<\/p><\/div>\n<\/p><\/div>\n<\/p><\/div>\n<\/p><\/div>\n<\/div>","protected":false},"excerpt":{"rendered":"<p>Semiera Energy Technology Co., Ltd. est un fournisseur de premier plan sp\u00e9cialis\u00e9 dans les consommables de plaquettes et de semi-conducteurs avanc\u00e9s. Oxyde d'aluminium et etc. En tant que fournisseur de confiance, nous comprenons l'importance des consommables dans le processus de fabrication, et nous nous engageons \u00e0 fournir des produits qui r\u00e9pondent aux normes de qualit\u00e9 les plus \u00e9lev\u00e9es pour r\u00e9pondre aux besoins de nos clients.<\/p>","protected":false},"featured_media":815,"comment_status":"closed","ping_status":"open","template":"","meta":[],"product_brand":[],"product_cat":[25,24],"product_tag":[],"class_list":{"0":"post-2182","1":"product","2":"type-product","3":"status-publish","4":"has-post-thumbnail","6":"product_cat-more-sic-product","7":"product_cat-silicon-carbide-ceramic","9":"first","10":"instock","11":"product-type-simple"},"_links":{"self":[{"href":"https:\/\/www.cn-semiconductorparts.com\/fr\/wp-json\/wp\/v2\/product\/2182","targetHints":{"allow":["GET"]}}],"collection":[{"href":"https:\/\/www.cn-semiconductorparts.com\/fr\/wp-json\/wp\/v2\/product"}],"about":[{"href":"https:\/\/www.cn-semiconductorparts.com\/fr\/wp-json\/wp\/v2\/types\/product"}],"replies":[{"embeddable":true,"href":"https:\/\/www.cn-semiconductorparts.com\/fr\/wp-json\/wp\/v2\/comments?post=2182"}],"wp:featuredmedia":[{"embeddable":true,"href":"https:\/\/www.cn-semiconductorparts.com\/fr\/wp-json\/wp\/v2\/media\/815"}],"wp:attachment":[{"href":"https:\/\/www.cn-semiconductorparts.com\/fr\/wp-json\/wp\/v2\/media?parent=2182"}],"wp:term":[{"taxonomy":"product_brand","embeddable":true,"href":"https:\/\/www.cn-semiconductorparts.com\/fr\/wp-json\/wp\/v2\/product_brand?post=2182"},{"taxonomy":"product_cat","embeddable":true,"href":"https:\/\/www.cn-semiconductorparts.com\/fr\/wp-json\/wp\/v2\/product_cat?post=2182"},{"taxonomy":"product_tag","embeddable":true,"href":"https:\/\/www.cn-semiconductorparts.com\/fr\/wp-json\/wp\/v2\/product_tag?post=2182"}],"curies":[{"name":"WP","href":"https:\/\/api.w.org\/{rel}","templated":true}]}}