{"id":2184,"date":"2025-09-11T05:33:13","date_gmt":"2025-09-11T05:33:13","guid":{"rendered":"https:\/\/weitai2.globaldeepsea.site\/product\/pressureless-sintered-sic-lining\/"},"modified":"2026-04-29T15:28:28","modified_gmt":"2026-04-29T07:28:28","slug":"pressureless-sintered-sic-lining","status":"publish","type":"product","link":"https:\/\/www.cn-semiconductorparts.com\/fr\/product\/pressureless-sintered-sic-lining\/","title":{"rendered":"Pressureless Sintered SiC Lining"},"content":{"rendered":"<div class=\"fl-builder-content fl-builder-content-3727 fl-builder-content-primary fl-builder-global-templates-locked\" data-post-id=\"3727\">\n<div class=\"fl-row fl-row-full-width fl-row-bg-none fl-node-64ed8d9fccb29\" data-node=\"64ed8d9fccb29\">\n<div class=\"fl-row-content-wrap\">\n<div class=\"fl-row-content fl-row-full-width fl-node-content\">\n<div class=\"fl-col-group fl-node-64ed8d9fccb70\" data-node=\"64ed8d9fccb70\">\n<div class=\"fl-col fl-node-64ed8d9fccbb4\" data-node=\"64ed8d9fccbb4\" style=\"width: 100%;\">\n<div class=\"fl-col-content fl-node-content\">\n<div class=\"fl-module fl-module-rich-text fl-node-64ed8d9fccbf7\" data-animation-delay=\"0.0\" data-node=\"64ed8d9fccbf7\">\n<div class=\"fl-module-content fl-node-content\">\n<div class=\"fl-rich-text\">\n<p>Le carbure de silicium est un nouveau type de c\u00e9ramique avec des performances \u00e0 co\u00fbt \u00e9lev\u00e9 et d'excellentes propri\u00e9t\u00e9s de mat\u00e9riaux. En raison de caract\u00e9ristiques telles que la r\u00e9sistance \u00e9lev\u00e9e et la duret\u00e9, une r\u00e9sistance \u00e0 haute temp\u00e9rature, une grande conductivit\u00e9 thermique et une r\u00e9sistance \u00e0 la corrosion chimique, le carbure de silicium peut presque r\u00e9sister \u00e0 tout milieu chimique. Par cons\u00e9quent, les SiC sont largement utilis\u00e9s dans l'exploration de p\u00e9trole, les produits chimiques, les machines et l'espace a\u00e9rien, m\u00eame l'\u00e9nergie nucl\u00e9aire et les militaires ont leurs demandes sp\u00e9ciales en sic. Certaines applications normales que nous pouvons offrir sont les anneaux de joint pour la pompe, la vanne et l'armure de protection, etc.<\/p>\n<p>Nous sommes en mesure de concevoir et de fabriquer en fonction de vos dimensions sp\u00e9cifiques avec une bonne qualit\u00e9 et un temps de livraison raisonnable.\u00a0<\/p>\n<\/p><\/div>\n<\/p><\/div>\n<\/p><\/div>\n<\/p><\/div>\n<\/p><\/div>\n<\/p><\/div>\n<div class=\"fl-col-group fl-node-64ed8d9fccdf2\" data-node=\"64ed8d9fccdf2\">\n<div class=\"fl-col fl-node-64ed8d9fcce35\" data-node=\"64ed8d9fcce35\" style=\"width: 100%;\">\n<div class=\"fl-col-content fl-node-content\">\n<div class=\"fl-module fl-module-photo fl-node-64ed8d9fcce77\" data-animation-delay=\"0.0\" data-node=\"64ed8d9fcce77\">\n<div class=\"fl-module-content fl-node-content\">\n<div class=\"fl-photo fl-photo-align-center\" itemscope=\"\" itemtype=\"http:\/\/schema.org\/ImageObject\">\n<div class=\"fl-photo-content fl-photo-img-jpg\"> <img decoding=\"async\" alt=\"20200421003959_33844\" class=\"fl-photo-img wp-image-2471\" itemprop=\"image\" src=\"\/wp-content\/uploads\/2025\/09\/7d02f1a920109d71.webp\"> <\/img><\/div>\n<\/p><\/div>\n<\/p><\/div>\n<\/p><\/div>\n<\/p><\/div>\n<\/p><\/div>\n<\/p><\/div>\n<div class=\"fl-col-group fl-node-64ed8d9fccc3a\" data-node=\"64ed8d9fccc3a\">\n<div class=\"fl-col fl-node-64ed8d9fccc7c\" data-node=\"64ed8d9fccc7c\" style=\"width: 100%;\">\n<div class=\"fl-col-content fl-node-content\">\n<div class=\"fl-module fl-module-rich-text fl-node-64ed8d9fcccbd\" data-animation-delay=\"0.0\" data-node=\"64ed8d9fcccbd\">\n<div class=\"fl-module-content fl-node-content\">\n<div class=\"fl-rich-text\">\n<p><span style=\"font-family: Calibri;\">Applications:<\/span><\/p>\n<p><span style=\"font-family: Calibri;\">-Champ r\u00e9sistant \u00e0 l'usure: bague, assiette, buse de sable, doublure du cyclone, grincement du canon, etc.\u2026<\/span><\/p>\n<p><span style=\"font-family: Calibri;\">-Champ \u00e0 haute temp\u00e9rature: dalle SIC, tube de four \u00e0 trempe, tube rayonnant, creuset, \u00e9l\u00e9ment de chauffage, rouleau, faisceau, \u00e9changeur de chaleur, tuyau \u00e0 air froid, buse de br\u00fbleur, tube de protection du thermocouple, bateau sic, structure de la voiture du four, setter, etc.<\/span><\/p>\n<p><span style=\"font-family: Calibri;\">-Champ de balles militaire<\/span><\/p>\n<p><span style=\"font-family: Calibri;\">-Semi-conducteur en carbure de silicium: bateau \u00e0 la plaquette SIC, Chuck sic, pagaie SIC, cassette sic, tube de diffusion SIC, fourchette, plaque d'aspiration, guide, etc.<\/span><\/p>\n<p><span style=\"font-family: Calibri;\">-Champ de joint en carbure de silicium: Toutes sortes d'anneau d'\u00e9tanch\u00e9it\u00e9, de roulement, de bague, etc.<\/span><\/p>\n<p><span style=\"font-family: Calibri;\">-Champ photovolta\u00efque: pagaie en porte-\u00e0-faux, baril de broyage, rouleau en carbure de silicium, etc.<\/span><\/p>\n<p><span style=\"font-family: Calibri;\">-Champ de batterie au lithium<\/span><\/p>\n<\/p><\/div>\n<\/p><\/div>\n<\/p><\/div>\n<\/p><\/div>\n<\/p><\/div>\n<\/p><\/div>\n<div class=\"fl-col-group fl-node-64ed8d9fcceb9\" data-node=\"64ed8d9fcceb9\">\n<div class=\"fl-col fl-node-64ed8d9fccefb fl-col-small\" data-node=\"64ed8d9fccefb\" style=\"width: 50%;\">\n<div class=\"fl-col-content fl-node-content\">\n<div class=\"fl-module fl-module-gallery fl-node-64ed8d9fccfeb\" data-animation-delay=\"0.0\" data-node=\"64ed8d9fccfeb\">\n<div class=\"fl-module-content fl-node-content\">\n<div class=\"fl-mosaicflow\">\n<div class=\"fl-mosaicflow-content\">\n<div class=\"fl-mosaicflow-item\">\n<div class=\"fl-photo fl-photo-align-center\" itemscope=\"\" itemtype=\"http:\/\/schema.org\/ImageObject\">\n<div class=\"fl-photo-content fl-photo-img-png\"> <a href=\"\/fr\/uploads\/Silicon-Carbide-Parts-SIC-Ceramic-Parts-2.webp\/\" itemprop=\"url\" target=\"_self\"> <img decoding=\"async\" alt=\"Silicon Carbide Parts ( SIC Ceramic Parts )-2\" class=\"fl-photo-img wp-image-2475\" itemprop=\"image\" src=\"\/wp-content\/uploads\/2025\/09\/f4e8cf977be83f68.webp\"> <\/img><\/a> <\/div>\n<\/p><\/div>\n<\/p><\/div>\n<\/p><\/div>\n<div class=\"fl-clear\"><\/div>\n<\/p><\/div>\n<\/p><\/div>\n<\/p><\/div>\n<\/p><\/div>\n<\/p><\/div>\n<div class=\"fl-col fl-node-64ed8d9fccf94 fl-col-small\" data-node=\"64ed8d9fccf94\" style=\"width: 50%;\">\n<div class=\"fl-col-content fl-node-content\">\n<div class=\"fl-module fl-module-gallery fl-node-64ed8d9fccf3f\" data-animation-delay=\"0.0\" data-node=\"64ed8d9fccf3f\">\n<div class=\"fl-module-content fl-node-content\">\n<div class=\"fl-mosaicflow\">\n<div class=\"fl-mosaicflow-content\">\n<div class=\"fl-mosaicflow-item\">\n<div class=\"fl-photo fl-photo-align-center\" itemscope=\"\" itemtype=\"http:\/\/schema.org\/ImageObject\">\n<div class=\"fl-photo-content fl-photo-img-jpg\"> <a href=\"\/fr\/uploads\/Silicon-Carbide-Parts-SIC-Ceramic-Parts-.webp\/\" itemprop=\"url\" target=\"_self\"> <img decoding=\"async\" alt=\"Silicon Carbide Parts ( SIC Ceramic Parts )\" class=\"fl-photo-img wp-image-2473\" itemprop=\"image\" src=\"\/wp-content\/uploads\/2025\/09\/82d89f206b1aa7a2.webp\"> <\/img><\/a> <\/div>\n<\/p><\/div>\n<\/p><\/div>\n<\/p><\/div>\n<div class=\"fl-clear\"><\/div>\n<\/p><\/div>\n<\/p><\/div>\n<\/p><\/div>\n<\/p><\/div>\n<\/p><\/div>\n<\/p><\/div>\n<div class=\"fl-col-group fl-node-64ed8d9fccce7\" data-node=\"64ed8d9fccce7\">\n<div class=\"fl-col fl-node-64ed8d9fccd2a\" data-node=\"64ed8d9fccd2a\" style=\"width: 100%;\">\n<div class=\"fl-col-content fl-node-content\">\n<div class=\"fl-module fl-module-heading fl-node-64ed8d9fccdaf\" data-animation-delay=\"0.0\" data-node=\"64ed8d9fccdaf\">\n<div class=\"fl-module-content fl-node-content\">\n<h3 class=\"fl-heading\"> <span class=\"fl-heading-text\">Param\u00e8tres techniques<\/span> <\/h3>\n<\/p><\/div>\n<\/p><\/div>\n<div class=\"fl-module fl-module-photo fl-node-64ed8d9fccd6d\" data-animation-delay=\"0.0\" data-node=\"64ed8d9fccd6d\">\n<div class=\"fl-module-content fl-node-content\">\n<div class=\"fl-photo fl-photo-align-center\" itemscope=\"\" itemtype=\"http:\/\/schema.org\/ImageObject\">\n<div class=\"fl-photo-content fl-photo-img-png\"> <img decoding=\"async\" alt=\"Photo 1\" class=\"fl-photo-img wp-image-2429\" itemprop=\"image\" src=\"\/wp-content\/uploads\/2025\/09\/e16a8a56d25ff317.webp\"> <\/img><\/div>\n<\/p><\/div>\n<\/p><\/div>\n<\/p><\/div>\n<\/p><\/div>\n<\/p><\/div>\n<\/p><\/div>\n<\/p><\/div>\n<\/p><\/div>\n<\/p><\/div>\n<\/div>","protected":false},"excerpt":{"rendered":"<p>Semicera\u2019s Pressureless Sintered Silicon Carbide Ceramic Lining offers exceptional wear resistance, high thermal conductivity, and outstanding chemical stability. Ideal for high-temperature and abrasive environments, this advanced ceramic material provides superior protection for equipment in industries such as semiconductor, energy, and chemical processing. With its durable, pressureless sintered structure, Semicera\u2019s silicon carbide lining ensures long-lasting performance and efficiency, making it the perfect solution for demanding applications.<\/p>","protected":false},"featured_media":1152,"comment_status":"closed","ping_status":"open","template":"","meta":[],"product_brand":[],"product_cat":[64,24],"product_tag":[],"class_list":{"0":"post-2184","1":"product","2":"type-product","3":"status-publish","4":"has-post-thumbnail","6":"product_cat-sic-heating-element","7":"product_cat-silicon-carbide-ceramic","9":"first","10":"instock","11":"product-type-simple"},"_links":{"self":[{"href":"https:\/\/www.cn-semiconductorparts.com\/fr\/wp-json\/wp\/v2\/product\/2184","targetHints":{"allow":["GET"]}}],"collection":[{"href":"https:\/\/www.cn-semiconductorparts.com\/fr\/wp-json\/wp\/v2\/product"}],"about":[{"href":"https:\/\/www.cn-semiconductorparts.com\/fr\/wp-json\/wp\/v2\/types\/product"}],"replies":[{"embeddable":true,"href":"https:\/\/www.cn-semiconductorparts.com\/fr\/wp-json\/wp\/v2\/comments?post=2184"}],"wp:featuredmedia":[{"embeddable":true,"href":"https:\/\/www.cn-semiconductorparts.com\/fr\/wp-json\/wp\/v2\/media\/1152"}],"wp:attachment":[{"href":"https:\/\/www.cn-semiconductorparts.com\/fr\/wp-json\/wp\/v2\/media?parent=2184"}],"wp:term":[{"taxonomy":"product_brand","embeddable":true,"href":"https:\/\/www.cn-semiconductorparts.com\/fr\/wp-json\/wp\/v2\/product_brand?post=2184"},{"taxonomy":"product_cat","embeddable":true,"href":"https:\/\/www.cn-semiconductorparts.com\/fr\/wp-json\/wp\/v2\/product_cat?post=2184"},{"taxonomy":"product_tag","embeddable":true,"href":"https:\/\/www.cn-semiconductorparts.com\/fr\/wp-json\/wp\/v2\/product_tag?post=2184"}],"curies":[{"name":"WP","href":"https:\/\/api.w.org\/{rel}","templated":true}]}}