{"id":2189,"date":"2025-09-11T05:33:20","date_gmt":"2025-09-11T05:33:20","guid":{"rendered":"https:\/\/weitai2.globaldeepsea.site\/product\/thermal-industrial-insulation-graphite-soft-felt\/"},"modified":"2026-04-29T15:28:13","modified_gmt":"2026-04-29T07:28:13","slug":"thermal-industrial-insulation-graphite-soft-felt","status":"publish","type":"product","link":"https:\/\/www.cn-semiconductorparts.com\/fr\/product\/thermal-industrial-insulation-graphite-soft-felt\/","title":{"rendered":"Isolation industrielle thermique Felt doux de graphite"},"content":{"rendered":"<div class=\"fl-builder-content fl-builder-content-3666 fl-builder-content-primary fl-builder-global-templates-locked\" data-post-id=\"3666\">\n<div class=\"fl-row fl-row-full-width fl-row-bg-none fl-node-657002ffd6634\" data-node=\"657002ffd6634\">\n<div class=\"fl-row-content-wrap\">\n<div class=\"fl-row-content fl-row-full-width fl-node-content\">\n<div class=\"fl-col-group fl-node-657002ffd6674\" data-node=\"657002ffd6674\">\n<div class=\"fl-col fl-node-657002ffd66bd\" data-node=\"657002ffd66bd\" style=\"width: 100%;\">\n<div class=\"fl-col-content fl-node-content\">\n<div class=\"fl-module fl-module-heading fl-node-657002ffd6738\" data-animation-delay=\"0.0\" data-node=\"657002ffd6738\">\n<div class=\"fl-module-content fl-node-content\">\n<h3 class=\"fl-heading\"> <span class=\"fl-heading-text\">D\u00e9tails du produit<\/span> <\/h3>\n<\/p><\/div>\n<\/p><\/div>\n<div class=\"fl-module fl-module-rich-text fl-node-657002ffd66fb\" data-animation-delay=\"0.0\" data-node=\"657002ffd66fb\">\n<div class=\"fl-module-content fl-node-content\">\n<div class=\"fl-rich-text\">\n<table border=\"0\" cellspacing=\"0\">\n<tbody>\n<tr>\n<td valign=\"center\">\n<p>Nom de produit<\/p>\n<\/td>\n<td valign=\"center\">\n<p>Graphite en feutre<\/p>\n<\/td>\n<\/tr>\n<tr>\n<td valign=\"center\">\n<p>Composition chimique<\/p>\n<\/td>\n<td valign=\"center\">\n<p>Fibre de carbone<\/p>\n<\/td>\n<\/tr>\n<tr>\n<td valign=\"center\">\n<p>Densit\u00e9 en vrac<\/p>\n<\/td>\n<td valign=\"center\">\n<p>0.12-0.14g\/cm3<\/p>\n<\/td>\n<\/tr>\n<tr>\n<td valign=\"center\">\n<p>Teneur en carbone<\/p>\n<\/td>\n<td valign=\"center\">\n<p>&gt; = 99%<\/p>\n<\/td>\n<\/tr>\n<tr>\n<td valign=\"center\">\n<p>R\u00e9sistance \u00e0 la traction<\/p>\n<\/td>\n<td valign=\"center\">\n<p>0.14Mpa<\/p>\n<\/td>\n<\/tr>\n<tr>\n<td valign=\"center\">\n<p>Conductivit\u00e9 thermique (1150 \u2103)<\/p>\n<\/td>\n<td valign=\"center\">\n<p>0,08 ~ 0,14W \/ Mk<\/p>\n<\/td>\n<\/tr>\n<tr>\n<td valign=\"center\">\n<p>Cendre<\/p>\n<\/td>\n<td valign=\"center\">\n<p>&lt;= 0,005%<\/p>\n<\/td>\n<\/tr>\n<tr>\n<td valign=\"center\">\n<p>Stress \u00e9crasant<\/p>\n<\/td>\n<td valign=\"center\">\n<p>8-10N\/cm<\/p>\n<\/td>\n<\/tr>\n<tr>\n<td valign=\"center\">\n<p>\u00c9paisseur<\/p>\n<\/td>\n<td valign=\"center\">\n<p>1-10mm<\/p>\n<\/td>\n<\/tr>\n<tr>\n<td valign=\"center\">\n<p>Temp\u00e9rature de traitement<\/p>\n<\/td>\n<td valign=\"center\">\n<p>2500(\u2103)<\/p>\n<\/td>\n<\/tr>\n<\/tbody>\n<\/table><\/div>\n<\/p><\/div>\n<\/p><\/div>\n<\/p><\/div>\n<\/p><\/div>\n<\/p><\/div>\n<div class=\"fl-col-group fl-node-657002ffd6882\" data-node=\"657002ffd6882\">\n<div class=\"fl-col fl-node-657002ffd68bf\" data-node=\"657002ffd68bf\" style=\"width: 100%;\">\n<div class=\"fl-col-content fl-node-content\">\n<div class=\"fl-module fl-module-rich-text fl-node-657002ffd68fc\" data-animation-delay=\"0.0\" data-node=\"657002ffd68fc\">\n<div class=\"fl-module-content fl-node-content\">\n<div class=\"fl-rich-text\">\n<p>Actuellement disponible en quatre sp\u00e9cifications, chacun disponible en rouleaux, pi\u00e8ces et tubes en feutre pr\u00e9-roul\u00e9s:<br \/>SCSF: Fonction de graphite de haute puret\u00e9, meilleure conductivit\u00e9 thermique, temp\u00e9rature de traitement thermique de plus de 1900\u2103<br \/>SCSF-P: Fonction de graphite SCSF-B ultra-\u00e9lev\u00e9 SCSF-B<br \/>SCSF-V: Felt de graphite de haute puret\u00e9, temp\u00e9rature de traitement thermique de plus de 2650 \u2103, faible conductivit\u00e9 thermique<br \/>SCSF-VP: Fonction de graphite SCSF-D ultra-\u00e9lev\u00e9 Puret\u00e9<\/p>\n<\/p><\/div>\n<\/p><\/div>\n<\/p><\/div>\n<\/p><\/div>\n<\/p><\/div>\n<\/p><\/div>\n<div class=\"fl-col-group fl-node-657002ffd6938\" data-node=\"657002ffd6938\">\n<div class=\"fl-col fl-node-657002ffd6977\" data-node=\"657002ffd6977\" style=\"width: 100%;\">\n<div class=\"fl-col-content fl-node-content\">\n<div class=\"fl-module fl-module-photo fl-node-657002ffd69b4\" data-animation-delay=\"0.0\" data-node=\"657002ffd69b4\">\n<div class=\"fl-module-content fl-node-content\">\n<div class=\"fl-photo fl-photo-align-center\" itemscope=\"\" itemtype=\"http:\/\/schema.org\/ImageObject\">\n<div class=\"fl-photo-content fl-photo-img-png\"> <img decoding=\"async\" alt=\"Captures d&#039;\u00e9cran WeChat_20231206112113\" class=\"fl-photo-img wp-image-5393\" itemprop=\"image\" src=\"\/wp-content\/uploads\/2025\/09\/06bef272babefc1e.webp\"> <\/img><\/div>\n<\/p><\/div>\n<\/p><\/div>\n<\/p><\/div>\n<\/p><\/div>\n<\/p><\/div>\n<\/p><\/div>\n<div class=\"fl-col-group fl-node-657002ffd69f2\" data-node=\"657002ffd69f2\">\n<div class=\"fl-col fl-node-657002ffd6a2f fl-col-small\" data-node=\"657002ffd6a2f\" style=\"width: 50%;\">\n<div class=\"fl-col-content fl-node-content\">\n<div class=\"fl-module fl-module-rich-text fl-node-657002ffd674b\" data-animation-delay=\"0.0\" data-node=\"657002ffd674b\">\n<div class=\"fl-module-content fl-node-content\">\n<div class=\"fl-rich-text\">\n<p><strong>Propri\u00e9t\u00e9s :<\/strong><br \/>-Stabilit\u00e9 thermique exceptionnelle<br \/>-R\u00e9sistance m\u00e9canique \u00e9lev\u00e9e<br \/>-Bonne conductivit\u00e9 \u00e9lectrique et thermique<br \/>-Excellente r\u00e9sistance au choc thermique et \u00e0 la corrosion<br \/>-Puret\u00e9 des mat\u00e9riaux \u00e9lev\u00e9s<br \/>-Capacit\u00e9 de charge \u00e9lectrique \u00e9lev\u00e9e<br \/>-Profil de temp\u00e9rature uniforme<\/p>\n<\/p><\/div>\n<\/p><\/div>\n<\/p><\/div>\n<\/p><\/div>\n<\/p><\/div>\n<div class=\"fl-col fl-node-657002ffd6a6c fl-col-small\" data-node=\"657002ffd6a6c\" style=\"width: 50%;\">\n<div class=\"fl-col-content fl-node-content\">\n<div class=\"fl-module fl-module-photo fl-node-657002ffd6aab\" data-animation-delay=\"0.0\" data-node=\"657002ffd6aab\">\n<div class=\"fl-module-content fl-node-content\">\n<div class=\"fl-photo fl-photo-align-center\" itemscope=\"\" itemtype=\"http:\/\/schema.org\/ImageObject\">\n<div class=\"fl-photo-content fl-photo-img-png\"> <img decoding=\"async\" alt=\"Captures d&#039;\u00e9cran WeChat_20231206112141\" class=\"fl-photo-img wp-image-5394\" itemprop=\"image\" src=\"\/wp-content\/uploads\/2025\/09\/c0fde29a528d2d7a.webp\"> <\/img><\/div>\n<\/p><\/div>\n<\/p><\/div>\n<\/p><\/div>\n<\/p><\/div>\n<\/p><\/div>\n<\/p><\/div>\n<div class=\"fl-col-group fl-node-657002ffd6ae9\" data-node=\"657002ffd6ae9\">\n<div class=\"fl-col fl-node-657002ffd6bab fl-col-small\" data-node=\"657002ffd6bab\" style=\"width: 50%;\">\n<div class=\"fl-col-content fl-node-content\">\n<div class=\"fl-module fl-module-photo fl-node-657002ffd6b6d\" data-animation-delay=\"0.0\" data-node=\"657002ffd6b6d\">\n<div class=\"fl-module-content fl-node-content\">\n<div class=\"fl-photo fl-photo-align-center\" itemscope=\"\" itemtype=\"http:\/\/schema.org\/ImageObject\">\n<div class=\"fl-photo-content fl-photo-img-png\"> <img decoding=\"async\" alt=\"Felt de graphite (1)\" class=\"fl-photo-img wp-image-5395\" itemprop=\"image\" src=\"\/wp-content\/uploads\/2025\/09\/998a0d4f5cbf8804.webp\"> <\/img><\/div>\n<\/p><\/div>\n<\/p><\/div>\n<\/p><\/div>\n<\/p><\/div>\n<\/p><\/div>\n<div class=\"fl-col fl-node-657002ffd6b25 fl-col-small\" data-node=\"657002ffd6b25\" style=\"width: 50%;\">\n<div class=\"fl-col-content fl-node-content\">\n<div class=\"fl-module fl-module-rich-text fl-node-657002ffd678a\" data-animation-delay=\"0.0\" data-node=\"657002ffd678a\">\n<div class=\"fl-module-content fl-node-content\">\n<div class=\"fl-rich-text\">\n<p><strong>Champs de candidatures:<\/strong><br \/>-Fours \u00e0 vide<br \/>-Fours \u00e0 gaz inerte<br \/>-Traitement thermique<br \/>(durcissement, carbonisation, brasage, etc.)<br \/>-Production de fibres de carbone<br \/>-Production de m\u00e9tal dur<br \/>-Applications de frittage<br \/>-Production technique en c\u00e9ramique<br \/>-CVD \/ PVD Coasting<\/p>\n<\/p><\/div>\n<\/p><\/div>\n<\/p><\/div>\n<\/p><\/div>\n<\/p><\/div>\n<\/p><\/div>\n<div class=\"fl-col-group fl-node-657002ffd67c7\" data-node=\"657002ffd67c7\">\n<div class=\"fl-col fl-node-657002ffd6806\" data-node=\"657002ffd6806\" style=\"width: 100%;\">\n<div class=\"fl-col-content fl-node-content\">\n<div class=\"fl-module fl-module-gallery fl-node-657002ffd6845\" data-animation-delay=\"0.0\" data-node=\"657002ffd6845\">\n<div class=\"fl-module-content fl-node-content\">\n<div class=\"fl-mosaicflow\">\n<div class=\"fl-mosaicflow-content\">\n<div class=\"fl-mosaicflow-item\">\n<div class=\"fl-photo fl-photo-align-center\" itemscope=\"\" itemtype=\"http:\/\/schema.org\/ImageObject\">\n<div class=\"fl-photo-content fl-photo-img-jpg\"> <a href=\"\/fr\/uploads\/Soft-Felt-5.webp\/\" itemprop=\"url\" target=\"_self\"> <img decoding=\"async\" alt=\"Feutre doux (5)\" class=\"fl-photo-img wp-image-2364\" itemprop=\"image\" src=\"\/wp-content\/uploads\/2025\/09\/90023093f967c7bc.webp\"> <\/img><\/a> <\/div>\n<\/p><\/div>\n<\/p><\/div>\n<div class=\"fl-mosaicflow-item\">\n<div class=\"fl-photo fl-photo-align-center\" itemscope=\"\" itemtype=\"http:\/\/schema.org\/ImageObject\">\n<div class=\"fl-photo-content fl-photo-img-jpg\"> <a href=\"\/fr\/uploads\/Soft-Felt-7.webp\/\" itemprop=\"url\" target=\"_self\"> <img decoding=\"async\" alt=\"Feutre doux (7)\" class=\"fl-photo-img wp-image-2366\" itemprop=\"image\" src=\"\/wp-content\/uploads\/2025\/09\/4d2a0ce8de54e8af.webp\"> <\/img><\/a> <\/div>\n<\/p><\/div>\n<\/p><\/div>\n<div class=\"fl-mosaicflow-item\">\n<div class=\"fl-photo fl-photo-align-center\" itemscope=\"\" itemtype=\"http:\/\/schema.org\/ImageObject\">\n<div class=\"fl-photo-content fl-photo-img-jpg\"> <a href=\"\/fr\/uploads\/Soft-Felt-4.webp\/\" itemprop=\"url\" target=\"_self\"> <img decoding=\"async\" alt=\"Feutre doux (4)\" class=\"fl-photo-img wp-image-2367\" itemprop=\"image\" src=\"\/wp-content\/uploads\/2025\/09\/778e08640f4e2401.webp\"> <\/img><\/a> <\/div>\n<\/p><\/div>\n<\/p><\/div>\n<\/p><\/div>\n<div class=\"fl-clear\"><\/div>\n<\/p><\/div>\n<\/p><\/div>\n<\/p><\/div>\n<\/p><\/div>\n<\/p><\/div>\n<\/p><\/div>\n<div class=\"fl-col-group fl-node-66177d3f4a6c6\" data-node=\"66177d3f4a6c6\">\n<div class=\"fl-col fl-node-66177d3f4a87e\" data-node=\"66177d3f4a87e\" style=\"width: 100%;\">\n<div class=\"fl-col-content fl-node-content\">\n<div class=\"fl-module fl-module-photo fl-node-66177d3f4a568\" data-animation-delay=\"0.0\" data-node=\"66177d3f4a568\">\n<div class=\"fl-module-content fl-node-content\">\n<div class=\"fl-photo fl-photo-align-center\" itemscope=\"\" itemtype=\"http:\/\/schema.org\/ImageObject\">\n<div class=\"fl-photo-content fl-photo-img-jpg\"> <img decoding=\"async\" alt=\"Lieu de travail Semiera\" class=\"fl-photo-img wp-image-7286\" itemprop=\"image\" src=\"\/wp-content\/uploads\/2025\/09\/b1dd0bcab1675ff4.webp\"> <\/img><\/div>\n<\/p><\/div>\n<\/p><\/div>\n<\/p><\/div>\n<div class=\"fl-module fl-module-photo fl-node-66177d4aa4bcd\" data-animation-delay=\"0.0\" data-node=\"66177d4aa4bcd\">\n<div class=\"fl-module-content fl-node-content\">\n<div class=\"fl-photo fl-photo-align-center\" itemscope=\"\" itemtype=\"http:\/\/schema.org\/ImageObject\">\n<div class=\"fl-photo-content fl-photo-img-jpg\"> <img decoding=\"async\" alt=\"Semirara Lieu de travail 2\" class=\"fl-photo-img wp-image-7287\" itemprop=\"image\" src=\"\/wp-content\/uploads\/2025\/09\/2b946d2b4b61306d.webp\"> <\/img><\/div>\n<\/p><\/div>\n<\/p><\/div>\n<\/p><\/div>\n<div class=\"fl-module fl-module-photo fl-node-66177d49c7849\" data-animation-delay=\"0.0\" data-node=\"66177d49c7849\">\n<div class=\"fl-module-content fl-node-content\">\n<div class=\"fl-photo fl-photo-align-center\" itemscope=\"\" itemtype=\"http:\/\/schema.org\/ImageObject\">\n<div class=\"fl-photo-content fl-photo-img-jpg\"> <img decoding=\"async\" alt=\"Machine de mat\u00e9riel\" class=\"fl-photo-img wp-image-7288\" itemprop=\"image\" src=\"\/wp-content\/uploads\/2025\/09\/081b6529d68ead23.webp\"\/> <\/div>\n<\/p><\/div>\n<\/p><\/div>\n<\/p><\/div>\n<div class=\"fl-module fl-module-photo fl-node-66177d48f3128\" data-animation-delay=\"0.0\" data-node=\"66177d48f3128\">\n<div class=\"fl-module-content fl-node-content\">\n<div class=\"fl-photo fl-photo-align-center\" itemscope=\"\" itemtype=\"http:\/\/schema.org\/ImageObject\">\n<div class=\"fl-photo-content fl-photo-img-jpg\"> <img decoding=\"async\" alt=\"Traitement CNN, nettoyage chimique, rev\u00eatement CVD\" class=\"fl-photo-img wp-image-7289\" itemprop=\"image\" src=\"\/wp-content\/uploads\/2025\/09\/a4132b2b399abbac.webp\"\/> <\/div>\n<\/p><\/div>\n<\/p><\/div>\n<\/p><\/div>\n<div class=\"fl-module fl-module-photo fl-node-66177d47dbb38\" data-animation-delay=\"0.0\" data-node=\"66177d47dbb38\">\n<div class=\"fl-module-content fl-node-content\">\n<div class=\"fl-photo fl-photo-align-center\" itemscope=\"\" itemtype=\"http:\/\/schema.org\/ImageObject\">\n<div class=\"fl-photo-content fl-photo-img-jpg\"> <img decoding=\"async\" alt=\"Notre service\" class=\"fl-photo-img wp-image-7290\" itemprop=\"image\" src=\"\/wp-content\/uploads\/2025\/09\/b07f222c0ec0ab8d.webp\"\/> <\/div>\n<\/p><\/div>\n<\/p><\/div>\n<\/p><\/div>\n<\/p><\/div>\n<\/p><\/div>\n<\/p><\/div>\n<\/p><\/div>\n<\/p><\/div>\n<\/p><\/div>\n<\/div>","protected":false},"excerpt":{"rendered":"<p>Semiera Energy Technology Co., Ltd. est un fournisseur de premier plan sp\u00e9cialis\u00e9 dans les consommables de plaquettes et de semi-conducteurs avanc\u00e9s. Oxyde d'aluminium et etc. En tant que fournisseur de confiance, nous comprenons l'importance des consommables dans le processus de fabrication, et nous nous engageons \u00e0 fournir des produits qui r\u00e9pondent aux normes de qualit\u00e9 les plus \u00e9lev\u00e9es pour r\u00e9pondre aux besoins de nos clients.<\/p>","protected":false},"featured_media":798,"comment_status":"closed","ping_status":"open","template":"","meta":[],"product_brand":[],"product_cat":[29,43],"product_tag":[],"class_list":{"0":"post-2189","1":"product","2":"type-product","3":"status-publish","4":"has-post-thumbnail","6":"product_cat-carbon-fiber","7":"product_cat-soft-felt","9":"first","10":"instock","11":"product-type-simple"},"_links":{"self":[{"href":"https:\/\/www.cn-semiconductorparts.com\/fr\/wp-json\/wp\/v2\/product\/2189","targetHints":{"allow":["GET"]}}],"collection":[{"href":"https:\/\/www.cn-semiconductorparts.com\/fr\/wp-json\/wp\/v2\/product"}],"about":[{"href":"https:\/\/www.cn-semiconductorparts.com\/fr\/wp-json\/wp\/v2\/types\/product"}],"replies":[{"embeddable":true,"href":"https:\/\/www.cn-semiconductorparts.com\/fr\/wp-json\/wp\/v2\/comments?post=2189"}],"wp:featuredmedia":[{"embeddable":true,"href":"https:\/\/www.cn-semiconductorparts.com\/fr\/wp-json\/wp\/v2\/media\/798"}],"wp:attachment":[{"href":"https:\/\/www.cn-semiconductorparts.com\/fr\/wp-json\/wp\/v2\/media?parent=2189"}],"wp:term":[{"taxonomy":"product_brand","embeddable":true,"href":"https:\/\/www.cn-semiconductorparts.com\/fr\/wp-json\/wp\/v2\/product_brand?post=2189"},{"taxonomy":"product_cat","embeddable":true,"href":"https:\/\/www.cn-semiconductorparts.com\/fr\/wp-json\/wp\/v2\/product_cat?post=2189"},{"taxonomy":"product_tag","embeddable":true,"href":"https:\/\/www.cn-semiconductorparts.com\/fr\/wp-json\/wp\/v2\/product_tag?post=2189"}],"curies":[{"name":"WP","href":"https:\/\/api.w.org\/{rel}","templated":true}]}}