{"id":2196,"date":"2025-09-11T05:33:20","date_gmt":"2025-09-11T05:33:20","guid":{"rendered":"https:\/\/weitai2.globaldeepsea.site\/product\/high-quality-semiconductor-silicon-carbide-cantilever-paddle\/"},"modified":"2026-04-29T15:28:16","modified_gmt":"2026-04-29T07:28:16","slug":"high-quality-semiconductor-silicon-carbide-cantilever-paddle","status":"publish","type":"product","link":"https:\/\/www.cn-semiconductorparts.com\/fr\/product\/high-quality-semiconductor-silicon-carbide-cantilever-paddle\/","title":{"rendered":"High quality semiconductor silicon carbide cantilever paddle"},"content":{"rendered":"<p><?xml encoding=\"utf-8\" ?><\/p>\n<div class=\"fl-builder-content fl-builder-content-3597 fl-builder-content-primary fl-builder-global-templates-locked\" data-post-id=\"3597\">\n<div class=\"fl-row fl-row-full-width fl-row-bg-none fl-node-64e9707f2475f\" data-node=\"64e9707f2475f\">\n<div class=\"fl-row-content-wrap\">\n<div class=\"fl-row-content fl-row-full-width fl-node-content\">\n<div class=\"fl-col-group fl-node-64e9707f247dd\" data-node=\"64e9707f247dd\">\n<div class=\"fl-col fl-node-64e9707f2481a\" data-node=\"64e9707f2481a\" style=\"width: 100%;\">\n<div class=\"fl-col-content fl-node-content\">\n<div class=\"fl-module fl-module-rich-text fl-node-64e9707f24858\" data-animation-delay=\"0.0\" data-node=\"64e9707f24858\">\n<div class=\"fl-module-content fl-node-content\">\n<div class=\"fl-rich-text\">\n<p><span style=\"font-family: arial, helvetica, sans-serif; font-size: medium;\">Semicera introduces high-quality semiconductor silicon carbide cantilever paddles, designed to meet the stringent demands of modern semiconductor manufacturing.<\/span><\/p>\n<p><span style=\"font-family: arial, helvetica, sans-serif; font-size: medium;\">The silicon carbide paddle features an advanced design that minimizes thermal expansion and warping, making it highly reliable in extreme conditions. Its robust construction offers enhanced durability, reducing the risk of breakage or wear, which is critical in maintaining high yields and consistent production quality. The wafer boat design also integrates seamlessly with standard semiconductor processing equipment, ensuring compatibility and ease of use.<\/span><\/p>\n<p><span style=\"font-family: arial, helvetica, sans-serif; font-size: medium;\">One of the standout features of the Semicera SiC paddle is its chemical resistance, which allows it to perform exceptionally well in environments exposed to corrosive gases and chemicals. Semicera&#8217;s focus on customization allows for tailored solutions.<\/span><\/p>\n<\/p><\/div>\n<\/p><\/div>\n<\/p><\/div>\n<\/p><\/div>\n<\/p><\/div>\n<\/p><\/div>\n<div class=\"fl-col-group fl-node-64e9707f249fb\" data-node=\"64e9707f249fb\">\n<div class=\"fl-col fl-node-64e9707f24a3a\" data-node=\"64e9707f24a3a\" style=\"width: 100%;\">\n<div class=\"fl-col-content fl-node-content\">\n<div class=\"fl-module fl-module-rich-text fl-node-66d038a183b36\" data-animation-delay=\"0.0\" data-node=\"66d038a183b36\">\n<div class=\"fl-module-content fl-node-content\">\n<div class=\"fl-rich-text\">\n<table border=\"1\" cellspacing=\"0\">\n<tbody>\n<tr>\n<td colspan=\"2\" valign=\"center\" width=\"568\">\n<p style=\"text-align: center;\">&nbsp;<strong><span style=\"color: #000000; font-family: arial, helvetica, sans-serif; font-size: medium;\">Propri\u00e9t\u00e9s physiques du carbure de silicium recristallis\u00e9<\/span><\/strong><\/p>\n<\/td>\n<\/tr>\n<tr>\n<td valign=\"center\" width=\"249\">\n<p align=\"justify\"><span style=\"font-family: arial, helvetica, sans-serif; font-size: medium;\">Propri\u00e9t\u00e9<\/span><\/p>\n<\/td>\n<td valign=\"center\" width=\"318\">\n<p align=\"justify\"><span style=\"font-family: arial, helvetica, sans-serif; font-size: medium;\">Valeur typique<\/span><\/p>\n<\/td>\n<\/tr>\n<tr>\n<td valign=\"center\" width=\"249\">\n<p align=\"justify\"><span style=\"font-family: arial, helvetica, sans-serif; font-size: medium;\">Working temperature (&deg;C)<\/span><\/p>\n<\/td>\n<td valign=\"center\" width=\"318\">\n<p align=\"justify\"><span style=\"font-family: arial, helvetica, sans-serif; font-size: medium;\">1600&deg;C (with oxygen), 1700&deg;C (reducing environment)<\/span><\/p>\n<\/td>\n<\/tr>\n<tr>\n<td valign=\"center\" width=\"249\">\n<p align=\"justify\"><span style=\"font-family: arial, helvetica, sans-serif; font-size: medium;\">Contenu SIC<\/span><\/p>\n<\/td>\n<td valign=\"center\" width=\"318\">\n<p align=\"justify\"><span style=\"font-family: arial, helvetica, sans-serif; font-size: medium;\">&gt; 99.96%<\/span><\/p>\n<\/td>\n<\/tr>\n<tr>\n<td valign=\"center\" width=\"249\">\n<p align=\"justify\"><span style=\"font-family: arial, helvetica, sans-serif; font-size: medium;\">Contenu SI gratuit<\/span><\/p>\n<\/td>\n<td valign=\"center\" width=\"318\">\n<p align=\"justify\"><span style=\"font-family: arial, helvetica, sans-serif; font-size: medium;\">&lt;0,1%<\/span><\/p>\n<\/td>\n<\/tr>\n<tr>\n<td valign=\"center\" width=\"249\">\n<p align=\"justify\"><span style=\"font-family: arial, helvetica, sans-serif; font-size: medium;\">Densit\u00e9 en vrac<\/span><\/p>\n<\/td>\n<td valign=\"center\" width=\"318\">\n<p align=\"justify\"><span style=\"font-family: arial, helvetica, sans-serif; font-size: medium;\">2.60-2.70&nbsp;g\/cm<sup>3<\/sup><\/span><\/p>\n<\/td>\n<\/tr>\n<tr>\n<td valign=\"center\" width=\"249\">\n<p align=\"justify\"><span style=\"font-family: arial, helvetica, sans-serif; font-size: medium;\">Porosit\u00e9 apparente<\/span><\/p>\n<\/td>\n<td valign=\"center\" width=\"318\">\n<p align=\"justify\"><span style=\"font-family: arial, helvetica, sans-serif; font-size: medium;\">&lt;16%<\/span><\/p>\n<\/td>\n<\/tr>\n<tr>\n<td valign=\"center\" width=\"249\">\n<p align=\"justify\"><span style=\"font-family: arial, helvetica, sans-serif; font-size: medium;\">Compression&nbsp;strength<\/span><\/p>\n<\/td>\n<td valign=\"center\" width=\"318\">\n<p align=\"justify\"><span style=\"font-family: arial, helvetica, sans-serif; font-size: medium;\">&gt; 600&nbsp;MPa<\/span><\/p>\n<\/td>\n<\/tr>\n<tr>\n<td valign=\"center\" width=\"249\">\n<p align=\"justify\"><span style=\"font-family: arial, helvetica, sans-serif; font-size: medium;\">R\u00e9sistance \u00e0 la flexion froide<\/span><\/p>\n<\/td>\n<td valign=\"center\" width=\"318\">\n<p align=\"justify\"><span style=\"font-family: arial, helvetica, sans-serif; font-size: medium;\">80-90 MPa (20&deg;C)<\/span><\/p>\n<\/td>\n<\/tr>\n<tr>\n<td valign=\"center\" width=\"249\">\n<p align=\"justify\"><span style=\"font-family: arial, helvetica, sans-serif; font-size: medium;\">R\u00e9sistance \u00e0 la flexion chaude<\/span><\/p>\n<\/td>\n<td valign=\"center\" width=\"318\">\n<p align=\"justify\"><span style=\"font-family: arial, helvetica, sans-serif; font-size: medium;\">90-100 MPa (1400&deg;C)<\/span><\/p>\n<\/td>\n<\/tr>\n<tr>\n<td valign=\"center\" width=\"249\">\n<p align=\"justify\"><span style=\"font-family: arial, helvetica, sans-serif; font-size: medium;\">Thermal expansion @1500&deg;C<\/span><\/p>\n<\/td>\n<td valign=\"center\" width=\"318\">\n<p align=\"justify\"><span style=\"font-family: arial, helvetica, sans-serif; font-size: medium;\">4.70 10<sup>-6<\/sup>\/&deg;C<\/span><\/p>\n<\/td>\n<\/tr>\n<tr>\n<td valign=\"center\" width=\"249\">\n<p align=\"justify\"><span style=\"font-family: arial, helvetica, sans-serif; font-size: medium;\">Thermal conductivity @1200&deg;C<\/span><\/p>\n<\/td>\n<td valign=\"center\" width=\"318\">\n<p align=\"justify\"><span style=\"font-family: arial, helvetica, sans-serif; font-size: medium;\">23&nbsp;&nbsp;W\/m&bull;K<\/span><\/p>\n<\/td>\n<\/tr>\n<tr>\n<td valign=\"center\" width=\"249\">\n<p align=\"justify\"><span style=\"font-family: arial, helvetica, sans-serif; font-size: medium;\">Module \u00e9lastique<\/span><\/p>\n<\/td>\n<td valign=\"center\" width=\"318\">\n<p align=\"justify\"><span style=\"font-family: arial, helvetica, sans-serif; font-size: medium;\">240 GPA<\/span><\/p>\n<\/td>\n<\/tr>\n<tr>\n<td valign=\"center\" width=\"249\">\n<p align=\"justify\"><span style=\"font-family: arial, helvetica, sans-serif; font-size: medium;\">R\u00e9sistance aux chocs thermiques<\/span><\/p>\n<\/td>\n<td valign=\"center\" width=\"318\">\n<p align=\"justify\"><span style=\"font-family: arial, helvetica, sans-serif; font-size: medium;\">Extr\u00eamement bon<\/span><\/p>\n<\/td>\n<\/tr>\n<\/tbody>\n<\/table><\/div>\n<\/p><\/div>\n<\/p><\/div>\n<\/p><\/div>\n<\/p><\/div>\n<\/p><\/div>\n<div class=\"fl-col-group fl-node-64e9707f2494d\" data-node=\"64e9707f2494d\">\n<div class=\"fl-col fl-node-66d0385fdf3c4 fl-col-small\" data-node=\"66d0385fdf3c4\" style=\"width: 50%;\">\n<div class=\"fl-col-content fl-node-content\">\n<div class=\"fl-module fl-module-photo fl-node-64e9707f2479f\" data-animation-delay=\"0.0\" data-node=\"64e9707f2479f\">\n<div class=\"fl-module-content fl-node-content\">\n<div class=\"fl-photo fl-photo-align-center\" itemscope=\"\" itemtype=\"http:\/\/schema.org\/ImageObject\">\n<div class=\"fl-photo-content fl-photo-img-jpg\"> <img decoding=\"async\" alt=\"Cantilever Paddle (7)\" class=\"fl-photo-img wp-image-10438\" itemprop=\"image\" src=\"\/wp-content\/uploads\/2025\/09\/04f3775d99adadd3.webp\"> <\/div>\n<\/p><\/div>\n<\/p><\/div>\n<\/p><\/div>\n<\/p><\/div>\n<\/p><\/div>\n<div class=\"fl-col fl-node-64e9707f2497d fl-col-small\" data-node=\"64e9707f2497d\" style=\"width: 50%;\">\n<div class=\"fl-col-content fl-node-content\">\n<div class=\"fl-module fl-module-photo fl-node-66d0385c5d8b6\" data-animation-delay=\"0.0\" data-node=\"66d0385c5d8b6\">\n<div class=\"fl-module-content fl-node-content\">\n<div class=\"fl-photo fl-photo-align-center\" itemscope=\"\" itemtype=\"http:\/\/schema.org\/ImageObject\">\n<div class=\"fl-photo-content fl-photo-img-jpg\"> <img decoding=\"async\" alt=\"Pagni\u00e8re en porte-\u00e0-faux (4)\" class=\"fl-photo-img wp-image-10445\" itemprop=\"image\" src=\"\/wp-content\/uploads\/2025\/09\/6d8d287d2c9c279a.webp\"> <\/div>\n<\/p><\/div>\n<\/p><\/div>\n<\/p><\/div>\n<\/p><\/div>\n<\/p><\/div>\n<\/p><\/div>\n<div class=\"fl-col-group fl-node-66d03a2a95287\" data-node=\"66d03a2a95287\">\n<div class=\"fl-col fl-node-66d03a2a95554\" data-node=\"66d03a2a95554\" style=\"width: 100%;\">\n<div class=\"fl-col-content fl-node-content\">\n<div class=\"fl-module fl-module-photo fl-node-66d03a2a95058\" data-animation-delay=\"0.0\" data-node=\"66d03a2a95058\">\n<div class=\"fl-module-content fl-node-content\">\n<div class=\"fl-photo fl-photo-align-center\" itemscope=\"\" itemtype=\"http:\/\/schema.org\/ImageObject\">\n<div class=\"fl-photo-content fl-photo-img-png\"> <img decoding=\"async\" alt=\"fd658ca43ee41331d035aad94b7a9cc\" class=\"fl-photo-img wp-image-10468\" itemprop=\"image\" src=\"\/wp-content\/uploads\/2025\/09\/26953b38fe61c19b.webp\"> <\/div>\n<\/p><\/div>\n<\/p><\/div>\n<\/p><\/div>\n<\/p><\/div>\n<\/p><\/div>\n<\/p><\/div>\n<\/p><\/div>\n<\/p><\/div>\n<\/p><\/div>\n<div class=\"fl-row fl-row-full-width fl-row-bg-none fl-node-66d03894f1834\" data-node=\"66d03894f1834\">\n<div class=\"fl-row-content-wrap\">\n<div class=\"fl-row-content fl-row-full-width fl-node-content\">\n<div class=\"fl-col-group fl-node-66d03894f1875\" data-node=\"66d03894f1875\">\n<div class=\"fl-col fl-node-66d03894f18b4\" data-node=\"66d03894f18b4\" style=\"width: 100%;\">\n<div class=\"fl-col-content fl-node-content\">\n<div class=\"fl-module fl-module-photo fl-node-66d03894f18f2\" data-animation-delay=\"0.0\" data-node=\"66d03894f18f2\">\n<div class=\"fl-module-content fl-node-content\">\n<div class=\"fl-photo fl-photo-align-center\" itemscope=\"\" itemtype=\"http:\/\/schema.org\/ImageObject\">\n<div class=\"fl-photo-content fl-photo-img-jpg\"> <img decoding=\"async\" alt=\"Lieu de travail Semiera\" class=\"fl-photo-img wp-image-9038\" itemprop=\"image\" src=\"\/wp-content\/uploads\/2025\/09\/b1dd0bcab1675ff4.webp\"> <\/div>\n<\/p><\/div>\n<\/p><\/div>\n<\/p><\/div>\n<div class=\"fl-module fl-module-photo fl-node-66d03894f1a2a\" data-animation-delay=\"0.0\" data-node=\"66d03894f1a2a\">\n<div class=\"fl-module-content fl-node-content\">\n<div class=\"fl-photo fl-photo-align-center\" itemscope=\"\" itemtype=\"http:\/\/schema.org\/ImageObject\">\n<div class=\"fl-photo-content fl-photo-img-jpg\"> <img decoding=\"async\" alt=\"Semirara Lieu de travail 2\" class=\"fl-photo-img wp-image-9037\" itemprop=\"image\" src=\"\/wp-content\/uploads\/2025\/09\/2b946d2b4b61306d.webp\"> <\/div>\n<\/p><\/div>\n<\/p><\/div>\n<\/p><\/div>\n<div class=\"fl-module fl-module-photo fl-node-66d03894f19ec\" data-animation-delay=\"0.0\" data-node=\"66d03894f19ec\">\n<div class=\"fl-module-content fl-node-content\">\n<div class=\"fl-photo fl-photo-align-center\" itemscope=\"\" itemtype=\"http:\/\/schema.org\/ImageObject\">\n<div class=\"fl-photo-content fl-photo-img-jpg\"> <img decoding=\"async\" alt=\"Machine de mat\u00e9riel\" class=\"fl-photo-img wp-image-9034 size-full\" itemprop=\"image\" src=\"\/wp-content\/uploads\/2025\/09\/081b6529d68ead23.webp\"> <\/div>\n<\/p><\/div>\n<\/p><\/div>\n<\/p><\/div>\n<div class=\"fl-module fl-module-photo fl-node-66d03894f19ad\" data-animation-delay=\"0.0\" data-node=\"66d03894f19ad\">\n<div class=\"fl-module-content fl-node-content\">\n<div class=\"fl-photo fl-photo-align-center\" itemscope=\"\" itemtype=\"http:\/\/schema.org\/ImageObject\">\n<div class=\"fl-photo-content fl-photo-img-jpg\"> <img decoding=\"async\" alt=\"Traitement CNN, nettoyage chimique, rev\u00eatement CVD\" class=\"fl-photo-img wp-image-9033\" itemprop=\"image\" src=\"\/wp-content\/uploads\/2025\/09\/a4132b2b399abbac.webp\"> <\/div>\n<\/p><\/div>\n<\/p><\/div>\n<\/p><\/div>\n<div class=\"fl-module fl-module-photo fl-node-66d03894f196f\" data-animation-delay=\"0.0\" data-node=\"66d03894f196f\">\n<div class=\"fl-module-content fl-node-content\">\n<div class=\"fl-photo fl-photo-align-center\" itemscope=\"\" itemtype=\"http:\/\/schema.org\/ImageObject\">\n<div class=\"fl-photo-content fl-photo-img-jpg\"> <img decoding=\"async\" alt=\"Maison des articles semira\" class=\"fl-photo-img wp-image-9036\" itemprop=\"image\" src=\"\/wp-content\/uploads\/2025\/09\/2190bb9ce5c1d546.webp\"> <\/div>\n<\/p><\/div>\n<\/p><\/div>\n<\/p><\/div>\n<div class=\"fl-module fl-module-photo fl-node-66d03894f1931\" data-animation-delay=\"0.0\" data-node=\"66d03894f1931\">\n<div class=\"fl-module-content fl-node-content\">\n<div class=\"fl-photo fl-photo-align-center\" itemscope=\"\" itemtype=\"http:\/\/schema.org\/ImageObject\">\n<div class=\"fl-photo-content fl-photo-img-jpg\"> <img decoding=\"async\" alt=\"Notre service\" class=\"fl-photo-img wp-image-9035\" itemprop=\"image\" src=\"\/wp-content\/uploads\/2025\/09\/b07f222c0ec0ab8d.webp\"> <\/div>\n<\/p><\/div>\n<\/p><\/div>\n<\/p><\/div>\n<\/p><\/div>\n<\/p><\/div>\n<\/p><\/div>\n<\/p><\/div>\n<\/p><\/div>\n<\/p><\/div>\n<\/div>","protected":false},"excerpt":{"rendered":"<p><?xml encoding=\"utf-8\" ?><\/p>\n<p>Semicera Semiconductor Technology Co., Ltd.&nbsp;is a leading supplier specializing in wafer and advanced semiconductor consumables.We are dedicated to providing high-quality, reliable, and innovative products to semiconductor manufacturing,photovoltaic industryand other related fields.Our product line includes SiC\/TaC coated graphite products and ceramic products, encompassing various materials such as silicon carbide, silicon nitride, and aluminum oxide and etc.As a trusted supplier, we understand the importance of consumables in the manufacturing process, and we are committed to delivering products that meet the highest quality standards to fulfill our customers&rsquo; needs.<\/p>","protected":false},"featured_media":928,"comment_status":"closed","ping_status":"open","template":"","meta":[],"product_brand":[],"product_cat":[38,29],"product_tag":[],"class_list":{"0":"post-2196","1":"product","2":"type-product","3":"status-publish","4":"has-post-thumbnail","6":"product_cat-c-c-composite-cfc","7":"product_cat-carbon-fiber","9":"first","10":"instock","11":"product-type-simple"},"_links":{"self":[{"href":"https:\/\/www.cn-semiconductorparts.com\/fr\/wp-json\/wp\/v2\/product\/2196","targetHints":{"allow":["GET"]}}],"collection":[{"href":"https:\/\/www.cn-semiconductorparts.com\/fr\/wp-json\/wp\/v2\/product"}],"about":[{"href":"https:\/\/www.cn-semiconductorparts.com\/fr\/wp-json\/wp\/v2\/types\/product"}],"replies":[{"embeddable":true,"href":"https:\/\/www.cn-semiconductorparts.com\/fr\/wp-json\/wp\/v2\/comments?post=2196"}],"wp:featuredmedia":[{"embeddable":true,"href":"https:\/\/www.cn-semiconductorparts.com\/fr\/wp-json\/wp\/v2\/media\/928"}],"wp:attachment":[{"href":"https:\/\/www.cn-semiconductorparts.com\/fr\/wp-json\/wp\/v2\/media?parent=2196"}],"wp:term":[{"taxonomy":"product_brand","embeddable":true,"href":"https:\/\/www.cn-semiconductorparts.com\/fr\/wp-json\/wp\/v2\/product_brand?post=2196"},{"taxonomy":"product_cat","embeddable":true,"href":"https:\/\/www.cn-semiconductorparts.com\/fr\/wp-json\/wp\/v2\/product_cat?post=2196"},{"taxonomy":"product_tag","embeddable":true,"href":"https:\/\/www.cn-semiconductorparts.com\/fr\/wp-json\/wp\/v2\/product_tag?post=2196"}],"curies":[{"name":"WP","href":"https:\/\/api.w.org\/{rel}","templated":true}]}}