{"id":2204,"date":"2025-09-11T05:33:20","date_gmt":"2025-09-11T05:33:20","guid":{"rendered":"https:\/\/weitai2.globaldeepsea.site\/product\/sic-products-high-temperature-resistant-sic-ceramic-saggar\/"},"modified":"2026-04-29T15:28:19","modified_gmt":"2026-04-29T07:28:19","slug":"sic-products-high-temperature-resistant-sic-ceramic-saggar","status":"publish","type":"product","link":"https:\/\/www.cn-semiconductorparts.com\/fr\/product\/sic-products-high-temperature-resistant-sic-ceramic-saggar\/","title":{"rendered":"SiC products high temperature resistant SiC ceramic saggar"},"content":{"rendered":"<div class=\"fl-builder-content fl-builder-content-3453 fl-builder-content-primary fl-builder-global-templates-locked\" data-post-id=\"3453\">\n<div class=\"fl-row fl-row-full-width fl-row-bg-none fl-node-64e5c38a0ec2a\" data-node=\"64e5c38a0ec2a\">\n<div class=\"fl-row-content-wrap\">\n<div class=\"fl-row-content fl-row-full-width fl-node-content\">\n<div class=\"fl-col-group fl-node-64e5c38a0ec6a\" data-node=\"64e5c38a0ec6a\">\n<div class=\"fl-col fl-node-64e5c38a0eca8 fl-col-small\" data-node=\"64e5c38a0eca8\" style=\"width: 50%;\">\n<div class=\"fl-col-content fl-node-content\">\n<div class=\"fl-module fl-module-rich-text fl-node-64e5c38a0ece5\" data-animation-delay=\"0.0\" data-node=\"64e5c38a0ece5\">\n<div class=\"fl-module-content fl-node-content\">\n<div class=\"fl-rich-text\">\n<p>Le carbure de silicium est un nouveau type de c\u00e9ramique avec des performances \u00e0 co\u00fbt \u00e9lev\u00e9 et d'excellentes propri\u00e9t\u00e9s de mat\u00e9riaux. En raison de caract\u00e9ristiques telles que la r\u00e9sistance \u00e9lev\u00e9e et la duret\u00e9, une r\u00e9sistance \u00e0 haute temp\u00e9rature, une grande conductivit\u00e9 thermique et une r\u00e9sistance \u00e0 la corrosion chimique, le carbure de silicium peut presque r\u00e9sister \u00e0 tout milieu chimique. Par cons\u00e9quent, les SiC sont largement utilis\u00e9s dans l'exploration de p\u00e9trole, les produits chimiques, les machines et l'espace a\u00e9rien, m\u00eame l'\u00e9nergie nucl\u00e9aire et les militaires ont leurs demandes sp\u00e9ciales en sic. Certaines applications normales que nous pouvons offrir sont les anneaux de joint pour la pompe, la vanne et l'armure de protection, etc.<\/p>\n<p>Nous sommes en mesure de concevoir et de fabriquer en fonction de vos dimensions sp\u00e9cifiques avec une bonne qualit\u00e9 et un temps de livraison raisonnable.\u00a0<\/p>\n<\/p><\/div>\n<\/p><\/div>\n<\/p><\/div>\n<\/p><\/div>\n<\/p><\/div>\n<div class=\"fl-col fl-node-64e5c391b9de8 fl-col-small\" data-node=\"64e5c391b9de8\" style=\"width: 50%;\">\n<div class=\"fl-col-content fl-node-content\">\n<div class=\"fl-module fl-module-photo fl-node-64e5c391b9a19\" data-animation-delay=\"0.0\" data-node=\"64e5c391b9a19\">\n<div class=\"fl-module-content fl-node-content\">\n<div class=\"fl-photo fl-photo-align-center\" itemscope=\"\" itemtype=\"http:\/\/schema.org\/ImageObject\">\n<div class=\"fl-photo-content fl-photo-img-png\"> <img decoding=\"async\" alt=\"Silicon Carbide Sagger (6)\" class=\"fl-photo-img wp-image-3470\" itemprop=\"image\" src=\"\/wp-content\/uploads\/2025\/09\/b6d8167cd1d1260c.webp\"> <\/img><\/div>\n<\/p><\/div>\n<\/p><\/div>\n<\/p><\/div>\n<\/p><\/div>\n<\/p><\/div>\n<\/p><\/div>\n<div class=\"fl-col-group fl-node-64e5c38a0ed22\" data-node=\"64e5c38a0ed22\">\n<div class=\"fl-col fl-node-64e5c38a0ed45\" data-node=\"64e5c38a0ed45\" style=\"width: 100%;\">\n<div class=\"fl-col-content fl-node-content\">\n<div class=\"fl-module fl-module-rich-text fl-node-64e5c38a0ed82\" data-animation-delay=\"0.0\" data-node=\"64e5c38a0ed82\">\n<div class=\"fl-module-content fl-node-content\">\n<div class=\"fl-rich-text\">\n<p><span style=\"font-family: Calibri;\">Applications:<\/span><\/p>\n<p><span style=\"font-family: Calibri;\">-Champ r\u00e9sistant \u00e0 l'usure: bague, assiette, buse de sable, doublure du cyclone, grincement du canon, etc.\u2026<\/span><\/p>\n<p><span style=\"font-family: Calibri;\">-Champ \u00e0 haute temp\u00e9rature: dalle SIC, tube de four \u00e0 trempe, tube rayonnant, creuset, \u00e9l\u00e9ment de chauffage, rouleau, faisceau, \u00e9changeur de chaleur, tuyau \u00e0 air froid, buse de br\u00fbleur, tube de protection du thermocouple, bateau sic, structure de la voiture du four, setter, etc.<\/span><\/p>\n<p><span style=\"font-family: Calibri;\">-Champ de balles militaire<\/span><\/p>\n<p><span style=\"font-family: Calibri;\">-Semi-conducteur en carbure de silicium: bateau \u00e0 la plaquette SIC, Chuck sic, pagaie SIC, cassette sic, tube de diffusion SIC, fourchette, plaque d'aspiration, guide, etc.<\/span><\/p>\n<p><span style=\"font-family: Calibri;\">-Champ de joint en carbure de silicium: Toutes sortes d'anneau d'\u00e9tanch\u00e9it\u00e9, de roulement, de bague, etc.<\/span><\/p>\n<p><span style=\"font-family: Calibri;\">-Champ photovolta\u00efque: pagaie en porte-\u00e0-faux, baril de broyage, rouleau en carbure de silicium, etc.<\/span><\/p>\n<p><span style=\"font-family: Calibri;\">-Champ de batterie au lithium<\/span><\/p>\n<\/p><\/div>\n<\/p><\/div>\n<\/p><\/div>\n<\/p><\/div>\n<\/p><\/div>\n<\/p><\/div>\n<div class=\"fl-col-group fl-node-64e5c38a0ef6d\" data-node=\"64e5c38a0ef6d\">\n<div class=\"fl-col fl-node-64e5c38a0efaa\" data-node=\"64e5c38a0efaa\" style=\"width: 100%;\">\n<div class=\"fl-col-content fl-node-content\">\n<div class=\"fl-module fl-module-gallery fl-node-64e5c38a0efe7\" data-animation-delay=\"0.0\" data-node=\"64e5c38a0efe7\">\n<div class=\"fl-module-content fl-node-content\">\n<div class=\"fl-mosaicflow\">\n<div class=\"fl-mosaicflow-content\">\n<div class=\"fl-mosaicflow-item\">\n<div class=\"fl-photo fl-photo-align-center\" itemscope=\"\" itemtype=\"http:\/\/schema.org\/ImageObject\">\n<div class=\"fl-photo-content fl-photo-img-png\"> <a href=\"\/fr\/uploads\/28ff221e11.webp\/\" itemprop=\"url\" target=\"_self\"> <img decoding=\"async\" alt=\"Sans titre\" class=\"fl-photo-img wp-image-2492\" itemprop=\"image\" src=\"\/wp-content\/uploads\/2025\/09\/7d66089f241eb2fc.webp\"> <\/img><\/a> <\/div>\n<\/p><\/div>\n<\/p><\/div>\n<div class=\"fl-mosaicflow-item\">\n<div class=\"fl-photo fl-photo-align-center\" itemscope=\"\" itemtype=\"http:\/\/schema.org\/ImageObject\">\n<div class=\"fl-photo-content fl-photo-img-png\"> <a href=\"\/fr\/uploads\/52e9658a1.webp\/\" itemprop=\"url\" target=\"_self\"> <img decoding=\"async\" alt=\"Sans titre\" class=\"fl-photo-img wp-image-2493\" itemprop=\"image\" src=\"\/wp-content\/uploads\/2025\/09\/215e03cfbaafb311.webp\"> <\/img><\/a> <\/div>\n<\/p><\/div>\n<\/p><\/div>\n<div class=\"fl-mosaicflow-item\">\n<div class=\"fl-photo fl-photo-align-center\" itemscope=\"\" itemtype=\"http:\/\/schema.org\/ImageObject\">\n<div class=\"fl-photo-content fl-photo-img-png\"> <a href=\"\/fr\/uploads\/ff7efb55.webp\/\" itemprop=\"url\" target=\"_self\"> <img decoding=\"async\" alt=\"Sans titre-3\" class=\"fl-photo-img wp-image-2494\" itemprop=\"image\" src=\"\/wp-content\/uploads\/2025\/09\/778f96ab4cfc0733.webp\"> <\/img><\/a> <\/div>\n<\/p><\/div>\n<\/p><\/div>\n<\/p><\/div>\n<div class=\"fl-clear\"><\/div>\n<\/p><\/div>\n<\/p><\/div>\n<\/p><\/div>\n<\/p><\/div>\n<\/p><\/div>\n<\/p><\/div>\n<div class=\"fl-col-group fl-node-64e5c38a0f025\" data-node=\"64e5c38a0f025\">\n<div class=\"fl-col fl-node-64e5c38a0f062\" data-node=\"64e5c38a0f062\" style=\"width: 100%;\">\n<div class=\"fl-col-content fl-node-content\">\n<div class=\"fl-module fl-module-rich-text fl-node-64e5c38a0f09f\" data-animation-delay=\"0.0\" data-node=\"64e5c38a0f09f\">\n<div class=\"fl-module-content fl-node-content\">\n<div class=\"fl-rich-text\">\n<p data-section=\"0\">1, conductivit\u00e9 thermique \u00e9lev\u00e9e exceptionnelle: la conductivit\u00e9 thermique est beaucoup plus \u00e9lev\u00e9e que les autres mat\u00e9riaux r\u00e9sistants \u00e0 la corrosion; Utilisez moins de zone d'\u00e9change de chaleur pour la m\u00eame efficacit\u00e9 d'\u00e9change de chaleur; Permet des tailles d'\u00e9changeurs de chaleur plus petites; R\u00e9duire consid\u00e9rablement l'espace occup\u00e9 et r\u00e9duire le co\u00fbt d'utilisation;<\/p>\n<p data-section=\"1\">2, r\u00e9sistance \u00e0 la corrosion exceptionnelle: avec une tr\u00e8s grande r\u00e9sistance \u00e0 la corrosion, une r\u00e9sistance \u00e0 l'oxydation et une r\u00e9sistance \u00e0 l'\u00e9rosion peuvent r\u00e9sister \u00e0 une concentration \u00e9lev\u00e9e d'acide sulfurique, d'acide nitrique, d'acide phosphorique, d'acide mixte, d'alcali forte, d'oxydant, etc., avec une excellente dur\u00e9e de vie;<\/p>\n<p data-section=\"2\">3, excellentes propri\u00e9t\u00e9s thermodynamiques: excellentes propri\u00e9t\u00e9s thermodynamiques avec une forte r\u00e9sistance et une duret\u00e9 \u00e9lev\u00e9e; Forte r\u00e9sistance \u00e0 l'usure et r\u00e9sistance \u00e0 la perm\u00e9abilit\u00e9 sous une temp\u00e9rature et une pression extr\u00eamement \u00e9lev\u00e9es; Laissez le milieu passer \u00e0 grande vitesse; Il peut \u00eatre utilis\u00e9 normalement \u00e0 haute temp\u00e9rature de 1300 \u2103.<\/p>\n<\/p><\/div>\n<\/p><\/div>\n<\/p><\/div>\n<\/p><\/div>\n<\/p><\/div>\n<\/p><\/div>\n<div class=\"fl-col-group fl-node-64e5c38a0edc0\" data-node=\"64e5c38a0edc0\">\n<div class=\"fl-col fl-node-64e5c38a0edfc\" data-node=\"64e5c38a0edfc\" style=\"width: 100%;\">\n<div class=\"fl-col-content fl-node-content\">\n<div class=\"fl-module fl-module-heading fl-node-64e5c38a0ee77\" data-animation-delay=\"0.0\" data-node=\"64e5c38a0ee77\">\n<div class=\"fl-module-content fl-node-content\">\n<h3 class=\"fl-heading\"> <span class=\"fl-heading-text\">Param\u00e8tres techniques<\/span> <\/h3>\n<\/p><\/div>\n<\/p><\/div>\n<div class=\"fl-module fl-module-photo fl-node-64e5c38a0ee3a\" data-animation-delay=\"0.0\" data-node=\"64e5c38a0ee3a\">\n<div class=\"fl-module-content fl-node-content\">\n<div class=\"fl-photo fl-photo-align-center\" itemscope=\"\" itemtype=\"http:\/\/schema.org\/ImageObject\">\n<div class=\"fl-photo-content fl-photo-img-png\"> <img decoding=\"async\" alt=\"Photo 1\" class=\"fl-photo-img wp-image-2429\" itemprop=\"image\" src=\"\/wp-content\/uploads\/2025\/09\/e16a8a56d25ff317.webp\"> <\/img><\/div>\n<\/p><\/div>\n<\/p><\/div>\n<\/p><\/div>\n<\/p><\/div>\n<\/p><\/div>\n<\/p><\/div>\n<\/p><\/div>\n<\/p><\/div>\n<\/p><\/div>\n<\/div>","protected":false},"excerpt":{"rendered":"<p>The SiC Products High Temperature Resistant SiC Ceramic Saggar by Semicera is designed for exceptional performance in extreme thermal environments. Engineered from high-quality silicon carbide, this saggar offers outstanding resistance to high temperatures and thermal shock, making it ideal for various industrial applications. With Semicera\u2019s commitment to quality and innovation, these saggars ensure reliable protection for your materials during processing. Trust Semicera for durable and efficient solutions that meet your high-temperature needs.<\/p>","protected":false},"featured_media":843,"comment_status":"closed","ping_status":"open","template":"","meta":[],"product_brand":[],"product_cat":[25,24],"product_tag":[],"class_list":{"0":"post-2204","1":"product","2":"type-product","3":"status-publish","4":"has-post-thumbnail","6":"product_cat-more-sic-product","7":"product_cat-silicon-carbide-ceramic","9":"first","10":"instock","11":"product-type-simple"},"_links":{"self":[{"href":"https:\/\/www.cn-semiconductorparts.com\/fr\/wp-json\/wp\/v2\/product\/2204","targetHints":{"allow":["GET"]}}],"collection":[{"href":"https:\/\/www.cn-semiconductorparts.com\/fr\/wp-json\/wp\/v2\/product"}],"about":[{"href":"https:\/\/www.cn-semiconductorparts.com\/fr\/wp-json\/wp\/v2\/types\/product"}],"replies":[{"embeddable":true,"href":"https:\/\/www.cn-semiconductorparts.com\/fr\/wp-json\/wp\/v2\/comments?post=2204"}],"wp:featuredmedia":[{"embeddable":true,"href":"https:\/\/www.cn-semiconductorparts.com\/fr\/wp-json\/wp\/v2\/media\/843"}],"wp:attachment":[{"href":"https:\/\/www.cn-semiconductorparts.com\/fr\/wp-json\/wp\/v2\/media?parent=2204"}],"wp:term":[{"taxonomy":"product_brand","embeddable":true,"href":"https:\/\/www.cn-semiconductorparts.com\/fr\/wp-json\/wp\/v2\/product_brand?post=2204"},{"taxonomy":"product_cat","embeddable":true,"href":"https:\/\/www.cn-semiconductorparts.com\/fr\/wp-json\/wp\/v2\/product_cat?post=2204"},{"taxonomy":"product_tag","embeddable":true,"href":"https:\/\/www.cn-semiconductorparts.com\/fr\/wp-json\/wp\/v2\/product_tag?post=2204"}],"curies":[{"name":"WP","href":"https:\/\/api.w.org\/{rel}","templated":true}]}}