{"id":2207,"date":"2025-09-11T05:33:20","date_gmt":"2025-09-11T05:33:20","guid":{"rendered":"https:\/\/weitai2.globaldeepsea.site\/product\/semiconductor-recrystallized-silicon-carbide-boat\/"},"modified":"2026-04-29T15:28:20","modified_gmt":"2026-04-29T07:28:20","slug":"semiconductor-recrystallized-silicon-carbide-boat","status":"publish","type":"product","link":"https:\/\/www.cn-semiconductorparts.com\/fr\/product\/semiconductor-recrystallized-silicon-carbide-boat\/","title":{"rendered":"Semiconductor recrystallized silicon carbide boat"},"content":{"rendered":"<div class=\"fl-builder-content fl-builder-content-3517 fl-builder-content-primary fl-builder-global-templates-locked\" data-post-id=\"3517\">\n<div class=\"fl-row fl-row-full-width fl-row-bg-none fl-node-64e713f0cbbc0\" data-node=\"64e713f0cbbc0\">\n<div class=\"fl-row-content-wrap\">\n<div class=\"fl-row-content fl-row-full-width fl-node-content\">\n<div class=\"fl-col-group fl-node-64e713f0cbe0a\" data-node=\"64e713f0cbe0a\">\n<div class=\"fl-col fl-node-64e713f0cbe4c\" data-node=\"64e713f0cbe4c\" style=\"width: 100%;\">\n<div class=\"fl-col-content fl-node-content\">\n<div class=\"fl-module fl-module-rich-text fl-node-64e713f0cbe8f\" data-animation-delay=\"0.0\" data-node=\"64e713f0cbe8f\">\n<div class=\"fl-module-content fl-node-content\">\n<div class=\"fl-rich-text\">\n<p>Le carbure de silicium est un nouveau type de c\u00e9ramique avec des performances \u00e0 co\u00fbt \u00e9lev\u00e9 et d'excellentes propri\u00e9t\u00e9s de mat\u00e9riaux. En raison de caract\u00e9ristiques telles que la r\u00e9sistance \u00e9lev\u00e9e et la duret\u00e9, une r\u00e9sistance \u00e0 haute temp\u00e9rature, une grande conductivit\u00e9 thermique et une r\u00e9sistance \u00e0 la corrosion chimique, le carbure de silicium peut presque r\u00e9sister \u00e0 tout milieu chimique. Par cons\u00e9quent, les SiC sont largement utilis\u00e9s dans l'exploration de p\u00e9trole, les produits chimiques, les machines et l'espace a\u00e9rien, m\u00eame l'\u00e9nergie nucl\u00e9aire et les militaires ont leurs demandes sp\u00e9ciales en sic. Certaines applications normales que nous pouvons offrir sont les anneaux de joint pour la pompe, la vanne et l'armure de protection, etc.<\/p>\n<p>Nous sommes en mesure de concevoir et de fabriquer en fonction de vos dimensions sp\u00e9cifiques avec une bonne qualit\u00e9 et un temps de livraison raisonnable.\u00a0<\/p>\n<\/p><\/div>\n<\/p><\/div>\n<\/p><\/div>\n<\/p><\/div>\n<\/p><\/div>\n<\/p><\/div>\n<div class=\"fl-col-group fl-node-64e713f0cbed1\" data-node=\"64e713f0cbed1\">\n<div class=\"fl-col fl-node-64e713f0cbf14\" data-node=\"64e713f0cbf14\" style=\"width: 100%;\">\n<div class=\"fl-col-content fl-node-content\">\n<div class=\"fl-module fl-module-photo fl-node-64e713f0cbf57\" data-animation-delay=\"0.0\" data-node=\"64e713f0cbf57\">\n<div class=\"fl-module-content fl-node-content\">\n<div class=\"fl-photo fl-photo-align-center\" itemscope=\"\" itemtype=\"http:\/\/schema.org\/ImageObject\">\n<div class=\"fl-photo-content fl-photo-img-jpg\"> <img decoding=\"async\" alt=\"\u5fae\u4fe1\u56fe\u7247_20230719092847\" class=\"fl-photo-img wp-image-2331\" itemprop=\"image\" src=\"\/wp-content\/uploads\/2025\/09\/9cb15e6ca591879f.webp\"> <\/img><\/div>\n<\/p><\/div>\n<\/p><\/div>\n<\/p><\/div>\n<\/p><\/div>\n<\/p><\/div>\n<\/p><\/div>\n<div class=\"fl-col-group fl-node-64e713f0cbd43\" data-node=\"64e713f0cbd43\">\n<div class=\"fl-col fl-node-64e713f0cbd85 fl-col-small\" data-node=\"64e713f0cbd85\" style=\"width: 50%;\">\n<div class=\"fl-col-content fl-node-content\">\n<div class=\"fl-module fl-module-rich-text fl-node-64e713f0cbdc8\" data-animation-delay=\"0.0\" data-node=\"64e713f0cbdc8\">\n<div class=\"fl-module-content fl-node-content\">\n<div class=\"fl-rich-text\">\n<p><span style=\"font-family: Calibri;\">A<\/span>avertir:<\/p>\n<p>R\u00e9sistance \u00e0 l'oxydation \u00e0 haute temp\u00e9rature<\/p>\n<p>Excellente r\u00e9sistance \u00e0 la corrosion<\/p>\n<p>Bonne r\u00e9sistance \u00e0 l'abrasion<\/p>\n<p>Coefficient \u00e9lev\u00e9 de conductivit\u00e9 thermique<br \/>Auto-lubricit\u00e9, faible densit\u00e9<br \/>Duret\u00e9 \u00e9lev\u00e9e<br \/>Conception personnalis\u00e9e.<\/p>\n<\/p><\/div>\n<\/p><\/div>\n<\/p><\/div>\n<\/p><\/div>\n<\/p><\/div>\n<div class=\"fl-col fl-node-64e7141840ab5 fl-col-small\" data-node=\"64e7141840ab5\" style=\"width: 50%;\">\n<div class=\"fl-col-content fl-node-content\">\n<div class=\"fl-module fl-module-photo fl-node-64e713f0cc2d3\" data-animation-delay=\"0.0\" data-node=\"64e713f0cc2d3\">\n<div class=\"fl-module-content fl-node-content\">\n<div class=\"fl-photo fl-photo-align-center\" itemscope=\"\" itemtype=\"http:\/\/schema.org\/ImageObject\">\n<div class=\"fl-photo-content fl-photo-img-png\"> <img decoding=\"async\" alt=\"silicon carbide boat (8)\" class=\"fl-photo-img wp-image-3539\" itemprop=\"image\" src=\"\/wp-content\/uploads\/2025\/09\/32afce203576862d.webp\"> <\/img><\/div>\n<\/p><\/div>\n<\/p><\/div>\n<\/p><\/div>\n<\/p><\/div>\n<\/p><\/div>\n<\/p><\/div>\n<div class=\"fl-col-group fl-node-64e713f0cc246\" data-node=\"64e713f0cc246\">\n<div class=\"fl-col fl-node-64e71423ed33a\" data-node=\"64e71423ed33a\" style=\"width: 100%;\">\n<div class=\"fl-col-content fl-node-content\">\n<div class=\"fl-module fl-module-rich-text fl-node-64e71418404b7\" data-animation-delay=\"0.0\" data-node=\"64e71418404b7\">\n<div class=\"fl-module-content fl-node-content\">\n<div class=\"fl-rich-text\">\n<p>Applications:<\/p>\n<p>-Champ r\u00e9sistant \u00e0 l'usure: bague, assiette, buse de sable, doublure du cyclone, grincement du canon, etc.\u2026<\/p>\n<p>-Champ \u00e0 haute temp\u00e9rature: dalle SIC, tube de four \u00e0 trempe, tube rayonnant, creuset, \u00e9l\u00e9ment de chauffage, rouleau, faisceau, \u00e9changeur de chaleur, tuyau \u00e0 air froid, buse de br\u00fbleur, tube de protection du thermocouple, bateau sic, structure de la voiture du four, setter, etc.<\/p>\n<p>-Champ de balles militaire<\/p>\n<p>-Semi-conducteur en carbure de silicium: bateau \u00e0 la plaquette SIC, Chuck sic, pagaie SIC, cassette sic, tube de diffusion SIC, fourchette, plaque d'aspiration, guide, etc.<\/p>\n<p>-Champ de joint en carbure de silicium: Toutes sortes d'anneau d'\u00e9tanch\u00e9it\u00e9, de roulement, de bague, etc.<\/p>\n<p>-Champ photovolta\u00efque: pagaie en porte-\u00e0-faux, baril de broyage, rouleau en carbure de silicium, etc.<\/p>\n<p>-Champ de batterie au lithium<\/p>\n<\/p><\/div>\n<\/p><\/div>\n<\/p><\/div>\n<\/p><\/div>\n<\/p><\/div>\n<\/p><\/div>\n<div class=\"fl-col-group fl-node-64e713f0cc062\" data-node=\"64e713f0cc062\">\n<div class=\"fl-col fl-node-64e713f0cc0a2\" data-node=\"64e713f0cc0a2\" style=\"width: 100%;\">\n<div class=\"fl-col-content fl-node-content\">\n<div class=\"fl-module fl-module-heading fl-node-64e713f0cc0eb\" data-animation-delay=\"0.0\" data-node=\"64e713f0cc0eb\">\n<div class=\"fl-module-content fl-node-content\">\n<h3 class=\"fl-heading\"> <span class=\"fl-heading-text\">Param\u00e8tres techniques:<\/span> <\/h3>\n<\/p><\/div>\n<\/p><\/div>\n<\/p><\/div>\n<\/p><\/div>\n<\/p><\/div>\n<div class=\"fl-col-group fl-node-64e713f0cbf9a\" data-node=\"64e713f0cbf9a\">\n<div class=\"fl-col fl-node-64e713f0cbfdc\" data-node=\"64e713f0cbfdc\" style=\"width: 100%;\">\n<div class=\"fl-col-content fl-node-content\">\n<div class=\"fl-module fl-module-photo fl-node-64e713f0cc01f\" data-animation-delay=\"0.0\" data-node=\"64e713f0cc01f\">\n<div class=\"fl-module-content fl-node-content\">\n<div class=\"fl-photo fl-photo-align-center\" itemscope=\"\" itemtype=\"http:\/\/schema.org\/ImageObject\">\n<div class=\"fl-photo-content fl-photo-img-png\"> <img decoding=\"async\" alt=\"Photo 2\" class=\"fl-photo-img wp-image-2332\" itemprop=\"image\" src=\"\/wp-content\/uploads\/2025\/09\/e16a8a56d25ff317.webp\"> <\/img><\/div>\n<\/p><\/div>\n<\/p><\/div>\n<\/p><\/div>\n<\/p><\/div>\n<\/p><\/div>\n<\/p><\/div>\n<div class=\"fl-col-group fl-node-64e713f0cbc8e\" data-node=\"64e713f0cbc8e\">\n<div class=\"fl-col fl-node-64e713f0cbcbd\" data-node=\"64e713f0cbcbd\" style=\"width: 100%;\">\n<div class=\"fl-col-content fl-node-content\">\n<div class=\"fl-module fl-module-gallery fl-node-64e713f0cbcff\" data-animation-delay=\"0.0\" data-node=\"64e713f0cbcff\">\n<div class=\"fl-module-content fl-node-content\">\n<div class=\"fl-mosaicflow\">\n<div class=\"fl-mosaicflow-content\">\n<div class=\"fl-mosaicflow-item\">\n<div class=\"fl-photo fl-photo-align-center\" itemscope=\"\" itemtype=\"http:\/\/schema.org\/ImageObject\">\n<div class=\"fl-photo-content fl-photo-img-png\"> <a href=\"\/fr\/uploads\/Silicon-carbide-crystal-boat-1.webp\/\" itemprop=\"url\" target=\"_self\"> <img decoding=\"async\" alt=\"Silicon carbide crystal boat (1)\" class=\"fl-photo-img wp-image-2806\" itemprop=\"image\" src=\"\/wp-content\/uploads\/2025\/09\/f2e8070ee2238675.webp\"> <\/img><\/a> <\/div>\n<\/p><\/div>\n<\/p><\/div>\n<div class=\"fl-mosaicflow-item\">\n<div class=\"fl-photo fl-photo-align-center\" itemscope=\"\" itemtype=\"http:\/\/schema.org\/ImageObject\">\n<div class=\"fl-photo-content fl-photo-img-png\"> <a href=\"\/fr\/uploads\/Silicon-carbide-crystal-boat-51.webp\/\" itemprop=\"url\" target=\"_self\"> <img decoding=\"async\" alt=\"Silicon carbide crystal boat (5)\" class=\"fl-photo-img wp-image-2808\" itemprop=\"image\" src=\"\/wp-content\/uploads\/2025\/09\/b647901442b4e11e.webp\"> <\/img><\/a> <\/div>\n<\/p><\/div>\n<\/p><\/div>\n<\/p><\/div>\n<div class=\"fl-clear\"><\/div>\n<\/p><\/div>\n<\/p><\/div>\n<\/p><\/div>\n<\/p><\/div>\n<\/p><\/div>\n<\/p><\/div>\n<div class=\"fl-col-group fl-node-64e713f0cc131\" data-node=\"64e713f0cc131\">\n<div class=\"fl-col fl-node-64e713f0cc176\" data-node=\"64e713f0cc176\" style=\"width: 100%;\">\n<div class=\"fl-col-content fl-node-content\">\n<div class=\"fl-module fl-module-heading fl-node-64e713f0cbc4a\" data-animation-delay=\"0.0\" data-node=\"64e713f0cbc4a\">\n<div class=\"fl-module-content fl-node-content\">\n<h3 class=\"fl-heading\"> <span class=\"fl-heading-text\">Fiche technique de mat\u00e9riaux<\/span> <\/h3>\n<\/p><\/div>\n<\/p><\/div>\n<\/p><\/div>\n<\/p><\/div>\n<\/p><\/div>\n<div class=\"fl-col-group fl-node-64e713f0cc1bb\" data-node=\"64e713f0cc1bb\">\n<div class=\"fl-col fl-node-64e713f0cc200\" data-node=\"64e713f0cc200\" style=\"width: 100%;\">\n<div class=\"fl-col-content fl-node-content\">\n<div class=\"fl-module fl-module-rich-text fl-node-64e713f0cbc06\" data-animation-delay=\"0.0\" data-node=\"64e713f0cbc06\">\n<div class=\"fl-module-content fl-node-content\">\n<div class=\"fl-rich-text\">\n<table border=\"0\" cellspacing=\"0\">\n<tbody>\n<tr>\n<td valign=\"center\" width=\"373\">\n<p><span style=\"font-family: \u5b8b\u4f53;\">\u6750\u6599<\/span><span style=\"font-family: Calibri;\">Material<\/span><\/p>\n<\/td>\n<td valign=\"center\" width=\"294\">\n<p>R-Sic<\/p>\n<\/td>\n<\/tr>\n<tr>\n<td valign=\"center\" width=\"373\">\n<p><span style=\"font-family: \u5b8b\u4f53;\">Utiliser la temp\u00e9rature<\/span><span style=\"font-family: Calibri;\">Temp\u00e9rature de travail (<\/span><span style=\"font-family: \u5b8b\u4f53;\">\u00b0<\/span><span style=\"font-family: Calibri;\">C)<\/span><\/p>\n<\/td>\n<td valign=\"center\" width=\"294\">\n<p>1600 \u00b0 C (\u00a0<span style=\"font-family: \u5b8b\u4f53;\">Atmosph\u00e8re d'oxydation<\/span><span style=\"font-family: Calibri;\">Environnement oxydant)<\/span><\/p>\n<p>1700 \u00b0 C (\u00a0<span style=\"font-family: \u5b8b\u4f53;\">Restaurer l'atmosph\u00e8re<\/span><span style=\"font-family: Calibri;\">R\u00e9duction de l'environnement)<\/span><\/p>\n<\/td>\n<\/tr>\n<tr>\n<td valign=\"center\" width=\"373\">\n<p>Sic<span style=\"font-family: \u5b8b\u4f53;\">contenu<\/span><span style=\"font-family: Calibri;\">Contenu SIC (%)<\/span><\/p>\n<\/td>\n<td valign=\"center\" width=\"294\">\n<p>&gt; 99<\/p>\n<\/td>\n<\/tr>\n<tr>\n<td valign=\"center\" width=\"373\">\n<p><span style=\"font-family: \u5b8b\u4f53;\">gratuit<\/span><span style=\"font-family: Calibri;\">Si\u00a0<\/span><span style=\"font-family: \u5b8b\u4f53;\">contenu<\/span><span style=\"font-family: Calibri;\">Contenu SI gratuit (%)<\/span><\/p>\n<\/td>\n<td valign=\"center\" width=\"294\">\n<p>&lt; 0.1<\/p>\n<\/td>\n<\/tr>\n<tr>\n<td valign=\"center\" width=\"373\">\n<p><span style=\"font-family: \u5b8b\u4f53;\">Densit\u00e9 de volume<\/span><span style=\"font-family: Calibri;\">Densit\u00e9 en vrac (g \/ cm3)<\/span><\/p>\n<\/td>\n<td valign=\"center\" width=\"294\">\n<p>2.60-2.70<\/p>\n<\/td>\n<\/tr>\n<tr>\n<td valign=\"center\" width=\"373\">\n<p><span style=\"font-family: \u5b8b\u4f53;\">Porosit\u00e9<\/span><span style=\"font-family: Calibri;\">Porosit\u00e9 apparente (%)<\/span><\/p>\n<\/td>\n<td valign=\"center\" width=\"294\">\n<p>&lt; 16<\/p>\n<\/td>\n<\/tr>\n<tr>\n<td valign=\"center\" width=\"373\">\n<p><span style=\"font-family: \u5b8b\u4f53;\">R\u00e9sistance \u00e0 la compression<\/span><span style=\"font-family: Calibri;\">Force d'\u00e9crasement (MPA)<\/span><\/p>\n<\/td>\n<td valign=\"center\" width=\"294\">\n<p>&gt; 600<\/p>\n<\/td>\n<\/tr>\n<tr>\n<td valign=\"center\" width=\"373\">\n<p><span style=\"font-family: \u5b8b\u4f53;\">R\u00e9sistance \u00e0 la flexion \u00e0 temp\u00e9rature ambiante<\/span><span style=\"font-family: Calibri;\">R\u00e9sistance \u00e0 la flexion \u00e0 froid (MPA)<\/span><\/p>\n<\/td>\n<td valign=\"center\" width=\"294\">\n<p>80-90 (20 \u00b0 C)<\/p>\n<\/td>\n<\/tr>\n<tr>\n<td valign=\"center\" width=\"373\">\n<p><span style=\"font-family: \u5b8b\u4f53;\">R\u00e9sistance \u00e0 la flexion \u00e0 haute temp\u00e9rature<\/span><span style=\"font-family: Calibri;\">R\u00e9sistance \u00e0 la flexion chaude (MPA)<\/span><\/p>\n<\/td>\n<td valign=\"center\" width=\"294\">\n<p>90-100 (1400 \u00b0 C)<\/p>\n<\/td>\n<\/tr>\n<tr>\n<td valign=\"center\" width=\"373\">\n<p><span style=\"font-family: \u5b8b\u4f53;\">Coefficient de dilatation thermique<\/span><\/p>\n<p>Coefficient de dilatation thermique \u00e0 1500 \u00b0 C (10-6 \/ \u00b0 C)<\/p>\n<\/td>\n<td valign=\"center\" width=\"294\">\n<p>4.70<\/p>\n<\/td>\n<\/tr>\n<tr>\n<td valign=\"center\" width=\"373\">\n<p><span style=\"font-family: \u5b8b\u4f53;\">Conductivit\u00e9 thermique<\/span><span style=\"font-family: Calibri;\">Conductivit\u00e9 thermique @ 1200<\/span><span style=\"font-family: \u5b8b\u4f53;\">\u00b0<\/span><span style=\"font-family: Calibri;\">C (W \/ M<\/span><span style=\"font-family: \u5b8b\u4f53;\">\u2022<\/span><span style=\"font-family: Calibri;\">K)<\/span><\/p>\n<\/td>\n<td valign=\"center\" width=\"294\">\n<p>23<\/p>\n<\/td>\n<\/tr>\n<tr>\n<td valign=\"center\" width=\"373\">\n<p><span style=\"font-family: \u5b8b\u4f53;\">Module de Young<\/span><span style=\"font-family: Calibri;\">Module \u00e9lastique (GPA)<\/span><\/p>\n<\/td>\n<td valign=\"center\" width=\"294\">\n<p>240<\/p>\n<\/td>\n<\/tr>\n<tr>\n<td valign=\"center\" width=\"373\">\n<p><span style=\"font-family: \u5b8b\u4f53;\">R\u00e9sistance aux chocs thermiques<\/span><span style=\"font-family: Calibri;\">R\u00e9sistance aux chocs thermiques<\/span><\/p>\n<\/td>\n<td valign=\"center\" width=\"294\">\n<p><span style=\"font-family: \u5b8b\u4f53;\">tr\u00e8s bien<\/span><span style=\"font-family: Calibri;\">Extr\u00eamement bon<\/span><\/p>\n<\/td>\n<\/tr>\n<\/tbody>\n<\/table><\/div>\n<\/p><\/div>\n<\/p><\/div>\n<\/p><\/div>\n<\/p><\/div>\n<\/p><\/div>\n<\/p><\/div>\n<\/p><\/div>\n<\/p><\/div>\n<\/div>","protected":false},"excerpt":{"rendered":"<p>Semiera Energy Technology Co., Ltd. est un fournisseur de premier plan sp\u00e9cialis\u00e9 dans les consommables de plaquettes et de semi-conducteurs avanc\u00e9s. Oxyde d'aluminium et etc. En tant que fournisseur de confiance, nous comprenons l'importance des consommables dans le processus de fabrication, et nous nous engageons \u00e0 fournir des produits qui r\u00e9pondent aux normes de qualit\u00e9 les plus \u00e9lev\u00e9es pour r\u00e9pondre aux besoins de nos clients.<\/p>","protected":false},"featured_media":1028,"comment_status":"closed","ping_status":"open","template":"","meta":[],"product_brand":[],"product_cat":[25,24],"product_tag":[],"class_list":{"0":"post-2207","1":"product","2":"type-product","3":"status-publish","4":"has-post-thumbnail","6":"product_cat-more-sic-product","7":"product_cat-silicon-carbide-ceramic","9":"first","10":"instock","11":"product-type-simple"},"_links":{"self":[{"href":"https:\/\/www.cn-semiconductorparts.com\/fr\/wp-json\/wp\/v2\/product\/2207","targetHints":{"allow":["GET"]}}],"collection":[{"href":"https:\/\/www.cn-semiconductorparts.com\/fr\/wp-json\/wp\/v2\/product"}],"about":[{"href":"https:\/\/www.cn-semiconductorparts.com\/fr\/wp-json\/wp\/v2\/types\/product"}],"replies":[{"embeddable":true,"href":"https:\/\/www.cn-semiconductorparts.com\/fr\/wp-json\/wp\/v2\/comments?post=2207"}],"wp:featuredmedia":[{"embeddable":true,"href":"https:\/\/www.cn-semiconductorparts.com\/fr\/wp-json\/wp\/v2\/media\/1028"}],"wp:attachment":[{"href":"https:\/\/www.cn-semiconductorparts.com\/fr\/wp-json\/wp\/v2\/media?parent=2207"}],"wp:term":[{"taxonomy":"product_brand","embeddable":true,"href":"https:\/\/www.cn-semiconductorparts.com\/fr\/wp-json\/wp\/v2\/product_brand?post=2207"},{"taxonomy":"product_cat","embeddable":true,"href":"https:\/\/www.cn-semiconductorparts.com\/fr\/wp-json\/wp\/v2\/product_cat?post=2207"},{"taxonomy":"product_tag","embeddable":true,"href":"https:\/\/www.cn-semiconductorparts.com\/fr\/wp-json\/wp\/v2\/product_tag?post=2207"}],"curies":[{"name":"WP","href":"https:\/\/api.w.org\/{rel}","templated":true}]}}