{"id":2209,"date":"2025-09-11T05:33:27","date_gmt":"2025-09-11T05:33:27","guid":{"rendered":"https:\/\/weitai2.globaldeepsea.site\/product\/customized-sic-ceramic-effector-for-semiconductor-equipment\/"},"modified":"2025-09-11T05:33:27","modified_gmt":"2025-09-11T05:33:27","slug":"customized-sic-ceramic-effector-for-semiconductor-equipment","status":"publish","type":"product","link":"https:\/\/www.cn-semiconductorparts.com\/fr\/product\/customized-sic-ceramic-effector-for-semiconductor-equipment\/","title":{"rendered":"Customized SiC Ceramic effector for semiconductor equipment"},"content":{"rendered":"<div class=\"fl-builder-content fl-builder-content-3399 fl-builder-content-primary fl-builder-global-templates-locked\" data-post-id=\"3399\">\n<div class=\"fl-row fl-row-full-width fl-row-bg-none fl-node-65531d9d10ad0\" data-node=\"65531d9d10ad0\">\n<div class=\"fl-row-content-wrap\">\n<div class=\"fl-row-content fl-row-full-width fl-node-content\">\n<div class=\"fl-col-group fl-node-65531d9d10c93\" data-node=\"65531d9d10c93\">\n<div class=\"fl-col fl-node-65531d9d10cd3\" data-node=\"65531d9d10cd3\" style=\"width: 100%;\">\n<div class=\"fl-col-content fl-node-content\">\n<div class=\"fl-module fl-module-photo fl-node-65531d9d10d5a\" data-animation-delay=\"0.0\" data-node=\"65531d9d10d5a\">\n<div class=\"fl-module-content fl-node-content\">\n<div class=\"fl-photo fl-photo-align-center\" itemscope=\"\" itemtype=\"http:\/\/schema.org\/ImageObject\">\n<div class=\"fl-photo-content fl-photo-img-png\"> <img decoding=\"async\" alt=\"12\" class=\"fl-photo-img wp-image-5126\" itemprop=\"image\" src=\"\/wp-content\/uploads\/2025\/09\/cbccbeaad20106b5.webp\"> <\/img><\/div>\n<\/p><\/div>\n<\/p><\/div>\n<\/p><\/div>\n<\/p><\/div>\n<\/p><\/div>\n<\/p><\/div>\n<div class=\"fl-col-group fl-node-65531d9d10d9a\" data-node=\"65531d9d10d9a\">\n<div class=\"fl-col fl-node-65531d9d10dda\" data-node=\"65531d9d10dda\" style=\"width: 100%;\">\n<div class=\"fl-col-content fl-node-content\">\n<div class=\"fl-module fl-module-rich-text fl-node-65531d9d10e1a\" data-animation-delay=\"0.0\" data-node=\"65531d9d10e1a\">\n<div class=\"fl-module-content fl-node-content\">\n<div class=\"fl-rich-text\">\n<p style=\"text-align: center;\">Caract\u00e9ristiques et avantages<\/p>\n<p>1. Prociser les dimensions et la stabilit\u00e9 thermique<\/p>\n<p>2. Raideur sp\u00e9cifique \u00e9lev\u00e9e et excellente uniformit\u00e9 thermique, l'utilisation \u00e0 long terme n'est pas facile \u00e0 plier la d\u00e9formation;<\/p>\n<p>3. Il a une surface lisse et une bonne r\u00e9sistance \u00e0 l'usure, manipulant ainsi en toute s\u00e9curit\u00e9 la puce sans contamination par les particules.<\/p>\n<p>4. Resistivit\u00e9 en carbure de Silicon dans 106-108\u03a9, non magn\u00e9tique, en ligne avec les exigences de sp\u00e9cification anti-ESD; Il peut emp\u00eacher l'accumulation d'\u00e9lectricit\u00e9 statique \u00e0 la surface de la puce<\/p>\n<p>5. Bonne conductivit\u00e9 thermique, coefficient d'extension faible.<\/p>\n<\/p><\/div>\n<\/p><\/div>\n<\/p><\/div>\n<\/p><\/div>\n<\/p><\/div>\n<\/p><\/div>\n<div class=\"fl-col-group fl-node-65531d9d10e59\" data-node=\"65531d9d10e59\">\n<div class=\"fl-col fl-node-65531d9d10f19 fl-col-small\" data-node=\"65531d9d10f19\" style=\"width: 50%;\">\n<div class=\"fl-col-content fl-node-content\">\n<div class=\"fl-module fl-module-photo fl-node-65531d9d10d17\" data-animation-delay=\"0.0\" data-node=\"65531d9d10d17\">\n<div class=\"fl-module-content fl-node-content\">\n<div class=\"fl-photo fl-photo-align-center\" itemscope=\"\" itemtype=\"http:\/\/schema.org\/ImageObject\">\n<div class=\"fl-photo-content fl-photo-img-png\"> <img decoding=\"async\" alt=\"Effecteur du bras du robot\" class=\"fl-photo-img wp-image-5121\" itemprop=\"image\" src=\"\/wp-content\/uploads\/2025\/09\/41c37c626d219401.webp\"> <\/img><\/div>\n<\/p><\/div>\n<\/p><\/div>\n<\/p><\/div>\n<\/p><\/div>\n<\/p><\/div>\n<div class=\"fl-col fl-node-65531d9d10e99 fl-col-small\" data-node=\"65531d9d10e99\" style=\"width: 50%;\">\n<div class=\"fl-col-content fl-node-content\">\n<div class=\"fl-module fl-module-photo fl-node-65531d9d10ed9\" data-animation-delay=\"0.0\" data-node=\"65531d9d10ed9\">\n<div class=\"fl-module-content fl-node-content\">\n<div class=\"fl-photo fl-photo-align-center\" itemscope=\"\" itemtype=\"http:\/\/schema.org\/ImageObject\">\n<div class=\"fl-photo-content fl-photo-img-png\"> <img decoding=\"async\" alt=\"Effecteur final SIC\" class=\"fl-photo-img wp-image-5119\" itemprop=\"image\" src=\"\/wp-content\/uploads\/2025\/09\/7fbb185fd9c28a20.webp\"> <\/img><\/div>\n<\/p><\/div>\n<\/p><\/div>\n<\/p><\/div>\n<\/p><\/div>\n<\/p><\/div>\n<\/p><\/div>\n<div class=\"fl-col-group fl-node-65531d9d10c13\" data-node=\"65531d9d10c13\">\n<div class=\"fl-col fl-node-65531d9d10c54\" data-node=\"65531d9d10c54\" style=\"width: 100%;\">\n<div class=\"fl-col-content fl-node-content\">\n<div class=\"fl-module fl-module-photo fl-node-65531d9d10b13\" data-animation-delay=\"0.0\" data-node=\"65531d9d10b13\">\n<div class=\"fl-module-content fl-node-content\">\n<div class=\"fl-photo fl-photo-align-center\" itemscope=\"\" itemtype=\"http:\/\/schema.org\/ImageObject\">\n<div class=\"fl-photo-content fl-photo-img-png\"> <img decoding=\"async\" alt=\"Comparaison des mat\u00e9riaux en c\u00e9ramique SIC\" class=\"fl-photo-img wp-image-2082\" itemprop=\"image\" src=\"\/wp-content\/uploads\/2025\/09\/56525b05fddbd22a.webp\"> <\/img><\/div>\n<\/p><\/div>\n<\/p><\/div>\n<\/p><\/div>\n<\/p><\/div>\n<\/p><\/div>\n<\/p><\/div>\n<div class=\"fl-col-group fl-node-65531d9d10b54\" data-node=\"65531d9d10b54\">\n<div class=\"fl-col fl-node-65531d9d10b94\" data-node=\"65531d9d10b94\" style=\"width: 100%;\">\n<div class=\"fl-col-content fl-node-content\">\n<div class=\"fl-module fl-module-photo fl-node-65531d9d10bd4\" data-animation-delay=\"0.0\" data-node=\"65531d9d10bd4\">\n<div class=\"fl-module-content fl-node-content\">\n<div class=\"fl-photo fl-photo-align-center\" itemscope=\"\" itemtype=\"http:\/\/schema.org\/ImageObject\">\n<div class=\"fl-photo-content fl-photo-img-png\"> <img decoding=\"async\" alt=\"Adfvzcvxcd\" class=\"fl-photo-img wp-image-1732\" itemprop=\"image\" src=\"\/wp-content\/uploads\/2025\/09\/b2c38ce1672f5a38.webp\"> <\/img><\/div>\n<\/p><\/div>\n<\/p><\/div>\n<\/p><\/div>\n<\/p><\/div>\n<\/p><\/div>\n<\/p><\/div>\n<\/p><\/div>\n<\/p><\/div>\n<\/p><\/div>\n<\/div>","protected":false},"excerpt":{"rendered":"<p>Weitai Energy Technology Co., Ltd. est un fournisseur de premier plan sp\u00e9cialis\u00e9 dans les consommables de plaquettes et de semi-conducteurs avanc\u00e9s. Oxyde d'aluminium et etc. En tant que fournisseur de confiance, nous comprenons l'importance des consommables dans le processus de fabrication, et nous nous engageons \u00e0 fournir des produits qui r\u00e9pondent aux normes de qualit\u00e9 les plus \u00e9lev\u00e9es pour r\u00e9pondre aux besoins de nos clients.<\/p>","protected":false},"featured_media":1172,"comment_status":"closed","ping_status":"open","template":"","meta":[],"product_brand":[],"product_cat":[25,24],"product_tag":[],"class_list":{"0":"post-2209","1":"product","2":"type-product","3":"status-publish","4":"has-post-thumbnail","6":"product_cat-more-sic-product","7":"product_cat-silicon-carbide-ceramic","9":"first","10":"instock","11":"product-type-simple"},"_links":{"self":[{"href":"https:\/\/www.cn-semiconductorparts.com\/fr\/wp-json\/wp\/v2\/product\/2209","targetHints":{"allow":["GET"]}}],"collection":[{"href":"https:\/\/www.cn-semiconductorparts.com\/fr\/wp-json\/wp\/v2\/product"}],"about":[{"href":"https:\/\/www.cn-semiconductorparts.com\/fr\/wp-json\/wp\/v2\/types\/product"}],"replies":[{"embeddable":true,"href":"https:\/\/www.cn-semiconductorparts.com\/fr\/wp-json\/wp\/v2\/comments?post=2209"}],"wp:featuredmedia":[{"embeddable":true,"href":"https:\/\/www.cn-semiconductorparts.com\/fr\/wp-json\/wp\/v2\/media\/1172"}],"wp:attachment":[{"href":"https:\/\/www.cn-semiconductorparts.com\/fr\/wp-json\/wp\/v2\/media?parent=2209"}],"wp:term":[{"taxonomy":"product_brand","embeddable":true,"href":"https:\/\/www.cn-semiconductorparts.com\/fr\/wp-json\/wp\/v2\/product_brand?post=2209"},{"taxonomy":"product_cat","embeddable":true,"href":"https:\/\/www.cn-semiconductorparts.com\/fr\/wp-json\/wp\/v2\/product_cat?post=2209"},{"taxonomy":"product_tag","embeddable":true,"href":"https:\/\/www.cn-semiconductorparts.com\/fr\/wp-json\/wp\/v2\/product_tag?post=2209"}],"curies":[{"name":"WP","href":"https:\/\/api.w.org\/{rel}","templated":true}]}}