{"id":2214,"date":"2025-09-11T05:33:27","date_gmt":"2025-09-11T05:33:27","guid":{"rendered":"https:\/\/weitai2.globaldeepsea.site\/product\/reaction-sintered-silicon-carbide-rolls\/"},"modified":"2026-04-29T15:28:07","modified_gmt":"2026-04-29T07:28:07","slug":"reaction-sintered-silicon-carbide-rolls","status":"publish","type":"product","link":"https:\/\/www.cn-semiconductorparts.com\/fr\/product\/reaction-sintered-silicon-carbide-rolls\/","title":{"rendered":"Reaction sintered silicon carbide rolls"},"content":{"rendered":"<div class=\"fl-builder-content fl-builder-content-3413 fl-builder-content-primary fl-builder-global-templates-locked\" data-post-id=\"3413\">\n<div class=\"fl-row fl-row-full-width fl-row-bg-none fl-node-64e5a83d8cf27\" data-node=\"64e5a83d8cf27\">\n<div class=\"fl-row-content-wrap\">\n<div class=\"fl-row-content fl-row-full-width fl-node-content\">\n<div class=\"fl-col-group fl-node-64e5a83d8cf66\" data-node=\"64e5a83d8cf66\">\n<div class=\"fl-col fl-node-64e5a83d8d099 fl-col-small\" data-node=\"64e5a83d8d099\" style=\"width: 43.33%;\">\n<div class=\"fl-col-content fl-node-content\">\n<div class=\"fl-module fl-module-photo fl-node-64e5a83d8d0d2\" data-animation-delay=\"0.0\" data-node=\"64e5a83d8d0d2\">\n<div class=\"fl-module-content fl-node-content\">\n<div class=\"fl-photo fl-photo-align-center\" itemscope=\"\" itemtype=\"http:\/\/schema.org\/ImageObject\">\n<div class=\"fl-photo-content fl-photo-img-png\"> <img decoding=\"async\" alt=\"Silicon Carbide Roller (3)\" class=\"fl-photo-img wp-image-3423\" itemprop=\"image\" src=\"\/wp-content\/uploads\/2025\/09\/9180d2d2d538e770.webp\"> <\/img><\/div>\n<\/p><\/div>\n<\/p><\/div>\n<\/p><\/div>\n<\/p><\/div>\n<\/p><\/div>\n<div class=\"fl-col fl-node-64e5a83d8cfa4\" data-node=\"64e5a83d8cfa4\" style=\"width: 56.67%;\">\n<div class=\"fl-col-content fl-node-content\">\n<div class=\"fl-module fl-module-rich-text fl-node-64e5a83d8d18a\" data-animation-delay=\"0.0\" data-node=\"64e5a83d8d18a\">\n<div class=\"fl-module-content fl-node-content\">\n<div class=\"fl-rich-text\">\n<p>Le carbure de silicium est un nouveau type de c\u00e9ramique avec des performances \u00e0 co\u00fbt \u00e9lev\u00e9 et d'excellentes propri\u00e9t\u00e9s de mat\u00e9riaux. En raison de caract\u00e9ristiques telles que la r\u00e9sistance \u00e9lev\u00e9e et la duret\u00e9, une r\u00e9sistance \u00e0 haute temp\u00e9rature, une grande conductivit\u00e9 thermique et une r\u00e9sistance \u00e0 la corrosion chimique, le carbure de silicium peut presque r\u00e9sister \u00e0 tout milieu chimique. Par cons\u00e9quent, les SiC sont largement utilis\u00e9s dans l'exploration de p\u00e9trole, les produits chimiques, les machines et l'espace a\u00e9rien, m\u00eame l'\u00e9nergie nucl\u00e9aire et les militaires ont leurs demandes sp\u00e9ciales en sic. Certaines applications normales que nous pouvons offrir sont les anneaux de joint pour la pompe, la vanne et l'armure de protection, etc.<\/p>\n<p>Nous sommes en mesure de concevoir et de fabriquer en fonction de vos dimensions sp\u00e9cifiques avec une bonne qualit\u00e9 et un temps de livraison raisonnable.\u00a0<\/p>\n<\/p><\/div>\n<\/p><\/div>\n<\/p><\/div>\n<\/p><\/div>\n<\/p><\/div>\n<\/p><\/div>\n<div class=\"fl-col-group fl-node-64e5a83d8d1c7\" data-node=\"64e5a83d8d1c7\">\n<div class=\"fl-col fl-node-64e5a83d8d204\" data-node=\"64e5a83d8d204\" style=\"width: 100%;\">\n<div class=\"fl-col-content fl-node-content\">\n<div class=\"fl-module fl-module-rich-text fl-node-64e5a83d8d14d\" data-animation-delay=\"0.0\" data-node=\"64e5a83d8d14d\">\n<div class=\"fl-module-content fl-node-content\">\n<div class=\"fl-rich-text\">\n<p data-section=\"0\">Rouleau en carbure de silicium non press\u00e9, pression atmosph\u00e9rique des produits en c\u00e9ramique de carbure de silicium en silicium \u00e0 haute puret\u00e9, l'utilisation de la poudre de carbure de silicium ultra-fin \u00e0 haute puret\u00e9, fritt\u00e9 \u00e0 2450 \u2103 \u00e0 haute temp\u00e9rature, la teneur en silicium en silicium de plus de 99,1%, de la densit\u00e9 de produit \u22653,10 g \/ cm3, pas d'impurit\u00e9s m\u00e9talliques telles que le silicon m\u00e9tallique.<\/p>\n<p data-section=\"2\">\u25ba Contenu en carbure de silicium - \u226599%;<\/p>\n<p data-section=\"4\">\u25ba R\u00e9sistance \u00e0 haute temp\u00e9rature - utilisation normale \u00e0 1800 \u2103;<\/p>\n<p data-section=\"6\">\u25ba Haute conductivit\u00e9 thermique - comparable \u00e0 la conductivit\u00e9 thermique des mat\u00e9riaux de graphite;<\/p>\n<p data-section=\"8\">\u25ba Fureur \u00e9lev\u00e9e - duret\u00e9 en deuxi\u00e8me position avec du diamant, du nitrure de bore cubique;<\/p>\n<p data-section=\"10\">\u25ba R\u00e9sistance \u00e0 la corrosion - L'acide fort et l'alcali n'ont pas de corrosion, la r\u00e9sistance \u00e0 la corrosion est meilleure que le carbure de tungst\u00e8ne et l'alumine;<\/p>\n<p data-section=\"12\">\u25ba L\u00e9ger - densit\u00e9 3,10 g \/ cm3, pr\u00e8s de l'aluminium;<\/p>\n<p data-section=\"14\">\u25ba Aucune d\u00e9formation - tr\u00e8s petit coefficient d'expansion thermique;<\/p>\n<p data-section=\"16\">\u25ba R\u00e9sistance aux chocs thermiques - Le mat\u00e9riau peut r\u00e9sister \u00e0 des changements de temp\u00e9rature rapides, une r\u00e9sistance aux chocs thermiques, une r\u00e9sistance au froid et \u00e0 la chaleur, des performances stables.<\/p>\n<\/p><\/div>\n<\/p><\/div>\n<\/p><\/div>\n<\/p><\/div>\n<\/p><\/div>\n<\/p><\/div>\n<div class=\"fl-col-group fl-node-64e5a854bb849\" data-node=\"64e5a854bb849\">\n<div class=\"fl-col fl-node-64e5a854bb9da\" data-node=\"64e5a854bb9da\" style=\"width: 100%;\">\n<div class=\"fl-col-content fl-node-content\">\n<div class=\"fl-module fl-module-gallery fl-node-64e5a854bb6f9\" data-animation-delay=\"0.0\" data-node=\"64e5a854bb6f9\">\n<div class=\"fl-module-content fl-node-content\">\n<div class=\"fl-mosaicflow\">\n<div class=\"fl-mosaicflow-content\">\n<div class=\"fl-mosaicflow-item\">\n<div class=\"fl-photo fl-photo-align-center\" itemscope=\"\" itemtype=\"http:\/\/schema.org\/ImageObject\">\n<div class=\"fl-photo-content fl-photo-img-png\"> <a href=\"\/fr\/uploads\/Silicon-Carbide-Roller-2.webp\/\" itemprop=\"url\" target=\"_self\"> <img decoding=\"async\" alt=\"Silicon Carbide Roller (2)\" class=\"fl-photo-img wp-image-3425\" itemprop=\"image\" src=\"\/wp-content\/uploads\/2025\/09\/caac4d299af333fd.webp\"> <\/img><\/a> <\/div>\n<\/p><\/div>\n<\/p><\/div>\n<div class=\"fl-mosaicflow-item\">\n<div class=\"fl-photo fl-photo-align-center\" itemscope=\"\" itemtype=\"http:\/\/schema.org\/ImageObject\">\n<div class=\"fl-photo-content fl-photo-img-png\"> <a href=\"\/fr\/uploads\/Silicon-Carbide-Roller-31.webp\/\" itemprop=\"url\" target=\"_self\"> <img decoding=\"async\" alt=\"Silicon Carbide Roller (3)\" class=\"fl-photo-img wp-image-3426\" itemprop=\"image\" src=\"\/wp-content\/uploads\/2025\/09\/b429da6b6ebfccba.webp\"> <\/img><\/a> <\/div>\n<\/p><\/div>\n<\/p><\/div>\n<\/p><\/div>\n<div class=\"fl-clear\"><\/div>\n<\/p><\/div>\n<\/p><\/div>\n<\/p><\/div>\n<\/p><\/div>\n<\/p><\/div>\n<\/p><\/div>\n<div class=\"fl-col-group fl-node-64e5a83d8cfe1\" data-node=\"64e5a83d8cfe1\">\n<div class=\"fl-col fl-node-64e5a83d8d01e fl-col-has-cols\" data-node=\"64e5a83d8d01e\" style=\"width: 100%;\">\n<div class=\"fl-col-content fl-node-content\">\n<div class=\"fl-module fl-module-heading fl-node-64e5a83d8d05c\" data-animation-delay=\"0.0\" data-node=\"64e5a83d8d05c\">\n<div class=\"fl-module-content fl-node-content\">\n<h3 class=\"fl-heading\"> <span class=\"fl-heading-text\">Param\u00e8tres techniques:<\/span> <\/h3>\n<\/p><\/div>\n<\/p><\/div>\n<div class=\"fl-col-group fl-node-64e5a83d8d241 fl-col-group-nested\" data-node=\"64e5a83d8d241\">\n<div class=\"fl-col fl-node-64e5a83d8d110\" data-node=\"64e5a83d8d110\" style=\"width: 100%;\">\n<div class=\"fl-col-content fl-node-content\">\n<div class=\"fl-module fl-module-photo fl-node-64e5a87fc1a96\" data-animation-delay=\"0.0\" data-node=\"64e5a87fc1a96\">\n<div class=\"fl-module-content fl-node-content\">\n<div class=\"fl-photo fl-photo-align-center\" itemscope=\"\" itemtype=\"http:\/\/schema.org\/ImageObject\">\n<div class=\"fl-photo-content fl-photo-img-png\"> <img decoding=\"async\" alt=\"Param\u00e8tres de carbure de silicium\" class=\"fl-photo-img wp-image-3336\" itemprop=\"image\" src=\"\/wp-content\/uploads\/2025\/09\/bd315bb4aa989ceb.webp\"> <\/img><\/div>\n<\/p><\/div>\n<\/p><\/div>\n<\/p><\/div>\n<\/p><\/div>\n<\/p><\/div>\n<\/p><\/div>\n<\/p><\/div>\n<\/p><\/div>\n<\/p><\/div>\n<\/p><\/div>\n<\/p><\/div>\n<\/p><\/div>\n<\/div>","protected":false},"excerpt":{"rendered":"<p>Semicera\u2019s reaction-sintered silicon carbide rollers are designed for high-performance applications and have excellent wear resistance and thermal stability. These rollers are manufactured using advanced sintering technology to ensure excellent durability and service life in demanding environments. Semicera is committed to providing high-quality products that meet your specific needs, making these silicon carbide rollers a reliable choice for a variety of industrial applications. Semicera looks forward to being your long-term partner in China.<\/p>","protected":false},"featured_media":634,"comment_status":"closed","ping_status":"open","template":"","meta":[],"product_brand":[],"product_cat":[54,26],"product_tag":[],"class_list":{"0":"post-2214","1":"product","2":"type-product","3":"status-publish","4":"has-post-thumbnail","6":"product_cat-gallium-oxide-ga203","7":"product_cat-wafer","9":"first","10":"instock","11":"product-type-simple"},"_links":{"self":[{"href":"https:\/\/www.cn-semiconductorparts.com\/fr\/wp-json\/wp\/v2\/product\/2214","targetHints":{"allow":["GET"]}}],"collection":[{"href":"https:\/\/www.cn-semiconductorparts.com\/fr\/wp-json\/wp\/v2\/product"}],"about":[{"href":"https:\/\/www.cn-semiconductorparts.com\/fr\/wp-json\/wp\/v2\/types\/product"}],"replies":[{"embeddable":true,"href":"https:\/\/www.cn-semiconductorparts.com\/fr\/wp-json\/wp\/v2\/comments?post=2214"}],"wp:featuredmedia":[{"embeddable":true,"href":"https:\/\/www.cn-semiconductorparts.com\/fr\/wp-json\/wp\/v2\/media\/634"}],"wp:attachment":[{"href":"https:\/\/www.cn-semiconductorparts.com\/fr\/wp-json\/wp\/v2\/media?parent=2214"}],"wp:term":[{"taxonomy":"product_brand","embeddable":true,"href":"https:\/\/www.cn-semiconductorparts.com\/fr\/wp-json\/wp\/v2\/product_brand?post=2214"},{"taxonomy":"product_cat","embeddable":true,"href":"https:\/\/www.cn-semiconductorparts.com\/fr\/wp-json\/wp\/v2\/product_cat?post=2214"},{"taxonomy":"product_tag","embeddable":true,"href":"https:\/\/www.cn-semiconductorparts.com\/fr\/wp-json\/wp\/v2\/product_tag?post=2214"}],"curies":[{"name":"WP","href":"https:\/\/api.w.org\/{rel}","templated":true}]}}