{"id":2219,"date":"2025-09-11T05:33:27","date_gmt":"2025-09-11T05:33:27","guid":{"rendered":"https:\/\/weitai2.globaldeepsea.site\/product\/soi-wafers\/"},"modified":"2026-04-29T15:28:09","modified_gmt":"2026-04-29T07:28:09","slug":"soi-wafers","status":"publish","type":"product","link":"https:\/\/www.cn-semiconductorparts.com\/fr\/product\/soi-wafers\/","title":{"rendered":"Soi Wafers"},"content":{"rendered":"<p><?xml encoding=\"utf-8\" ?><\/p>\n<div class=\"fl-builder-content fl-builder-content-3276 fl-builder-content-primary fl-builder-global-templates-locked\" data-post-id=\"3276\">\n<div class=\"fl-row fl-row-full-width fl-row-bg-none fl-node-661776a896673\" data-node=\"661776a896673\">\n<div class=\"fl-row-content-wrap\">\n<div class=\"fl-row-content fl-row-full-width fl-node-content\">\n<div class=\"fl-col-group fl-node-661776a896d1d\" data-node=\"661776a896d1d\">\n<div class=\"fl-col fl-node-661776a896ea4\" data-node=\"661776a896ea4\" style=\"width: 100%;\">\n<div class=\"fl-col-content fl-node-content\">\n<div class=\"fl-module fl-module-rich-text fl-node-661776a8982fa\" data-animation-delay=\"0.0\" data-node=\"661776a8982fa\">\n<div class=\"fl-module-content fl-node-content\">\n<div class=\"fl-rich-text\">\n<p><img decoding=\"async\" alt=\"Soi Wafers (1)\" itemprop=\"image\" src=\"\/wp-content\/uploads\/2025\/09\/9150810a999d882c.webp\"><\/p>\n<p data-section=\"0\">Champ de candidature<\/p>\n<p data-section=\"1\">1. Circuit int\u00e9gr\u00e9 \u00e0 grande vitesse<\/p>\n<p data-section=\"2\">2. Dispositifs micro-ondes<\/p>\n<p data-section=\"3\">3. Circuit int\u00e9gr\u00e9 \u00e0 haute temp\u00e9rature<\/p>\n<p data-section=\"4\">4. Dispositifs d'alimentation<\/p>\n<p data-section=\"5\">5. Circuit int\u00e9gr\u00e9 \u00e0 faible puissance<\/p>\n<p data-section=\"6\">6. MEMS<\/p>\n<p data-section=\"7\">7. Circuit int\u00e9gr\u00e9 \u00e0 basse tension<\/p>\n<table border=\"1\" cellspacing=\"0\">\n<tbody>\n<tr>\n<td colspan=\"2\" valign=\"center\">\n<p>Article<\/p>\n<\/td>\n<td valign=\"center\">\n<p>Argument<\/p>\n<\/td>\n<\/tr>\n<tr>\n<td rowspan=\"5\" valign=\"center\">\n<p>Dans l'ensemble<\/p>\n<\/td>\n<td valign=\"center\">\n<p>Diam\u00e8tre de la tranche<br \/>&#26230;&#22278;&#23610;&#23544;(mm)<\/p>\n<\/td>\n<td valign=\"center\">\n<p>50\/75\/100\/125\/150\/200mm&plusmn;25um<\/p>\n<\/td>\n<\/tr>\n<tr>\n<td valign=\"center\">\n<p>Arc \/ d\u00e9formation<br \/>&#32728;&#26354;&#24230;(&lt;um)<\/p>\n<\/td>\n<td valign=\"center\">\n<p>&lt;10um<\/p>\n<\/td>\n<\/tr>\n<tr>\n<td valign=\"center\">\n<p>Particules<br \/>&#39063;&#31890;&#24230;(&lt;ea)<\/p>\n<\/td>\n<td valign=\"center\">\n<p>0,3UM &lt;30EA<\/p>\n<\/td>\n<\/tr>\n<tr>\n<td valign=\"center\">\n<p>Appartements \/ encoche<br \/>&#23450;&#20301;&#36793;\/&#23450;&#20301;&#27133;<\/p>\n<\/td>\n<td valign=\"center\">\n<p>Plat ou encoche<\/p>\n<\/td>\n<\/tr>\n<tr>\n<td valign=\"center\">\n<p>Exclusion de bord<br \/>&#36793;&#32536;&#21435;&#38500;(mm)<\/p>\n<\/td>\n<td valign=\"center\">\n<p>\/<\/p>\n<\/td>\n<\/tr>\n<tr>\n<td rowspan=\"7\" valign=\"center\">\n<p>Calque d'appareil<br \/>&#22120;&#20214;&#23618;<\/p>\n<\/td>\n<td valign=\"center\">\n<p>Type \/ dopant de la couche de l'appareil<br \/>&#22120;&#20214;&#23618;&#25530;&#26434;&#31867;&#22411;<\/p>\n<\/td>\n<td valign=\"center\">\n<p>Type N \/ T-Type<br \/>B \/ p \/ sb \/ as<\/p>\n<\/td>\n<\/tr>\n<tr>\n<td valign=\"center\">\n<p>Orientation de la couche de dispositif<br \/>&#22120;&#20214;&#23618;&#26230;&#21521;<\/p>\n<\/td>\n<td valign=\"center\">\n<p>\/  \/<\/p>\n<\/td>\n<\/tr>\n<tr>\n<td valign=\"center\">\n<p>\u00c9paisseur de la couche de l'appareil<br \/>&#22120;&#20214;&#23618;&#21402;&#24230;(um)<\/p>\n<\/td>\n<td valign=\"center\">\n<p>0,1 ~ 300UM<\/p>\n<\/td>\n<\/tr>\n<tr>\n<td valign=\"center\">\n<p>R\u00e9sistivit\u00e9 de la couche de dispositif<br \/>&#22120;&#20214;&#23618;&#30005;&#38459;&#29575;(ohm&bull;cm)<\/p>\n<\/td>\n<td valign=\"center\">\n<p>0,001 ~ 100 000 ohm-cm<\/p>\n<\/td>\n<\/tr>\n<tr>\n<td valign=\"center\">\n<p>Particules de couche de dispositif<br \/>&#22120;&#20214;&#23618;&#39063;&#31890;&#24230;(&lt;ea)<\/p>\n<\/td>\n<td valign=\"center\">\n<p>&lt;30ea@0.3<\/p>\n<\/td>\n<\/tr>\n<tr>\n<td valign=\"center\">\n<p>Couche de p\u00e9riph\u00e9rique TTV<br \/>&#22120;&#20214;&#23618;TTV(&lt;um)<\/p>\n<\/td>\n<td valign=\"center\">\n<p>&lt;10um<\/p>\n<\/td>\n<\/tr>\n<tr>\n<td valign=\"center\">\n<p>Finition de la couche de p\u00e9riph\u00e9rique<br \/>&#22120;&#20214;&#23618;&#34920;&#38754;&#22788;&#29702;<\/p>\n<\/td>\n<td valign=\"center\">\n<p>Brillant<\/p>\n<\/td>\n<\/tr>\n<tr>\n<td valign=\"center\">\n<p>BO\u00ceTE<\/p>\n<\/td>\n<td valign=\"center\">\n<p>\u00c9paisseur d'oxyde thermique enterr\u00e9<br \/>&#22475;&#27687;&#23618;&#21402;&#24230;(um)<\/p>\n<\/td>\n<td valign=\"center\">\n<p>50nm(500&Aring;)~15um<\/p>\n<\/td>\n<\/tr>\n<tr>\n<td rowspan=\"5\" valign=\"center\">\n<p>Manipuler<br \/>&#34924;&#24213;<\/p>\n<\/td>\n<td valign=\"center\">\n<p>Manipuler le type de tranche \/ dopant<br \/>&#34924;&#24213;&#23618;&#31867;&#22411;<\/p>\n<\/td>\n<td valign=\"center\">\n<p>Type N \/ T-Type<br \/>B \/ p \/ sb \/ as<\/p>\n<\/td>\n<\/tr>\n<tr>\n<td valign=\"center\">\n<p>Manipuler l'orientation de la tranche<br \/>&#34924;&#24213;&#26230;&#21521;<\/p>\n<\/td>\n<td valign=\"center\">\n<p>\/  \/<\/p>\n<\/td>\n<\/tr>\n<tr>\n<td valign=\"center\">\n<p>Manipuler la r\u00e9sistivit\u00e9 de la tranche<br \/>&#34924;&#24213;&#30005;&#38459;&#29575;(ohm&bull;cm)<\/p>\n<\/td>\n<td valign=\"center\">\n<p>0,001 ~ 100 000 ohm-cm<\/p>\n<\/td>\n<\/tr>\n<tr>\n<td valign=\"center\">\n<p>Manipuler l'\u00e9paisseur de la tranche<br \/>&#34924;&#24213;&#21402;&#24230;(um)<\/p>\n<\/td>\n<td valign=\"center\">\n<p>&gt; 100UM<\/p>\n<\/td>\n<\/tr>\n<tr>\n<td valign=\"center\">\n<p>Manipuler la finition de la plaquette<br \/>&#34924;&#24213;&#34920;&#38754;&#22788;&#29702;<\/p>\n<\/td>\n<td valign=\"center\">\n<p>Brillant<\/p>\n<\/td>\n<\/tr>\n<tr>\n<td colspan=\"3\" valign=\"center\">\n<p>Les plaquettes SOI des sp\u00e9cifications cibles peuvent \u00eatre personnalis\u00e9es en fonction des exigences du client.<\/p>\n<\/td>\n<\/tr>\n<\/tbody>\n<\/table><\/div>\n<\/p><\/div>\n<\/p><\/div>\n<\/p><\/div>\n<\/p><\/div>\n<\/p><\/div>\n<div class=\"fl-col-group fl-node-661779b398a47\" data-node=\"661779b398a47\">\n<div class=\"fl-col fl-node-661779b398bea\" data-node=\"661779b398bea\" style=\"width: 100%;\">\n<div class=\"fl-col-content fl-node-content\">\n<div class=\"fl-module fl-module-rich-text fl-node-661779b398900\" data-animation-delay=\"0.0\" data-node=\"661779b398900\">\n<div class=\"fl-module-content fl-node-content\">\n<div class=\"fl-rich-text\">\n<p style=\"text-align: center;\">\n<p><img decoding=\"async\" alt=\"Traitement CNN, nettoyage chimique, rev\u00eatement CVD\" class=\"size-full wp-image-7289 aligncenter\" src=\"\/wp-content\/uploads\/2025\/09\/a4132b2b399abbac.webp\"><\/p>\n<\/p><\/div>\n<\/p><\/div>\n<\/p><\/div>\n<\/p><\/div>\n<\/p><\/div>\n<\/p><\/div>\n<\/p><\/div>\n<\/p><\/div>\n<\/p><\/div>\n<\/div>","protected":false},"excerpt":{"rendered":"<p><?xml encoding=\"utf-8\" ?><\/p>\n<p>La plaquette SOI est une structure en forme de sandwich avec trois couches; Y compris la couche sup\u00e9rieure (couche de dispositif), le milieu de la couche d'oxyg\u00e8ne enfouie (pour la couche SIO2 isolante) et le substrat inf\u00e9rieur (silicium en vrac). Les plaquettes SOI sont produites \u00e0 l'aide de la m\u00e9thode Simox et de la technologie de liaison \u00e0 la plaquette, ce qui permet des couches d'appareils plus minces et plus pr\u00e9cises, une \u00e9paisseur uniforme et une faible densit\u00e9 de d\u00e9fauts.<\/p>","protected":false},"featured_media":963,"comment_status":"closed","ping_status":"open","template":"","meta":[],"product_brand":[],"product_cat":[41,26],"product_tag":[],"class_list":{"0":"post-2219","1":"product","2":"type-product","3":"status-publish","4":"has-post-thumbnail","6":"product_cat-sol-wafer","7":"product_cat-wafer","9":"first","10":"instock","11":"product-type-simple"},"_links":{"self":[{"href":"https:\/\/www.cn-semiconductorparts.com\/fr\/wp-json\/wp\/v2\/product\/2219","targetHints":{"allow":["GET"]}}],"collection":[{"href":"https:\/\/www.cn-semiconductorparts.com\/fr\/wp-json\/wp\/v2\/product"}],"about":[{"href":"https:\/\/www.cn-semiconductorparts.com\/fr\/wp-json\/wp\/v2\/types\/product"}],"replies":[{"embeddable":true,"href":"https:\/\/www.cn-semiconductorparts.com\/fr\/wp-json\/wp\/v2\/comments?post=2219"}],"wp:featuredmedia":[{"embeddable":true,"href":"https:\/\/www.cn-semiconductorparts.com\/fr\/wp-json\/wp\/v2\/media\/963"}],"wp:attachment":[{"href":"https:\/\/www.cn-semiconductorparts.com\/fr\/wp-json\/wp\/v2\/media?parent=2219"}],"wp:term":[{"taxonomy":"product_brand","embeddable":true,"href":"https:\/\/www.cn-semiconductorparts.com\/fr\/wp-json\/wp\/v2\/product_brand?post=2219"},{"taxonomy":"product_cat","embeddable":true,"href":"https:\/\/www.cn-semiconductorparts.com\/fr\/wp-json\/wp\/v2\/product_cat?post=2219"},{"taxonomy":"product_tag","embeddable":true,"href":"https:\/\/www.cn-semiconductorparts.com\/fr\/wp-json\/wp\/v2\/product_tag?post=2219"}],"curies":[{"name":"WP","href":"https:\/\/api.w.org\/{rel}","templated":true}]}}