{"id":2221,"date":"2025-09-11T05:33:27","date_gmt":"2025-09-11T05:33:27","guid":{"rendered":"https:\/\/weitai2.globaldeepsea.site\/product\/laser-microjet-cutting-equipment\/"},"modified":"2026-04-29T15:28:10","modified_gmt":"2026-04-29T07:28:10","slug":"laser-microjet-cutting-equipment","status":"publish","type":"product","link":"https:\/\/www.cn-semiconductorparts.com\/fr\/product\/laser-microjet-cutting-equipment\/","title":{"rendered":"\u00c9quipement de coupe de microjet laser"},"content":{"rendered":"<p><?xml encoding=\"utf-8\" ?><\/p>\n<div class=\"fl-builder-content fl-builder-content-3143 fl-builder-content-primary fl-builder-global-templates-locked\" data-post-id=\"3143\">\n<div class=\"fl-row fl-row-full-width fl-row-bg-none fl-node-64dedd9a255c2\" data-node=\"64dedd9a255c2\">\n<div class=\"fl-row-content-wrap\">\n<div class=\"fl-row-content fl-row-full-width fl-node-content\">\n<div class=\"fl-col-group fl-node-64dedd9a2560c\" data-node=\"64dedd9a2560c\">\n<div class=\"fl-col fl-node-64dedd9a25655\" data-node=\"64dedd9a25655\" style=\"width: 100%;\">\n<div class=\"fl-col-content fl-node-content\">\n<div class=\"fl-module fl-module-heading fl-node-64dedd9a256e0\" data-animation-delay=\"0.0\" data-node=\"64dedd9a256e0\">\n<div class=\"fl-module-content fl-node-content\">\n<h3 class=\"fl-heading\"> <span class=\"fl-heading-text\">Avantages du traitement LMJ<\/span> <\/h3>\n<\/p><\/div>\n<\/p><\/div>\n<div class=\"fl-module fl-module-rich-text fl-node-64dedd9a2569b\" data-animation-delay=\"0.0\" data-node=\"64dedd9a2569b\">\n<div class=\"fl-module-content fl-node-content\">\n<div class=\"fl-rich-text\">\n<p>Les d\u00e9fauts inh\u00e9rents du traitement au laser ordinaire peuvent \u00eatre surmont\u00e9s par l'utilisation intelligente de la technologie laser au laser micro jet (LMJ) pour propager les caract\u00e9ristiques optiques de l'eau et de l'air. Cette technologie permet aux impulsions laser pleinement refl\u00e9t\u00e9es dans le jet d'eau de haute puret\u00e9 transform\u00e9 d'une mani\u00e8re non perturb\u00e9e d'atteindre la surface d'usinage comme dans la fibre optique.&nbsp;<\/p>\n<\/p><\/div>\n<\/p><\/div>\n<\/p><\/div>\n<\/p><\/div>\n<\/p><\/div>\n<\/p><\/div>\n<div class=\"fl-col-group fl-node-64dedd9a25cca\" data-node=\"64dedd9a25cca\">\n<div class=\"fl-col fl-node-64dedd9a25d0e\" data-node=\"64dedd9a25d0e\" style=\"width: 100%;\">\n<div class=\"fl-col-content fl-node-content\">\n<div class=\"fl-module fl-module-photo fl-node-64dedd9a25d53\" data-animation-delay=\"0.0\" data-node=\"64dedd9a25d53\">\n<div class=\"fl-module-content fl-node-content\">\n<div class=\"fl-photo fl-photo-align-center\" itemscope=\"\" itemtype=\"http:\/\/schema.org\/ImageObject\">\n<div class=\"fl-photo-content fl-photo-img-png\"> <img decoding=\"async\" alt=\"\u00c9quipement de traitement du laser microjet-2-3\" class=\"fl-photo-img wp-image-3159\" itemprop=\"image\" src=\"\/wp-content\/uploads\/2025\/09\/746c53b80ded3f79.webp\"> <\/div>\n<\/p><\/div>\n<\/p><\/div>\n<\/p><\/div>\n<\/p><\/div>\n<\/p><\/div>\n<\/p><\/div>\n<div class=\"fl-col-group fl-node-64dedd9a257f1\" data-node=\"64dedd9a257f1\">\n<div class=\"fl-col fl-node-64dedd9a25836\" data-node=\"64dedd9a25836\" style=\"width: 100%;\">\n<div class=\"fl-col-content fl-node-content\">\n<div class=\"fl-module fl-module-photo fl-node-64dedd9a2587b\" data-animation-delay=\"0.0\" data-node=\"64dedd9a2587b\">\n<div class=\"fl-module-content fl-node-content\">\n<div class=\"fl-photo fl-photo-align-center\" itemscope=\"\" itemtype=\"http:\/\/schema.org\/ImageObject\">\n<div class=\"fl-photo-content fl-photo-img-png\"> <img decoding=\"async\" alt=\"fcghjdxfrg\" class=\"fl-photo-img wp-image-3155\" itemprop=\"image\" src=\"\/wp-content\/uploads\/2025\/09\/ebb692f96f04de41.webp\"> <\/div>\n<\/p><\/div>\n<\/p><\/div>\n<\/p><\/div>\n<\/p><\/div>\n<\/p><\/div>\n<\/p><\/div>\n<div class=\"fl-col-group fl-node-64dedd9a25724\" data-node=\"64dedd9a25724\">\n<div class=\"fl-col fl-node-64dedd9a25769 fl-col-small\" data-node=\"64dedd9a25769\" style=\"width: 50%;\">\n<div class=\"fl-col-content fl-node-content\">\n<div class=\"fl-module fl-module-rich-text fl-node-64dedd9a257ad\" data-animation-delay=\"0.0\" data-node=\"64dedd9a257ad\">\n<div class=\"fl-module-content fl-node-content\">\n<div class=\"fl-rich-text\">\n<p>Les principales caract\u00e9ristiques de la technologie LMJ sont:<\/p>\n<p>1. Le faisceau laser est une structure en colonnes (parall\u00e8le).<\/p>\n<p>2. L'impulsion laser est transmise dans le jet d'eau comme une fibre optique, sans aucune interf\u00e9rence environnementale.<\/p>\n<p>3. Le faisceau laser est ax\u00e9 dans l'\u00e9quipement LMJ, et la hauteur de la surface usin\u00e9e ne change pas pendant l'ensemble du processus de traitement, il n'a donc pas besoin de continuer \u00e0 se concentrer avec le changement de profondeur de traitement pendant le traitement.<\/p>\n<p>4. Nettoyez la surface en continu.<\/p>\n<\/p><\/div>\n<\/p><\/div>\n<\/p><\/div>\n<\/p><\/div>\n<\/p><\/div>\n<div class=\"fl-col fl-node-64e0271f21934 fl-col-small\" data-node=\"64e0271f21934\" style=\"width: 50%;\">\n<div class=\"fl-col-content fl-node-content\">\n<div class=\"fl-module fl-module-photo fl-node-64dedd9a25aa1\" data-animation-delay=\"0.0\" data-node=\"64dedd9a25aa1\">\n<div class=\"fl-module-content fl-node-content\">\n<div class=\"fl-photo fl-photo-align-center\" itemscope=\"\" itemtype=\"http:\/\/schema.org\/ImageObject\">\n<div class=\"fl-photo-content fl-photo-img-png\"> <img decoding=\"async\" alt=\"Micro-jet Laser Cuting Technolgoy (1)\" class=\"fl-photo-img wp-image-3146\" itemprop=\"image\" src=\"\/wp-content\/uploads\/2025\/09\/31c25558cd3d9598.webp\"> <\/div>\n<\/p><\/div>\n<\/p><\/div>\n<\/p><\/div>\n<\/p><\/div>\n<\/p><\/div>\n<\/p><\/div>\n<div class=\"fl-col-group fl-node-64dedd9a25b2b\" data-node=\"64dedd9a25b2b\">\n<div class=\"fl-col fl-node-64dedd9a25b71\" data-node=\"64dedd9a25b71\" style=\"width: 100%;\">\n<div class=\"fl-col-content fl-node-content\">\n<div class=\"fl-module fl-module-rich-text fl-node-64dedd9a25bb8\" data-animation-delay=\"0.0\" data-node=\"64dedd9a25bb8\">\n<div class=\"fl-module-content fl-node-content\">\n<div class=\"fl-rich-text\">\n<p>5. En plus de l'ablation du mat\u00e9riau de la pi\u00e8ce par chaque impulsion laser, chaque unit\u00e9 d'unit\u00e9 du d\u00e9but de chaque impulsion \u00e0 l'impulsion suivante, le mat\u00e9riau trait\u00e9 est dans l'\u00e9tat d'eau de refroidissement en temps r\u00e9el pour environ 99% de l'\u00e9poque, ce qui \u00e9limine presque la zone affect\u00e9e par la chaleur et la couche de remontage, mais maintient l'efficacit\u00e9 \u00e9lev\u00e9e du traitement.<\/p>\n<\/p><\/div>\n<\/p><\/div>\n<\/p><\/div>\n<\/p><\/div>\n<\/p><\/div>\n<\/p><\/div>\n<div class=\"fl-col-group fl-node-64dedd9a258c1\" data-node=\"64dedd9a258c1\">\n<div class=\"fl-col fl-node-64dedd9a25905\" data-node=\"64dedd9a25905\" style=\"width: 100%;\">\n<div class=\"fl-col-content fl-node-content\">\n<div class=\"fl-module fl-module-photo fl-node-64dedd9a25948\" data-animation-delay=\"0.0\" data-node=\"64dedd9a25948\">\n<div class=\"fl-module-content fl-node-content\">\n<div class=\"fl-photo fl-photo-align-center\" itemscope=\"\" itemtype=\"http:\/\/schema.org\/ImageObject\">\n<div class=\"fl-photo-content fl-photo-img-png\"> <img decoding=\"async\" alt=\"zsdfgafdeg\" class=\"fl-photo-img wp-image-3154\" itemprop=\"image\" src=\"\/wp-content\/uploads\/2025\/09\/03ed4326892069ac.webp\"> <\/div>\n<\/p><\/div>\n<\/p><\/div>\n<\/p><\/div>\n<\/p><\/div>\n<\/p><\/div>\n<\/p><\/div>\n<div class=\"fl-col-group fl-node-64dedd9a25dde\" data-node=\"64dedd9a25dde\">\n<div class=\"fl-col fl-node-64dedd9a25e24\" data-node=\"64dedd9a25e24\" style=\"width: 100%;\">\n<div class=\"fl-col-content fl-node-content\">\n<div class=\"fl-module fl-module-rich-text fl-node-64dedd9a25e69\" data-animation-delay=\"0.0\" data-node=\"64dedd9a25e69\">\n<div class=\"fl-module-content fl-node-content\">\n<div class=\"fl-rich-text\">\n<table border=\"1\" cellspacing=\"0\">\n<tbody>\n<tr>\n<td valign=\"top\" width=\"215\">\n<p align=\"center\">Sp\u00e9cifications g\u00e9n\u00e9rales<\/p>\n<\/td>\n<td valign=\"top\" width=\"275\">\n<p align=\"center\"><span style=\"font-family: Calibri;\">LCSA-100<\/span><\/p>\n<\/td>\n<td valign=\"top\" width=\"224\">\n<p align=\"center\"><span style=\"font-family: Calibri;\">LCSA-200<\/span><\/p>\n<\/td>\n<\/tr>\n<tr>\n<td valign=\"top\" width=\"215\">\n<p align=\"center\"><span style=\"font-family: 'Segoe UI';\">Volume de comptoir<\/span><\/p>\n<\/td>\n<td valign=\"top\" width=\"275\">\n<p align=\"center\"><span style=\"font-family: 'Segoe UI';\">125 x 200 x 100<\/span><\/p>\n<\/td>\n<td valign=\"top\" width=\"224\">\n<p align=\"center\"><span style=\"font-family: 'Segoe UI';\">460&times;460&times;300<\/span><\/p>\n<\/td>\n<\/tr>\n<tr>\n<td valign=\"top\" width=\"215\">\n<p align=\"center\"><span style=\"font-family: 'Segoe UI';\">Axe lin\u00e9aire xy<\/span><\/p>\n<\/td>\n<td valign=\"top\" width=\"275\">\n<p align=\"center\"><span style=\"font-family: 'Segoe UI';\">Moteur lin\u00e9aire. Moteur lin\u00e9aire<\/span><\/p>\n<\/td>\n<td valign=\"top\" width=\"224\">\n<p align=\"center\"><span style=\"font-family: 'Segoe UI';\">Moteur lin\u00e9aire. Moteur lin\u00e9aire<\/span><\/p>\n<\/td>\n<\/tr>\n<tr>\n<td valign=\"top\" width=\"215\">\n<p align=\"center\"><span style=\"font-family: 'Segoe UI';\">Axe lin\u00e9aire z<\/span><\/p>\n<\/td>\n<td valign=\"top\" width=\"275\">\n<p align=\"center\"><span style=\"font-family: 'Segoe UI';\">100<\/span><\/p>\n<\/td>\n<td valign=\"top\" width=\"224\">\n<p align=\"center\"><span style=\"font-family: 'Segoe UI';\">300<\/span><\/p>\n<\/td>\n<\/tr>\n<tr>\n<td valign=\"top\" width=\"215\">\n<p align=\"center\"><span style=\"font-family: 'Segoe UI';\">Positioning accuracy &mu;m<\/span><\/p>\n<\/td>\n<td valign=\"top\" width=\"275\">\n<p align=\"center\"><span style=\"font-family: 'Segoe UI';\">+ \/ &#8211; 5<\/span><\/p>\n<\/td>\n<td valign=\"top\" width=\"224\">\n<p align=\"center\"><span style=\"font-family: 'Segoe UI';\">+ \/ &#8211; 3<\/span><\/p>\n<\/td>\n<\/tr>\n<tr>\n<td valign=\"top\" width=\"215\">\n<p align=\"center\"><span style=\"font-family: 'Segoe UI';\">Repeated positioning accuracy &mu;m<\/span><\/p>\n<\/td>\n<td valign=\"top\" width=\"275\">\n<p align=\"center\"><span style=\"font-family: 'Segoe UI';\">+ \/ &#8211; 2<\/span><\/p>\n<\/td>\n<td valign=\"top\" width=\"224\">\n<p align=\"center\"><span style=\"font-family: 'Segoe UI';\">+ \/ &#8211; 1<\/span><\/p>\n<\/td>\n<\/tr>\n<tr>\n<td valign=\"top\" width=\"215\">\n<p align=\"center\"><span style=\"font-family: 'Segoe UI';\">Acc\u00e9l\u00e9ration g<\/span><\/p>\n<\/td>\n<td valign=\"top\" width=\"275\">\n<p align=\"center\"><span style=\"font-family: 'Segoe UI';\">0.5<\/span><\/p>\n<\/td>\n<td valign=\"top\" width=\"224\">\n<p align=\"center\"><span style=\"font-family: Calibri;\">1<\/span><\/p>\n<\/td>\n<\/tr>\n<tr>\n<td valign=\"top\" width=\"215\">\n<p align=\"center\"><span style=\"font-family: 'Segoe UI';\">Contr\u00f4le num\u00e9rique<\/span><\/p>\n<\/td>\n<td valign=\"top\" width=\"275\">\n<p align=\"center\"><span style=\"font-family: 'Segoe UI';\">3-axis<\/span><\/p>\n<\/td>\n<td valign=\"top\" width=\"224\">\n<p align=\"center\"><span style=\"font-family: 'Segoe UI';\">3-axis<\/span><\/p>\n<\/td>\n<\/tr>\n<tr>\n<td valign=\"top\" width=\"215\">\n<p align=\"center\"><span style=\"font-family: 'Segoe UI';\">L<\/span><span style=\"font-family: 'Segoe UI';\">aser<\/span><\/p>\n<\/td>\n<td valign=\"top\" width=\"275\">\n<p align=\"center\">&nbsp;<\/p>\n<\/td>\n<td valign=\"top\" width=\"224\">\n<p align=\"center\">&nbsp;<\/p>\n<\/td>\n<\/tr>\n<tr>\n<td valign=\"top\" width=\"215\">\n<p align=\"center\"><span style=\"font-family: 'Segoe UI';\">Type laser<\/span><\/p>\n<\/td>\n<td valign=\"top\" width=\"275\">\n<p align=\"center\"><span style=\"font-family: 'Segoe UI';\">DPSS ND: YAG<\/span><\/p>\n<\/td>\n<td valign=\"top\" width=\"224\">\n<p align=\"center\"><span style=\"font-family: 'Segoe UI';\">DPSS ND: YAG, Pulse<\/span><\/p>\n<\/td>\n<\/tr>\n<tr>\n<td valign=\"top\" width=\"215\">\n<p align=\"center\"><span style=\"font-family: 'Segoe UI';\">Longueur d'onde Nm<\/span><\/p>\n<\/td>\n<td valign=\"top\" width=\"275\">\n<p align=\"center\"><span style=\"font-family: 'Segoe UI';\">532\/1064<\/span><\/p>\n<\/td>\n<td valign=\"top\" width=\"224\">\n<p align=\"center\"><span style=\"font-family: 'Segoe UI';\">532\/1064<\/span><\/p>\n<\/td>\n<\/tr>\n<tr>\n<td valign=\"top\" width=\"215\">\n<p align=\"center\"><span style=\"font-family: 'Segoe UI';\">Puissance nominale W<\/span><\/p>\n<\/td>\n<td valign=\"top\" width=\"275\">\n<p align=\"center\"><span style=\"font-family: 'Segoe UI';\">50\/100\/200<\/span><\/p>\n<\/td>\n<td valign=\"top\" width=\"224\">\n<p align=\"center\"><span style=\"font-family: 'Segoe UI';\">200\/400<\/span><\/p>\n<\/td>\n<\/tr>\n<tr>\n<td valign=\"top\" width=\"215\">\n<p align=\"center\"><span style=\"font-family: 'Segoe UI';\">Jet d'eau<\/span><\/p>\n<\/td>\n<td valign=\"top\" width=\"275\">\n<p align=\"center\">&nbsp;<\/p>\n<\/td>\n<td valign=\"top\" width=\"224\">\n<p align=\"center\">&nbsp;<\/p>\n<\/td>\n<\/tr>\n<tr>\n<td valign=\"top\" width=\"215\">\n<p align=\"center\"><span style=\"font-family: 'Segoe UI';\">Nozzle diameter &mu;m<\/span><\/p>\n<\/td>\n<td valign=\"top\" width=\"275\">\n<p align=\"center\"><span style=\"font-family: 'Segoe UI';\">25-80<\/span><\/p>\n<\/td>\n<td valign=\"top\" width=\"224\">\n<p align=\"center\"><span style=\"font-family: 'Segoe UI';\">25-80<\/span><\/p>\n<\/td>\n<\/tr>\n<tr>\n<td valign=\"top\" width=\"215\">\n<p align=\"center\"><span style=\"font-family: 'Segoe UI';\">Barre de pression<\/span><\/p>\n<\/td>\n<td valign=\"top\" width=\"275\">\n<p align=\"center\"><span style=\"font-family: 'Segoe UI';\">100-600<\/span><\/p>\n<\/td>\n<td valign=\"top\" width=\"224\">\n<p align=\"center\"><span style=\"font-family: 'Segoe UI';\">0-600<\/span><\/p>\n<\/td>\n<\/tr>\n<tr>\n<td valign=\"top\" width=\"215\">\n<p align=\"center\"><span style=\"font-family: 'Segoe UI';\">Taille \/ poids<\/span><\/p>\n<\/td>\n<td valign=\"top\" width=\"275\">\n<p align=\"center\">&nbsp;<\/p>\n<\/td>\n<td valign=\"top\" width=\"224\">\n<p align=\"center\">&nbsp;<\/p>\n<\/td>\n<\/tr>\n<tr>\n<td valign=\"top\" width=\"215\">\n<p align=\"center\"><span style=\"font-family: 'Segoe UI';\">Dimensions (machine)<\/span>&nbsp;<span style=\"font-family: 'Segoe UI';\">(W x l x h)<\/span><\/p>\n<\/td>\n<td valign=\"top\" width=\"275\">\n<p align=\"center\"><span style=\"font-family: 'Segoe UI';\">1050 x 800 x 1870<\/span><\/p>\n<\/td>\n<td valign=\"top\" width=\"224\">\n<p align=\"center\"><span style=\"font-family: 'Segoe UI';\">1200 x 1200 x 2000<\/span><\/p>\n<\/td>\n<\/tr>\n<tr>\n<td valign=\"top\" width=\"215\">\n<p align=\"center\"><span style=\"font-family: 'Segoe UI';\">Dimensions (armoire de commande) (W x l x h)<\/span><\/p>\n<\/td>\n<td valign=\"top\" width=\"275\">\n<p align=\"center\"><span style=\"font-family: 'Segoe UI';\">700 x 2300 x 1600<\/span><\/p>\n<\/td>\n<td valign=\"top\" width=\"224\">\n<p align=\"center\"><span style=\"font-family: 'Segoe UI';\">700 x 2300 x 1600<\/span><\/p>\n<\/td>\n<\/tr>\n<tr>\n<td valign=\"top\" width=\"215\">\n<p align=\"center\"><span style=\"font-family: 'Segoe UI';\">Poids (\u00e9quipement) kg<\/span><\/p>\n<\/td>\n<td valign=\"top\" width=\"275\">\n<p align=\"center\"><span style=\"font-family: 'Segoe UI';\">1170<\/span><\/p>\n<\/td>\n<td valign=\"top\" width=\"224\">\n<p align=\"center\"><span style=\"font-family: 'Segoe UI';\">2500-3000<\/span><\/p>\n<\/td>\n<\/tr>\n<tr>\n<td valign=\"top\" width=\"215\">\n<p align=\"center\"><span style=\"font-family: 'Segoe UI';\">Poids (armoire de commande) kg<\/span><\/p>\n<\/td>\n<td valign=\"top\" width=\"275\">\n<p align=\"center\"><span style=\"font-family: 'Segoe UI';\">700-750<\/span><\/p>\n<\/td>\n<td valign=\"top\" width=\"224\">\n<p align=\"center\"><span style=\"font-family: 'Segoe UI';\">700-750<\/span><\/p>\n<\/td>\n<\/tr>\n<tr>\n<td valign=\"top\" width=\"215\">\n<p align=\"center\"><span style=\"font-family: 'Segoe UI';\">Consommation d'\u00e9nergie compl\u00e8te<\/span><\/p>\n<\/td>\n<td valign=\"top\" width=\"275\">\n<p align=\"center\">&nbsp;<\/p>\n<\/td>\n<td valign=\"top\" width=\"224\">\n<p align=\"center\">&nbsp;<\/p>\n<\/td>\n<\/tr>\n<tr>\n<td valign=\"top\" width=\"215\">\n<p align=\"center\"><span style=\"font-family: Calibri;\">I<\/span><span style=\"font-family: 'Segoe UI';\">nut<\/span><\/p>\n<\/td>\n<td valign=\"top\" width=\"275\">\n<p align=\"center\"><span style=\"font-family: 'Segoe UI';\">AC 230 V +6%\/ -10%, unidirectional 50\/60 Hz &plusmn;1%<\/span><\/p>\n<\/td>\n<td valign=\"top\" width=\"224\">\n<p align=\"center\"><span style=\"font-family: 'Segoe UI';\">AC 400 V +6%\/-10%, 3-phase50\/60 Hz &plusmn;1%<\/span><\/p>\n<\/td>\n<\/tr>\n<tr>\n<td valign=\"top\" width=\"215\">\n<p align=\"center\"><span style=\"font-family: 'Segoe UI';\">Valeur maximale<\/span><\/p>\n<\/td>\n<td valign=\"top\" width=\"275\">\n<p align=\"center\"><span style=\"font-family: 'Segoe UI';\">2.5kVA<\/span><\/p>\n<\/td>\n<td valign=\"top\" width=\"224\">\n<p align=\"center\"><span style=\"font-family: 'Segoe UI';\">2.5kVA<\/span><\/p>\n<\/td>\n<\/tr>\n<tr>\n<td valign=\"top\" width=\"215\">\n<p align=\"center\"><span style=\"font-family: Calibri;\">J<\/span><span style=\"font-family: 'Segoe UI';\">oiseau<\/span><\/p>\n<\/td>\n<td valign=\"top\" width=\"275\">\n<p align=\"center\"><span style=\"font-family: 'Segoe UI';\">C\u00e2ble d'alimentation de 10 m: P + N + E, 1,5 mm2<\/span><\/p>\n<\/td>\n<td valign=\"top\" width=\"224\">\n<p align=\"center\"><span style=\"font-family: 'Segoe UI';\">C\u00e2ble d'alimentation de 10 m: P + N + E, 1,5 mm2<\/span><\/p>\n<\/td>\n<\/tr>\n<tr>\n<td valign=\"top\" width=\"215\">\n<p align=\"center\"><span style=\"font-family: 'Segoe UI';\">Gamme d'applications utilisateur de l'industrie des semi-conducteurs<\/span><\/p>\n<\/td>\n<td valign=\"top\" width=\"275\">\n<p align=\"center\"><span style=\"font-family: 'Segoe UI';\">&le;4 inches round ingot<\/span><\/p>\n<p align=\"center\"><span style=\"font-family: 'Segoe UI';\">&le;4 inches ingot slices<\/span><\/p>\n<p align=\"center\"><span style=\"font-family: 'Segoe UI';\">&le;4 inches ingot scribing<\/span><\/p>\n<p align=\"center\">&nbsp;<\/p>\n<\/td>\n<td valign=\"top\" width=\"224\">\n<p align=\"center\"><span style=\"font-family: 'Segoe UI';\">&le;6 inches round ingot<\/span><\/p>\n<p align=\"center\"><span style=\"font-family: 'Segoe UI';\">&le;6 inch ingot slices<\/span><\/p>\n<p align=\"center\"><span style=\"font-family: 'Segoe UI';\">&le;6 inches ingot scribing<\/span><\/p>\n<p align=\"center\">La machine r\u00e9pond \u00e0 la valeur th\u00e9orique circulaire \/ tranchant \/ tranchant de 8 pouces, et les r\u00e9sultats pratiques sp\u00e9cifiques doivent \u00eatre optimis\u00e9s \u00e0 une strat\u00e9gie de coupe optimis\u00e9e<\/p>\n<\/td>\n<\/tr>\n<\/tbody>\n<\/table><\/div>\n<\/p><\/div>\n<\/p><\/div>\n<\/p><\/div>\n<\/p><\/div>\n<\/p><\/div>\n<div class=\"fl-col-group fl-node-64dedd9a25bfd\" data-node=\"64dedd9a25bfd\">\n<div class=\"fl-col fl-node-64dedd9a25c41\" data-node=\"64dedd9a25c41\" style=\"width: 100%;\">\n<div class=\"fl-col-content fl-node-content\">\n<div class=\"fl-module fl-module-photo fl-node-64dedd9a25c86\" data-animation-delay=\"0.0\" data-node=\"64dedd9a25c86\">\n<div class=\"fl-module-content fl-node-content\">\n<div class=\"fl-photo fl-photo-align-center\" itemscope=\"\" itemtype=\"http:\/\/schema.org\/ImageObject\">\n<div class=\"fl-photo-content fl-photo-img-png\"> <img decoding=\"async\" alt=\"Zfvbsdf\" class=\"fl-photo-img wp-image-3156\" itemprop=\"image\" src=\"\/wp-content\/uploads\/2025\/09\/4261e21f7fccaf5c.webp\"> <\/div>\n<\/p><\/div>\n<\/p><\/div>\n<\/p><\/div>\n<\/p><\/div>\n<\/p><\/div>\n<\/p><\/div>\n<div class=\"fl-col-group fl-node-64dedd9a2598b\" data-node=\"64dedd9a2598b\">\n<div class=\"fl-col fl-node-64dedd9a259d0 fl-col-small\" data-node=\"64dedd9a259d0\" style=\"width: 50%;\">\n<div class=\"fl-col-content fl-node-content\">\n<div class=\"fl-module fl-module-photo fl-node-64dedd9a25a5c\" data-animation-delay=\"0.0\" data-node=\"64dedd9a25a5c\">\n<div class=\"fl-module-content fl-node-content\">\n<div class=\"fl-photo fl-photo-align-center\" itemscope=\"\" itemtype=\"http:\/\/schema.org\/ImageObject\">\n<div class=\"fl-photo-content fl-photo-img-jpg\"> <img decoding=\"async\" alt=\"Micro-jet Laser Cuting Technolgoy (1)\" class=\"fl-photo-img wp-image-3145\" itemprop=\"image\" src=\"\/wp-content\/uploads\/2025\/09\/f1b000816445a0fe.webp\"> <\/div>\n<\/p><\/div>\n<\/p><\/div>\n<\/p><\/div>\n<\/p><\/div>\n<\/p><\/div>\n<div class=\"fl-col fl-node-64dedd9a25d97 fl-col-small\" data-node=\"64dedd9a25d97\" style=\"width: 50%;\">\n<div class=\"fl-col-content fl-node-content\">\n<div class=\"fl-module fl-module-photo fl-node-64dedd9a25a15\" data-animation-delay=\"0.0\" data-node=\"64dedd9a25a15\">\n<div class=\"fl-module-content fl-node-content\">\n<div class=\"fl-photo fl-photo-align-center\" itemscope=\"\" itemtype=\"http:\/\/schema.org\/ImageObject\">\n<div class=\"fl-photo-content fl-photo-img-png\"> <img decoding=\"async\" alt=\"Micro-jet Laser Cutholgoy (2)\" class=\"fl-photo-img wp-image-3147\" itemprop=\"image\" src=\"\/wp-content\/uploads\/2025\/09\/a5c4a1b2072199e6.webp\"> <\/div>\n<\/p><\/div>\n<\/p><\/div>\n<\/p><\/div>\n<\/p><\/div>\n<\/p><\/div>\n<\/p><\/div>\n<div class=\"fl-col-group fl-node-66177ed653fef\" data-node=\"66177ed653fef\">\n<div class=\"fl-col fl-node-66177ed6541d7\" data-node=\"66177ed6541d7\" style=\"width: 100%;\">\n<div class=\"fl-col-content fl-node-content\">\n<div class=\"fl-module fl-module-rich-text fl-node-66177ed653e8b\" data-animation-delay=\"0.0\" data-node=\"66177ed653e8b\">\n<div class=\"fl-module-content fl-node-content\">\n<div class=\"fl-rich-text\">\n<\/p><\/div>\n<\/p><\/div>\n<\/p><\/div>\n<\/p><\/div>\n<\/p><\/div>\n<\/p><\/div>\n<\/p><\/div>\n<\/p><\/div>\n<\/p><\/div>\n<\/div>","protected":false},"excerpt":{"rendered":"<p><?xml encoding=\"utf-8\" ?><\/p>\n<p>Laser microjet technology (LMJ) is a laser processing method that combines laser with a water jet &ldquo;as thin as a hair&rdquo;, and precisely guides the laser beam to the processing position through the pulse total reflection in the micro-water jet in a way similar to traditional optical fiber. The water jet continuously cools the cutting area and effectively removes processing debris.<\/p>","protected":false},"featured_media":714,"comment_status":"closed","ping_status":"open","template":"","meta":[],"product_brand":[],"product_cat":[31,40],"product_tag":[],"class_list":{"0":"post-2221","1":"product","2":"type-product","3":"status-publish","4":"has-post-thumbnail","6":"product_cat-more-ceramic-products","7":"product_cat-more-products","9":"first","10":"instock","11":"product-type-simple"},"_links":{"self":[{"href":"https:\/\/www.cn-semiconductorparts.com\/fr\/wp-json\/wp\/v2\/product\/2221","targetHints":{"allow":["GET"]}}],"collection":[{"href":"https:\/\/www.cn-semiconductorparts.com\/fr\/wp-json\/wp\/v2\/product"}],"about":[{"href":"https:\/\/www.cn-semiconductorparts.com\/fr\/wp-json\/wp\/v2\/types\/product"}],"replies":[{"embeddable":true,"href":"https:\/\/www.cn-semiconductorparts.com\/fr\/wp-json\/wp\/v2\/comments?post=2221"}],"wp:featuredmedia":[{"embeddable":true,"href":"https:\/\/www.cn-semiconductorparts.com\/fr\/wp-json\/wp\/v2\/media\/714"}],"wp:attachment":[{"href":"https:\/\/www.cn-semiconductorparts.com\/fr\/wp-json\/wp\/v2\/media?parent=2221"}],"wp:term":[{"taxonomy":"product_brand","embeddable":true,"href":"https:\/\/www.cn-semiconductorparts.com\/fr\/wp-json\/wp\/v2\/product_brand?post=2221"},{"taxonomy":"product_cat","embeddable":true,"href":"https:\/\/www.cn-semiconductorparts.com\/fr\/wp-json\/wp\/v2\/product_cat?post=2221"},{"taxonomy":"product_tag","embeddable":true,"href":"https:\/\/www.cn-semiconductorparts.com\/fr\/wp-json\/wp\/v2\/product_tag?post=2221"}],"curies":[{"name":"WP","href":"https:\/\/api.w.org\/{rel}","templated":true}]}}