{"id":2228,"date":"2025-09-11T05:33:27","date_gmt":"2025-09-11T05:33:27","guid":{"rendered":"https:\/\/weitai2.globaldeepsea.site\/product\/heating-elements-for-mocvd-substrate\/"},"modified":"2026-04-29T15:28:13","modified_gmt":"2026-04-29T07:28:13","slug":"heating-elements-for-mocvd-substrate","status":"publish","type":"product","link":"https:\/\/www.cn-semiconductorparts.com\/fr\/product\/heating-elements-for-mocvd-substrate\/","title":{"rendered":"Heating Elements For MOCVD Substrate"},"content":{"rendered":"<div class=\"fl-builder-content fl-builder-content-2918 fl-builder-content-primary fl-builder-global-templates-locked\" data-post-id=\"2918\">\n<div class=\"fl-row fl-row-full-width fl-row-bg-none fl-node-64db33ff01021\" data-node=\"64db33ff01021\">\n<div class=\"fl-row-content-wrap\">\n<div class=\"fl-row-content fl-row-full-width fl-node-content\">\n<div class=\"fl-col-group fl-node-64db33ff011dd\" data-node=\"64db33ff011dd\">\n<div class=\"fl-col fl-node-64db33ff0121a fl-col-small\" data-node=\"64db33ff0121a\" style=\"width: 50%;\">\n<div class=\"fl-col-content fl-node-content\">\n<div class=\"fl-module fl-module-rich-text fl-node-64db33ff01162\" data-animation-delay=\"0.0\" data-node=\"64db33ff01162\">\n<div class=\"fl-module-content fl-node-content\">\n<div class=\"fl-rich-text\">\n<p>Caract\u00e9ristiques principales du radiateur en graphite:<\/p>\n<p>1. Uniformit\u00e9 de la structure de chauffage.<\/p>\n<p>2. Bonne conductivit\u00e9 \u00e9lectrique et charge \u00e9lectrique \u00e9lev\u00e9e.<\/p>\n<p>3. R\u00e9sistance \u00e0 la corrosion.<\/p>\n<p>4. Inoxidisabilit\u00e9.<\/p>\n<p>5. Puret\u00e9 chimique \u00e9lev\u00e9e.<\/p>\n<p>6. R\u00e9sistance m\u00e9canique \u00e9lev\u00e9e.<\/p>\n<p>L'avantage est \u00e9conome en \u00e9nergie, \u00e0 grande valeur et \u00e0 faible entretien. Nous pouvons produire de l'anti-oxydation et du creuset en graphite \u00e0 longue dur\u00e9e de vie, de la moisissure en graphite et toutes les parties du radiateur en graphite.<\/p>\n<\/p><\/div>\n<\/p><\/div>\n<\/p><\/div>\n<\/p><\/div>\n<\/p><\/div>\n<div class=\"fl-col fl-node-64db33ff01258 fl-col-small\" data-node=\"64db33ff01258\" style=\"width: 50%;\">\n<div class=\"fl-col-content fl-node-content\">\n<div class=\"fl-module fl-module-photo fl-node-64db33ff0119f\" data-animation-delay=\"0.0\" data-node=\"64db33ff0119f\">\n<div class=\"fl-module-content fl-node-content\">\n<div class=\"fl-photo fl-photo-align-center\" itemscope=\"\" itemtype=\"http:\/\/schema.org\/ImageObject\">\n<div class=\"fl-photo-content fl-photo-img-jpg\"> <img decoding=\"async\" alt=\"MOCVD-Substrate-Heater-Heating-Elements-For-MOCVD3-300x300\" class=\"fl-photo-img wp-image-2949\" itemprop=\"image\" src=\"\/wp-content\/uploads\/2025\/09\/776bed15d27cdb91.webp\"> <\/img><\/div>\n<\/p><\/div>\n<\/p><\/div>\n<\/p><\/div>\n<\/p><\/div>\n<\/p><\/div>\n<\/p><\/div>\n<div class=\"fl-col-group fl-node-64db33ff01061\" data-node=\"64db33ff01061\">\n<div class=\"fl-col fl-node-64db33ff0109f\" data-node=\"64db33ff0109f\" style=\"width: 100%;\">\n<div class=\"fl-col-content fl-node-content\">\n<div class=\"fl-module fl-module-heading fl-node-64db33ff01119\" data-animation-delay=\"0.0\" data-node=\"64db33ff01119\">\n<div class=\"fl-module-content fl-node-content\">\n<h3 class=\"fl-heading\"> <span class=\"fl-heading-text\">Param\u00e8tres principaux du radiateur en graphite<\/span> <\/h3>\n<\/p><\/div>\n<\/p><\/div>\n<div class=\"fl-module fl-module-rich-text fl-node-64db33ff010dc\" data-animation-delay=\"0.0\" data-node=\"64db33ff010dc\">\n<div class=\"fl-module-content fl-node-content\">\n<div class=\"fl-rich-text\">\n<table border=\"1\" cellspacing=\"0\">\n<tbody>\n<tr>\n<td valign=\"center\" width=\"398\">\n<p>Sp\u00e9cifications techniques<\/p>\n<\/td>\n<td valign=\"center\" width=\"281\">\n<p>Semicera-M3<\/p>\n<\/td>\n<\/tr>\n<tr>\n<td valign=\"center\">\n<p>Densit\u00e9 en vrac (g \/ cm3)<\/p>\n<\/td>\n<td valign=\"center\">\n<p>\u22651.85<\/p>\n<\/td>\n<\/tr>\n<tr>\n<td valign=\"center\">\n<p>Contenu des cendres (PPM)<\/p>\n<\/td>\n<td valign=\"center\">\n<p>\u2264500<\/p>\n<\/td>\n<\/tr>\n<tr>\n<td valign=\"center\">\n<p>Duret\u00e9 des rives<\/p>\n<\/td>\n<td valign=\"center\">\n<p>\u226545<\/p>\n<\/td>\n<\/tr>\n<tr>\n<td valign=\"center\">\n<p>R\u00e9sistance sp\u00e9cifique (\u03bc.\u03c9.m)<\/p>\n<\/td>\n<td valign=\"center\">\n<p>\u226412<\/p>\n<\/td>\n<\/tr>\n<tr>\n<td valign=\"center\">\n<p>R\u00e9sistance \u00e0 la flexion (MPA)<\/p>\n<\/td>\n<td valign=\"center\">\n<p>\u226540<\/p>\n<\/td>\n<\/tr>\n<tr>\n<td valign=\"center\">\n<p>R\u00e9sistance \u00e0 la compression (MPA)<\/p>\n<\/td>\n<td valign=\"center\">\n<p>\u226570<\/p>\n<\/td>\n<\/tr>\n<tr>\n<td valign=\"center\">\n<p>Max. Taille des grains (\u03bcm)<\/p>\n<\/td>\n<td valign=\"center\">\n<p>\u226443<\/p>\n<\/td>\n<\/tr>\n<tr>\n<td valign=\"center\">\n<p>Coefficient de dilatation thermique mm \/ \u00b0 C<\/p>\n<\/td>\n<td valign=\"center\">\n<p>\u22644.4*10-6<\/p>\n<\/td>\n<\/tr>\n<\/tbody>\n<\/table><\/div>\n<\/p><\/div>\n<\/p><\/div>\n<\/p><\/div>\n<\/p><\/div>\n<\/p><\/div>\n<div class=\"fl-col-group fl-node-64db342e165bf\" data-node=\"64db342e165bf\">\n<div class=\"fl-col fl-node-64db342e1675d\" data-node=\"64db342e1675d\" style=\"width: 100%;\">\n<div class=\"fl-col-content fl-node-content\">\n<div class=\"fl-module fl-module-photo fl-node-64db342e16476\" data-animation-delay=\"0.0\" data-node=\"64db342e16476\">\n<div class=\"fl-module-content fl-node-content\">\n<div class=\"fl-photo fl-photo-align-center\" itemscope=\"\" itemtype=\"http:\/\/schema.org\/ImageObject\">\n<div class=\"fl-photo-content fl-photo-img-jpg\"> <img decoding=\"async\" alt=\"MOCVD Substrate Heater_ Heating Elements For MOCVD\" class=\"fl-photo-img wp-image-2951\" itemprop=\"image\" src=\"\/wp-content\/uploads\/2025\/09\/04ea063b7ecc3510.webp\"> <\/img><\/div>\n<\/p><\/div>\n<\/p><\/div>\n<\/p><\/div>\n<\/p><\/div>\n<\/p><\/div>\n<\/p><\/div>\n<div class=\"fl-col-group fl-node-64db33ff01284\" data-node=\"64db33ff01284\">\n<div class=\"fl-col fl-node-64db33ff012c2\" data-node=\"64db33ff012c2\" style=\"width: 100%;\">\n<div class=\"fl-col-content fl-node-content\">\n<div class=\"fl-module fl-module-gallery fl-node-64db33ff01300\" data-animation-delay=\"0.0\" data-node=\"64db33ff01300\">\n<div class=\"fl-module-content fl-node-content\">\n<div class=\"fl-mosaicflow\">\n<div class=\"fl-mosaicflow-content\">\n<div class=\"fl-mosaicflow-item\">\n<div class=\"fl-photo fl-photo-align-center\" itemscope=\"\" itemtype=\"http:\/\/schema.org\/ImageObject\">\n<div class=\"fl-photo-content fl-photo-img-jpg\"> <a href=\"\/fr\/uploads\/MOCVD-Substrate-Heater-Heating-Elements-For-MOCVD2-300x3002.webp\/\" itemprop=\"url\" target=\"_self\"> <img decoding=\"async\" alt=\"MOCVD-Substrate-Heater-Heating-Elements-For-MOCVD2-300x300\" class=\"fl-photo-img wp-image-2952\" itemprop=\"image\" src=\"\/wp-content\/uploads\/2025\/09\/aa69f932ea4d77ea.webp\"> <\/img><\/a> <\/div>\n<\/p><\/div>\n<\/p><\/div>\n<div class=\"fl-mosaicflow-item\">\n<div class=\"fl-photo fl-photo-align-center\" itemscope=\"\" itemtype=\"http:\/\/schema.org\/ImageObject\">\n<div class=\"fl-photo-content fl-photo-img-jpg\"> <a href=\"\/fr\/uploads\/MOCVD-Substrate-Heater-Heating-Elements-For-MOCVD3-300x3002.webp\/\" itemprop=\"url\" target=\"_self\"> <img decoding=\"async\" alt=\"MOCVD-Substrate-Heater-Heating-Elements-For-MOCVD3-300x300\" class=\"fl-photo-img wp-image-2953\" itemprop=\"image\" src=\"\/wp-content\/uploads\/2025\/09\/e4feddbb6816393f.webp\"> <\/img><\/a> <\/div>\n<\/p><\/div>\n<\/p><\/div>\n<\/p><\/div>\n<div class=\"fl-clear\"><\/div>\n<\/p><\/div>\n<\/p><\/div>\n<\/p><\/div>\n<\/p><\/div>\n<\/p><\/div>\n<\/p><\/div>\n<div class=\"fl-col-group fl-node-6617555d8013e\" data-node=\"6617555d8013e\">\n<div class=\"fl-col fl-node-6617555d802c4\" data-node=\"6617555d802c4\" style=\"width: 100%;\">\n<div class=\"fl-col-content fl-node-content\">\n<div class=\"fl-module fl-module-photo fl-node-6617555d7fff5\" data-animation-delay=\"0.0\" data-node=\"6617555d7fff5\">\n<div class=\"fl-module-content fl-node-content\">\n<div class=\"fl-photo fl-photo-align-center\" itemscope=\"\" itemtype=\"http:\/\/schema.org\/ImageObject\">\n<div class=\"fl-photo-content fl-photo-img-jpg\"> <img decoding=\"async\" alt=\"Lieu de travail Semiera\" class=\"fl-photo-img wp-image-7286\" itemprop=\"image\" src=\"\/wp-content\/uploads\/2025\/09\/b1dd0bcab1675ff4.webp\"> <\/img><\/div>\n<\/p><\/div>\n<\/p><\/div>\n<\/p><\/div>\n<div class=\"fl-module fl-module-photo fl-node-6617557d36f8e\" data-animation-delay=\"0.0\" data-node=\"6617557d36f8e\">\n<div class=\"fl-module-content fl-node-content\">\n<div class=\"fl-photo fl-photo-align-center\" itemscope=\"\" itemtype=\"http:\/\/schema.org\/ImageObject\">\n<div class=\"fl-photo-content fl-photo-img-jpg\"> <img decoding=\"async\" alt=\"Semirara Lieu de travail 2\" class=\"fl-photo-img wp-image-7287\" itemprop=\"image\" src=\"\/wp-content\/uploads\/2025\/09\/2b946d2b4b61306d.webp\"> <\/img><\/div>\n<\/p><\/div>\n<\/p><\/div>\n<\/p><\/div>\n<div class=\"fl-module fl-module-photo fl-node-6617557c4fc1c\" data-animation-delay=\"0.0\" data-node=\"6617557c4fc1c\">\n<div class=\"fl-module-content fl-node-content\">\n<div class=\"fl-photo fl-photo-align-center\" itemscope=\"\" itemtype=\"http:\/\/schema.org\/ImageObject\">\n<div class=\"fl-photo-content fl-photo-img-jpg\"> <img decoding=\"async\" alt=\"Machine de mat\u00e9riel\" class=\"fl-photo-img wp-image-7288\" itemprop=\"image\" src=\"\/wp-content\/uploads\/2025\/09\/081b6529d68ead23.webp\"> <\/img><\/div>\n<\/p><\/div>\n<\/p><\/div>\n<\/p><\/div>\n<div class=\"fl-module fl-module-photo fl-node-6617557b8b279\" data-animation-delay=\"0.0\" data-node=\"6617557b8b279\">\n<div class=\"fl-module-content fl-node-content\">\n<div class=\"fl-photo fl-photo-align-center\" itemscope=\"\" itemtype=\"http:\/\/schema.org\/ImageObject\">\n<div class=\"fl-photo-content fl-photo-img-jpg\"> <img decoding=\"async\" alt=\"Traitement CNN, nettoyage chimique, rev\u00eatement CVD\" class=\"fl-photo-img wp-image-7289\" itemprop=\"image\" src=\"\/wp-content\/uploads\/2025\/09\/a4132b2b399abbac.webp\"> <\/img><\/div>\n<\/p><\/div>\n<\/p><\/div>\n<\/p><\/div>\n<div class=\"fl-module fl-module-photo fl-node-6617557aaaa98\" data-animation-delay=\"0.0\" data-node=\"6617557aaaa98\">\n<div class=\"fl-module-content fl-node-content\">\n<div class=\"fl-photo fl-photo-align-center\" itemscope=\"\" itemtype=\"http:\/\/schema.org\/ImageObject\">\n<div class=\"fl-photo-content fl-photo-img-jpg\"> <img decoding=\"async\" alt=\"Notre service\" class=\"fl-photo-img wp-image-7290\" itemprop=\"image\" src=\"\/wp-content\/uploads\/2025\/09\/b07f222c0ec0ab8d.webp\"\/> <\/div>\n<\/p><\/div>\n<\/p><\/div>\n<\/p><\/div>\n<\/p><\/div>\n<\/p><\/div>\n<\/p><\/div>\n<\/p><\/div>\n<\/p><\/div>\n<\/p><\/div>\n<\/div>","protected":false},"excerpt":{"rendered":"<p>Semicera\u2019s Heating Elements for MOCVD Substrate are engineered to provide precise and stable temperature control in Metal-Organic Chemical Vapor Deposition (MOCVD) processes. Made from high-quality graphite, these heating elements offer exceptional thermal conductivity, uniform heating, and long-term reliability. Ideal for semiconductor manufacturing, LED production, and advanced material applications, Semicera\u2019s heating elements ensure consistent performance, optimizing your MOCVD substrate process for maximum efficiency and quality.<\/p>","protected":false},"featured_media":597,"comment_status":"closed","ping_status":"open","template":"","meta":[],"product_brand":[],"product_cat":[64,24],"product_tag":[],"class_list":{"0":"post-2228","1":"product","2":"type-product","3":"status-publish","4":"has-post-thumbnail","6":"product_cat-sic-heating-element","7":"product_cat-silicon-carbide-ceramic","9":"first","10":"instock","11":"product-type-simple"},"_links":{"self":[{"href":"https:\/\/www.cn-semiconductorparts.com\/fr\/wp-json\/wp\/v2\/product\/2228","targetHints":{"allow":["GET"]}}],"collection":[{"href":"https:\/\/www.cn-semiconductorparts.com\/fr\/wp-json\/wp\/v2\/product"}],"about":[{"href":"https:\/\/www.cn-semiconductorparts.com\/fr\/wp-json\/wp\/v2\/types\/product"}],"replies":[{"embeddable":true,"href":"https:\/\/www.cn-semiconductorparts.com\/fr\/wp-json\/wp\/v2\/comments?post=2228"}],"wp:featuredmedia":[{"embeddable":true,"href":"https:\/\/www.cn-semiconductorparts.com\/fr\/wp-json\/wp\/v2\/media\/597"}],"wp:attachment":[{"href":"https:\/\/www.cn-semiconductorparts.com\/fr\/wp-json\/wp\/v2\/media?parent=2228"}],"wp:term":[{"taxonomy":"product_brand","embeddable":true,"href":"https:\/\/www.cn-semiconductorparts.com\/fr\/wp-json\/wp\/v2\/product_brand?post=2228"},{"taxonomy":"product_cat","embeddable":true,"href":"https:\/\/www.cn-semiconductorparts.com\/fr\/wp-json\/wp\/v2\/product_cat?post=2228"},{"taxonomy":"product_tag","embeddable":true,"href":"https:\/\/www.cn-semiconductorparts.com\/fr\/wp-json\/wp\/v2\/product_tag?post=2228"}],"curies":[{"name":"WP","href":"https:\/\/api.w.org\/{rel}","templated":true}]}}