{"id":2232,"date":"2025-09-11T13:33:34","date_gmt":"2025-09-11T05:33:34","guid":{"rendered":"https:\/\/weitai2.globaldeepsea.site\/product\/lmj-microjet-technology-laser-cutting-equipment\/"},"modified":"2026-04-29T15:27:43","modified_gmt":"2026-04-29T07:27:43","slug":"lmj-microjet-technology-laser-cutting-equipment","status":"publish","type":"product","link":"https:\/\/www.cn-semiconductorparts.com\/fr\/product\/lmj-microjet-technology-laser-cutting-equipment\/","title":{"rendered":"\u00c9quipement de coupe laser Technology LMJ Microjet Technology"},"content":{"rendered":"<p><!--?xml encoding=\"utf-8\" ?--><\/p>\n<div class=\"fl-builder-content fl-builder-content-3142 fl-builder-content-primary fl-builder-global-templates-locked\" data-post-id=\"3142\">\n<div class=\"fl-row fl-row-full-width fl-row-bg-none fl-node-66177e845fe08\" data-node=\"66177e845fe08\">\n<div class=\"fl-row-content-wrap\">\n<div class=\"fl-row-content fl-row-full-width fl-node-content\">\n<div class=\"fl-col-group fl-node-66177e846058a\" data-node=\"66177e846058a\">\n<div class=\"fl-col fl-node-66177e8460717\" style=\"width: 100%\" data-node=\"66177e8460717\">\n<div class=\"fl-col-content fl-node-content\">\n<div class=\"fl-module fl-module-rich-text fl-node-66177e8461e5b\" data-animation-delay=\"0.0\" data-node=\"66177e8461e5b\">\n<div class=\"fl-module-content fl-node-content\">\n<div class=\"fl-rich-text\">\n<h3>Avantages du traitement LMJ<\/h3>\n<p>Les d\u00e9fauts inh\u00e9rents du traitement au laser ordinaire peuvent \u00eatre surmont\u00e9s par l'utilisation intelligente de la technologie laser au laser micro jet (LMJ) pour propager les caract\u00e9ristiques optiques de l'eau et de l'air. Cette technologie permet aux impulsions laser pleinement refl\u00e9t\u00e9es dans le jet d'eau de haute puret\u00e9 transform\u00e9 d'une mani\u00e8re non perturb\u00e9e d'atteindre la surface d'usinage comme dans la fibre optique.&nbsp;<\/p>\n<p><img decoding=\"async\" src=\"\/wp-content\/uploads\/2025\/09\/6ed4019b906b3d25.webp\" alt=\"\u00c9quipement de traitement du laser microjet-2-3\"><br \/><img decoding=\"async\" src=\"\/wp-content\/uploads\/2025\/09\/4cff6158cc071067.webp\" alt=\"fcghjdxfrg\"><\/p>\n<p>Les principales caract\u00e9ristiques de la technologie LMJ sont:<\/p>\n<p>1. Le faisceau laser est une structure en colonnes (parall\u00e8le).<\/p>\n<p>2. L'impulsion laser est transmise dans le jet d'eau comme une fibre optique, sans aucune interf\u00e9rence environnementale.<\/p>\n<p>3. Le faisceau laser est ax\u00e9 dans l'\u00e9quipement LMJ, et la hauteur de la surface usin\u00e9e ne change pas pendant l'ensemble du processus de traitement, il n'a donc pas besoin de continuer \u00e0 se concentrer avec le changement de profondeur de traitement pendant le traitement.<\/p>\n<p>4. Nettoyez la surface en continu.<\/p>\n<p><img decoding=\"async\" src=\"\/wp-content\/uploads\/2025\/09\/e713604f9c929c94.webp\" alt=\"Micro-jet Laser Cutholgoy (2)\"><\/p>\n<p>5. En plus de l'ablation du mat\u00e9riau de la pi\u00e8ce par chaque impulsion laser, chaque unit\u00e9 d'unit\u00e9 du d\u00e9but de chaque impulsion \u00e0 l'impulsion suivante, le mat\u00e9riau trait\u00e9 est dans l'\u00e9tat d'eau de refroidissement en temps r\u00e9el pour environ 99% de l'\u00e9poque, ce qui \u00e9limine presque la zone affect\u00e9e par la chaleur et la couche de remontage, mais maintient l'efficacit\u00e9 \u00e9lev\u00e9e du traitement.<\/p>\n<p><img decoding=\"async\" src=\"\/wp-content\/uploads\/2025\/09\/ef727d48784ce1ef.webp\" alt=\"zsdfgafdeg\"><\/p>\n<table border=\"1\" cellspacing=\"0\">\n<tbody>\n<tr>\n<td valign=\"top\" width=\"215\">\n<p align=\"center\">Sp\u00e9cifications g\u00e9n\u00e9rales<\/p>\n<\/td>\n<td valign=\"top\" width=\"275\">\n<p align=\"center\">LCSA-100<\/p>\n<\/td>\n<td valign=\"top\" width=\"224\">\n<p align=\"center\">LCSA-200<\/p>\n<\/td>\n<\/tr>\n<tr>\n<td valign=\"top\" width=\"215\">\n<p align=\"center\">Volume de comptoir<\/p>\n<\/td>\n<td valign=\"top\" width=\"275\">\n<p align=\"center\">125 x 200 x 100<\/p>\n<\/td>\n<td valign=\"top\" width=\"224\">\n<p align=\"center\">460&times;460&times;300<\/p>\n<\/td>\n<\/tr>\n<tr>\n<td valign=\"top\" width=\"215\">\n<p align=\"center\">Axe lin\u00e9aire xy<\/p>\n<\/td>\n<td valign=\"top\" width=\"275\">\n<p align=\"center\">Moteur lin\u00e9aire. Moteur lin\u00e9aire<\/p>\n<\/td>\n<td valign=\"top\" width=\"224\">\n<p align=\"center\">Moteur lin\u00e9aire. Moteur lin\u00e9aire<\/p>\n<\/td>\n<\/tr>\n<tr>\n<td valign=\"top\" width=\"215\">\n<p align=\"center\">Axe lin\u00e9aire z<\/p>\n<\/td>\n<td valign=\"top\" width=\"275\">\n<p align=\"center\">100<\/p>\n<\/td>\n<td valign=\"top\" width=\"224\">\n<p align=\"center\">300<\/p>\n<\/td>\n<\/tr>\n<tr>\n<td valign=\"top\" width=\"215\">\n<p align=\"center\">Positioning accuracy &mu;m<\/p>\n<\/td>\n<td valign=\"top\" width=\"275\">\n<p align=\"center\">+ \/ &#8211; 5<\/p>\n<\/td>\n<td valign=\"top\" width=\"224\">\n<p align=\"center\">+ \/ &#8211; 3<\/p>\n<\/td>\n<\/tr>\n<tr>\n<td valign=\"top\" width=\"215\">\n<p align=\"center\">Repeated positioning accuracy &mu;m<\/p>\n<\/td>\n<td valign=\"top\" width=\"275\">\n<p align=\"center\">+ \/ &#8211; 2<\/p>\n<\/td>\n<td valign=\"top\" width=\"224\">\n<p align=\"center\">+ \/ &#8211; 1<\/p>\n<\/td>\n<\/tr>\n<tr>\n<td valign=\"top\" width=\"215\">\n<p align=\"center\">Acc\u00e9l\u00e9ration g<\/p>\n<\/td>\n<td valign=\"top\" width=\"275\">\n<p align=\"center\">0.5<\/p>\n<\/td>\n<td valign=\"top\" width=\"224\">\n<p align=\"center\">1<\/p>\n<\/td>\n<\/tr>\n<tr>\n<td valign=\"top\" width=\"215\">\n<p align=\"center\">Contr\u00f4le num\u00e9rique<\/p>\n<\/td>\n<td valign=\"top\" width=\"275\">\n<p align=\"center\">3-axis<\/p>\n<\/td>\n<td valign=\"top\" width=\"224\">\n<p align=\"center\">3-axis<\/p>\n<\/td>\n<\/tr>\n<tr>\n<td valign=\"top\" width=\"215\">\n<p align=\"center\">Laser<\/p>\n<\/td>\n<td valign=\"top\" width=\"275\">\n<p align=\"center\">&nbsp;<\/p>\n<\/td>\n<td valign=\"top\" width=\"224\">\n<p align=\"center\">&nbsp;<\/p>\n<\/td>\n<\/tr>\n<tr>\n<td valign=\"top\" width=\"215\">\n<p align=\"center\">Type laser<\/p>\n<\/td>\n<td valign=\"top\" width=\"275\">\n<p align=\"center\">DPSS ND: YAG<\/p>\n<\/td>\n<td valign=\"top\" width=\"224\">\n<p align=\"center\">DPSS ND: YAG, Pulse<\/p>\n<\/td>\n<\/tr>\n<tr>\n<td valign=\"top\" width=\"215\">\n<p align=\"center\">Longueur d'onde Nm<\/p>\n<\/td>\n<td valign=\"top\" width=\"275\">\n<p align=\"center\">532\/1064<\/p>\n<\/td>\n<td valign=\"top\" width=\"224\">\n<p align=\"center\">532\/1064<\/p>\n<\/td>\n<\/tr>\n<tr>\n<td valign=\"top\" width=\"215\">\n<p align=\"center\">Puissance nominale W<\/p>\n<\/td>\n<td valign=\"top\" width=\"275\">\n<p align=\"center\">50\/100\/200<\/p>\n<\/td>\n<td valign=\"top\" width=\"224\">\n<p align=\"center\">200\/400<\/p>\n<\/td>\n<\/tr>\n<tr>\n<td valign=\"top\" width=\"215\">\n<p align=\"center\">Jet d'eau<\/p>\n<\/td>\n<td valign=\"top\" width=\"275\">\n<p align=\"center\">&nbsp;<\/p>\n<\/td>\n<td valign=\"top\" width=\"224\">\n<p align=\"center\">&nbsp;<\/p>\n<\/td>\n<\/tr>\n<tr>\n<td valign=\"top\" width=\"215\">\n<p align=\"center\">Nozzle diameter &mu;m<\/p>\n<\/td>\n<td valign=\"top\" width=\"275\">\n<p align=\"center\">25-80<\/p>\n<\/td>\n<td valign=\"top\" width=\"224\">\n<p align=\"center\">25-80<\/p>\n<\/td>\n<\/tr>\n<tr>\n<td valign=\"top\" width=\"215\">\n<p align=\"center\">Barre de pression<\/p>\n<\/td>\n<td valign=\"top\" width=\"275\">\n<p align=\"center\">100-600<\/p>\n<\/td>\n<td valign=\"top\" width=\"224\">\n<p align=\"center\">0-600<\/p>\n<\/td>\n<\/tr>\n<tr>\n<td valign=\"top\" width=\"215\">\n<p align=\"center\">Taille \/ poids<\/p>\n<\/td>\n<td valign=\"top\" width=\"275\">\n<p align=\"center\">&nbsp;<\/p>\n<\/td>\n<td valign=\"top\" width=\"224\">\n<p align=\"center\">&nbsp;<\/p>\n<\/td>\n<\/tr>\n<tr>\n<td valign=\"top\" width=\"215\">\n<p align=\"center\">Dimensions (Machine)&nbsp;(W x L x H)<\/p>\n<\/td>\n<td valign=\"top\" width=\"275\">\n<p align=\"center\">1050 x 800 x 1870<\/p>\n<\/td>\n<td valign=\"top\" width=\"224\">\n<p align=\"center\">1200 x 1200 x 2000<\/p>\n<\/td>\n<\/tr>\n<tr>\n<td valign=\"top\" width=\"215\">\n<p align=\"center\">Dimensions (armoire de commande) (W x l x h)<\/p>\n<\/td>\n<td valign=\"top\" width=\"275\">\n<p align=\"center\">700 x 2300 x 1600<\/p>\n<\/td>\n<td valign=\"top\" width=\"224\">\n<p align=\"center\">700 x 2300 x 1600<\/p>\n<\/td>\n<\/tr>\n<tr>\n<td valign=\"top\" width=\"215\">\n<p align=\"center\">Poids (\u00e9quipement) kg<\/p>\n<\/td>\n<td valign=\"top\" width=\"275\">\n<p align=\"center\">1170<\/p>\n<\/td>\n<td valign=\"top\" width=\"224\">\n<p align=\"center\">2500-3000<\/p>\n<\/td>\n<\/tr>\n<tr>\n<td valign=\"top\" width=\"215\">\n<p align=\"center\">Poids (armoire de commande) kg<\/p>\n<\/td>\n<td valign=\"top\" width=\"275\">\n<p align=\"center\">700-750<\/p>\n<\/td>\n<td valign=\"top\" width=\"224\">\n<p align=\"center\">700-750<\/p>\n<\/td>\n<\/tr>\n<tr>\n<td valign=\"top\" width=\"215\">\n<p align=\"center\">Consommation d'\u00e9nergie compl\u00e8te<\/p>\n<\/td>\n<td valign=\"top\" width=\"275\">\n<p align=\"center\">&nbsp;<\/p>\n<\/td>\n<td valign=\"top\" width=\"224\">\n<p align=\"center\">&nbsp;<\/p>\n<\/td>\n<\/tr>\n<tr>\n<td valign=\"top\" width=\"215\">\n<p align=\"center\">Saisir<\/p>\n<\/td>\n<td valign=\"top\" width=\"275\">\n<p align=\"center\">AC 230 V +6%\/ -10%, unidirectional 50\/60 Hz &plusmn;1%<\/p>\n<\/td>\n<td valign=\"top\" width=\"224\">\n<p align=\"center\">AC 400 V +6%\/-10%, 3-phase50\/60 Hz &plusmn;1%<\/p>\n<\/td>\n<\/tr>\n<tr>\n<td valign=\"top\" width=\"215\">\n<p align=\"center\">Valeur maximale<\/p>\n<\/td>\n<td valign=\"top\" width=\"275\">\n<p align=\"center\">2.5kVA<\/p>\n<\/td>\n<td valign=\"top\" width=\"224\">\n<p align=\"center\">2.5kVA<\/p>\n<\/td>\n<\/tr>\n<tr>\n<td valign=\"top\" width=\"215\">\n<p align=\"center\">Rejoindre<\/p>\n<\/td>\n<td valign=\"top\" width=\"275\">\n<p align=\"center\">C\u00e2ble d'alimentation de 10 m: P + N + E, 1,5 mm2<\/p>\n<\/td>\n<td valign=\"top\" width=\"224\">\n<p align=\"center\">C\u00e2ble d'alimentation de 10 m: P + N + E, 1,5 mm2<\/p>\n<\/td>\n<\/tr>\n<tr>\n<td valign=\"top\" width=\"215\">\n<p align=\"center\">Gamme d'applications utilisateur de l'industrie des semi-conducteurs<\/p>\n<\/td>\n<td valign=\"top\" width=\"275\">\n<p align=\"center\">&le;4 inches round ingot<\/p>\n<p align=\"center\">&le;4 inches ingot slices<\/p>\n<p align=\"center\">&le;4 inches ingot scribing<\/p>\n<p align=\"center\">&nbsp;<\/p>\n<\/td>\n<td valign=\"top\" width=\"224\">\n<p align=\"center\">&le;6 inches round ingot<\/p>\n<p align=\"center\">&le;6 inch ingot slices<\/p>\n<p align=\"center\">&le;6 inches ingot scribing<\/p>\n<p align=\"center\">La machine r\u00e9pond \u00e0 la valeur th\u00e9orique circulaire \/ tranchant \/ tranchant de 8 pouces, et les r\u00e9sultats pratiques sp\u00e9cifiques doivent \u00eatre optimis\u00e9s \u00e0 une strat\u00e9gie de coupe optimis\u00e9e<\/p>\n<\/td>\n<\/tr>\n<\/tbody>\n<\/table>\n<p><img decoding=\"async\" src=\"\/wp-content\/uploads\/2025\/09\/b34e64e90d14ea5a.webp\" alt=\"Zfvbsdf\"><br \/><img decoding=\"async\" src=\"\/wp-content\/uploads\/2025\/09\/7ba229914db0e9b2.webp\" alt=\"Micro-jet Laser Cuting Technolgoy (1)\"><br \/><img decoding=\"async\" src=\"\/wp-content\/uploads\/2025\/09\/47501cb0b6fd274e.webp\" alt=\"Micro-jet Laser Cuting Technolgoy (1)\"><\/p>\n<p>&nbsp;<\/p>\n<\/div>\n<p>&nbsp;<\/p>\n<\/div>\n<p>&nbsp;<\/p>\n<\/div>\n<p>&nbsp;<\/p>\n<\/div>\n<p>&nbsp;<\/p>\n<\/div>\n<p>&nbsp;<\/p>\n<\/div>\n<div class=\"fl-col-group fl-node-66177efe87e5e\" data-node=\"66177efe87e5e\">\n<div class=\"fl-col fl-node-66177efe87fdf\" style=\"width: 100%\" data-node=\"66177efe87fdf\">\n<div class=\"fl-col-content fl-node-content\">\n<div class=\"fl-module fl-module-rich-text fl-node-66177efe87d16\" data-animation-delay=\"0.0\" data-node=\"66177efe87d16\">\n<div class=\"fl-module-content fl-node-content\">\n<div class=\"fl-rich-text\">\n<p>&nbsp;<\/p>\n<\/div>\n<p>&nbsp;<\/p>\n<\/div>\n<p>&nbsp;<\/p>\n<\/div>\n<p>&nbsp;<\/p>\n<\/div>\n<p>&nbsp;<\/p>\n<\/div>\n<p>&nbsp;<\/p>\n<\/div>\n<p>&nbsp;<\/p>\n<\/div>\n<p>&nbsp;<\/p>\n<\/div>\n<p>&nbsp;<\/p>\n<\/div>\n<\/div>","protected":false},"excerpt":{"rendered":"<p><!--?xml encoding=\"utf-8\" ?--><\/p>\n<p>Laser microjet technology (LMJ) is a laser processing method that combines laser with a water jet &ldquo;as thin as a hair&rdquo;, and precisely guides the laser beam to the processing position through the pulse total reflection in the micro-water jet in a way similar to traditional optical fiber. The water jet continuously cools the cutting area and effectively removes processing debris.<\/p>","protected":false},"featured_media":4594,"comment_status":"closed","ping_status":"open","template":"","meta":[],"product_brand":[],"product_cat":[31,40],"product_tag":[],"class_list":{"0":"post-2232","1":"product","2":"type-product","3":"status-publish","4":"has-post-thumbnail","6":"product_cat-more-ceramic-products","7":"product_cat-more-products","9":"first","10":"instock","11":"product-type-simple"},"_links":{"self":[{"href":"https:\/\/www.cn-semiconductorparts.com\/fr\/wp-json\/wp\/v2\/product\/2232","targetHints":{"allow":["GET"]}}],"collection":[{"href":"https:\/\/www.cn-semiconductorparts.com\/fr\/wp-json\/wp\/v2\/product"}],"about":[{"href":"https:\/\/www.cn-semiconductorparts.com\/fr\/wp-json\/wp\/v2\/types\/product"}],"replies":[{"embeddable":true,"href":"https:\/\/www.cn-semiconductorparts.com\/fr\/wp-json\/wp\/v2\/comments?post=2232"}],"wp:featuredmedia":[{"embeddable":true,"href":"https:\/\/www.cn-semiconductorparts.com\/fr\/wp-json\/wp\/v2\/media\/4594"}],"wp:attachment":[{"href":"https:\/\/www.cn-semiconductorparts.com\/fr\/wp-json\/wp\/v2\/media?parent=2232"}],"wp:term":[{"taxonomy":"product_brand","embeddable":true,"href":"https:\/\/www.cn-semiconductorparts.com\/fr\/wp-json\/wp\/v2\/product_brand?post=2232"},{"taxonomy":"product_cat","embeddable":true,"href":"https:\/\/www.cn-semiconductorparts.com\/fr\/wp-json\/wp\/v2\/product_cat?post=2232"},{"taxonomy":"product_tag","embeddable":true,"href":"https:\/\/www.cn-semiconductorparts.com\/fr\/wp-json\/wp\/v2\/product_tag?post=2232"}],"curies":[{"name":"WP","href":"https:\/\/api.w.org\/{rel}","templated":true}]}}