{"id":2233,"date":"2025-09-11T13:33:34","date_gmt":"2025-09-11T05:33:34","guid":{"rendered":"https:\/\/weitai2.globaldeepsea.site\/product\/high-insulation-graphite-felt\/"},"modified":"2026-04-29T15:27:44","modified_gmt":"2026-04-29T07:27:44","slug":"high-insulation-graphite-felt","status":"publish","type":"product","link":"https:\/\/www.cn-semiconductorparts.com\/fr\/product\/high-insulation-graphite-felt\/","title":{"rendered":"Fonction de graphite d'isolation \u00e9lev\u00e9e"},"content":{"rendered":"<p><!--?xml encoding=\"utf-8\" ?--><\/p>\n<div class=\"fl-builder-content fl-builder-content-2882 fl-builder-content-primary fl-builder-global-templates-locked\" data-post-id=\"2882\">\n<div class=\"fl-row fl-row-full-width fl-row-bg-none fl-node-65700397dd30f\" data-node=\"65700397dd30f\">\n<div class=\"fl-row-content-wrap\">\n<div class=\"fl-row-content fl-row-full-width fl-node-content\">\n<div class=\"fl-col-group fl-node-65700397dd34e\" data-node=\"65700397dd34e\">\n<div class=\"fl-col fl-node-65700397dd38b\" style=\"width: 100%\" data-node=\"65700397dd38b\">\n<div class=\"fl-col-content fl-node-content\">\n<div class=\"fl-module fl-module-heading fl-node-65700397dd406\" data-animation-delay=\"0.0\" data-node=\"65700397dd406\">\n<div class=\"fl-module-content fl-node-content\">\n<h3 class=\"fl-heading\"><span class=\"fl-heading-text\">D\u00e9tails du produit<\/span><\/h3>\n<p>&nbsp;<\/p>\n<\/div>\n<p>&nbsp;<\/p>\n<\/div>\n<div class=\"fl-module fl-module-rich-text fl-node-65700397dd3c8\" data-animation-delay=\"0.0\" data-node=\"65700397dd3c8\">\n<div class=\"fl-module-content fl-node-content\">\n<div class=\"fl-rich-text\">\n<table border=\"0\" cellspacing=\"0\">\n<tbody>\n<tr>\n<td valign=\"center\">\n<p>Nom de produit<\/p>\n<\/td>\n<td valign=\"center\">\n<p>Graphite en feutre<\/p>\n<\/td>\n<\/tr>\n<tr>\n<td valign=\"center\">\n<p>Composition chimique<\/p>\n<\/td>\n<td valign=\"center\">\n<p>Fibre de carbone<\/p>\n<\/td>\n<\/tr>\n<tr>\n<td valign=\"center\">\n<p>Densit\u00e9 en vrac<\/p>\n<\/td>\n<td valign=\"center\">\n<p>0.12-0.14g\/cm3<\/p>\n<\/td>\n<\/tr>\n<tr>\n<td valign=\"center\">\n<p>Teneur en carbone<\/p>\n<\/td>\n<td valign=\"center\">\n<p>&gt; = 99%<\/p>\n<\/td>\n<\/tr>\n<tr>\n<td valign=\"center\">\n<p>R\u00e9sistance \u00e0 la traction<\/p>\n<\/td>\n<td valign=\"center\">\n<p>0.14Mpa<\/p>\n<\/td>\n<\/tr>\n<tr>\n<td valign=\"center\">\n<p>Conductivit\u00e9 thermique (1150 \u2103)<\/p>\n<\/td>\n<td valign=\"center\">\n<p>0,08 ~ 0,14W \/ Mk<\/p>\n<\/td>\n<\/tr>\n<tr>\n<td valign=\"center\">\n<p>Cendre<\/p>\n<\/td>\n<td valign=\"center\">\n<p>&lt;= 0,005%<\/p>\n<\/td>\n<\/tr>\n<tr>\n<td valign=\"center\">\n<p>Stress \u00e9crasant<\/p>\n<\/td>\n<td valign=\"center\">\n<p>8-10N\/cm<\/p>\n<\/td>\n<\/tr>\n<tr>\n<td valign=\"center\">\n<p>\u00c9paisseur<\/p>\n<\/td>\n<td valign=\"center\">\n<p>1-10mm<\/p>\n<\/td>\n<\/tr>\n<tr>\n<td valign=\"center\">\n<p>Temp\u00e9rature de traitement<\/p>\n<\/td>\n<td valign=\"center\">\n<p>2500(\u2103)<\/p>\n<\/td>\n<\/tr>\n<\/tbody>\n<\/table>\n<\/div>\n<p>&nbsp;<\/p>\n<\/div>\n<p>&nbsp;<\/p>\n<\/div>\n<p>&nbsp;<\/p>\n<\/div>\n<p>&nbsp;<\/p>\n<\/div>\n<p>&nbsp;<\/p>\n<\/div>\n<div class=\"fl-col-group fl-node-65700397dd55f\" data-node=\"65700397dd55f\">\n<div class=\"fl-col fl-node-65700397dd59b\" style=\"width: 100%\" data-node=\"65700397dd59b\">\n<div class=\"fl-col-content fl-node-content\">\n<div class=\"fl-module fl-module-rich-text fl-node-65700397dd5d8\" data-animation-delay=\"0.0\" data-node=\"65700397dd5d8\">\n<div class=\"fl-module-content fl-node-content\">\n<div class=\"fl-rich-text\">\n<p>Actuellement disponible en quatre sp\u00e9cifications, chacun disponible en rouleaux, pi\u00e8ces et tubes en feutre pr\u00e9-roul\u00e9s:<br \/>SCSF: Fonction de graphite de haute puret\u00e9, meilleure conductivit\u00e9 thermique, temp\u00e9rature de traitement thermique de plus de 1900\u2103<br \/>SCSF-P: Fonction de graphite SCSF-B ultra-\u00e9lev\u00e9 SCSF-B<br \/>SCSF-V: Felt de graphite de haute puret\u00e9, temp\u00e9rature de traitement thermique de plus de 2650 \u2103, faible conductivit\u00e9 thermique<br \/>SCSF-VP: Fonction de graphite SCSF-D ultra-\u00e9lev\u00e9 Puret\u00e9<\/p>\n<p>&nbsp;<\/p>\n<\/div>\n<p>&nbsp;<\/p>\n<\/div>\n<p>&nbsp;<\/p>\n<\/div>\n<p>&nbsp;<\/p>\n<\/div>\n<p>&nbsp;<\/p>\n<\/div>\n<p>&nbsp;<\/p>\n<\/div>\n<div class=\"fl-col-group fl-node-65700397dd615\" data-node=\"65700397dd615\">\n<div class=\"fl-col fl-node-65700397dd652\" style=\"width: 100%\" data-node=\"65700397dd652\">\n<div class=\"fl-col-content fl-node-content\">\n<div class=\"fl-module fl-module-photo fl-node-65700397dd68f\" data-animation-delay=\"0.0\" data-node=\"65700397dd68f\">\n<div class=\"fl-module-content fl-node-content\">\n<div class=\"fl-photo fl-photo-align-center\">\n<div class=\"fl-photo-content fl-photo-img-png\"><img decoding=\"async\" class=\"fl-photo-img wp-image-5393\" src=\"\/wp-content\/uploads\/2025\/09\/06bef272babefc1e.webp\" alt=\"Captures d&#039;\u00e9cran WeChat_20231206112113\"><\/div>\n<p>&nbsp;<\/p>\n<\/div>\n<p>&nbsp;<\/p>\n<\/div>\n<p>&nbsp;<\/p>\n<\/div>\n<p>&nbsp;<\/p>\n<\/div>\n<p>&nbsp;<\/p>\n<\/div>\n<p>&nbsp;<\/p>\n<\/div>\n<div class=\"fl-col-group fl-node-65700397dd6cc\" data-node=\"65700397dd6cc\">\n<div class=\"fl-col fl-node-65700397dd709 fl-col-small\" style=\"width: 50%\" data-node=\"65700397dd709\">\n<div class=\"fl-col-content fl-node-content\">\n<div class=\"fl-module fl-module-rich-text fl-node-65700397dd443\" data-animation-delay=\"0.0\" data-node=\"65700397dd443\">\n<div class=\"fl-module-content fl-node-content\">\n<div class=\"fl-rich-text\">\n<p><strong>Propri\u00e9t\u00e9s :<\/strong><br \/>-Stabilit\u00e9 thermique exceptionnelle<br \/>-R\u00e9sistance m\u00e9canique \u00e9lev\u00e9e<br \/>-Bonne conductivit\u00e9 \u00e9lectrique et thermique<br \/>-Excellente r\u00e9sistance au choc thermique et \u00e0 la corrosion<br \/>-Puret\u00e9 des mat\u00e9riaux \u00e9lev\u00e9s<br \/>-Capacit\u00e9 de charge \u00e9lectrique \u00e9lev\u00e9e<br \/>-Profil de temp\u00e9rature uniforme<\/p>\n<p>&nbsp;<\/p>\n<\/div>\n<p>&nbsp;<\/p>\n<\/div>\n<p>&nbsp;<\/p>\n<\/div>\n<p>&nbsp;<\/p>\n<\/div>\n<p>&nbsp;<\/p>\n<\/div>\n<div class=\"fl-col fl-node-65700397dd746 fl-col-small\" style=\"width: 50%\" data-node=\"65700397dd746\">\n<div class=\"fl-col-content fl-node-content\">\n<div class=\"fl-module fl-module-photo fl-node-65700397dd783\" data-animation-delay=\"0.0\" data-node=\"65700397dd783\">\n<div class=\"fl-module-content fl-node-content\">\n<div class=\"fl-photo fl-photo-align-center\">\n<div class=\"fl-photo-content fl-photo-img-png\"><img decoding=\"async\" class=\"fl-photo-img wp-image-5394\" src=\"\/wp-content\/uploads\/2025\/09\/c0fde29a528d2d7a.webp\" alt=\"Captures d&#039;\u00e9cran WeChat_20231206112141\"><\/div>\n<p>&nbsp;<\/p>\n<\/div>\n<p>&nbsp;<\/p>\n<\/div>\n<p>&nbsp;<\/p>\n<\/div>\n<p>&nbsp;<\/p>\n<\/div>\n<p>&nbsp;<\/p>\n<\/div>\n<p>&nbsp;<\/p>\n<\/div>\n<div class=\"fl-col-group fl-node-65700397dd7c0\" data-node=\"65700397dd7c0\">\n<div class=\"fl-col fl-node-65700397dd877 fl-col-small\" style=\"width: 50%\" data-node=\"65700397dd877\">\n<div class=\"fl-col-content fl-node-content\">\n<div class=\"fl-module fl-module-photo fl-node-65700397dd83a\" data-animation-delay=\"0.0\" data-node=\"65700397dd83a\">\n<div class=\"fl-module-content fl-node-content\">\n<div class=\"fl-photo fl-photo-align-center\">\n<div class=\"fl-photo-content fl-photo-img-png\"><img decoding=\"async\" class=\"fl-photo-img wp-image-5395\" src=\"\/wp-content\/uploads\/2025\/09\/998a0d4f5cbf8804.webp\" alt=\"Felt de graphite (1)\"><\/div>\n<p>&nbsp;<\/p>\n<\/div>\n<p>&nbsp;<\/p>\n<\/div>\n<p>&nbsp;<\/p>\n<\/div>\n<p>&nbsp;<\/p>\n<\/div>\n<p>&nbsp;<\/p>\n<\/div>\n<div class=\"fl-col fl-node-65700397dd7fd fl-col-small\" style=\"width: 50%\" data-node=\"65700397dd7fd\">\n<div class=\"fl-col-content fl-node-content\">\n<div class=\"fl-module fl-module-rich-text fl-node-65700397dd480\" data-animation-delay=\"0.0\" data-node=\"65700397dd480\">\n<div class=\"fl-module-content fl-node-content\">\n<div class=\"fl-rich-text\">\n<p><strong>Champs de candidatures:<\/strong><br \/>-Fours \u00e0 vide<br \/>-Fours \u00e0 gaz inerte<br \/>-Traitement thermique<br \/>(durcissement, carbonisation, brasage, etc.)<br \/>-Production de fibres de carbone<br \/>-Production de m\u00e9tal dur<br \/>-Applications de frittage<br \/>-Production technique en c\u00e9ramique<br \/>-CVD \/ PVD Coasting<\/p>\n<p>&nbsp;<\/p>\n<\/div>\n<p>&nbsp;<\/p>\n<\/div>\n<p>&nbsp;<\/p>\n<\/div>\n<p>&nbsp;<\/p>\n<\/div>\n<p>&nbsp;<\/p>\n<\/div>\n<p>&nbsp;<\/p>\n<\/div>\n<div class=\"fl-col-group fl-node-65700397dd4a8\" data-node=\"65700397dd4a8\">\n<div class=\"fl-col fl-node-65700397dd4e5\" style=\"width: 100%\" data-node=\"65700397dd4e5\">\n<div class=\"fl-col-content fl-node-content\">\n<div class=\"fl-module fl-module-gallery fl-node-65700397dd522\" data-animation-delay=\"0.0\" data-node=\"65700397dd522\">\n<div class=\"fl-module-content fl-node-content\">\n<div class=\"fl-mosaicflow\">\n<div class=\"fl-mosaicflow-content\">\n<div class=\"fl-mosaicflow-item\">\n<div class=\"fl-photo fl-photo-align-center\">\n<div class=\"fl-photo-content fl-photo-img-jpg\"><a href=\"\/fr\/uploads\/Soft-Felt-5.webp\/\" target=\"_self\"> <img decoding=\"async\" class=\"fl-photo-img wp-image-2364\" src=\"\/wp-content\/uploads\/2025\/09\/90023093f967c7bc.webp\" alt=\"Feutre doux (5)\"> <\/a><\/div>\n<p>&nbsp;<\/p>\n<\/div>\n<p>&nbsp;<\/p>\n<\/div>\n<div class=\"fl-mosaicflow-item\">\n<div class=\"fl-photo fl-photo-align-center\">\n<div class=\"fl-photo-content fl-photo-img-jpg\"><a href=\"\/fr\/uploads\/Soft-Felt-7.webp\/\" target=\"_self\"> <img decoding=\"async\" class=\"fl-photo-img wp-image-2366\" src=\"\/wp-content\/uploads\/2025\/09\/4d2a0ce8de54e8af.webp\" alt=\"Feutre doux (7)\"> <\/a><\/div>\n<p>&nbsp;<\/p>\n<\/div>\n<p>&nbsp;<\/p>\n<\/div>\n<div class=\"fl-mosaicflow-item\">\n<div class=\"fl-photo fl-photo-align-center\">\n<div class=\"fl-photo-content fl-photo-img-jpg\"><a href=\"\/fr\/uploads\/Soft-Felt-4.webp\/\" target=\"_self\"> <img decoding=\"async\" class=\"fl-photo-img wp-image-2367\" src=\"\/wp-content\/uploads\/2025\/09\/778e08640f4e2401.webp\" alt=\"Feutre doux (4)\"> <\/a><\/div>\n<p>&nbsp;<\/p>\n<\/div>\n<p>&nbsp;<\/p>\n<\/div>\n<p>&nbsp;<\/p>\n<\/div>\n<div class=\"fl-clear\">&nbsp;<\/div>\n<p>&nbsp;<\/p>\n<\/div>\n<p>&nbsp;<\/p>\n<\/div>\n<p>&nbsp;<\/p>\n<\/div>\n<p>&nbsp;<\/p>\n<\/div>\n<p>&nbsp;<\/p>\n<\/div>\n<p>&nbsp;<\/p>\n<\/div>\n<div class=\"fl-col-group fl-node-66177f2590a92\" data-node=\"66177f2590a92\">\n<div class=\"fl-col fl-node-66177f2590c5e\" style=\"width: 100%\" data-node=\"66177f2590c5e\">\n<div class=\"fl-col-content fl-node-content\">\n<div class=\"fl-module fl-module-rich-text fl-node-66177f259090d\" data-animation-delay=\"0.0\" data-node=\"66177f259090d\">\n<div class=\"fl-module-content fl-node-content\">\n<div class=\"fl-rich-text\">\n<p>&nbsp;<\/p>\n<\/div>\n<p>&nbsp;<\/p>\n<\/div>\n<p>&nbsp;<\/p>\n<\/div>\n<p>&nbsp;<\/p>\n<\/div>\n<p>&nbsp;<\/p>\n<\/div>\n<p>&nbsp;<\/p>\n<\/div>\n<p>&nbsp;<\/p>\n<\/div>\n<p>&nbsp;<\/p>\n<\/div>\n<p>&nbsp;<\/p>\n<\/div>\n<\/div>","protected":false},"excerpt":{"rendered":"<p><!--?xml encoding=\"utf-8\" ?--><\/p>\n<p>Semicera&nbsp;Energy Technology Co., Ltd.is a leading supplier of advanced semiconductor ceramics and the only manufacturer in China that can simultaneously provide high-purity silicon carbide ceramic(especially theRecrystallizedSiC) and CVD SiC coating. In addition, our company is also committed to ceramic fields such as alumina, aluminum nitride, zirconia, and silicon nitride, etc.<\/p>","protected":false},"featured_media":4595,"comment_status":"closed","ping_status":"open","template":"","meta":[],"product_brand":[],"product_cat":[29,30],"product_tag":[],"class_list":{"0":"post-2233","1":"product","2":"type-product","3":"status-publish","4":"has-post-thumbnail","6":"product_cat-carbon-fiber","7":"product_cat-hard-felt","9":"first","10":"instock","11":"product-type-simple"},"_links":{"self":[{"href":"https:\/\/www.cn-semiconductorparts.com\/fr\/wp-json\/wp\/v2\/product\/2233","targetHints":{"allow":["GET"]}}],"collection":[{"href":"https:\/\/www.cn-semiconductorparts.com\/fr\/wp-json\/wp\/v2\/product"}],"about":[{"href":"https:\/\/www.cn-semiconductorparts.com\/fr\/wp-json\/wp\/v2\/types\/product"}],"replies":[{"embeddable":true,"href":"https:\/\/www.cn-semiconductorparts.com\/fr\/wp-json\/wp\/v2\/comments?post=2233"}],"wp:featuredmedia":[{"embeddable":true,"href":"https:\/\/www.cn-semiconductorparts.com\/fr\/wp-json\/wp\/v2\/media\/4595"}],"wp:attachment":[{"href":"https:\/\/www.cn-semiconductorparts.com\/fr\/wp-json\/wp\/v2\/media?parent=2233"}],"wp:term":[{"taxonomy":"product_brand","embeddable":true,"href":"https:\/\/www.cn-semiconductorparts.com\/fr\/wp-json\/wp\/v2\/product_brand?post=2233"},{"taxonomy":"product_cat","embeddable":true,"href":"https:\/\/www.cn-semiconductorparts.com\/fr\/wp-json\/wp\/v2\/product_cat?post=2233"},{"taxonomy":"product_tag","embeddable":true,"href":"https:\/\/www.cn-semiconductorparts.com\/fr\/wp-json\/wp\/v2\/product_tag?post=2233"}],"curies":[{"name":"WP","href":"https:\/\/api.w.org\/{rel}","templated":true}]}}