{"id":2241,"date":"2025-09-11T05:33:34","date_gmt":"2025-09-11T05:33:34","guid":{"rendered":"https:\/\/weitai2.globaldeepsea.site\/product\/high-strength-good-quality-carbon-fiber-felt\/"},"modified":"2026-04-29T15:28:05","modified_gmt":"2026-04-29T07:28:05","slug":"high-strength-good-quality-carbon-fiber-felt","status":"publish","type":"product","link":"https:\/\/www.cn-semiconductorparts.com\/fr\/product\/high-strength-good-quality-carbon-fiber-felt\/","title":{"rendered":"Fonction de fibre de carbone \u00e0 haute r\u00e9sistance, de bonne qualit\u00e9"},"content":{"rendered":"<p><?xml encoding=\"utf-8\" ?><\/p>\n<div class=\"fl-builder-content fl-builder-content-2830 fl-builder-content-primary fl-builder-global-templates-locked\" data-post-id=\"2830\">\n<div class=\"fl-row fl-row-full-width fl-row-bg-none fl-node-64db11bfd2290\" data-node=\"64db11bfd2290\">\n<div class=\"fl-row-content-wrap\">\n<div class=\"fl-row-content fl-row-full-width fl-node-content\">\n<div class=\"fl-col-group fl-node-64db11bfd22d1\" data-node=\"64db11bfd22d1\">\n<div class=\"fl-col fl-node-64db11bfd230f\" data-node=\"64db11bfd230f\" style=\"width: 100%;\">\n<div class=\"fl-col-content fl-node-content\">\n<div class=\"fl-module fl-module-heading fl-node-64db11bfd2389\" data-animation-delay=\"0.0\" data-node=\"64db11bfd2389\">\n<div class=\"fl-module-content fl-node-content\">\n<h3 class=\"fl-heading\"> <span class=\"fl-heading-text\">D\u00e9tails du produit<\/span> <\/h3>\n<\/p><\/div>\n<\/p><\/div>\n<div class=\"fl-module fl-module-rich-text fl-node-64db11bfd234c\" data-animation-delay=\"0.0\" data-node=\"64db11bfd234c\">\n<div class=\"fl-module-content fl-node-content\">\n<div class=\"fl-rich-text\">\n<table border=\"0\" cellspacing=\"0\">\n<tbody>\n<tr>\n<td valign=\"center\">\n<p>Nom de produit<\/p>\n<\/td>\n<td valign=\"center\">\n<p>Graphite en feutre<\/p>\n<\/td>\n<\/tr>\n<tr>\n<td valign=\"center\">\n<p>Composition chimique<\/p>\n<\/td>\n<td valign=\"center\">\n<p>Fibre de carbone<\/p>\n<\/td>\n<\/tr>\n<tr>\n<td valign=\"center\">\n<p>Densit\u00e9 en vrac<\/p>\n<\/td>\n<td valign=\"center\">\n<p>0.12-0.14g\/cm3<\/p>\n<\/td>\n<\/tr>\n<tr>\n<td valign=\"center\">\n<p>Teneur en carbone<\/p>\n<\/td>\n<td valign=\"center\">\n<p>&gt; = 99%<\/p>\n<\/td>\n<\/tr>\n<tr>\n<td valign=\"center\">\n<p>R\u00e9sistance \u00e0 la traction<\/p>\n<\/td>\n<td valign=\"center\">\n<p>0.14Mpa<\/p>\n<\/td>\n<\/tr>\n<tr>\n<td valign=\"center\">\n<p>Thermal conductivity(1150&#8451;)<\/p>\n<\/td>\n<td valign=\"center\">\n<p>0,08 ~ 0,14W \/ Mk<\/p>\n<\/td>\n<\/tr>\n<tr>\n<td valign=\"center\">\n<p>Cendre<\/p>\n<\/td>\n<td valign=\"center\">\n<p>&lt;= 0,005%<\/p>\n<\/td>\n<\/tr>\n<tr>\n<td valign=\"center\">\n<p>Stress \u00e9crasant<\/p>\n<\/td>\n<td valign=\"center\">\n<p>8-10N\/cm<\/p>\n<\/td>\n<\/tr>\n<tr>\n<td valign=\"center\">\n<p>\u00c9paisseur<\/p>\n<\/td>\n<td valign=\"center\">\n<p>1-10mm<\/p>\n<\/td>\n<\/tr>\n<tr>\n<td valign=\"center\">\n<p>Temp\u00e9rature de traitement<\/p>\n<\/td>\n<td valign=\"center\">\n<p>2500(&#8451;)<\/p>\n<\/td>\n<\/tr>\n<\/tbody>\n<\/table><\/div>\n<\/p><\/div>\n<\/p><\/div>\n<\/p><\/div>\n<\/p><\/div>\n<\/p><\/div>\n<div class=\"fl-col-group fl-node-64db11c669421\" data-node=\"64db11c669421\">\n<div class=\"fl-col fl-node-64db11c669667 fl-col-small\" data-node=\"64db11c669667\" style=\"width: 50%;\">\n<div class=\"fl-col-content fl-node-content\">\n<div class=\"fl-module fl-module-photo fl-node-64db11d5a76ba\" data-animation-delay=\"0.0\" data-node=\"64db11d5a76ba\">\n<div class=\"fl-module-content fl-node-content\">\n<div class=\"fl-photo fl-photo-align-center\" itemscope=\"\" itemtype=\"http:\/\/schema.org\/ImageObject\">\n<div class=\"fl-photo-content fl-photo-img-png\"> <img decoding=\"async\" alt=\"Graphite felt (6)\" class=\"fl-photo-img wp-image-2848\" itemprop=\"image\" src=\"\/wp-content\/uploads\/2025\/09\/0435c06382c08ced.webp\"> <\/div>\n<\/p><\/div>\n<\/p><\/div>\n<\/p><\/div>\n<\/p><\/div>\n<\/p><\/div>\n<div class=\"fl-col fl-node-64db11e8a5612 fl-col-small\" data-node=\"64db11e8a5612\" style=\"width: 50%;\">\n<div class=\"fl-col-content fl-node-content\">\n<div class=\"fl-module fl-module-photo fl-node-64db11e564b7a\" data-animation-delay=\"0.0\" data-node=\"64db11e564b7a\">\n<div class=\"fl-module-content fl-node-content\">\n<div class=\"fl-photo fl-photo-align-center\" itemscope=\"\" itemtype=\"http:\/\/schema.org\/ImageObject\">\n<div class=\"fl-photo-content fl-photo-img-jpg\"> <img decoding=\"async\" alt=\"Soft Felt (8)\" class=\"fl-photo-img wp-image-2851\" itemprop=\"image\" src=\"\/wp-content\/uploads\/2025\/09\/ee949524060c0fbd.webp\"> <\/div>\n<\/p><\/div>\n<\/p><\/div>\n<\/p><\/div>\n<\/p><\/div>\n<\/p><\/div>\n<\/p><\/div>\n<div class=\"fl-col-group fl-node-64db11bfd2440\" data-node=\"64db11bfd2440\">\n<div class=\"fl-col fl-node-64db11bfd247c fl-col-small\" data-node=\"64db11bfd247c\" style=\"width: 50%;\">\n<div class=\"fl-col-content fl-node-content\">\n<div class=\"fl-module fl-module-rich-text fl-node-64db11bfd23c6\" data-animation-delay=\"0.0\" data-node=\"64db11bfd23c6\">\n<div class=\"fl-module-content fl-node-content\">\n<div class=\"fl-rich-text\">\n<p><strong>Propri\u00e9t\u00e9s :<\/strong><br \/>-Stabilit\u00e9 thermique exceptionnelle<br \/>-R\u00e9sistance m\u00e9canique \u00e9lev\u00e9e<br \/>-Bonne conductivit\u00e9 \u00e9lectrique et thermique<br \/>-Excellente r\u00e9sistance au choc thermique et \u00e0 la corrosion<br \/>-Puret\u00e9 des mat\u00e9riaux \u00e9lev\u00e9s<br \/>-Capacit\u00e9 de charge \u00e9lectrique \u00e9lev\u00e9e<br \/>-Profil de temp\u00e9rature uniforme<\/p>\n<\/p><\/div>\n<\/p><\/div>\n<\/p><\/div>\n<\/p><\/div>\n<\/p><\/div>\n<div class=\"fl-col fl-node-64db11bfd2533 fl-col-small\" data-node=\"64db11bfd2533\" style=\"width: 50%;\">\n<div class=\"fl-col-content fl-node-content\">\n<div class=\"fl-module fl-module-rich-text fl-node-64db11bfd2403\" data-animation-delay=\"0.0\" data-node=\"64db11bfd2403\">\n<div class=\"fl-module-content fl-node-content\">\n<div class=\"fl-rich-text\">\n<p><strong>Champs de candidatures:<\/strong><br \/>-Fours \u00e0 vide<br \/>-Fours \u00e0 gaz inerte<br \/>-Traitement thermique<br \/>(durcissement, carbonisation, brasage, etc.)<br \/>-Production de fibres de carbone<br \/>-Production de m\u00e9tal dur<br \/>-Applications de frittage<br \/>-Production technique en c\u00e9ramique<br \/>-CVD \/ PVD Coasting<\/p>\n<\/p><\/div>\n<\/p><\/div>\n<\/p><\/div>\n<\/p><\/div>\n<\/p><\/div>\n<\/p><\/div>\n<div class=\"fl-col-group fl-node-64db11bfd25ad\" data-node=\"64db11bfd25ad\">\n<div class=\"fl-col fl-node-64db11bfd25ea\" data-node=\"64db11bfd25ea\" style=\"width: 100%;\">\n<div class=\"fl-col-content fl-node-content\">\n<div class=\"fl-module fl-module-gallery fl-node-64db11bfd2629\" data-animation-delay=\"0.0\" data-node=\"64db11bfd2629\">\n<div class=\"fl-module-content fl-node-content\">\n<div class=\"fl-mosaicflow\">\n<div class=\"fl-mosaicflow-content\">\n<div class=\"fl-mosaicflow-item\">\n<div class=\"fl-photo fl-photo-align-center\" itemscope=\"\" itemtype=\"http:\/\/schema.org\/ImageObject\">\n<div class=\"fl-photo-content fl-photo-img-jpg\"> <a href=\"\/fr\/uploads\/Soft-Felt-34.webp\/\" itemprop=\"url\" target=\"_self\"> <img decoding=\"async\" alt=\"Soft Felt (3)\" class=\"fl-photo-img wp-image-2852\" itemprop=\"image\" src=\"\/wp-content\/uploads\/2025\/09\/9c5623a7aaa234bd.webp\"> <\/a> <\/div>\n<\/p><\/div>\n<\/p><\/div>\n<div class=\"fl-mosaicflow-item\">\n<div class=\"fl-photo fl-photo-align-center\" itemscope=\"\" itemtype=\"http:\/\/schema.org\/ImageObject\">\n<div class=\"fl-photo-content fl-photo-img-jpg\"> <a href=\"\/fr\/uploads\/Graphite-felt-22.webp\/\" itemprop=\"url\" target=\"_self\"> <img decoding=\"async\" alt=\"Graphite felt (2)\" class=\"fl-photo-img wp-image-2853\" itemprop=\"image\" src=\"\/wp-content\/uploads\/2025\/09\/d3f2e3fcfff546c8.webp\"> <\/a> <\/div>\n<\/p><\/div>\n<\/p><\/div>\n<div class=\"fl-mosaicflow-item\">\n<div class=\"fl-photo fl-photo-align-center\" itemscope=\"\" itemtype=\"http:\/\/schema.org\/ImageObject\">\n<div class=\"fl-photo-content fl-photo-img-png\"> <a href=\"\/fr\/uploads\/Graphite-felt-21.webp\/\" itemprop=\"url\" target=\"_self\"> <img decoding=\"async\" alt=\"Graphite felt (2)\" class=\"fl-photo-img wp-image-2854\" itemprop=\"image\" src=\"\/wp-content\/uploads\/2025\/09\/78aafbfc03461cc7.webp\"> <\/a> <\/div>\n<\/p><\/div>\n<\/p><\/div>\n<\/p><\/div>\n<div class=\"fl-clear\"><\/div>\n<\/p><\/div>\n<\/p><\/div>\n<\/p><\/div>\n<\/p><\/div>\n<\/p><\/div>\n<\/p><\/div>\n<div class=\"fl-col-group fl-node-66177fdf58d2c\" data-node=\"66177fdf58d2c\">\n<div class=\"fl-col fl-node-66177fdf59008\" data-node=\"66177fdf59008\" style=\"width: 100%;\">\n<div class=\"fl-col-content fl-node-content\">\n<div class=\"fl-module fl-module-rich-text fl-node-66177fdf58b1d\" data-animation-delay=\"0.0\" data-node=\"66177fdf58b1d\">\n<div class=\"fl-module-content fl-node-content\">\n<div class=\"fl-rich-text\">\n<\/p><\/div>\n<\/p><\/div>\n<\/p><\/div>\n<\/p><\/div>\n<\/p><\/div>\n<\/p><\/div>\n<\/p><\/div>\n<\/p><\/div>\n<\/p><\/div>\n<\/div>","protected":false},"excerpt":{"rendered":"<p><?xml encoding=\"utf-8\" ?><\/p>\n<p>Semicera&nbsp;Energy Technology Co., Ltd.is a leading supplier of advanced semiconductor ceramics and the only manufacturer in China that can simultaneously provide high-purity silicon carbide ceramic(especially theRecrystallizedSiC) and CVD SiC coating. In addition, our company is also committed to ceramic fields such as alumina, aluminum nitride, zirconia, and silicon nitride, etc.<\/p>","protected":false},"featured_media":655,"comment_status":"closed","ping_status":"open","template":"","meta":[],"product_brand":[],"product_cat":[29,43],"product_tag":[],"class_list":{"0":"post-2241","1":"product","2":"type-product","3":"status-publish","4":"has-post-thumbnail","6":"product_cat-carbon-fiber","7":"product_cat-soft-felt","9":"first","10":"instock","11":"product-type-simple"},"_links":{"self":[{"href":"https:\/\/www.cn-semiconductorparts.com\/fr\/wp-json\/wp\/v2\/product\/2241","targetHints":{"allow":["GET"]}}],"collection":[{"href":"https:\/\/www.cn-semiconductorparts.com\/fr\/wp-json\/wp\/v2\/product"}],"about":[{"href":"https:\/\/www.cn-semiconductorparts.com\/fr\/wp-json\/wp\/v2\/types\/product"}],"replies":[{"embeddable":true,"href":"https:\/\/www.cn-semiconductorparts.com\/fr\/wp-json\/wp\/v2\/comments?post=2241"}],"wp:featuredmedia":[{"embeddable":true,"href":"https:\/\/www.cn-semiconductorparts.com\/fr\/wp-json\/wp\/v2\/media\/655"}],"wp:attachment":[{"href":"https:\/\/www.cn-semiconductorparts.com\/fr\/wp-json\/wp\/v2\/media?parent=2241"}],"wp:term":[{"taxonomy":"product_brand","embeddable":true,"href":"https:\/\/www.cn-semiconductorparts.com\/fr\/wp-json\/wp\/v2\/product_brand?post=2241"},{"taxonomy":"product_cat","embeddable":true,"href":"https:\/\/www.cn-semiconductorparts.com\/fr\/wp-json\/wp\/v2\/product_cat?post=2241"},{"taxonomy":"product_tag","embeddable":true,"href":"https:\/\/www.cn-semiconductorparts.com\/fr\/wp-json\/wp\/v2\/product_tag?post=2241"}],"curies":[{"name":"WP","href":"https:\/\/api.w.org\/{rel}","templated":true}]}}