{"id":2245,"date":"2025-09-11T13:33:34","date_gmt":"2025-09-11T05:33:34","guid":{"rendered":"https:\/\/weitai2.globaldeepsea.site\/product\/high-wear-resistant-silicon-carbide-saggar\/"},"modified":"2026-04-29T15:27:47","modified_gmt":"2026-04-29T07:27:47","slug":"high-wear-resistant-silicon-carbide-saggar","status":"publish","type":"product","link":"https:\/\/www.cn-semiconductorparts.com\/fr\/product\/high-wear-resistant-silicon-carbide-saggar\/","title":{"rendered":"Carbure de silicium r\u00e9sistant \u00e0 l'usure \u00e9lev\u00e9e Saggar"},"content":{"rendered":"<div class=\"fl-builder-content fl-builder-content-2488 fl-builder-content-primary fl-builder-global-templates-locked\" data-post-id=\"2488\">\n<div class=\"fl-row fl-row-full-width fl-row-bg-none fl-node-64d71548e5518\" data-node=\"64d71548e5518\">\n<div class=\"fl-row-content-wrap\">\n<div class=\"fl-row-content fl-row-full-width fl-node-content\">\n<div class=\"fl-col-group fl-node-64d71548e5559\" data-node=\"64d71548e5559\">\n<div class=\"fl-col fl-node-64d71548e5598\" style=\"width: 100%\" data-node=\"64d71548e5598\">\n<div class=\"fl-col-content fl-node-content\">\n<div class=\"fl-module fl-module-rich-text fl-node-64d71548e55d7\" data-animation-delay=\"0.0\" data-node=\"64d71548e55d7\">\n<div class=\"fl-module-content fl-node-content\">\n<div class=\"fl-rich-text\">\n<p>Silicon carbide is a new type of ceramics with high cost performance and excellent material properties.&nbsp;Due to features like high strength and hardness, high temperature resistance, great thermal conductivity and chemical corrosion resistance, Silicon Carbide can almost withstand all chemical medium. Therefore, SiC are widely used in oil mining, chemical, machinery and airspace, even nuclear energy and the military have their special demands on SIC. Some normal application we can offer are seal rings for pump, valve and protective armor etc.<\/p>\n<p>Nous sommes en mesure de concevoir et de fabriquer en fonction de vos dimensions sp\u00e9cifiques avec une bonne qualit\u00e9 et un temps de livraison raisonnable.&nbsp;<\/p>\n<p>&nbsp;<\/p>\n<\/div>\n<p>&nbsp;<\/p>\n<\/div>\n<p>&nbsp;<\/p>\n<\/div>\n<p>&nbsp;<\/p>\n<\/div>\n<p>&nbsp;<\/p>\n<\/div>\n<p>&nbsp;<\/p>\n<\/div>\n<div class=\"fl-col-group fl-node-64d71548e57d4\" data-node=\"64d71548e57d4\">\n<div class=\"fl-col fl-node-64d71548e5813\" style=\"width: 100%\" data-node=\"64d71548e5813\">\n<div class=\"fl-col-content fl-node-content\">\n<div class=\"fl-module fl-module-photo fl-node-64d71548e5852\" data-animation-delay=\"0.0\" data-node=\"64d71548e5852\">\n<div class=\"fl-module-content fl-node-content\">\n<div class=\"fl-photo fl-photo-align-center\">\n<div class=\"fl-photo-content fl-photo-img-png\"><img decoding=\"async\" class=\"fl-photo-img wp-image-2491\" src=\"\/wp-content\/uploads\/2025\/09\/0cb9f85fb2e31e10.webp\" alt=\"Captures d&#039;\u00e9cran WeChat_20230812130511\"><\/div>\n<p>&nbsp;<\/p>\n<\/div>\n<p>&nbsp;<\/p>\n<\/div>\n<p>&nbsp;<\/p>\n<\/div>\n<p>&nbsp;<\/p>\n<\/div>\n<p>&nbsp;<\/p>\n<\/div>\n<p>&nbsp;<\/p>\n<\/div>\n<div class=\"fl-col-group fl-node-64d71548e5615\" data-node=\"64d71548e5615\">\n<div class=\"fl-col fl-node-64d71548e5654\" style=\"width: 100%\" data-node=\"64d71548e5654\">\n<div class=\"fl-col-content fl-node-content\">\n<div class=\"fl-module fl-module-rich-text fl-node-64d71548e5693\" data-animation-delay=\"0.0\" data-node=\"64d71548e5693\">\n<div class=\"fl-module-content fl-node-content\">\n<div class=\"fl-rich-text\">\n<p><span style=\"font-family: Calibri\">Applications:<\/span><\/p>\n<p><span style=\"font-family: Calibri\">-Champ r\u00e9sistant \u00e0 l'usure: bague, assiette, buse de sable, doublure du cyclone, grincement du canon, etc.\u2026<\/span><\/p>\n<p><span style=\"font-family: Calibri\">-Champ \u00e0 haute temp\u00e9rature: dalle SIC, tube de four \u00e0 trempe, tube rayonnant, creuset, \u00e9l\u00e9ment de chauffage, rouleau, faisceau, \u00e9changeur de chaleur, tuyau \u00e0 air froid, buse de br\u00fbleur, tube de protection du thermocouple, bateau sic, structure de la voiture du four, setter, etc.<\/span><\/p>\n<p><span style=\"font-family: Calibri\">-Champ de balles militaire<\/span><\/p>\n<p><span style=\"font-family: Calibri\">-Semi-conducteur en carbure de silicium: bateau \u00e0 la plaquette SIC, Chuck sic, pagaie SIC, cassette sic, tube de diffusion SIC, fourchette, plaque d'aspiration, guide, etc.<\/span><\/p>\n<p><span style=\"font-family: Calibri\">-Champ de joint en carbure de silicium: Toutes sortes d'anneau d'\u00e9tanch\u00e9it\u00e9, de roulement, de bague, etc.<\/span><\/p>\n<p><span style=\"font-family: Calibri\">-Champ photovolta\u00efque: pagaie en porte-\u00e0-faux, baril de broyage, rouleau en carbure de silicium, etc.<\/span><\/p>\n<p><span style=\"font-family: Calibri\">-Champ de batterie au lithium<\/span><\/p>\n<p>&nbsp;<\/p>\n<\/div>\n<p>&nbsp;<\/p>\n<\/div>\n<p>&nbsp;<\/p>\n<\/div>\n<p>&nbsp;<\/p>\n<\/div>\n<p>&nbsp;<\/p>\n<\/div>\n<p>&nbsp;<\/p>\n<\/div>\n<div class=\"fl-col-group fl-node-64d715676bb3f\" data-node=\"64d715676bb3f\">\n<div class=\"fl-col fl-node-64d715676bcd1\" style=\"width: 100%\" data-node=\"64d715676bcd1\">\n<div class=\"fl-col-content fl-node-content\">\n<div class=\"fl-module fl-module-gallery fl-node-64d715676b9f3\" data-animation-delay=\"0.0\" data-node=\"64d715676b9f3\">\n<div class=\"fl-module-content fl-node-content\">\n<div class=\"fl-mosaicflow\">\n<div class=\"fl-mosaicflow-content\">\n<div class=\"fl-mosaicflow-item\">\n<div class=\"fl-photo fl-photo-align-center\">\n<div class=\"fl-photo-content fl-photo-img-png\"><a href=\"\/fr\/uploads\/28ff221e11.webp\/\" target=\"_self\"> <img decoding=\"async\" class=\"fl-photo-img wp-image-2492\" src=\"\/wp-content\/uploads\/2025\/09\/7d66089f241eb2fc.webp\" alt=\"Sans titre\"> <\/a><\/div>\n<p>&nbsp;<\/p>\n<\/div>\n<p>&nbsp;<\/p>\n<\/div>\n<div class=\"fl-mosaicflow-item\">\n<div class=\"fl-photo fl-photo-align-center\">\n<div class=\"fl-photo-content fl-photo-img-png\"><a href=\"\/fr\/uploads\/52e9658a1.webp\/\" target=\"_self\"> <img decoding=\"async\" class=\"fl-photo-img wp-image-2493\" src=\"\/wp-content\/uploads\/2025\/09\/215e03cfbaafb311.webp\" alt=\"Sans titre\"> <\/a><\/div>\n<p>&nbsp;<\/p>\n<\/div>\n<p>&nbsp;<\/p>\n<\/div>\n<div class=\"fl-mosaicflow-item\">\n<div class=\"fl-photo fl-photo-align-center\">\n<div class=\"fl-photo-content fl-photo-img-png\"><a href=\"\/fr\/uploads\/ff7efb55.webp\/\" target=\"_self\"> <img decoding=\"async\" class=\"fl-photo-img wp-image-2494\" src=\"\/wp-content\/uploads\/2025\/09\/778f96ab4cfc0733.webp\" alt=\"Sans titre-3\"> <\/a><\/div>\n<p>&nbsp;<\/p>\n<\/div>\n<p>&nbsp;<\/p>\n<\/div>\n<p>&nbsp;<\/p>\n<\/div>\n<div class=\"fl-clear\">&nbsp;<\/div>\n<p>&nbsp;<\/p>\n<\/div>\n<p>&nbsp;<\/p>\n<\/div>\n<p>&nbsp;<\/p>\n<\/div>\n<p>&nbsp;<\/p>\n<\/div>\n<p>&nbsp;<\/p>\n<\/div>\n<p>&nbsp;<\/p>\n<\/div>\n<div class=\"fl-col-group fl-node-64d71c154ea8f\" data-node=\"64d71c154ea8f\">\n<div class=\"fl-col fl-node-64d71c154ec22\" style=\"width: 100%\" data-node=\"64d71c154ec22\">\n<div class=\"fl-col-content fl-node-content\">\n<div class=\"fl-module fl-module-rich-text fl-node-64d71c154e948\" data-animation-delay=\"0.0\" data-node=\"64d71c154e948\">\n<div class=\"fl-module-content fl-node-content\">\n<div class=\"fl-rich-text\">\n<p data-section=\"0\">1, conductivit\u00e9 thermique \u00e9lev\u00e9e exceptionnelle: la conductivit\u00e9 thermique est beaucoup plus \u00e9lev\u00e9e que les autres mat\u00e9riaux r\u00e9sistants \u00e0 la corrosion; Utilisez moins de zone d'\u00e9change de chaleur pour la m\u00eame efficacit\u00e9 d'\u00e9change de chaleur; Permet des tailles d'\u00e9changeurs de chaleur plus petites; R\u00e9duire consid\u00e9rablement l'espace occup\u00e9 et r\u00e9duire le co\u00fbt d'utilisation;<\/p>\n<p data-section=\"1\">2, r\u00e9sistance \u00e0 la corrosion exceptionnelle: avec une tr\u00e8s grande r\u00e9sistance \u00e0 la corrosion, une r\u00e9sistance \u00e0 l'oxydation et une r\u00e9sistance \u00e0 l'\u00e9rosion peuvent r\u00e9sister \u00e0 une concentration \u00e9lev\u00e9e d'acide sulfurique, d'acide nitrique, d'acide phosphorique, d'acide mixte, d'alcali forte, d'oxydant, etc., avec une excellente dur\u00e9e de vie;<\/p>\n<p data-section=\"2\">3, excellentes propri\u00e9t\u00e9s thermodynamiques: excellentes propri\u00e9t\u00e9s thermodynamiques avec une forte r\u00e9sistance et une duret\u00e9 \u00e9lev\u00e9e; Forte r\u00e9sistance \u00e0 l'usure et r\u00e9sistance \u00e0 la perm\u00e9abilit\u00e9 sous une temp\u00e9rature et une pression extr\u00eamement \u00e9lev\u00e9es; Laissez le milieu passer \u00e0 grande vitesse; Il peut \u00eatre utilis\u00e9 normalement \u00e0 haute temp\u00e9rature de 1300 \u2103.<\/p>\n<p>&nbsp;<\/p>\n<\/div>\n<p>&nbsp;<\/p>\n<\/div>\n<p>&nbsp;<\/p>\n<\/div>\n<p>&nbsp;<\/p>\n<\/div>\n<p>&nbsp;<\/p>\n<\/div>\n<p>&nbsp;<\/p>\n<\/div>\n<div class=\"fl-col-group fl-node-64d71548e56d1\" data-node=\"64d71548e56d1\">\n<div class=\"fl-col fl-node-64d71548e5718\" style=\"width: 100%\" data-node=\"64d71548e5718\">\n<div class=\"fl-col-content fl-node-content\">\n<div class=\"fl-module fl-module-heading fl-node-64d71548e5795\" data-animation-delay=\"0.0\" data-node=\"64d71548e5795\">\n<div class=\"fl-module-content fl-node-content\">\n<h3 class=\"fl-heading\"><span class=\"fl-heading-text\">Param\u00e8tres techniques<\/span><\/h3>\n<p>&nbsp;<\/p>\n<\/div>\n<p>&nbsp;<\/p>\n<\/div>\n<div class=\"fl-module fl-module-photo fl-node-64d71548e5757\" data-animation-delay=\"0.0\" data-node=\"64d71548e5757\">\n<div class=\"fl-module-content fl-node-content\">\n<div class=\"fl-photo fl-photo-align-center\">\n<div class=\"fl-photo-content fl-photo-img-png\"><img decoding=\"async\" class=\"fl-photo-img wp-image-2429\" src=\"\/wp-content\/uploads\/2025\/09\/e16a8a56d25ff317.webp\" alt=\"Photo 1\"><\/div>\n<p>&nbsp;<\/p>\n<\/div>\n<p>&nbsp;<\/p>\n<\/div>\n<p>&nbsp;<\/p>\n<\/div>\n<p>&nbsp;<\/p>\n<\/div>\n<p>&nbsp;<\/p>\n<\/div>\n<p>&nbsp;<\/p>\n<\/div>\n<p>&nbsp;<\/p>\n<\/div>\n<p>&nbsp;<\/p>\n<\/div>\n<p>&nbsp;<\/p>\n<\/div>\n<\/div>","protected":false},"excerpt":{"rendered":"<p>Semicera&rsquo;s highly wear-resistant silicon carbide saggers are carefully crafted to provide excellent performance in high temperature and high wear environments. Made of high-quality silicon carbide, this sagger ensures excellent durability and wear resistance, making it an ideal choice for a variety of applications in ceramic and semiconductor manufacturing. Semicera looks forward to being your long-term partner in China.<\/p>","protected":false},"featured_media":4603,"comment_status":"closed","ping_status":"open","template":"","meta":[],"product_brand":[],"product_cat":[25,24],"product_tag":[],"class_list":{"0":"post-2245","1":"product","2":"type-product","3":"status-publish","4":"has-post-thumbnail","6":"product_cat-more-sic-product","7":"product_cat-silicon-carbide-ceramic","9":"first","10":"instock","11":"product-type-simple"},"_links":{"self":[{"href":"https:\/\/www.cn-semiconductorparts.com\/fr\/wp-json\/wp\/v2\/product\/2245","targetHints":{"allow":["GET"]}}],"collection":[{"href":"https:\/\/www.cn-semiconductorparts.com\/fr\/wp-json\/wp\/v2\/product"}],"about":[{"href":"https:\/\/www.cn-semiconductorparts.com\/fr\/wp-json\/wp\/v2\/types\/product"}],"replies":[{"embeddable":true,"href":"https:\/\/www.cn-semiconductorparts.com\/fr\/wp-json\/wp\/v2\/comments?post=2245"}],"wp:featuredmedia":[{"embeddable":true,"href":"https:\/\/www.cn-semiconductorparts.com\/fr\/wp-json\/wp\/v2\/media\/4603"}],"wp:attachment":[{"href":"https:\/\/www.cn-semiconductorparts.com\/fr\/wp-json\/wp\/v2\/media?parent=2245"}],"wp:term":[{"taxonomy":"product_brand","embeddable":true,"href":"https:\/\/www.cn-semiconductorparts.com\/fr\/wp-json\/wp\/v2\/product_brand?post=2245"},{"taxonomy":"product_cat","embeddable":true,"href":"https:\/\/www.cn-semiconductorparts.com\/fr\/wp-json\/wp\/v2\/product_cat?post=2245"},{"taxonomy":"product_tag","embeddable":true,"href":"https:\/\/www.cn-semiconductorparts.com\/fr\/wp-json\/wp\/v2\/product_tag?post=2245"}],"curies":[{"name":"WP","href":"https:\/\/api.w.org\/{rel}","templated":true}]}}